{"id":1183,"date":"2023-09-05T14:45:06","date_gmt":"2023-09-05T14:45:06","guid":{"rendered":"https:\/\/www.deli-home.com\/?page_id=1183"},"modified":"2023-11-02T14:53:04","modified_gmt":"2023-11-02T14:53:04","slug":"our-colleagues","status":"publish","type":"page","link":"https:\/\/www.deli-home.com\/de\/unsere-kollegen\/","title":{"rendered":"Unsere Kollegen"},"content":{"rendered":"<div class=\"wp-block-cover alignfull has-parallax\" style=\"min-height:700px;aspect-ratio:unset;\"><span aria-hidden=\"true\" class=\"wp-block-cover__background has-background-dim-100 has-background-dim wp-block-cover__gradient-background has-background-gradient\" style=\"background:linear-gradient(90deg,rgba(2,19,45,0.8) 0%,rgba(2,19,45,0.5) 37%,rgba(2,19,45,0) 98%)\"><\/span><div role=\"img\" class=\"wp-block-cover__image-background wp-image-341 has-parallax\" style=\"background-position:50% 50%;background-image:url(https:\/\/www.deli-home.com\/wp-content\/uploads\/2023\/08\/vloer-en-trap.jpg)\"><\/div><div class=\"wp-block-cover__inner-container is-layout-flow wp-block-cover-is-layout-flow\">\n<div class=\"wp-block-group\"><div class=\"wp-block-group__inner-container is-layout-constrained wp-block-group-is-layout-constrained\">\n<div class=\"wp-block-columns is-layout-flex wp-container-core-columns-is-layout-1 wp-block-columns-is-layout-flex\">\n<div class=\"wp-block-column is-layout-flow wp-block-column-is-layout-flow\" style=\"flex-basis:50%\">\n<h1 class=\"wp-block-heading\"><strong>Unsere Kollegen<\/strong><\/h1>\n\n\n\n<p class=\"has-text-align-left has-large-font-size\">In eigenen Worten<\/p>\n<\/div>\n\n\n\n<div class=\"wp-block-column is-layout-flow wp-block-column-is-layout-flow\" style=\"flex-basis:50%\"><\/div>\n<\/div>\n<\/div><\/div>\n<\/div><\/div>\n\n\n\n<section class=\"wp-block-group\"><div class=\"wp-block-group__inner-container is-layout-constrained wp-block-group-is-layout-constrained\">\n<div class=\"wp-block-columns is-layout-flex wp-container-core-columns-is-layout-2 wp-block-columns-is-layout-flex\">\n<div class=\"wp-block-column is-layout-flow wp-block-column-is-layout-flow\" style=\"flex-basis:25%\"><\/div>\n\n\n\n<div class=\"wp-block-column is-layout-flow wp-block-column-is-layout-flow\" style=\"flex-basis:65%\">\n<p class=\"has-text-align-center has-text-color has-medium-font-size\" style=\"color:#2bb3eb\"><strong>ERFAHREN SIE MEHR AUF<\/strong><\/p>\n\n\n\n<h2 class=\"wp-block-heading has-text-align-center\">Unsere Kollegen<\/h2>\n\n\n\n<p>Auf der Website k\u00f6nnen wir tausend Gr\u00fcnde aufz\u00e4hlen, warum es so angenehm ist, bei Deli Home zu arbeiten, aber unsere Kollegen k\u00f6nnen es Ihnen auch einfach selbst sagen. Lesen Sie die verschiedenen Geschichten unten und entdecken Sie alles, was Deli Home zu bieten hat.<\/p>\n<\/div>\n\n\n\n<div class=\"wp-block-column is-layout-flow wp-block-column-is-layout-flow\" style=\"flex-basis:25%\"><\/div>\n<\/div>\n<\/div><\/section>\n\n\n\n<div class=\"wp-block-group\"><div class=\"wp-block-group__inner-container is-layout-constrained wp-block-group-is-layout-constrained\">\n<div class=\"wp-block-columns is-layout-flex wp-container-core-columns-is-layout-3 wp-block-columns-is-layout-flex\">\n<div class=\"wp-block-column is-vertically-aligned-center is-layout-flow wp-block-column-is-layout-flow\">\n<h3 class=\"wp-block-heading\">Stefan Wijnen, Sales and Business Development Manager<\/h3>\n\n\n\n<p>Als F\u00fchrungskraft bei Made to Measure Stair und Made to Measure Wood ist Stefan f\u00fcr die erfolgreiche Vermarktung und Entwicklung neuer Konzepte im Bereich Ma\u00dfanfertigung verantwortlich. Lesen Sie seine Geschichte hier.<\/p>\n<\/div>\n\n\n\n<div class=\"wp-block-column is-layout-flow wp-block-column-is-layout-flow\">\n<figure class=\"wp-block-embed is-type-video is-provider-youtube wp-block-embed-youtube wp-embed-aspect-16-9 wp-has-aspect-ratio\"><div class=\"wp-block-embed__wrapper\">\n<iframe loading=\"lazy\" title=\"Werken met Stefan Wijnen\" width=\"500\" height=\"281\" src=\"https:\/\/www.youtube.com\/embed\/LWwhkSOnCVI?feature=oembed\" frameborder=\"0\" allow=\"accelerometer; autoplay; clipboard-write; encrypted-media; gyroscope; picture-in-picture; web-share\" referrerpolicy=\"strict-origin-when-cross-origin\" allowfullscreen><\/iframe>\n<\/div><\/figure>\n<\/div>\n<\/div>\n<\/div><\/div>\n\n\n\n<div class=\"wp-block-group\"><div class=\"wp-block-group__inner-container is-layout-constrained wp-block-group-is-layout-constrained\">\n<div class=\"wp-block-columns is-layout-flex wp-container-core-columns-is-layout-4 wp-block-columns-is-layout-flex\">\n<div class=\"wp-block-column is-layout-flow wp-block-column-is-layout-flow\">\n<figure class=\"wp-block-embed is-type-video is-provider-youtube wp-block-embed-youtube wp-embed-aspect-16-9 wp-has-aspect-ratio\"><div class=\"wp-block-embed__wrapper\">\n<iframe loading=\"lazy\" title=\"Werken met Rick Broeksema\" width=\"500\" height=\"281\" src=\"https:\/\/www.youtube.com\/embed\/l3I_CLhsqpk?feature=oembed\" frameborder=\"0\" allow=\"accelerometer; autoplay; clipboard-write; encrypted-media; gyroscope; picture-in-picture; web-share\" referrerpolicy=\"strict-origin-when-cross-origin\" allowfullscreen><\/iframe>\n<\/div><\/figure>\n<\/div>\n\n\n\n<div class=\"wp-block-column is-vertically-aligned-center is-layout-flow wp-block-column-is-layout-flow\">\n<h3 class=\"wp-block-heading\">Rick Broeksema, Mess- und Servicetechniker<\/h3>\n\n\n\n<p>Rick kommt als Mess- und Servicetechniker zu den Kunden nach Hause, um eine ma\u00dfgefertigte T\u00fcr zu vermessen, zu montieren oder Fehler zu beheben. In dieser Funktion ist er sozusagen der Botschafter des Unternehmens. Service und Genauigkeit sind daher wichtig f\u00fcr seine Arbeit. Lesen Sie seine Geschichte hier.<\/p>\n<\/div>\n<\/div>\n<\/div><\/div>\n\n\n\n<div class=\"wp-block-group\"><div class=\"wp-block-group__inner-container is-layout-constrained wp-block-group-is-layout-constrained\">\n<div class=\"wp-block-columns is-layout-flex wp-container-core-columns-is-layout-5 wp-block-columns-is-layout-flex\">\n<div class=\"wp-block-column is-vertically-aligned-center is-layout-flow wp-block-column-is-layout-flow\">\n<h3 class=\"wp-block-heading\">Marleen Brooshooft, IT-Beraterin<\/h3>\n\n\n\n<p>Als IT-Beraterin bei Deli Home ist Marleen Brooshooft an der Entwicklung und Implementierung neuer Prozesse innerhalb der bestehenden IT-Systeme beteiligt. Sie hatte die Gelegenheit erhalten, aus einer anderen Position in ihre jetzige Rolle hineinzuwachsen. Lesen Sie ihre Geschichte hier.<\/p>\n<\/div>\n\n\n\n<div class=\"wp-block-column is-layout-flow wp-block-column-is-layout-flow\">\n<figure class=\"wp-block-embed is-type-video is-provider-youtube wp-block-embed-youtube wp-embed-aspect-16-9 wp-has-aspect-ratio\"><div class=\"wp-block-embed__wrapper\">\n<iframe loading=\"lazy\" title=\"Werken met Marleen Brooshooft\" width=\"500\" height=\"281\" src=\"https:\/\/www.youtube.com\/embed\/1sjChZRngS4?feature=oembed\" frameborder=\"0\" allow=\"accelerometer; autoplay; clipboard-write; encrypted-media; gyroscope; picture-in-picture; web-share\" referrerpolicy=\"strict-origin-when-cross-origin\" allowfullscreen><\/iframe>\n<\/div><\/figure>\n<\/div>\n<\/div>\n<\/div><\/div>\n\n\n\n<div class=\"wp-block-group\"><div class=\"wp-block-group__inner-container is-layout-constrained wp-block-group-is-layout-constrained\">\n<div class=\"wp-block-columns is-layout-flex wp-container-core-columns-is-layout-6 wp-block-columns-is-layout-flex\">\n<div class=\"wp-block-column is-layout-flow wp-block-column-is-layout-flow\">\n<figure class=\"wp-block-embed is-type-video is-provider-youtube wp-block-embed-youtube wp-embed-aspect-16-9 wp-has-aspect-ratio\"><div class=\"wp-block-embed__wrapper\">\n<iframe loading=\"lazy\" title=\"Werken met Paul van Heck\" width=\"500\" height=\"281\" src=\"https:\/\/www.youtube.com\/embed\/GpJLolt3RMA?feature=oembed\" frameborder=\"0\" allow=\"accelerometer; autoplay; clipboard-write; encrypted-media; gyroscope; picture-in-picture; web-share\" referrerpolicy=\"strict-origin-when-cross-origin\" allowfullscreen><\/iframe>\n<\/div><\/figure>\n<\/div>\n\n\n\n<div class=\"wp-block-column is-layout-flow wp-block-column-is-layout-flow\">\n<h3 class=\"wp-block-heading\">Paul van Heck, Betriebsleiter Skantrae<\/h3>\n\n\n\n<p>Paul van Heck ist Betriebsleiter bei Skantrae. Er ist verantwortlich f\u00fcr die Logistik, das Fertigungszentrum und die Abteilung Operations Support. Er sorgt daf\u00fcr, dass er und sein Team die richtigen T\u00fcren zu den richtigen Kunden bringen, immerhin etwa 3000 pro Tag. Paul nimmt am Management Development Program bei Deli Home teil, um sich weiterzuentwickeln und zu wachsen. Lesen Sie seine Geschichte hier.<\/p>\n<\/div>\n<\/div>\n<\/div><\/div>\n\n\n\n<div class=\"wp-block-group\"><div class=\"wp-block-group__inner-container is-layout-constrained wp-block-group-is-layout-constrained\">\n<div class=\"wp-block-columns is-layout-flex wp-container-core-columns-is-layout-7 wp-block-columns-is-layout-flex\">\n<div class=\"wp-block-column is-layout-flow wp-block-column-is-layout-flow\">\n<h3 class=\"wp-block-heading\">Jeroen Veldhorst, Manager Kundenbetreuung<\/h3>\n\n\n\n<p>Jeroen Veldhorst ist Manager im Bereich Kundenbetreuung. Zusammen mit seinem Team sorgt er daf\u00fcr, dass alle Kundenanfragen und -beschwerden bestm\u00f6glich bearbeitet werden. Damit unsere Kunden so gut wie m\u00f6glich zurechtkommen, k\u00fcmmert sich Jeroen t\u00e4glich um die Optimierung der Qualit\u00e4t. Lesen Sie seine Geschichte hier.<\/p>\n<\/div>\n\n\n\n<div class=\"wp-block-column is-layout-flow wp-block-column-is-layout-flow\">\n<figure class=\"wp-block-embed is-type-video is-provider-youtube wp-block-embed-youtube wp-embed-aspect-16-9 wp-has-aspect-ratio\"><div class=\"wp-block-embed__wrapper\">\n<iframe loading=\"lazy\" title=\"Werken met Jeroen Veldhorst\" width=\"500\" height=\"281\" src=\"https:\/\/www.youtube.com\/embed\/1td947CaNj8?feature=oembed\" frameborder=\"0\" allow=\"accelerometer; autoplay; clipboard-write; encrypted-media; gyroscope; picture-in-picture; web-share\" referrerpolicy=\"strict-origin-when-cross-origin\" allowfullscreen><\/iframe>\n<\/div><\/figure>\n<\/div>\n<\/div>\n<\/div><\/div>","protected":false},"excerpt":{"rendered":"<p>LEARN MORE ON Our collegues On the website we can list a thousand reasons why it is so nice to work at Deli Home, but our colleagues can simply tell you themselves. Read the various stories below and discover everything that Deli Home has to offer. Stefan Wijnen, Sales and Business Development Manager As an [&hellip;]<\/p>","protected":false},"author":5,"featured_media":0,"parent":0,"menu_order":0,"comment_status":"closed","ping_status":"closed","template":"","meta":{"_acf_changed":false,"inline_featured_image":false,"footnotes":""},"class_list":["post-1183","page","type-page","status-publish","hentry"],"acf":[],"yoast_head":"<!-- This site is optimized with the Yoast SEO plugin v26.4 - https:\/\/yoast.com\/wordpress\/plugins\/seo\/ -->\n<title>Our colleagues - Deli Home<\/title>\n<meta name=\"description\" content=\"Our colleagues share what it&#039;s like to work at Deli Home. Get to know the people behind the organization.\" \/>\n<meta name=\"robots\" content=\"index, follow, max-snippet:-1, max-image-preview:large, max-video-preview:-1\" \/>\n<link rel=\"canonical\" href=\"https:\/\/www.deli-home.com\/de\/wp-json\/wp\/v2\/pages\/1183\/\" \/>\n<meta property=\"og:locale\" content=\"de_DE\" \/>\n<meta property=\"og:type\" content=\"article\" \/>\n<meta property=\"og:title\" content=\"Our colleagues - Deli Home\" \/>\n<meta property=\"og:description\" content=\"Our colleagues share what it&#039;s like to work at Deli Home. Get to know the people behind the organization.\" \/>\n<meta property=\"og:url\" content=\"https:\/\/www.deli-home.com\/de\/wp-json\/wp\/v2\/pages\/1183\/\" \/>\n<meta property=\"og:site_name\" content=\"Deli Home\" \/>\n<meta property=\"article:modified_time\" content=\"2023-11-02T14:53:04+00:00\" \/>\n<script type=\"application\/ld+json\" class=\"yoast-schema-graph\">{\"@context\":\"https:\/\/schema.org\",\"@graph\":[{\"@type\":\"WebPage\",\"@id\":\"https:\/\/www.jewe.eu\/nl\/onze-collegas\/\",\"url\":\"https:\/\/www.jewe.eu\/nl\/onze-collegas\/\",\"name\":\"Our colleagues - Deli Home\",\"isPartOf\":{\"@id\":\"https:\/\/www.deli-home.com\/nl\/#website\"},\"datePublished\":\"2023-09-05T14:45:06+00:00\",\"dateModified\":\"2023-11-02T14:53:04+00:00\",\"description\":\"Our colleagues share what it's like to work at Deli Home. Get to know the people behind the organization.\",\"breadcrumb\":{\"@id\":\"https:\/\/www.jewe.eu\/nl\/onze-collegas\/#breadcrumb\"},\"inLanguage\":\"de\",\"potentialAction\":[{\"@type\":\"ReadAction\",\"target\":[\"https:\/\/www.jewe.eu\/nl\/onze-collegas\/\"]}]},{\"@type\":\"BreadcrumbList\",\"@id\":\"https:\/\/www.jewe.eu\/nl\/onze-collegas\/#breadcrumb\",\"itemListElement\":[{\"@type\":\"ListItem\",\"position\":1,\"name\":\"Home\",\"item\":\"https:\/\/www.deli-home.com\/nl\/\"},{\"@type\":\"ListItem\",\"position\":2,\"name\":\"Our colleagues\"}]},{\"@type\":\"WebSite\",\"@id\":\"https:\/\/www.deli-home.com\/nl\/#website\",\"url\":\"https:\/\/www.deli-home.com\/nl\/\",\"name\":\"Deli Home\",\"description\":\"\",\"publisher\":{\"@id\":\"https:\/\/www.deli-home.com\/nl\/#organization\"},\"potentialAction\":[{\"@type\":\"SearchAction\",\"target\":{\"@type\":\"EntryPoint\",\"urlTemplate\":\"https:\/\/www.deli-home.com\/nl\/?s={search_term_string}\"},\"query-input\":{\"@type\":\"PropertyValueSpecification\",\"valueRequired\":true,\"valueName\":\"search_term_string\"}}],\"inLanguage\":\"de\"},{\"@type\":\"Organization\",\"@id\":\"https:\/\/www.deli-home.com\/nl\/#organization\",\"name\":\"Deli Home\",\"url\":\"https:\/\/www.deli-home.com\/nl\/\",\"logo\":{\"@type\":\"ImageObject\",\"inLanguage\":\"de\",\"@id\":\"https:\/\/www.deli-home.com\/nl\/#\/schema\/logo\/image\/\",\"url\":\"https:\/\/www.deli-home.com\/wp-content\/uploads\/2023\/09\/favicon.png\",\"contentUrl\":\"https:\/\/www.deli-home.com\/wp-content\/uploads\/2023\/09\/favicon.png\",\"width\":500,\"height\":500,\"caption\":\"Deli Home\"},\"image\":{\"@id\":\"https:\/\/www.deli-home.com\/nl\/#\/schema\/logo\/image\/\"},\"sameAs\":[\"https:\/\/www.linkedin.com\/company\/deli-home\/\"]}]}<\/script>\n<!-- \/ Yoast SEO plugin. -->","yoast_head_json":{"title":"Our colleagues - Deli Home","description":"Our colleagues share what it's like to work at Deli Home. Get to know the people behind the organization.","robots":{"index":"index","follow":"follow","max-snippet":"max-snippet:-1","max-image-preview":"max-image-preview:large","max-video-preview":"max-video-preview:-1"},"canonical":"https:\/\/www.deli-home.com\/de\/wp-json\/wp\/v2\/pages\/1183\/","og_locale":"de_DE","og_type":"article","og_title":"Our colleagues - Deli Home","og_description":"Our colleagues share what it's like to work at Deli Home. Get to know the people behind the organization.","og_url":"https:\/\/www.deli-home.com\/de\/wp-json\/wp\/v2\/pages\/1183\/","og_site_name":"Deli Home","article_modified_time":"2023-11-02T14:53:04+00:00","schema":{"@context":"https:\/\/schema.org","@graph":[{"@type":"WebPage","@id":"https:\/\/www.jewe.eu\/nl\/onze-collegas\/","url":"https:\/\/www.jewe.eu\/nl\/onze-collegas\/","name":"Our colleagues - Deli Home","isPartOf":{"@id":"https:\/\/www.deli-home.com\/nl\/#website"},"datePublished":"2023-09-05T14:45:06+00:00","dateModified":"2023-11-02T14:53:04+00:00","description":"Our colleagues share what it's like to work at Deli Home. Get to know the people behind the organization.","breadcrumb":{"@id":"https:\/\/www.jewe.eu\/nl\/onze-collegas\/#breadcrumb"},"inLanguage":"de","potentialAction":[{"@type":"ReadAction","target":["https:\/\/www.jewe.eu\/nl\/onze-collegas\/"]}]},{"@type":"BreadcrumbList","@id":"https:\/\/www.jewe.eu\/nl\/onze-collegas\/#breadcrumb","itemListElement":[{"@type":"ListItem","position":1,"name":"Home","item":"https:\/\/www.deli-home.com\/nl\/"},{"@type":"ListItem","position":2,"name":"Our colleagues"}]},{"@type":"WebSite","@id":"https:\/\/www.deli-home.com\/nl\/#website","url":"https:\/\/www.deli-home.com\/nl\/","name":"Deli Home","description":"","publisher":{"@id":"https:\/\/www.deli-home.com\/nl\/#organization"},"potentialAction":[{"@type":"SearchAction","target":{"@type":"EntryPoint","urlTemplate":"https:\/\/www.deli-home.com\/nl\/?s={search_term_string}"},"query-input":{"@type":"PropertyValueSpecification","valueRequired":true,"valueName":"search_term_string"}}],"inLanguage":"de"},{"@type":"Organization","@id":"https:\/\/www.deli-home.com\/nl\/#organization","name":"Deli Home","url":"https:\/\/www.deli-home.com\/nl\/","logo":{"@type":"ImageObject","inLanguage":"de","@id":"https:\/\/www.deli-home.com\/nl\/#\/schema\/logo\/image\/","url":"https:\/\/www.deli-home.com\/wp-content\/uploads\/2023\/09\/favicon.png","contentUrl":"https:\/\/www.deli-home.com\/wp-content\/uploads\/2023\/09\/favicon.png","width":500,"height":500,"caption":"Deli Home"},"image":{"@id":"https:\/\/www.deli-home.com\/nl\/#\/schema\/logo\/image\/"},"sameAs":["https:\/\/www.linkedin.com\/company\/deli-home\/"]}]}},"_links":{"self":[{"href":"https:\/\/www.deli-home.com\/de\/wp-json\/wp\/v2\/pages\/1183","targetHints":{"allow":["GET"]}}],"collection":[{"href":"https:\/\/www.deli-home.com\/de\/wp-json\/wp\/v2\/pages"}],"about":[{"href":"https:\/\/www.deli-home.com\/de\/wp-json\/wp\/v2\/types\/page"}],"author":[{"embeddable":true,"href":"https:\/\/www.deli-home.com\/de\/wp-json\/wp\/v2\/users\/5"}],"replies":[{"embeddable":true,"href":"https:\/\/www.deli-home.com\/de\/wp-json\/wp\/v2\/comments?post=1183"}],"version-history":[{"count":12,"href":"https:\/\/www.deli-home.com\/de\/wp-json\/wp\/v2\/pages\/1183\/revisions"}],"predecessor-version":[{"id":5357,"href":"https:\/\/www.deli-home.com\/de\/wp-json\/wp\/v2\/pages\/1183\/revisions\/5357"}],"wp:attachment":[{"href":"https:\/\/www.deli-home.com\/de\/wp-json\/wp\/v2\/media?parent=1183"}],"curies":[{"name":"wp","href":"https:\/\/api.w.org\/{rel}","templated":true}]}}