{"id":1271,"date":"2023-09-05T19:49:30","date_gmt":"2023-09-05T19:49:30","guid":{"rendered":"https:\/\/www.deli-home.com\/?page_id=1271"},"modified":"2024-07-31T13:14:03","modified_gmt":"2024-07-31T13:14:03","slug":"working-at","status":"publish","type":"page","link":"https:\/\/www.deli-home.com\/de\/arbeiten-bei\/","title":{"rendered":"Arbeiten bei"},"content":{"rendered":"<div class=\"wp-block-cover alignfull is-light has-parallax\" style=\"min-height:700px;aspect-ratio:unset;\"><span aria-hidden=\"true\" class=\"wp-block-cover__background has-background-dim wp-block-cover__gradient-background has-background-gradient\" style=\"background:linear-gradient(90deg,rgba(2,19,45,0.8) 0%,rgba(2,19,45,0.5) 37%,rgba(2,19,45,0) 98%)\"><\/span><div role=\"img\" class=\"wp-block-cover__image-background wp-image-4122 has-parallax\" style=\"background-position:50% 50%;background-image:url(https:\/\/www.deli-home.com\/wp-content\/uploads\/2023\/09\/medium-JPG-POM-Productie-12.jpg)\"><\/div><div class=\"wp-block-cover__inner-container is-layout-flow wp-block-cover-is-layout-flow\">\n<div class=\"wp-block-group\"><div class=\"wp-block-group__inner-container is-layout-constrained wp-block-group-is-layout-constrained\">\n<div class=\"wp-block-columns is-layout-flex wp-container-core-columns-is-layout-1 wp-block-columns-is-layout-flex\">\n<div class=\"wp-block-column is-layout-flow wp-block-column-is-layout-flow\" style=\"flex-basis:50%\">\n<h1 class=\"wp-block-heading has-white-color has-text-color\">Arbeiten bei <\/h1>\n\n\n\n<p class=\"has-text-align-left has-white-color has-text-color has-large-font-size\">Entdecken Sie Ihre Zukunft bei Deli Home<\/p>\n<\/div>\n\n\n\n<div class=\"wp-block-column is-layout-flow wp-block-column-is-layout-flow\" style=\"flex-basis:50%\"><\/div>\n<\/div>\n<\/div><\/div>\n<\/div><\/div>\n\n\n\n<section class=\"wp-block-group\"><div class=\"wp-block-group__inner-container is-layout-constrained wp-block-group-is-layout-constrained\">\n<div class=\"wp-block-columns is-layout-flex wp-container-core-columns-is-layout-2 wp-block-columns-is-layout-flex\">\n<div class=\"wp-block-column is-layout-flow wp-block-column-is-layout-flow\" style=\"flex-basis:25%\"><\/div>\n\n\n\n<div class=\"wp-block-column is-layout-flow wp-block-column-is-layout-flow\" style=\"flex-basis:65%\">\n<p class=\"has-text-align-center has-text-color has-medium-font-size\" style=\"color:#2bb3eb\"><strong>ENTDECKEN<\/strong><\/p>\n\n\n\n<h2 class=\"wp-block-heading has-text-align-center\">Deine Zukunft bei Deli Home<\/h2>\n\n\n\n<p class=\"has-text-align-center\">Willkommen bei Deli Home, wo Innovation und Handwerkskunst zusammenkommen, um inspirierende Wohnl\u00f6sungen zu schaffen. Bei uns dreht sich alles darum, eine bessere Zukunft zu gestalten \u2013 f\u00fcr unsere Kunden, unsere Mitarbeiter und unseren Planeten. Bist du bereit, Teil eines dynamischen Teams zu werden?<\/p>\n<\/div>\n\n\n\n<div class=\"wp-block-column is-layout-flow wp-block-column-is-layout-flow\" style=\"flex-basis:25%\"><\/div>\n<\/div>\n<\/div><\/section>\n\n\n\n<div class=\"wp-block-group\"><div class=\"wp-block-group__inner-container is-layout-constrained wp-block-group-is-layout-constrained\">\n<div class=\"wp-block-media-text is-stacked-on-mobile is-image-fill\"><figure class=\"wp-block-media-text__media\" style=\"background-image:url(https:\/\/www.deli-home.com\/wp-content\/uploads\/2023\/09\/Onze-mensen-Veiligheid-resize-1050x660-1-1024x644.jpg);background-position:50% 50%\"><img loading=\"lazy\" decoding=\"async\" width=\"1024\" height=\"644\" src=\"https:\/\/www.deli-home.com\/wp-content\/uploads\/2023\/09\/Onze-mensen-Veiligheid-resize-1050x660-1-1024x644.jpg\" alt=\"\" class=\"wp-image-1297 size-full\" srcset=\"https:\/\/www.deli-home.com\/wp-content\/uploads\/2023\/09\/Onze-mensen-Veiligheid-resize-1050x660-1-1024x644.jpg 1024w, https:\/\/www.deli-home.com\/wp-content\/uploads\/2023\/09\/Onze-mensen-Veiligheid-resize-1050x660-1-300x189.jpg 300w, https:\/\/www.deli-home.com\/wp-content\/uploads\/2023\/09\/Onze-mensen-Veiligheid-resize-1050x660-1-768x483.jpg 768w, https:\/\/www.deli-home.com\/wp-content\/uploads\/2023\/09\/Onze-mensen-Veiligheid-resize-1050x660-1-18x12.jpg 18w, https:\/\/www.deli-home.com\/wp-content\/uploads\/2023\/09\/Onze-mensen-Veiligheid-resize-1050x660-1.jpg 1050w\" sizes=\"auto, (max-width: 1024px) 100vw, 1024px\" \/><\/figure><div class=\"wp-block-media-text__content\">\n<p class=\"has-text-align-left has-text-color has-medium-font-size\" style=\"color:#2bb3eb\"><strong><strong>ARBEITEN BEI DELI HOME<\/strong><\/strong><\/p>\n\n\n\n<h2 class=\"wp-block-heading has-text-align-left\">Unsere Kultur<\/h2>\n\n\n\n<p>Wir glauben an die Kraft unserer Menschen. Wir streben nach einer offenen und integrativen Kultur, in der Mitarbeiter gesch\u00e4tzt werden, Handwerkskunst im Mittelpunkt steht und Zusammenarbeit die Norm ist. Bei Deli Home sind wir stolz auf unser Unternehmertum und unsere starken Kernwerte, die uns in allem, was wir tun, leiten. Sie bilden die Grundlage unserer Unternehmenskultur.<\/p>\n\n\n\n<div class=\"wp-block-buttons is-layout-flex wp-block-buttons-is-layout-flex\">\n<div class=\"wp-block-button\"><a class=\"wp-block-button__link wp-element-button\" href=\"https:\/\/www.deli-home.com\/de\/stellenangebote\/\">Stellenangebote ansehen<\/a><\/div>\n\n\n\n<div class=\"wp-block-button is-style-outline is-style-outline--1\"><a class=\"wp-block-button__link wp-element-button\" href=\"https:\/\/deli-home.inhroffice.com\/nl\/job\/307495\/apply\" target=\"_blank\" rel=\"noreferrer noopener\">Offene Bewerbung<\/a><\/div>\n<\/div>\n<\/div><\/div>\n<\/div><\/div>\n\n\n\n<div class=\"wp-block-group alignfull has-background\" style=\"background:linear-gradient(160deg,rgba(18,112,166,0.09) 0%,rgba(255,255,255,0) 99%)\"><div class=\"wp-block-group__inner-container is-layout-constrained wp-block-group-is-layout-constrained\">\n<section class=\"wp-block-group\"><div class=\"wp-block-group__inner-container is-layout-constrained wp-block-group-is-layout-constrained\">\n<div class=\"wp-block-columns is-layout-flex wp-container-core-columns-is-layout-3 wp-block-columns-is-layout-flex\">\n<div class=\"wp-block-column is-layout-flow wp-block-column-is-layout-flow\" style=\"flex-basis:70%\">\n<p class=\"has-text-align-left has-text-color has-medium-font-size\" style=\"color:#2bb3eb\"><strong><strong>ENTDECKEN SIE UNSER FUNDAMENT<\/strong><\/strong><\/p>\n\n\n\n<h2 class=\"wp-block-heading has-text-align-left\">Unsere Grundwerte<\/h2>\n\n\n\n<p class=\"has-text-align-left\">Unsere Grundwerte sind das Fundament, auf dem unser Unternehmen aufgebaut ist. Sie sind die Leitlinien f\u00fcr unsere Entscheidungen, unser Handeln und unsere Unternehmenskultur. Sie stellen sicher, dass wir uns weiterhin f\u00fcr Integrit\u00e4t, hervorragende Leistungen und das Wohl unserer Kunden und Mitarbeiter einsetzen. <\/p>\n<\/div>\n\n\n\n<div class=\"wp-block-column is-layout-flow wp-block-column-is-layout-flow\" style=\"flex-basis:30%\"><\/div>\n<\/div>\n\n\n\n<div class=\"wp-block-columns is-layout-flex wp-container-core-columns-is-layout-4 wp-block-columns-is-layout-flex\">\n<div class=\"wp-block-column is-layout-flow wp-block-column-is-layout-flow\" style=\"flex-basis:50%\"><div id=\"div_block-2-745\" class=\"ct-div-block\" ><div id=\"div_block-7-745\" class=\"ct-div-block\" ><div id=\"fancy_icon-3-745\" class=\"ct-fancy-icon\" ><svg id=\"svg-fancy_icon-3-745\"><use xlink:href=\"#FontAwesomeicon-comments\"><\/use><\/svg><\/div><\/div><div id=\"div_block-4-745\" class=\"ct-div-block\" ><h4 id=\"headline-5-745\" class=\"ct-headline\">Offenheit<\/h4><div id=\"text_block-6-745\" class=\"ct-text-block\" >Klar und transparent<div>Aufgeschlossen und offen f\u00fcr neue Herausforderungen<\/div><div>Wir versetzen uns in die Lage des Gegen\u00fcbers<\/div><div>Wir achten auf Feedback und handeln danach<\/div><\/div><\/div><\/div>\n\n<div id=\"div_block-2-745\" class=\"ct-div-block\" ><div id=\"div_block-7-745\" class=\"ct-div-block\" ><div id=\"fancy_icon-3-745\" class=\"ct-fancy-icon\" ><svg id=\"svg-fancy_icon-3-745\"><use xlink:href=\"#FontAwesomeicon-group\"><\/use><\/svg><\/div><\/div><div id=\"div_block-4-745\" class=\"ct-div-block\" ><h4 id=\"headline-5-745\" class=\"ct-headline\">Unternehmerisch<\/h4><div id=\"text_block-6-745\" class=\"ct-text-block\" ><div>Wir sind immer auf der Suche nach attraktiven M\u00f6glichkeiten<\/div><div>Wir denken langfristig<\/div><div>Wir zeigen Initiativgeist, um Mehrwert zu schaffen und Verantwortung zu \u00fcbernehmen<\/div><div>Wir sind ergebnisorientiert<\/div><\/div><\/div><\/div>\n\n<div id=\"div_block-2-745\" class=\"ct-div-block\" ><div id=\"div_block-7-745\" class=\"ct-div-block\" ><div id=\"fancy_icon-3-745\" class=\"ct-fancy-icon\" ><svg id=\"svg-fancy_icon-3-745\"><use xlink:href=\"#Lineariconsicon-earth\"><\/use><\/svg><\/div><\/div><div id=\"div_block-4-745\" class=\"ct-div-block\" ><h4 id=\"headline-5-745\" class=\"ct-headline\">Respektvoll<\/h4><div id=\"text_block-6-745\" class=\"ct-text-block\" ><div><div><div>Wir arbeiten umsichtig und mit vollem Respekt f\u00fcr Menschen, Eigentum und die Umwelt<br><\/div><\/div><\/div><\/div><\/div><\/div><\/div>\n\n\n\n<div class=\"wp-block-column is-layout-flow wp-block-column-is-layout-flow\" style=\"flex-basis:50%\"><div id=\"div_block-2-745\" class=\"ct-div-block\" ><div id=\"div_block-7-745\" class=\"ct-div-block\" ><div id=\"fancy_icon-3-745\" class=\"ct-fancy-icon\" ><svg id=\"svg-fancy_icon-3-745\"><use xlink:href=\"#FontAwesomeicon-heart\"><\/use><\/svg><\/div><\/div><div id=\"div_block-4-745\" class=\"ct-div-block\" ><h4 id=\"headline-5-745\" class=\"ct-headline\">Leidenschaftlich<\/h4><div id=\"text_block-6-745\" class=\"ct-text-block\" >Wir lieben, was wir tun<div>Mit Stolz streben wir nach Verbesserung<\/div><div>Wir geben unser Bestes<div>Wir sch\u00e4tzen das Holzhandwerk und sind mit Herz bei der Sache<br><\/div><\/div><\/div><\/div><\/div>\n\n<div id=\"div_block-2-745\" class=\"ct-div-block\" ><div id=\"div_block-7-745\" class=\"ct-div-block\" ><div id=\"fancy_icon-3-745\" class=\"ct-fancy-icon\" ><svg id=\"svg-fancy_icon-3-745\"><use xlink:href=\"#FontAwesomeicon-handshake-o\"><\/use><\/svg><\/div><\/div><div id=\"div_block-4-745\" class=\"ct-div-block\" ><h4 id=\"headline-5-745\" class=\"ct-headline\">Zuverl\u00e4ssig<\/h4><div id=\"text_block-6-745\" class=\"ct-text-block\" >Man kann sich auf uns verlassen<div>Wir arbeiten auf faire und nachhaltige Weise<\/div><div>Wir unterst\u00fctzen uns gegenseitig, um den Job erfolgreich zu erledigen<\/div><div>Unsere Versprechen werden erf\u00fcllt<br><\/div><\/div><\/div><\/div><\/div>\n<\/div>\n<\/div><\/section>\n<\/div><\/div>\n\n\n\n\n\n\n<div class=\"wp-block-group\"><div class=\"wp-block-group__inner-container is-layout-constrained wp-block-group-is-layout-constrained\">\n<div class=\"wp-block-media-text has-media-on-the-right is-stacked-on-mobile is-image-fill\"><div class=\"wp-block-media-text__content\">\n<p class=\"has-text-align-left has-text-color has-medium-font-size\" style=\"color:#2bb3eb\"><strong><strong>AKTIV SEIN<\/strong><\/strong><\/p>\n\n\n\n<h2 class=\"wp-block-heading has-text-align-left\">In Bewegung bleiben<\/h2>\n\n\n\n<p>Um mit einem dynamischen Markt Schritt zu halten, m\u00fcssen wir immer in Bewegung bleiben. Mit einem Team von rund 1300 Mitarbeitern in 10 L\u00e4ndern arbeiten wir t\u00e4glich an Innovationen und der Entwicklung unserer Produktpalette, die aus Tausenden von verschiedenen Bau- und Dekorationsprodukten besteht. Indem wir stets \u00fcber unsere T\u00e4tigkeit nachdenken, suchen wir best\u00e4ndig nach M\u00f6glichkeiten, besser, schneller und leistungsf\u00e4higer zu werden. Das verlangt von allen Mitarbeitern Flexibilit\u00e4t, bietet aber auch Raum f\u00fcr Wachstum und Entwicklung.<\/p>\n<\/div><figure class=\"wp-block-media-text__media\" style=\"background-image:url(https:\/\/www.deli-home.com\/wp-content\/uploads\/2023\/09\/Services_Bezorgservice_bestelbus-schaal-1050x660-1-1024x644.jpg);background-position:50% 50%\"><img loading=\"lazy\" decoding=\"async\" width=\"1024\" height=\"644\" src=\"https:\/\/www.deli-home.com\/wp-content\/uploads\/2023\/09\/Services_Bezorgservice_bestelbus-schaal-1050x660-1-1024x644.jpg\" alt=\"\" class=\"wp-image-1583 size-full\" srcset=\"https:\/\/www.deli-home.com\/wp-content\/uploads\/2023\/09\/Services_Bezorgservice_bestelbus-schaal-1050x660-1-1024x644.jpg 1024w, https:\/\/www.deli-home.com\/wp-content\/uploads\/2023\/09\/Services_Bezorgservice_bestelbus-schaal-1050x660-1-300x189.jpg 300w, https:\/\/www.deli-home.com\/wp-content\/uploads\/2023\/09\/Services_Bezorgservice_bestelbus-schaal-1050x660-1-768x483.jpg 768w, https:\/\/www.deli-home.com\/wp-content\/uploads\/2023\/09\/Services_Bezorgservice_bestelbus-schaal-1050x660-1-18x12.jpg 18w, https:\/\/www.deli-home.com\/wp-content\/uploads\/2023\/09\/Services_Bezorgservice_bestelbus-schaal-1050x660-1.jpg 1050w\" sizes=\"auto, (max-width: 1024px) 100vw, 1024px\" \/><\/figure><\/div>\n<\/div><\/div>\n\n\n\n<div class=\"wp-block-group\"><div class=\"wp-block-group__inner-container is-layout-constrained wp-block-group-is-layout-constrained\">\n<div class=\"wp-block-media-text is-stacked-on-mobile is-image-fill\"><figure class=\"wp-block-media-text__media\" style=\"background-image:url(https:\/\/www.deli-home.com\/wp-content\/uploads\/2023\/09\/medium-JPG-Deli-Home_DSC_4001-1024x683.jpg);background-position:48% 46%\"><img loading=\"lazy\" decoding=\"async\" width=\"1024\" height=\"683\" src=\"https:\/\/www.deli-home.com\/wp-content\/uploads\/2023\/09\/medium-JPG-Deli-Home_DSC_4001-1024x683.jpg\" alt=\"\" class=\"wp-image-4118 size-full\" srcset=\"https:\/\/www.deli-home.com\/wp-content\/uploads\/2023\/09\/medium-JPG-Deli-Home_DSC_4001-1024x683.jpg 1024w, https:\/\/www.deli-home.com\/wp-content\/uploads\/2023\/09\/medium-JPG-Deli-Home_DSC_4001-300x200.jpg 300w, https:\/\/www.deli-home.com\/wp-content\/uploads\/2023\/09\/medium-JPG-Deli-Home_DSC_4001-768x512.jpg 768w, https:\/\/www.deli-home.com\/wp-content\/uploads\/2023\/09\/medium-JPG-Deli-Home_DSC_4001-1536x1024.jpg 1536w, https:\/\/www.deli-home.com\/wp-content\/uploads\/2023\/09\/medium-JPG-Deli-Home_DSC_4001-18x12.jpg 18w, https:\/\/www.deli-home.com\/wp-content\/uploads\/2023\/09\/medium-JPG-Deli-Home_DSC_4001.jpg 1900w\" sizes=\"auto, (max-width: 1024px) 100vw, 1024px\" \/><\/figure><div class=\"wp-block-media-text__content\">\n<p class=\"has-text-align-left has-text-color has-medium-font-size\" style=\"color:#2bb3eb\"><strong><strong>BLEIBEN SIE IN VERBINDUNG<\/strong><\/strong><\/p>\n\n\n\n<h2 class=\"wp-block-heading has-text-align-left\">Unsere Arbeitsatmosph\u00e4re<\/h2>\n\n\n\n<p>Mit einer Frage oder einfach nur f\u00fcr ein nettes Gespr\u00e4ch beim \u201eChef\u201c vorbeizuschauen, ist an der Tagesordnung. Sie haben regelm\u00e4\u00dfig die Gelegenheit, mit einem Kollegen etwas zu trinken zu gehen, um \u00fcber alles zu reden, was nichts mit der Arbeit zu tun hat oder im Gegenteil, sie betrifft.<\/p>\n\n\n\n<p>M\u00f6chten Sie mehr dar\u00fcber erfahren, wie es sich anf\u00fchlt, bei Deli Home zu arbeiten? Lesen Sie, was unsere Kollegen berichten.<\/p>\n\n\n\n<div class=\"wp-block-buttons is-layout-flex wp-block-buttons-is-layout-flex\">\n<div class=\"wp-block-button is-style-outline is-style-outline--2\"><a class=\"wp-block-button__link wp-element-button\" href=\"https:\/\/www.deli-home.com\/de\/unsere-kollegen\/\">Unsere Kollegen<\/a><\/div>\n<\/div>\n<\/div><\/div>\n<\/div><\/div>","protected":false},"excerpt":{"rendered":"<p>DISCOVER Your future at Deli Home Welcome to Deli Home, where innovation and craftsmanship come together to create inspiring home solutions. For us, it's all about building a better future \u2013 for our customers, our employees, and our planet. Are you ready to be part of a dynamic team? WORKING AT DELI HOME Our culture [&hellip;]<\/p>","protected":false},"author":5,"featured_media":0,"parent":0,"menu_order":0,"comment_status":"closed","ping_status":"closed","template":"","meta":{"_acf_changed":false,"inline_featured_image":false,"footnotes":""},"class_list":["post-1271","page","type-page","status-publish","hentry"],"acf":[],"yoast_head":"<!-- This site is optimized with the Yoast SEO plugin v26.4 - https:\/\/yoast.com\/wordpress\/plugins\/seo\/ -->\n<title>Working at - Deli Home<\/title>\n<meta name=\"description\" content=\"Do you fit in Deli Home&#039;s team? Learn more about our organizations, colleagues, company culture, and core values.\" \/>\n<meta name=\"robots\" content=\"index, follow, max-snippet:-1, max-image-preview:large, max-video-preview:-1\" \/>\n<link rel=\"canonical\" href=\"https:\/\/www.deli-home.com\/de\/wp-json\/wp\/v2\/pages\/1271\/\" \/>\n<meta property=\"og:locale\" content=\"de_DE\" \/>\n<meta property=\"og:type\" content=\"article\" \/>\n<meta property=\"og:title\" content=\"Working at - Deli Home\" \/>\n<meta property=\"og:description\" content=\"Do you fit in Deli Home&#039;s team? Learn more about our organizations, colleagues, company culture, and core values.\" \/>\n<meta property=\"og:url\" content=\"https:\/\/www.deli-home.com\/de\/wp-json\/wp\/v2\/pages\/1271\/\" \/>\n<meta property=\"og:site_name\" content=\"Deli Home\" \/>\n<meta property=\"article:modified_time\" content=\"2024-07-31T13:14:03+00:00\" \/>\n<meta property=\"og:image\" content=\"https:\/\/www.deli-home.com\/wp-content\/uploads\/2023\/09\/Onze-mensen-Veiligheid-resize-1050x660-1-1024x644.jpg\" \/>\n<script type=\"application\/ld+json\" class=\"yoast-schema-graph\">{\"@context\":\"https:\/\/schema.org\",\"@graph\":[{\"@type\":\"WebPage\",\"@id\":\"https:\/\/www.deli-home.com\/nl\/werken-bij\/\",\"url\":\"https:\/\/www.deli-home.com\/nl\/werken-bij\/\",\"name\":\"Working at - Deli Home\",\"isPartOf\":{\"@id\":\"https:\/\/www.deli-home.com\/en\/#website\"},\"primaryImageOfPage\":{\"@id\":\"https:\/\/www.deli-home.com\/nl\/werken-bij\/#primaryimage\"},\"image\":{\"@id\":\"https:\/\/www.deli-home.com\/nl\/werken-bij\/#primaryimage\"},\"thumbnailUrl\":\"https:\/\/www.deli-home.com\/wp-content\/uploads\/2023\/09\/Onze-mensen-Veiligheid-resize-1050x660-1-1024x644.jpg\",\"datePublished\":\"2023-09-05T19:49:30+00:00\",\"dateModified\":\"2024-07-31T13:14:03+00:00\",\"description\":\"Do you fit in Deli Home's team? Learn more about our organizations, colleagues, company culture, and core values.\",\"breadcrumb\":{\"@id\":\"https:\/\/www.deli-home.com\/nl\/werken-bij\/#breadcrumb\"},\"inLanguage\":\"de\",\"potentialAction\":[{\"@type\":\"ReadAction\",\"target\":[\"https:\/\/www.deli-home.com\/nl\/werken-bij\/\"]}]},{\"@type\":\"ImageObject\",\"inLanguage\":\"de\",\"@id\":\"https:\/\/www.deli-home.com\/nl\/werken-bij\/#primaryimage\",\"url\":\"https:\/\/www.deli-home.com\/wp-content\/uploads\/2023\/09\/Onze-mensen-Veiligheid-resize-1050x660-1-1024x644.jpg\",\"contentUrl\":\"https:\/\/www.deli-home.com\/wp-content\/uploads\/2023\/09\/Onze-mensen-Veiligheid-resize-1050x660-1-1024x644.jpg\"},{\"@type\":\"BreadcrumbList\",\"@id\":\"https:\/\/www.deli-home.com\/nl\/werken-bij\/#breadcrumb\",\"itemListElement\":[{\"@type\":\"ListItem\",\"position\":1,\"name\":\"Home\",\"item\":\"https:\/\/www.deli-home.com\/nl\/\"},{\"@type\":\"ListItem\",\"position\":2,\"name\":\"Working at\"}]},{\"@type\":\"WebSite\",\"@id\":\"https:\/\/www.deli-home.com\/en\/#website\",\"url\":\"https:\/\/www.deli-home.com\/en\/\",\"name\":\"Deli Home\",\"description\":\"\",\"publisher\":{\"@id\":\"https:\/\/www.deli-home.com\/en\/#organization\"},\"potentialAction\":[{\"@type\":\"SearchAction\",\"target\":{\"@type\":\"EntryPoint\",\"urlTemplate\":\"https:\/\/www.deli-home.com\/en\/?s={search_term_string}\"},\"query-input\":{\"@type\":\"PropertyValueSpecification\",\"valueRequired\":true,\"valueName\":\"search_term_string\"}}],\"inLanguage\":\"de\"},{\"@type\":\"Organization\",\"@id\":\"https:\/\/www.deli-home.com\/en\/#organization\",\"name\":\"Deli Home\",\"url\":\"https:\/\/www.deli-home.com\/en\/\",\"logo\":{\"@type\":\"ImageObject\",\"inLanguage\":\"de\",\"@id\":\"https:\/\/www.deli-home.com\/en\/#\/schema\/logo\/image\/\",\"url\":\"https:\/\/www.deli-home.com\/wp-content\/uploads\/2023\/09\/favicon.png\",\"contentUrl\":\"https:\/\/www.deli-home.com\/wp-content\/uploads\/2023\/09\/favicon.png\",\"width\":500,\"height\":500,\"caption\":\"Deli Home\"},\"image\":{\"@id\":\"https:\/\/www.deli-home.com\/en\/#\/schema\/logo\/image\/\"},\"sameAs\":[\"https:\/\/www.linkedin.com\/company\/deli-home\/\"]}]}<\/script>\n<!-- \/ Yoast SEO plugin. -->","yoast_head_json":{"title":"Working at - Deli Home","description":"Do you fit in Deli Home's team? Learn more about our organizations, colleagues, company culture, and core values.","robots":{"index":"index","follow":"follow","max-snippet":"max-snippet:-1","max-image-preview":"max-image-preview:large","max-video-preview":"max-video-preview:-1"},"canonical":"https:\/\/www.deli-home.com\/de\/wp-json\/wp\/v2\/pages\/1271\/","og_locale":"de_DE","og_type":"article","og_title":"Working at - Deli Home","og_description":"Do you fit in Deli Home's team? Learn more about our organizations, colleagues, company culture, and core values.","og_url":"https:\/\/www.deli-home.com\/de\/wp-json\/wp\/v2\/pages\/1271\/","og_site_name":"Deli Home","article_modified_time":"2024-07-31T13:14:03+00:00","og_image":[{"url":"https:\/\/www.deli-home.com\/wp-content\/uploads\/2023\/09\/Onze-mensen-Veiligheid-resize-1050x660-1-1024x644.jpg","type":"","width":"","height":""}],"schema":{"@context":"https:\/\/schema.org","@graph":[{"@type":"WebPage","@id":"https:\/\/www.deli-home.com\/nl\/werken-bij\/","url":"https:\/\/www.deli-home.com\/nl\/werken-bij\/","name":"Working at - Deli Home","isPartOf":{"@id":"https:\/\/www.deli-home.com\/en\/#website"},"primaryImageOfPage":{"@id":"https:\/\/www.deli-home.com\/nl\/werken-bij\/#primaryimage"},"image":{"@id":"https:\/\/www.deli-home.com\/nl\/werken-bij\/#primaryimage"},"thumbnailUrl":"https:\/\/www.deli-home.com\/wp-content\/uploads\/2023\/09\/Onze-mensen-Veiligheid-resize-1050x660-1-1024x644.jpg","datePublished":"2023-09-05T19:49:30+00:00","dateModified":"2024-07-31T13:14:03+00:00","description":"Do you fit in Deli Home's team? Learn more about our organizations, colleagues, company culture, and core values.","breadcrumb":{"@id":"https:\/\/www.deli-home.com\/nl\/werken-bij\/#breadcrumb"},"inLanguage":"de","potentialAction":[{"@type":"ReadAction","target":["https:\/\/www.deli-home.com\/nl\/werken-bij\/"]}]},{"@type":"ImageObject","inLanguage":"de","@id":"https:\/\/www.deli-home.com\/nl\/werken-bij\/#primaryimage","url":"https:\/\/www.deli-home.com\/wp-content\/uploads\/2023\/09\/Onze-mensen-Veiligheid-resize-1050x660-1-1024x644.jpg","contentUrl":"https:\/\/www.deli-home.com\/wp-content\/uploads\/2023\/09\/Onze-mensen-Veiligheid-resize-1050x660-1-1024x644.jpg"},{"@type":"BreadcrumbList","@id":"https:\/\/www.deli-home.com\/nl\/werken-bij\/#breadcrumb","itemListElement":[{"@type":"ListItem","position":1,"name":"Home","item":"https:\/\/www.deli-home.com\/nl\/"},{"@type":"ListItem","position":2,"name":"Working at"}]},{"@type":"WebSite","@id":"https:\/\/www.deli-home.com\/en\/#website","url":"https:\/\/www.deli-home.com\/en\/","name":"Deli Home","description":"","publisher":{"@id":"https:\/\/www.deli-home.com\/en\/#organization"},"potentialAction":[{"@type":"SearchAction","target":{"@type":"EntryPoint","urlTemplate":"https:\/\/www.deli-home.com\/en\/?s={search_term_string}"},"query-input":{"@type":"PropertyValueSpecification","valueRequired":true,"valueName":"search_term_string"}}],"inLanguage":"de"},{"@type":"Organization","@id":"https:\/\/www.deli-home.com\/en\/#organization","name":"Deli Home","url":"https:\/\/www.deli-home.com\/en\/","logo":{"@type":"ImageObject","inLanguage":"de","@id":"https:\/\/www.deli-home.com\/en\/#\/schema\/logo\/image\/","url":"https:\/\/www.deli-home.com\/wp-content\/uploads\/2023\/09\/favicon.png","contentUrl":"https:\/\/www.deli-home.com\/wp-content\/uploads\/2023\/09\/favicon.png","width":500,"height":500,"caption":"Deli Home"},"image":{"@id":"https:\/\/www.deli-home.com\/en\/#\/schema\/logo\/image\/"},"sameAs":["https:\/\/www.linkedin.com\/company\/deli-home\/"]}]}},"_links":{"self":[{"href":"https:\/\/www.deli-home.com\/de\/wp-json\/wp\/v2\/pages\/1271","targetHints":{"allow":["GET"]}}],"collection":[{"href":"https:\/\/www.deli-home.com\/de\/wp-json\/wp\/v2\/pages"}],"about":[{"href":"https:\/\/www.deli-home.com\/de\/wp-json\/wp\/v2\/types\/page"}],"author":[{"embeddable":true,"href":"https:\/\/www.deli-home.com\/de\/wp-json\/wp\/v2\/users\/5"}],"replies":[{"embeddable":true,"href":"https:\/\/www.deli-home.com\/de\/wp-json\/wp\/v2\/comments?post=1271"}],"version-history":[{"count":45,"href":"https:\/\/www.deli-home.com\/de\/wp-json\/wp\/v2\/pages\/1271\/revisions"}],"predecessor-version":[{"id":6444,"href":"https:\/\/www.deli-home.com\/de\/wp-json\/wp\/v2\/pages\/1271\/revisions\/6444"}],"wp:attachment":[{"href":"https:\/\/www.deli-home.com\/de\/wp-json\/wp\/v2\/media?parent=1271"}],"curies":[{"name":"wp","href":"https:\/\/api.w.org\/{rel}","templated":true}]}}