{"id":23,"date":"2023-07-18T10:20:30","date_gmt":"2023-07-18T10:20:30","guid":{"rendered":"https:\/\/www.deli-home.com\/?page_id=23"},"modified":"2025-12-01T10:03:14","modified_gmt":"2025-12-01T10:03:14","slug":"about-us","status":"publish","type":"page","link":"https:\/\/www.deli-home.com\/de\/uber-uns\/","title":{"rendered":"\u00dcber uns"},"content":{"rendered":"<div class=\"wp-block-cover alignfull has-parallax\" style=\"min-height:700px;aspect-ratio:unset;\"><span aria-hidden=\"true\" class=\"wp-block-cover__background has-background-dim-100 has-background-dim wp-block-cover__gradient-background has-background-gradient\" style=\"background:linear-gradient(90deg,rgba(2,19,45,0.8) 0%,rgba(2,19,45,0.5) 37%,rgba(2,19,45,0) 98%)\"><\/span><div class=\"wp-block-cover__image-background wp-image-961 has-parallax\" style=\"background-position:50% 50%;background-image:url(https:\/\/www.deli-home.com\/wp-content\/uploads\/2023\/09\/medium-JPG-IMG_4599.jpg)\"><\/div><div class=\"wp-block-cover__inner-container is-layout-flow wp-block-cover-is-layout-flow\">\n<div class=\"wp-block-group\"><div class=\"wp-block-group__inner-container is-layout-constrained wp-block-group-is-layout-constrained\">\n<div class=\"wp-block-columns is-layout-flex wp-container-core-columns-is-layout-1 wp-block-columns-is-layout-flex\">\n<div class=\"wp-block-column is-layout-flow wp-block-column-is-layout-flow\" style=\"flex-basis:65%\">\n<h1 class=\"wp-block-heading has-white-color has-text-color\">Individuelle Versch\u00f6nerung des Zuhauses leicht gemacht<\/h1>\n\n\n\n<p class=\"has-text-align-left has-white-color has-text-color has-medium-font-size\">Wir bei Deli Home glauben an ma\u00dfgefertigte Holzprodukte, die speziell f\u00fcr den Raum entworfen wurden, in dem sie verwendet werden, um jedes Zuhause optimal zu gestalten. Im Laufe unseres Produktentwicklungsprozesses legen wir gr\u00f6\u00dften Wert auf Nachhaltigkeit, Mehrwert und die Qualit\u00e4t echter Schreinerkunst.<\/p>\n<\/div>\n<\/div>\n<\/div><\/div>\n<\/div><\/div>\n\n\n\n<section class=\"wp-block-group\"><div class=\"wp-block-group__inner-container is-layout-constrained wp-block-group-is-layout-constrained\">\n<div class=\"wp-block-columns is-layout-flex wp-container-core-columns-is-layout-2 wp-block-columns-is-layout-flex\">\n<div class=\"wp-block-column is-layout-flow wp-block-column-is-layout-flow\" style=\"flex-basis:25%\"><\/div>\n\n\n\n<div class=\"wp-block-column is-layout-flow wp-block-column-is-layout-flow\" style=\"flex-basis:65%\">\n<p class=\"has-text-align-center has-text-color has-medium-font-size\" style=\"color:#2bb3eb\"><strong>WAS WIR TUN<\/strong><\/p>\n\n\n\n<h2 class=\"wp-block-heading has-text-align-center\"><strong>Unsere T\u00e4tigkeit<\/strong><\/h2>\n\n\n\n<p class=\"has-text-align-center\">Unsere T\u00e4tigkeit geht weit \u00fcber unsere angestammte Rolle als wertsch\u00f6pfender Gro\u00dfh\u00e4ndler f\u00fcr Heimwerker- und Baum\u00e4rkte hinaus: Wir zeichnen uns auch durch die Entwicklung und Herstellung von Produkten in verschiedenen Kategorien aus. Wir begleiten den Kunden auf seinem gesamten Weg: von der Inspiration und dem Design bis zu Lieferung und Einbau. Neben unseren umfassenden Logistikservices zeichnen wir uns dadurch aus, dass wir jeden Schritt in allen Kategorien aufwerten.<\/p>\n<\/div>\n\n\n\n<div class=\"wp-block-column is-layout-flow wp-block-column-is-layout-flow\" style=\"flex-basis:25%\"><\/div>\n<\/div>\n<\/div><\/section>\n\n\n\n<div class=\"wp-block-buttons is-content-justification-center is-layout-flex wp-container-core-buttons-is-layout-1 wp-block-buttons-is-layout-flex\">\n<div class=\"wp-block-button\"><a class=\"wp-block-button__link wp-element-button\" href=\"https:\/\/www.deli-home.com\/de\/marken\/\">Zu unseren Marken<\/a><\/div>\n<\/div>\n\n\n\n<div class=\"wp-block-group alignfull has-background\" style=\"background:linear-gradient(160deg,rgba(18,112,166,0.09) 0%,rgba(255,255,255,0) 100%)\"><div class=\"wp-block-group__inner-container is-layout-constrained wp-block-group-is-layout-constrained\">\n<div class=\"wp-block-group\"><div class=\"wp-block-group__inner-container is-layout-constrained wp-block-group-is-layout-constrained\">\n<div class=\"wp-block-columns is-layout-flex wp-container-core-columns-is-layout-3 wp-block-columns-is-layout-flex\">\n<div class=\"wp-block-column is-layout-flow wp-block-column-is-layout-flow\"><\/div>\n\n\n\n<div class=\"wp-block-column is-layout-flow wp-block-column-is-layout-flow\" style=\"flex-basis:70%\">\n<p class=\"has-text-align-center has-text-color has-medium-font-size\" style=\"color:#2bb3eb\"><strong><strong><strong>F\u00dcR WEN?<\/strong><\/strong><\/strong><\/p>\n\n\n\n<h2 class=\"wp-block-heading has-text-align-center\">Unser Markt<\/h2>\n\n\n\n<p class=\"has-text-align-center\">Deli Home arbeitet im B2B-Sektor, bei starker Verbraucherorientierung. Wir unterhalten enge Beziehungen zu unseren Kunden, die sowohl f\u00fcr Endverbraucher als auch im gewerblichen Bereich t\u00e4tig sind. Zu unserem Kundenkreis geh\u00f6ren gro\u00dfe Baumarktketten, Gro\u00dfh\u00e4ndler, Bauunternehmen und Online-H\u00e4ndler.<\/p>\n<\/div>\n\n\n\n<div class=\"wp-block-column is-layout-flow wp-block-column-is-layout-flow\"><\/div>\n<\/div>\n\n\n\n<div class=\"wp-block-columns is-layout-flex wp-container-core-columns-is-layout-4 wp-block-columns-is-layout-flex\">\n<div class=\"wp-block-column is-layout-flow wp-block-column-is-layout-flow\">\n<p><strong>Die Vision von Deli Home f\u00fcr Profis\/Selbstst\u00e4ndige<\/strong><\/p>\n\n\n\n<figure class=\"wp-block-video\"><video controls src=\"https:\/\/www.deli-home.com\/wp-content\/uploads\/2023\/09\/08_DeliHome_Professional_EN_SUBS_Mediumbitrate.mp4\"><\/video><\/figure>\n<\/div>\n\n\n\n<div class=\"wp-block-column is-layout-flow wp-block-column-is-layout-flow\">\n<p><strong>Die Vision von Deli Home f\u00fcr Verbraucher<\/strong><br><\/p>\n\n\n\n<figure class=\"wp-block-video\"><video controls src=\"https:\/\/www.deli-home.com\/wp-content\/uploads\/2023\/09\/07_DeliHome_Consument_EN_SUBS_Mediumbitrate.mp4\"><\/video><\/figure>\n<\/div>\n<\/div>\n<\/div><\/div>\n<\/div><\/div>\n\n\n\n<div class=\"wp-block-group alignfull\"><div class=\"wp-block-group__inner-container is-layout-constrained wp-block-group-is-layout-constrained\">\n<div class=\"wp-block-group alignwide\"><div class=\"wp-block-group__inner-container is-layout-constrained wp-block-group-is-layout-constrained\">\n<div class=\"wp-block-columns is-layout-flex wp-container-core-columns-is-layout-5 wp-block-columns-is-layout-flex\">\n<div class=\"wp-block-column is-layout-flow wp-block-column-is-layout-flow\"><div id=\"div_block-3-733\" class=\"ct-div-block\" ><div id=\"fancy_icon-2-733\" class=\"ct-fancy-icon\" ><svg id=\"svg-fancy_icon-2-733\"><use xlink:href=\"#Lineariconsicon-store\"><\/use><\/svg><\/div><\/div>\n\n\n<h4 class=\"wp-block-heading has-text-align-center\">38 Fu\u00dfballfelder an Lagerfl\u00e4che<\/h4>\n<\/div>\n\n\n\n<div class=\"wp-block-column is-layout-flow wp-block-column-is-layout-flow\"><div id=\"div_block-3-733\" class=\"ct-div-block\" ><div id=\"fancy_icon-2-733\" class=\"ct-fancy-icon\" ><svg id=\"svg-fancy_icon-2-733\"><use xlink:href=\"#FontAwesomeicon-truck\"><\/use><\/svg><\/div><\/div>\n\n\n<h4 class=\"wp-block-heading has-text-align-center\">16.116 LKWs, die jedes Jahr ins Land kommen<\/h4>\n<\/div>\n\n\n\n<div class=\"wp-block-column is-layout-flow wp-block-column-is-layout-flow\"><div id=\"div_block-3-733\" class=\"ct-div-block\" ><div id=\"fancy_icon-2-733\" class=\"ct-fancy-icon\" ><svg id=\"svg-fancy_icon-2-733\"><use xlink:href=\"#FontAwesomeicon-map-o\"><\/use><\/svg><\/div><\/div>\n\n\n<h4 class=\"wp-block-heading has-text-align-center\">Gitter in einem Jahr verkauft: Amsterdam-Paris-Spannweite<\/h4>\n<\/div>\n<\/div>\n<\/div><\/div>\n<\/div><\/div>\n\n\n\n<div class=\"wp-block-group\"><div class=\"wp-block-group__inner-container is-layout-constrained wp-block-group-is-layout-constrained\">\n<div class=\"wp-block-media-text has-media-on-the-right is-stacked-on-mobile is-image-fill-element\"><div class=\"wp-block-media-text__content\">\n<p class=\"has-text-align-left has-text-color has-medium-font-size\" style=\"color:#2bb3eb\"><strong><strong>WAS WIR ANBIETEN<\/strong><\/strong><\/p>\n\n\n\n<h2 class=\"wp-block-heading has-text-align-left\">Unser Sortiment<\/h2>\n\n\n\n<p class=\"has-text-align-left\">Unser Know-how umfasst die Bereiche Holz, T\u00fcren, Fu\u00dfb\u00f6den und Treppen, Lagerm\u00f6bel und Insektenschutzgitter. Unser proaktives Kategorienmanagement beinhaltet eine kontinuierliche Bewertung der Effekte unserer Produkte und L\u00f6sungen, sodass wir uns stets an den Bed\u00fcrfnissen und Vorlieben der Verbraucher orientieren. Wir unterst\u00fctzen unsere Kunden darin, sich an die sich wandelnden Anforderungen anzupassen, und erweitern st\u00e4ndig unsere Dienstleistungspalette, um das Wachstum mit zukunftsweisenden, langlebigen und nachhaltigen Produkten zu f\u00f6rdern.<\/p>\n\n\n\n<div class=\"wp-block-buttons is-horizontal is-content-justification-left is-layout-flex wp-container-core-buttons-is-layout-2 wp-block-buttons-is-layout-flex\">\n<div class=\"wp-block-button has-custom-font-size has-medium-font-size\"><a class=\"wp-block-button__link has-white-color has-text-color has-background wp-element-button\" href=\"https:\/\/www.deli-home.com\/de\/produkte\/\" style=\"background-color:#2bb3eb\">Unsere Kategorien ansehen<\/a><\/div>\n<\/div>\n<\/div><figure class=\"wp-block-media-text__media\"><img loading=\"lazy\" decoding=\"async\" width=\"1024\" height=\"768\" src=\"https:\/\/www.deli-home.com\/wp-content\/uploads\/2023\/08\/large-JPG-Raffito_Eetkamer_Klassiek-stijldeuren-Guspino-Kashmir-Mat-Bracciano-nero_hoekkast_groot-1024x768.jpg\" alt=\"\" class=\"wp-image-565 size-full\" style=\"object-position:33% 79%\" srcset=\"https:\/\/www.deli-home.com\/wp-content\/uploads\/2023\/08\/large-JPG-Raffito_Eetkamer_Klassiek-stijldeuren-Guspino-Kashmir-Mat-Bracciano-nero_hoekkast_groot-1024x768.jpg 1024w, https:\/\/www.deli-home.com\/wp-content\/uploads\/2023\/08\/large-JPG-Raffito_Eetkamer_Klassiek-stijldeuren-Guspino-Kashmir-Mat-Bracciano-nero_hoekkast_groot-300x225.jpg 300w, https:\/\/www.deli-home.com\/wp-content\/uploads\/2023\/08\/large-JPG-Raffito_Eetkamer_Klassiek-stijldeuren-Guspino-Kashmir-Mat-Bracciano-nero_hoekkast_groot-768x576.jpg 768w, https:\/\/www.deli-home.com\/wp-content\/uploads\/2023\/08\/large-JPG-Raffito_Eetkamer_Klassiek-stijldeuren-Guspino-Kashmir-Mat-Bracciano-nero_hoekkast_groot-1536x1152.jpg 1536w, https:\/\/www.deli-home.com\/wp-content\/uploads\/2023\/08\/large-JPG-Raffito_Eetkamer_Klassiek-stijldeuren-Guspino-Kashmir-Mat-Bracciano-nero_hoekkast_groot-2048x1536.jpg 2048w, https:\/\/www.deli-home.com\/wp-content\/uploads\/2023\/08\/large-JPG-Raffito_Eetkamer_Klassiek-stijldeuren-Guspino-Kashmir-Mat-Bracciano-nero_hoekkast_groot-scaled.jpg 2560w\" sizes=\"auto, (max-width: 1024px) 100vw, 1024px\" \/><\/figure><\/div>\n<\/div><\/div>\n\n\n\n<div class=\"wp-block-group\"><div class=\"wp-block-group__inner-container is-layout-constrained wp-block-group-is-layout-constrained\">\n<div class=\"wp-block-columns is-layout-flex wp-container-core-columns-is-layout-7 wp-block-columns-is-layout-flex\">\n<div class=\"wp-block-column is-layout-flow wp-block-column-is-layout-flow\">\n<div class=\"wp-block-columns is-layout-flex wp-container-core-columns-is-layout-6 wp-block-columns-is-layout-flex\">\n<div class=\"wp-block-column is-layout-flow wp-block-column-is-layout-flow\" style=\"flex-basis:25%\"><\/div>\n\n\n\n<div class=\"wp-block-column is-layout-flow wp-block-column-is-layout-flow\" style=\"flex-basis:65%\">\n<p class=\"has-text-align-center has-text-color has-medium-font-size\" style=\"color:#2bb3eb\"><strong>DIE ANF\u00c4NGE <\/strong><\/p>\n\n\n\n<h2 class=\"wp-block-heading has-text-align-center\"><strong>Die Geschichte von Deli Home<\/strong><\/h2>\n\n\n\n<p class=\"has-text-align-center\">Unser Know-how l\u00e4sst sich bis ins Jahr 1869 zur\u00fcckverfolgen, als Deli Home in Indonesien gegr\u00fcndet wurde. Im Laufe der Zeit haben wir unser Know-How und unsere Erfahrung im Umgang mit Holz weiterentwickelt. Obwohl wir schon 150 Jahre alt sind, setzen wir weiterhin auf Wachstum und Lernen.<\/p>\n\n\n\n<div class=\"wp-block-buttons is-content-justification-center is-layout-flex wp-container-core-buttons-is-layout-3 wp-block-buttons-is-layout-flex\">\n<div class=\"wp-block-button\"><a class=\"wp-block-button__link wp-element-button\" href=\"https:\/\/www.deli-home.com\/de\/geschichte\/\">Lesen Sie mehr \u00fcber unsere Geschichte<\/a><\/div>\n<\/div>\n<\/div>\n\n\n\n<div class=\"wp-block-column is-layout-flow wp-block-column-is-layout-flow\" style=\"flex-basis:25%\"><\/div>\n<\/div>\n<\/div>\n<\/div>\n<\/div><\/div>\n\n\n\n<div class=\"wp-block-group\"><div class=\"wp-block-group__inner-container is-layout-constrained wp-block-group-is-layout-constrained\">\n<div class=\"wp-block-group\"><div class=\"wp-block-group__inner-container is-layout-constrained wp-block-group-is-layout-constrained\">\n<p class=\"has-text-align-center has-text-color has-medium-font-size\" style=\"color:#2bb3eb\"><strong>SEHEN SIE ALLES \u00dcBER UNS<\/strong><\/p>\n\n\n\n<h2 class=\"wp-block-heading has-text-align-center\">Firmenvideo<\/h2>\n\n\n\n<p class=\"has-text-align-center\">Sehen Sie sich unser Firmenvideo an, um die Kraft kennenzulernen, die hinter unseren renommierten Marken, Produkten und Dienstleistungen im Bereich Holzprodukte f\u00fcr den Innenausbau steht.<\/p>\n\n\n\n<figure class=\"wp-block-video\"><video controls src=\"https:\/\/www.deli-home.com\/wp-content\/uploads\/2025\/12\/Deli-Home-Bedrijfsfilm_zonder-interview_LR.mp4\"><\/video><\/figure>\n<\/div><\/div>\n<\/div><\/div>","protected":false},"excerpt":{"rendered":"<p>WHAT WE DO Our activities Beyond our conventional role as a value-added wholesaler for home improvement and builder markets, we excel in development and manufacturing across multiple categories. We guide the entire consumer journey \u2013 from inspiration and design to delivery and installation. Elevating each step across categories sets us apart, alongside our comprehensive logistics [&hellip;]<\/p>","protected":false},"author":4,"featured_media":0,"parent":0,"menu_order":10,"comment_status":"closed","ping_status":"closed","template":"","meta":{"_acf_changed":false,"inline_featured_image":false,"footnotes":""},"class_list":["post-23","page","type-page","status-publish","hentry"],"acf":[],"yoast_head":"<!-- This site is optimized with the Yoast SEO plugin v26.4 - https:\/\/yoast.com\/wordpress\/plugins\/seo\/ -->\n<title>About us - Deli Home<\/title>\n<meta name=\"description\" content=\"Learn more about our vision, mission, and history. Get to know the management of Deli Home.\" \/>\n<meta name=\"robots\" content=\"index, follow, max-snippet:-1, max-image-preview:large, max-video-preview:-1\" \/>\n<link rel=\"canonical\" href=\"https:\/\/www.deli-home.com\/de\/wp-json\/wp\/v2\/pages\/23\/\" \/>\n<meta property=\"og:locale\" content=\"de_DE\" \/>\n<meta property=\"og:type\" content=\"article\" \/>\n<meta property=\"og:title\" content=\"About us - Deli Home\" \/>\n<meta property=\"og:description\" content=\"Learn more about our vision, mission, and history. Get to know the management of Deli Home.\" \/>\n<meta property=\"og:url\" content=\"https:\/\/www.deli-home.com\/de\/wp-json\/wp\/v2\/pages\/23\/\" \/>\n<meta property=\"og:site_name\" content=\"Deli Home\" \/>\n<meta property=\"article:modified_time\" content=\"2025-12-01T10:03:14+00:00\" \/>\n<meta property=\"og:image\" content=\"https:\/\/www.deli-home.com\/wp-content\/uploads\/2023\/08\/large-JPG-Raffito_Eetkamer_Klassiek-stijldeuren-Guspino-Kashmir-Mat-Bracciano-nero_hoekkast_groot-1024x768.jpg\" \/>\n<script type=\"application\/ld+json\" class=\"yoast-schema-graph\">{\"@context\":\"https:\/\/schema.org\",\"@graph\":[{\"@type\":\"WebPage\",\"@id\":\"https:\/\/www.deli-home.com\/nl\/over-ons\/\",\"url\":\"https:\/\/www.deli-home.com\/nl\/over-ons\/\",\"name\":\"About us - Deli Home\",\"isPartOf\":{\"@id\":\"https:\/\/www.deli-home.com\/nl\/#website\"},\"primaryImageOfPage\":{\"@id\":\"https:\/\/www.deli-home.com\/nl\/over-ons\/#primaryimage\"},\"image\":{\"@id\":\"https:\/\/www.deli-home.com\/nl\/over-ons\/#primaryimage\"},\"thumbnailUrl\":\"https:\/\/www.deli-home.com\/wp-content\/uploads\/2023\/08\/large-JPG-Raffito_Eetkamer_Klassiek-stijldeuren-Guspino-Kashmir-Mat-Bracciano-nero_hoekkast_groot-1024x768.jpg\",\"datePublished\":\"2023-07-18T10:20:30+00:00\",\"dateModified\":\"2025-12-01T10:03:14+00:00\",\"description\":\"Learn more about our vision, mission, and history. Get to know the management of Deli Home.\",\"breadcrumb\":{\"@id\":\"https:\/\/www.deli-home.com\/nl\/over-ons\/#breadcrumb\"},\"inLanguage\":\"de\",\"potentialAction\":[{\"@type\":\"ReadAction\",\"target\":[\"https:\/\/www.deli-home.com\/nl\/over-ons\/\"]}]},{\"@type\":\"ImageObject\",\"inLanguage\":\"de\",\"@id\":\"https:\/\/www.deli-home.com\/nl\/over-ons\/#primaryimage\",\"url\":\"https:\/\/www.deli-home.com\/wp-content\/uploads\/2023\/08\/large-JPG-Raffito_Eetkamer_Klassiek-stijldeuren-Guspino-Kashmir-Mat-Bracciano-nero_hoekkast_groot-1024x768.jpg\",\"contentUrl\":\"https:\/\/www.deli-home.com\/wp-content\/uploads\/2023\/08\/large-JPG-Raffito_Eetkamer_Klassiek-stijldeuren-Guspino-Kashmir-Mat-Bracciano-nero_hoekkast_groot-1024x768.jpg\"},{\"@type\":\"BreadcrumbList\",\"@id\":\"https:\/\/www.deli-home.com\/nl\/over-ons\/#breadcrumb\",\"itemListElement\":[{\"@type\":\"ListItem\",\"position\":1,\"name\":\"Home\",\"item\":\"https:\/\/www.deli-home.com\/nl\/\"},{\"@type\":\"ListItem\",\"position\":2,\"name\":\"About us\"}]},{\"@type\":\"WebSite\",\"@id\":\"https:\/\/www.deli-home.com\/nl\/#website\",\"url\":\"https:\/\/www.deli-home.com\/nl\/\",\"name\":\"Deli Home\",\"description\":\"\",\"publisher\":{\"@id\":\"https:\/\/www.deli-home.com\/nl\/#organization\"},\"potentialAction\":[{\"@type\":\"SearchAction\",\"target\":{\"@type\":\"EntryPoint\",\"urlTemplate\":\"https:\/\/www.deli-home.com\/nl\/?s={search_term_string}\"},\"query-input\":{\"@type\":\"PropertyValueSpecification\",\"valueRequired\":true,\"valueName\":\"search_term_string\"}}],\"inLanguage\":\"de\"},{\"@type\":\"Organization\",\"@id\":\"https:\/\/www.deli-home.com\/nl\/#organization\",\"name\":\"Deli Home\",\"url\":\"https:\/\/www.deli-home.com\/nl\/\",\"logo\":{\"@type\":\"ImageObject\",\"inLanguage\":\"de\",\"@id\":\"https:\/\/www.deli-home.com\/nl\/#\/schema\/logo\/image\/\",\"url\":\"https:\/\/www.deli-home.com\/wp-content\/uploads\/2023\/09\/favicon.png\",\"contentUrl\":\"https:\/\/www.deli-home.com\/wp-content\/uploads\/2023\/09\/favicon.png\",\"width\":500,\"height\":500,\"caption\":\"Deli Home\"},\"image\":{\"@id\":\"https:\/\/www.deli-home.com\/nl\/#\/schema\/logo\/image\/\"},\"sameAs\":[\"https:\/\/www.linkedin.com\/company\/deli-home\/\"]}]}<\/script>\n<!-- \/ Yoast SEO plugin. -->","yoast_head_json":{"title":"About us - Deli Home","description":"Learn more about our vision, mission, and history. Get to know the management of Deli Home.","robots":{"index":"index","follow":"follow","max-snippet":"max-snippet:-1","max-image-preview":"max-image-preview:large","max-video-preview":"max-video-preview:-1"},"canonical":"https:\/\/www.deli-home.com\/de\/wp-json\/wp\/v2\/pages\/23\/","og_locale":"de_DE","og_type":"article","og_title":"About us - Deli Home","og_description":"Learn more about our vision, mission, and history. Get to know the management of Deli Home.","og_url":"https:\/\/www.deli-home.com\/de\/wp-json\/wp\/v2\/pages\/23\/","og_site_name":"Deli Home","article_modified_time":"2025-12-01T10:03:14+00:00","og_image":[{"url":"https:\/\/www.deli-home.com\/wp-content\/uploads\/2023\/08\/large-JPG-Raffito_Eetkamer_Klassiek-stijldeuren-Guspino-Kashmir-Mat-Bracciano-nero_hoekkast_groot-1024x768.jpg","type":"","width":"","height":""}],"schema":{"@context":"https:\/\/schema.org","@graph":[{"@type":"WebPage","@id":"https:\/\/www.deli-home.com\/nl\/over-ons\/","url":"https:\/\/www.deli-home.com\/nl\/over-ons\/","name":"About us - Deli Home","isPartOf":{"@id":"https:\/\/www.deli-home.com\/nl\/#website"},"primaryImageOfPage":{"@id":"https:\/\/www.deli-home.com\/nl\/over-ons\/#primaryimage"},"image":{"@id":"https:\/\/www.deli-home.com\/nl\/over-ons\/#primaryimage"},"thumbnailUrl":"https:\/\/www.deli-home.com\/wp-content\/uploads\/2023\/08\/large-JPG-Raffito_Eetkamer_Klassiek-stijldeuren-Guspino-Kashmir-Mat-Bracciano-nero_hoekkast_groot-1024x768.jpg","datePublished":"2023-07-18T10:20:30+00:00","dateModified":"2025-12-01T10:03:14+00:00","description":"Learn more about our vision, mission, and history. Get to know the management of Deli Home.","breadcrumb":{"@id":"https:\/\/www.deli-home.com\/nl\/over-ons\/#breadcrumb"},"inLanguage":"de","potentialAction":[{"@type":"ReadAction","target":["https:\/\/www.deli-home.com\/nl\/over-ons\/"]}]},{"@type":"ImageObject","inLanguage":"de","@id":"https:\/\/www.deli-home.com\/nl\/over-ons\/#primaryimage","url":"https:\/\/www.deli-home.com\/wp-content\/uploads\/2023\/08\/large-JPG-Raffito_Eetkamer_Klassiek-stijldeuren-Guspino-Kashmir-Mat-Bracciano-nero_hoekkast_groot-1024x768.jpg","contentUrl":"https:\/\/www.deli-home.com\/wp-content\/uploads\/2023\/08\/large-JPG-Raffito_Eetkamer_Klassiek-stijldeuren-Guspino-Kashmir-Mat-Bracciano-nero_hoekkast_groot-1024x768.jpg"},{"@type":"BreadcrumbList","@id":"https:\/\/www.deli-home.com\/nl\/over-ons\/#breadcrumb","itemListElement":[{"@type":"ListItem","position":1,"name":"Home","item":"https:\/\/www.deli-home.com\/nl\/"},{"@type":"ListItem","position":2,"name":"About us"}]},{"@type":"WebSite","@id":"https:\/\/www.deli-home.com\/nl\/#website","url":"https:\/\/www.deli-home.com\/nl\/","name":"Deli Home","description":"","publisher":{"@id":"https:\/\/www.deli-home.com\/nl\/#organization"},"potentialAction":[{"@type":"SearchAction","target":{"@type":"EntryPoint","urlTemplate":"https:\/\/www.deli-home.com\/nl\/?s={search_term_string}"},"query-input":{"@type":"PropertyValueSpecification","valueRequired":true,"valueName":"search_term_string"}}],"inLanguage":"de"},{"@type":"Organization","@id":"https:\/\/www.deli-home.com\/nl\/#organization","name":"Deli Home","url":"https:\/\/www.deli-home.com\/nl\/","logo":{"@type":"ImageObject","inLanguage":"de","@id":"https:\/\/www.deli-home.com\/nl\/#\/schema\/logo\/image\/","url":"https:\/\/www.deli-home.com\/wp-content\/uploads\/2023\/09\/favicon.png","contentUrl":"https:\/\/www.deli-home.com\/wp-content\/uploads\/2023\/09\/favicon.png","width":500,"height":500,"caption":"Deli Home"},"image":{"@id":"https:\/\/www.deli-home.com\/nl\/#\/schema\/logo\/image\/"},"sameAs":["https:\/\/www.linkedin.com\/company\/deli-home\/"]}]}},"_links":{"self":[{"href":"https:\/\/www.deli-home.com\/de\/wp-json\/wp\/v2\/pages\/23","targetHints":{"allow":["GET"]}}],"collection":[{"href":"https:\/\/www.deli-home.com\/de\/wp-json\/wp\/v2\/pages"}],"about":[{"href":"https:\/\/www.deli-home.com\/de\/wp-json\/wp\/v2\/types\/page"}],"author":[{"embeddable":true,"href":"https:\/\/www.deli-home.com\/de\/wp-json\/wp\/v2\/users\/4"}],"replies":[{"embeddable":true,"href":"https:\/\/www.deli-home.com\/de\/wp-json\/wp\/v2\/comments?post=23"}],"version-history":[{"count":99,"href":"https:\/\/www.deli-home.com\/de\/wp-json\/wp\/v2\/pages\/23\/revisions"}],"predecessor-version":[{"id":7676,"href":"https:\/\/www.deli-home.com\/de\/wp-json\/wp\/v2\/pages\/23\/revisions\/7676"}],"wp:attachment":[{"href":"https:\/\/www.deli-home.com\/de\/wp-json\/wp\/v2\/media?parent=23"}],"curies":[{"name":"wp","href":"https:\/\/api.w.org\/{rel}","templated":true}]}}