{"id":28,"date":"2023-07-18T10:21:00","date_gmt":"2023-07-18T10:21:00","guid":{"rendered":"https:\/\/www.deli-home.com\/?page_id=28"},"modified":"2024-12-17T12:57:15","modified_gmt":"2024-12-17T12:57:15","slug":"brands","status":"publish","type":"page","link":"https:\/\/www.deli-home.com\/de\/marken\/","title":{"rendered":"Marken"},"content":{"rendered":"<div class=\"wp-block-cover alignfull has-parallax\" style=\"min-height:700px;aspect-ratio:unset;\"><span aria-hidden=\"true\" class=\"wp-block-cover__background has-background-dim-100 has-background-dim wp-block-cover__gradient-background has-background-gradient\" style=\"background:linear-gradient(90deg,rgba(2,19,45,0.8) 0%,rgba(2,19,45,0.5) 37%,rgba(2,19,45,0) 98%)\"><\/span><div role=\"img\" class=\"wp-block-cover__image-background wp-image-4224 has-parallax\" style=\"background-position:50% 50%;background-image:url(https:\/\/www.deli-home.com\/wp-content\/uploads\/2023\/09\/medium-JPG-Lundia_inloopkast-int-wit-liggend.jpg)\"><\/div><div class=\"wp-block-cover__inner-container is-layout-flow wp-block-cover-is-layout-flow\">\n<div class=\"wp-block-group\"><div class=\"wp-block-group__inner-container is-layout-constrained wp-block-group-is-layout-constrained\">\n<div class=\"wp-block-columns is-layout-flex wp-container-core-columns-is-layout-1 wp-block-columns-is-layout-flex\">\n<div class=\"wp-block-column is-layout-flow wp-block-column-is-layout-flow\" style=\"flex-basis:65%\">\n<h1 class=\"wp-block-heading has-white-color has-text-color\">Unsere Marken<\/h1>\n\n\n\n<p class=\"has-text-align-left has-white-color has-text-color has-medium-font-size\">Deli Home hat starke Marken unter seinem Dach vereint und wird von Baum\u00e4rkten, Einrichtungsh\u00e4usern, Baufachleuten und (unabh\u00e4ngigen) Bauunternehmern angeboten.<\/p>\n<\/div>\n<\/div>\n<\/div><\/div>\n<\/div><\/div>\n\n\n\n<section class=\"wp-block-group\"><div class=\"wp-block-group__inner-container is-layout-constrained wp-block-group-is-layout-constrained\">\n<div class=\"wp-block-columns is-layout-flex wp-container-core-columns-is-layout-2 wp-block-columns-is-layout-flex\">\n<div class=\"wp-block-column is-layout-flow wp-block-column-is-layout-flow\" style=\"flex-basis:25%\"><\/div>\n\n\n\n<div class=\"wp-block-column is-layout-flow wp-block-column-is-layout-flow\" style=\"flex-basis:65%\">\n<p class=\"has-text-align-center has-text-color has-medium-font-size\" style=\"color:#2bb3eb\"><strong><strong><strong>ERFAHREN SIE MEHR AUF<\/strong><\/strong><\/strong><\/p>\n\n\n\n<h2 class=\"wp-block-heading has-text-align-center\">Unsere bew\u00e4hrten Marken<\/h2>\n\n\n\n<p class=\"has-text-align-center\">Jede Marke wurde sorgf\u00e4ltig eingeplant und positioniert, um eine einheitliche Markenidentit\u00e4t zum Ausdruck zu bringen, mit der unsere Produkte die richtige Zielgruppe noch effektiver erreichen.<\/p>\n<\/div>\n\n\n\n<div class=\"wp-block-column is-layout-flow wp-block-column-is-layout-flow\" style=\"flex-basis:25%\"><\/div>\n<\/div>\n<\/div><\/section>\n\n\n        \n                <div id=\"_posts_grid-255-264\" class='oxy-easy-posts oxy-posts-grid' >\n                    <div class='oxy-posts'>\n                 <div class=\"oxy-post\">\n  \n\t\n\t <a class=\"oxy-post-image\" href=\"https:\/\/www.deli-home.com\/de\/brand\/cando\/\">\n      <div class=\"oxy-post-image-fixed-ratio\" style=\"background-image: url(https:\/\/www.deli-home.com\/wp-content\/uploads\/2023\/09\/medium-JPG-CanDo_Kunststof-vloer_Click-de-Luxe_Hongaarse-punt_Warm-eiken-1.jpg);\">\n      <\/div>\n\t\t \t\t \t<img decoding=\"async\" alt=\"\" src=\"https:\/\/www.deli-home.com\/wp-content\/uploads\/2023\/08\/merk-cando-wit.svg\" class=\"svg-logo\" srcset-disabled=\"\">\n\t\t \t<\/a>\n\t\n\t<a class=\"oxy-post-title\" href=\"https:\/\/www.deli-home.com\/de\/brand\/cando\/\">CanDo<\/a>\n\t\n\t<div class=\"oxy-post-content\">\n\t\t<p>CanDo ist die junge, lebendige und einzigartige Marke, die den Verbrauchern hilft, das Optimum beim Dekorieren und Versch\u00f6nern ihres Zuhauses herauszuholen.<\/p>\n\t\t\n\t<\/div>\n\t\n\t\n\t<div class=\"oxy-post-footer\">\n\n\t\t\t\t\t<div class=\"wp-block-button is-style-outline\">\n\t\t\t\t<a class=\"wp-block-button__link has-text-align-center wp-element-button\" target=\"_blank\" href=\"https:\/\/www.cando.eu\/\">Website besuchen<\/a>\n\t\t\t<\/div>\n\t\t\n\n\t\t<a href=\"https:\/\/www.deli-home.com\/de\/brand\/cando\/\" class=\"oxy-read-more\">More about CanDo<\/a>\n\n\n\t<\/div>\n\t\n\n<\/div> <div class=\"oxy-post\">\n  \n\t\n\t <a class=\"oxy-post-image\" href=\"https:\/\/www.deli-home.com\/de\/brand\/skantrae\/\">\n      <div class=\"oxy-post-image-fixed-ratio\" style=\"background-image: url(https:\/\/www.deli-home.com\/wp-content\/uploads\/2023\/09\/Skantrae_SlimSeries_set_4_SSL_4003_web.jpg);\">\n      <\/div>\n\t\t \t\t \t<img decoding=\"async\" alt=\"\" src=\"https:\/\/www.deli-home.com\/wp-content\/uploads\/2023\/08\/merk-skantrae-wit.svg\" class=\"svg-logo\" srcset-disabled=\"\">\n\t\t \t<\/a>\n\t\n\t<a class=\"oxy-post-title\" href=\"https:\/\/www.deli-home.com\/de\/brand\/skantrae\/\">Skantrae<\/a>\n\t\n\t<div class=\"oxy-post-content\">\n\t\t<p>Skantrae pr\u00e4sentiert unseren Kunden st\u00e4ndig innovative L\u00f6sungen auf interaktivem Weg.<\/p>\n\t\t\n\t<\/div>\n\t\n\t\n\t<div class=\"oxy-post-footer\">\n\n\t\t\t\t\t<div class=\"wp-block-button is-style-outline\">\n\t\t\t\t<a class=\"wp-block-button__link has-text-align-center wp-element-button\" target=\"_blank\" href=\"https:\/\/www.skantrae.nl\/\">Website besuchen<\/a>\n\t\t\t<\/div>\n\t\t\n\n\t\t<a href=\"https:\/\/www.deli-home.com\/de\/brand\/skantrae\/\" class=\"oxy-read-more\">More about Skantrae<\/a>\n\n\n\t<\/div>\n\t\n\n<\/div> <div class=\"oxy-post\">\n  \n\t\n\t <a class=\"oxy-post-image\" href=\"https:\/\/www.deli-home.com\/de\/brand\/weekamp\/\">\n      <div class=\"oxy-post-image-fixed-ratio\" style=\"background-image: url(https:\/\/www.deli-home.com\/wp-content\/uploads\/2023\/09\/Header-Weekamp.jpg);\">\n      <\/div>\n\t\t \t\t \t<img decoding=\"async\" alt=\"\" src=\"https:\/\/www.deli-home.com\/wp-content\/uploads\/2023\/08\/merk-weekamp-deuren-wit.svg\" class=\"svg-logo\" srcset-disabled=\"\">\n\t\t \t<\/a>\n\t\n\t<a class=\"oxy-post-title\" href=\"https:\/\/www.deli-home.com\/de\/brand\/weekamp\/\">Weekamp Deuren<\/a>\n\t\n\t<div class=\"oxy-post-content\">\n\t\t<p>Wir von Weekamp sind der freundliche und serviceorientierte Partner, an den Sie sich wenden k\u00f6nnen, wenn es um T\u00fcren geht. <\/p>\n\t\t\n\t<\/div>\n\t\n\t\n\t<div class=\"oxy-post-footer\">\n\n\t\t\t\t\t<div class=\"wp-block-button is-style-outline\">\n\t\t\t\t<a class=\"wp-block-button__link has-text-align-center wp-element-button\" target=\"_blank\" href=\"https:\/\/www.weekampdeuren.nl\/\">Website besuchen<\/a>\n\t\t\t<\/div>\n\t\t\n\n\t\t<a href=\"https:\/\/www.deli-home.com\/de\/brand\/weekamp\/\" class=\"oxy-read-more\">More about Weekamp Deuren<\/a>\n\n\n\t<\/div>\n\t\n\n<\/div> <div class=\"oxy-post\">\n  \n\t\n\t <a class=\"oxy-post-image\" href=\"https:\/\/www.deli-home.com\/de\/brand\/lundia\/\">\n      <div class=\"oxy-post-image-fixed-ratio\" style=\"background-image: url(https:\/\/www.deli-home.com\/wp-content\/uploads\/2023\/09\/lundia-1-scaled-1.jpg);\">\n      <\/div>\n\t\t \t\t \t<img decoding=\"async\" alt=\"\" src=\"https:\/\/www.deli-home.com\/wp-content\/uploads\/2023\/08\/merk-lundia-wit.svg\" class=\"svg-logo\" srcset-disabled=\"\">\n\t\t \t<\/a>\n\t\n\t<a class=\"oxy-post-title\" href=\"https:\/\/www.deli-home.com\/de\/brand\/lundia\/\">Lundia<\/a>\n\t\n\t<div class=\"oxy-post-content\">\n\t\t<p>Wir zeigen unseren Kunden, dass Sie mit Lundia die perfekte Grundlage f\u00fcr eine klare und nat\u00fcrliche Raumgestaltung schaffen. <\/p>\n\t\t\n\t<\/div>\n\t\n\t\n\t<div class=\"oxy-post-footer\">\n\n\t\t\t\t\t<div class=\"wp-block-button is-style-outline\">\n\t\t\t\t<a class=\"wp-block-button__link has-text-align-center wp-element-button\" target=\"_blank\" href=\"https:\/\/lundia.nl\/\">Website besuchen<\/a>\n\t\t\t<\/div>\n\t\t\n\n\t\t<a href=\"https:\/\/www.deli-home.com\/de\/brand\/lundia\/\" class=\"oxy-read-more\">More about Lundia<\/a>\n\n\n\t<\/div>\n\t\n\n<\/div> <div class=\"oxy-post\">\n  \n\t\n\t <a class=\"oxy-post-image\" href=\"https:\/\/www.deli-home.com\/de\/brand\/allure\/\">\n      <div class=\"oxy-post-image-fixed-ratio\" style=\"background-image: url(https:\/\/www.deli-home.com\/wp-content\/uploads\/2024\/06\/DSC_6802-scaled.jpg);\">\n      <\/div>\n\t\t \t\t \t<img decoding=\"async\" alt=\"\" src=\"https:\/\/www.deli-home.com\/wp-content\/uploads\/2023\/10\/allure-wit.svg\" class=\"svg-logo\" srcset-disabled=\"\">\n\t\t \t<\/a>\n\t\n\t<a class=\"oxy-post-title\" href=\"https:\/\/www.deli-home.com\/de\/brand\/allure\/\">Allure<\/a>\n\t\n\t<div class=\"oxy-post-content\">\n\t\t<p>othing beats the convenience and appearance of Allure custom cabinets. A narrow landing, sloping roof or small room suddenly become no problem thanks to Allure cabinets.<\/p>\n\t\t\n\t<\/div>\n\t\n\t\n\t<div class=\"oxy-post-footer\">\n\n\t\t\t\t\t<div class=\"wp-block-button is-style-outline\">\n\t\t\t\t<a class=\"wp-block-button__link has-text-align-center wp-element-button\" target=\"_blank\" href=\"https:\/\/www.allurekasten.nl\/\">Website besuchen<\/a>\n\t\t\t<\/div>\n\t\t\n\n\t\t<a href=\"https:\/\/www.deli-home.com\/de\/brand\/allure\/\" class=\"oxy-read-more\">More about Allure<\/a>\n\n\n\t<\/div>\n\t\n\n<\/div> <div class=\"oxy-post\">\n  \n\t\n\t <a class=\"oxy-post-image\" href=\"https:\/\/www.deli-home.com\/de\/brand\/bruynzeel\/\">\n      <div class=\"oxy-post-image-fixed-ratio\" style=\"background-image: url(https:\/\/www.deli-home.com\/wp-content\/uploads\/2023\/09\/large-Bruynzeel-Key-Visual-Vloer-close-scaled-1.jpg);\">\n      <\/div>\n\t\t \t\t \t<img decoding=\"async\" alt=\"\" src=\"https:\/\/www.deli-home.com\/wp-content\/uploads\/2023\/08\/merk-bruynzeel-wit.svg\" class=\"svg-logo\" srcset-disabled=\"\">\n\t\t \t<\/a>\n\t\n\t<a class=\"oxy-post-title\" href=\"https:\/\/www.deli-home.com\/de\/brand\/bruynzeel\/\">Bruynzeel Home Products<\/a>\n\t\n\t<div class=\"oxy-post-content\">\n\t\t<p>Bruynzeel ist die verantwortungsbewusste und praktische Qualit\u00e4tsmarke, die sich bewusst ist, dass ein Zuhause vor allem komfortabel sein sollte und dass die von uns angebotenen Produkte ohne Einschr\u00e4nkungen dazu beitragen m\u00fcssen.<\/p>\n\t\t\n\t<\/div>\n\t\n\t\n\t<div class=\"oxy-post-footer\">\n\n\t\t\t\t\t<div class=\"wp-block-button is-style-outline\">\n\t\t\t\t<a class=\"wp-block-button__link has-text-align-center wp-element-button\" target=\"_blank\" href=\"https:\/\/bruynzeelhomeproducts.nl\/\">Website besuchen<\/a>\n\t\t\t<\/div>\n\t\t\n\n\t\t<a href=\"https:\/\/www.deli-home.com\/de\/brand\/bruynzeel\/\" class=\"oxy-read-more\">More about Bruynzeel Home Products<\/a>\n\n\n\t<\/div>\n\t\n\n<\/div> <div class=\"oxy-post\">\n  \n\t\n\t <a class=\"oxy-post-image\" href=\"https:\/\/www.deli-home.com\/de\/brand\/raffito\/\">\n      <div class=\"oxy-post-image-fixed-ratio\" style=\"background-image: url(https:\/\/www.deli-home.com\/wp-content\/uploads\/2023\/08\/deuren.jpg);\">\n      <\/div>\n\t\t \t\t \t<img decoding=\"async\" alt=\"\" src=\"https:\/\/www.deli-home.com\/wp-content\/uploads\/2023\/08\/merk-raffito.svg\" class=\"svg-logo\" srcset-disabled=\"\">\n\t\t \t<\/a>\n\t\n\t<a class=\"oxy-post-title\" href=\"https:\/\/www.deli-home.com\/de\/brand\/raffito\/\">Raffito<\/a>\n\t\n\t<div class=\"oxy-post-content\">\n\t\t<p>Ma\u00dfgefertigte Schr\u00e4nke mit nachhaltigen Materialien bei Raffito. Alles ist vollst\u00e4ndig ma\u00dfgefertigt, so dass Ihr Platz optimal genutzt wird. Lassen Sie sich inspirieren! <\/p>\n\t\t\n\t<\/div>\n\t\n\t\n\t<div class=\"oxy-post-footer\">\n\n\t\t\t\t\t<div class=\"wp-block-button is-style-outline\">\n\t\t\t\t<a class=\"wp-block-button__link has-text-align-center wp-element-button\" target=\"_blank\" href=\"https:\/\/www.raffito.com\/\">Website besuchen<\/a>\n\t\t\t<\/div>\n\t\t\n\n\t\t<a href=\"https:\/\/www.deli-home.com\/de\/brand\/raffito\/\" class=\"oxy-read-more\">More about Raffito<\/a>\n\n\n\t<\/div>\n\t\n\n<\/div>            <\/div>\n                        <div class='oxy-easy-posts-pages'>\n                            <\/div>\n                            <\/div>\n                \n\n\n<div class=\"wp-block-columns is-layout-flex wp-container-core-columns-is-layout-3 wp-block-columns-is-layout-flex\">\n<div class=\"wp-block-column is-layout-flow wp-block-column-is-layout-flow\" style=\"flex-basis:25%\"><\/div>\n\n\n\n<div class=\"wp-block-column is-layout-flow wp-block-column-is-layout-flow\" style=\"flex-basis:65%\">\n<p class=\"has-text-align-center has-text-color has-medium-font-size\" style=\"color:#2bb3eb\">WEITERE MARKEN<\/p>\n\n\n\n<h2 class=\"wp-block-heading has-text-align-center\">Weitere Marken entdecken<\/h2>\n\n\n\n<p class=\"has-text-align-center\">Zus\u00e4tzlich zu unseren Top-Marken bietet Deli Home auch Produkte verschiedener anderer bekannter Marken an.<\/p>\n\n\n\n<div class=\"wp-block-group is-content-justification-space-between is-layout-flex wp-container-core-group-is-layout-3 wp-block-group-is-layout-flex\">\n<figure class=\"wp-block-image size-large is-resized\"><a href=\"https:\/\/hamstrahorren.nl\/\" target=\"_blank\" rel=\"noopener\"><img decoding=\"async\" src=\"https:\/\/www.deli-home.com\/wp-content\/uploads\/2023\/08\/hamstra.svg\" alt=\"\" class=\"wp-image-287\" style=\"height:70px\" height=\"70\"\/><\/a><\/figure>\n\n\n\n<figure class=\"wp-block-image size-large is-resized\"><a href=\"https:\/\/www.storemax.eu\/nl\/\" target=\"_blank\" rel=\"noopener\"><img decoding=\"async\" src=\"https:\/\/www.deli-home.com\/wp-content\/uploads\/2023\/08\/merk-storemax.svg\" alt=\"\" class=\"wp-image-315\" style=\"height:45px\" height=\"45\"\/><\/a><\/figure>\n\n\n\n<figure class=\"wp-block-image size-large is-resized\"><a href=\"https:\/\/www.flexscreen.eu\/\" target=\"_blank\" rel=\"noopener\"><img loading=\"lazy\" decoding=\"async\" src=\"https:\/\/www.deli-home.com\/wp-content\/uploads\/2024\/01\/FlexScreen-Full-Logo-Black-1024x258.png\" alt=\"\" class=\"wp-image-5618\" style=\"object-fit:contain;width:250px;height:100px\" width=\"250\" height=\"100\"\/><\/a><\/figure>\n<\/div>\n\n\n\n<div class=\"wp-block-group is-content-justification-space-between is-layout-flex wp-container-core-group-is-layout-4 wp-block-group-is-layout-flex\">\n<figure class=\"wp-block-image size-large is-resized wp-duotone-rgb000-rgb000-1\"><a href=\"https:\/\/stijlfurniture.com\/\" target=\"_blank\" rel=\"noopener\"><img decoding=\"async\" src=\"https:\/\/www.deli-home.com\/wp-content\/uploads\/2023\/08\/stijl.svg\" alt=\"\" class=\"wp-image-285\" style=\"height:60px\" height=\"60\"\/><\/a><\/figure>\n\n\n\n<figure class=\"wp-block-image size-large is-resized\"><a href=\"https:\/\/www.agnes.nl\/\" target=\"_blank\" rel=\"noopener\"><img decoding=\"async\" src=\"https:\/\/www.deli-home.com\/wp-content\/uploads\/2023\/08\/merk-agnes.svg\" alt=\"\" class=\"wp-image-286\" style=\"height:50px\" height=\"50\"\/><\/a><\/figure>\n\n\n\n<figure class=\"wp-block-image size-large is-resized\"><a href=\"https:\/\/www.deurtotaalmarkt.nl\/\" target=\"_blank\" rel=\"noopener\"><img decoding=\"async\" src=\"https:\/\/www.deli-home.com\/wp-content\/uploads\/2023\/08\/deurtotaalmarkt.svg\" alt=\"\" class=\"wp-image-283\" style=\"height:38px\" height=\"38\"\/><\/a><\/figure>\n<\/div>\n<\/div>\n\n\n\n<div class=\"wp-block-column is-layout-flow wp-block-column-is-layout-flow\" style=\"flex-basis:25%\"><\/div>\n<\/div>\n\n\n\n<div style=\"height:100px\" aria-hidden=\"true\" class=\"wp-block-spacer\"><\/div>","protected":false},"excerpt":{"rendered":"<p>LEARN MORE ON Our established brands Every brand has been carefully designed and positioned to express a uniform identity so that our products reach the right target group even more effectively. MORE BRANDS Discover more brands In addition to our power-brands, Deli Home also has products by various established labels.<\/p>","protected":false},"author":4,"featured_media":0,"parent":0,"menu_order":30,"comment_status":"closed","ping_status":"closed","template":"","meta":{"_acf_changed":false,"inline_featured_image":false,"footnotes":""},"class_list":["post-28","page","type-page","status-publish","hentry"],"acf":[],"yoast_head":"<!-- This site is optimized with the Yoast SEO plugin v26.4 - https:\/\/yoast.com\/wordpress\/plugins\/seo\/ -->\n<title>Our brands - Deli Home<\/title>\n<meta name=\"description\" content=\"Deli Home has various well-known brands under its roof, including CanDo, Bruynzeel, Lundia, Skantrae, and Weekamp.\" \/>\n<meta name=\"robots\" content=\"index, follow, max-snippet:-1, max-image-preview:large, max-video-preview:-1\" \/>\n<link rel=\"canonical\" href=\"https:\/\/www.deli-home.com\/de\/wp-json\/wp\/v2\/pages\/28\/\" \/>\n<meta property=\"og:locale\" content=\"de_DE\" \/>\n<meta property=\"og:type\" content=\"article\" \/>\n<meta property=\"og:title\" content=\"Our brands - Deli Home\" \/>\n<meta property=\"og:description\" content=\"Deli Home has various well-known brands under its roof, including CanDo, Bruynzeel, Lundia, Skantrae, and Weekamp.\" \/>\n<meta property=\"og:url\" content=\"https:\/\/www.deli-home.com\/de\/wp-json\/wp\/v2\/pages\/28\/\" \/>\n<meta property=\"og:site_name\" content=\"Deli Home\" \/>\n<meta property=\"article:modified_time\" content=\"2024-12-17T12:57:15+00:00\" \/>\n<meta property=\"og:image\" content=\"https:\/\/www.deli-home.com\/wp-content\/uploads\/2023\/08\/hamstra.svg\" \/>\n<script type=\"application\/ld+json\" class=\"yoast-schema-graph\">{\"@context\":\"https:\/\/schema.org\",\"@graph\":[{\"@type\":\"WebPage\",\"@id\":\"https:\/\/www.dopce.eu\/de\/marken\/\",\"url\":\"https:\/\/www.dopce.eu\/de\/marken\/\",\"name\":\"Our brands - Deli Home\",\"isPartOf\":{\"@id\":\"https:\/\/www.jewe.eu\/de\/#website\"},\"primaryImageOfPage\":{\"@id\":\"https:\/\/www.dopce.eu\/de\/marken\/#primaryimage\"},\"image\":{\"@id\":\"https:\/\/www.dopce.eu\/de\/marken\/#primaryimage\"},\"thumbnailUrl\":\"https:\/\/www.deli-home.com\/wp-content\/uploads\/2023\/08\/hamstra.svg\",\"datePublished\":\"2023-07-18T10:21:00+00:00\",\"dateModified\":\"2024-12-17T12:57:15+00:00\",\"description\":\"Deli Home has various well-known brands under its roof, including CanDo, Bruynzeel, Lundia, Skantrae, and Weekamp.\",\"breadcrumb\":{\"@id\":\"https:\/\/www.dopce.eu\/de\/marken\/#breadcrumb\"},\"inLanguage\":\"de\",\"potentialAction\":[{\"@type\":\"ReadAction\",\"target\":[\"https:\/\/www.dopce.eu\/de\/marken\/\"]}]},{\"@type\":\"ImageObject\",\"inLanguage\":\"de\",\"@id\":\"https:\/\/www.dopce.eu\/de\/marken\/#primaryimage\",\"url\":\"https:\/\/www.deli-home.com\/wp-content\/uploads\/2023\/08\/hamstra.svg\",\"contentUrl\":\"https:\/\/www.deli-home.com\/wp-content\/uploads\/2023\/08\/hamstra.svg\"},{\"@type\":\"BreadcrumbList\",\"@id\":\"https:\/\/www.dopce.eu\/de\/marken\/#breadcrumb\",\"itemListElement\":[{\"@type\":\"ListItem\",\"position\":1,\"name\":\"Home\",\"item\":\"https:\/\/www.jewe.eu\/de\/\"},{\"@type\":\"ListItem\",\"position\":2,\"name\":\"Brands\"}]},{\"@type\":\"WebSite\",\"@id\":\"https:\/\/www.jewe.eu\/de\/#website\",\"url\":\"https:\/\/www.jewe.eu\/de\/\",\"name\":\"Deli Home\",\"description\":\"\",\"publisher\":{\"@id\":\"https:\/\/www.jewe.eu\/de\/#organization\"},\"potentialAction\":[{\"@type\":\"SearchAction\",\"target\":{\"@type\":\"EntryPoint\",\"urlTemplate\":\"https:\/\/www.jewe.eu\/de\/?s={search_term_string}\"},\"query-input\":{\"@type\":\"PropertyValueSpecification\",\"valueRequired\":true,\"valueName\":\"search_term_string\"}}],\"inLanguage\":\"de\"},{\"@type\":\"Organization\",\"@id\":\"https:\/\/www.jewe.eu\/de\/#organization\",\"name\":\"Deli Home\",\"url\":\"https:\/\/www.jewe.eu\/de\/\",\"logo\":{\"@type\":\"ImageObject\",\"inLanguage\":\"de\",\"@id\":\"https:\/\/www.jewe.eu\/de\/#\/schema\/logo\/image\/\",\"url\":\"https:\/\/www.deli-home.com\/wp-content\/uploads\/2023\/09\/favicon.png\",\"contentUrl\":\"https:\/\/www.deli-home.com\/wp-content\/uploads\/2023\/09\/favicon.png\",\"width\":500,\"height\":500,\"caption\":\"Deli Home\"},\"image\":{\"@id\":\"https:\/\/www.jewe.eu\/de\/#\/schema\/logo\/image\/\"},\"sameAs\":[\"https:\/\/www.linkedin.com\/company\/deli-home\/\"]}]}<\/script>\n<!-- \/ Yoast SEO plugin. -->","yoast_head_json":{"title":"Our brands - Deli Home","description":"Deli Home has various well-known brands under its roof, including CanDo, Bruynzeel, Lundia, Skantrae, and Weekamp.","robots":{"index":"index","follow":"follow","max-snippet":"max-snippet:-1","max-image-preview":"max-image-preview:large","max-video-preview":"max-video-preview:-1"},"canonical":"https:\/\/www.deli-home.com\/de\/wp-json\/wp\/v2\/pages\/28\/","og_locale":"de_DE","og_type":"article","og_title":"Our brands - Deli Home","og_description":"Deli Home has various well-known brands under its roof, including CanDo, Bruynzeel, Lundia, Skantrae, and Weekamp.","og_url":"https:\/\/www.deli-home.com\/de\/wp-json\/wp\/v2\/pages\/28\/","og_site_name":"Deli Home","article_modified_time":"2024-12-17T12:57:15+00:00","og_image":[{"url":"https:\/\/www.deli-home.com\/wp-content\/uploads\/2023\/08\/hamstra.svg","type":"","width":"","height":""}],"schema":{"@context":"https:\/\/schema.org","@graph":[{"@type":"WebPage","@id":"https:\/\/www.dopce.eu\/de\/marken\/","url":"https:\/\/www.dopce.eu\/de\/marken\/","name":"Our brands - Deli Home","isPartOf":{"@id":"https:\/\/www.jewe.eu\/de\/#website"},"primaryImageOfPage":{"@id":"https:\/\/www.dopce.eu\/de\/marken\/#primaryimage"},"image":{"@id":"https:\/\/www.dopce.eu\/de\/marken\/#primaryimage"},"thumbnailUrl":"https:\/\/www.deli-home.com\/wp-content\/uploads\/2023\/08\/hamstra.svg","datePublished":"2023-07-18T10:21:00+00:00","dateModified":"2024-12-17T12:57:15+00:00","description":"Deli Home has various well-known brands under its roof, including CanDo, Bruynzeel, Lundia, Skantrae, and Weekamp.","breadcrumb":{"@id":"https:\/\/www.dopce.eu\/de\/marken\/#breadcrumb"},"inLanguage":"de","potentialAction":[{"@type":"ReadAction","target":["https:\/\/www.dopce.eu\/de\/marken\/"]}]},{"@type":"ImageObject","inLanguage":"de","@id":"https:\/\/www.dopce.eu\/de\/marken\/#primaryimage","url":"https:\/\/www.deli-home.com\/wp-content\/uploads\/2023\/08\/hamstra.svg","contentUrl":"https:\/\/www.deli-home.com\/wp-content\/uploads\/2023\/08\/hamstra.svg"},{"@type":"BreadcrumbList","@id":"https:\/\/www.dopce.eu\/de\/marken\/#breadcrumb","itemListElement":[{"@type":"ListItem","position":1,"name":"Home","item":"https:\/\/www.jewe.eu\/de\/"},{"@type":"ListItem","position":2,"name":"Brands"}]},{"@type":"WebSite","@id":"https:\/\/www.jewe.eu\/de\/#website","url":"https:\/\/www.jewe.eu\/de\/","name":"Deli Home","description":"","publisher":{"@id":"https:\/\/www.jewe.eu\/de\/#organization"},"potentialAction":[{"@type":"SearchAction","target":{"@type":"EntryPoint","urlTemplate":"https:\/\/www.jewe.eu\/de\/?s={search_term_string}"},"query-input":{"@type":"PropertyValueSpecification","valueRequired":true,"valueName":"search_term_string"}}],"inLanguage":"de"},{"@type":"Organization","@id":"https:\/\/www.jewe.eu\/de\/#organization","name":"Deli Home","url":"https:\/\/www.jewe.eu\/de\/","logo":{"@type":"ImageObject","inLanguage":"de","@id":"https:\/\/www.jewe.eu\/de\/#\/schema\/logo\/image\/","url":"https:\/\/www.deli-home.com\/wp-content\/uploads\/2023\/09\/favicon.png","contentUrl":"https:\/\/www.deli-home.com\/wp-content\/uploads\/2023\/09\/favicon.png","width":500,"height":500,"caption":"Deli Home"},"image":{"@id":"https:\/\/www.jewe.eu\/de\/#\/schema\/logo\/image\/"},"sameAs":["https:\/\/www.linkedin.com\/company\/deli-home\/"]}]}},"_links":{"self":[{"href":"https:\/\/www.deli-home.com\/de\/wp-json\/wp\/v2\/pages\/28","targetHints":{"allow":["GET"]}}],"collection":[{"href":"https:\/\/www.deli-home.com\/de\/wp-json\/wp\/v2\/pages"}],"about":[{"href":"https:\/\/www.deli-home.com\/de\/wp-json\/wp\/v2\/types\/page"}],"author":[{"embeddable":true,"href":"https:\/\/www.deli-home.com\/de\/wp-json\/wp\/v2\/users\/4"}],"replies":[{"embeddable":true,"href":"https:\/\/www.deli-home.com\/de\/wp-json\/wp\/v2\/comments?post=28"}],"version-history":[{"count":86,"href":"https:\/\/www.deli-home.com\/de\/wp-json\/wp\/v2\/pages\/28\/revisions"}],"predecessor-version":[{"id":6638,"href":"https:\/\/www.deli-home.com\/de\/wp-json\/wp\/v2\/pages\/28\/revisions\/6638"}],"wp:attachment":[{"href":"https:\/\/www.deli-home.com\/de\/wp-json\/wp\/v2\/media?parent=28"}],"curies":[{"name":"wp","href":"https:\/\/api.w.org\/{rel}","templated":true}]}}