{"id":30,"date":"2023-07-18T10:21:21","date_gmt":"2023-07-18T10:21:21","guid":{"rendered":"https:\/\/www.deli-home.com\/?page_id=30"},"modified":"2026-04-03T08:27:27","modified_gmt":"2026-04-03T08:27:27","slug":"sustainability","status":"publish","type":"page","link":"https:\/\/www.deli-home.com\/de\/planet-gesellschaft\/","title":{"rendered":"Nachhaltigkeit"},"content":{"rendered":"<div class=\"wp-block-cover alignfull has-parallax\" style=\"min-height:700px;aspect-ratio:unset;\"><span aria-hidden=\"true\" class=\"wp-block-cover__background has-background-dim-100 has-background-dim wp-block-cover__gradient-background has-background-gradient\" style=\"background:linear-gradient(90deg,rgba(2,19,45,0.8) 0%,rgba(2,19,45,0.5) 37%,rgba(2,19,45,0) 98%)\"><\/span><div class=\"wp-block-cover__image-background wp-image-576 has-parallax\" style=\"background-position:50% 50%;background-image:url(https:\/\/www.deli-home.com\/wp-content\/uploads\/2023\/08\/shutterstock_2052590120.jpg)\"><\/div><div class=\"wp-block-cover__inner-container is-layout-flow wp-block-cover-is-layout-flow\">\n<div class=\"wp-block-group\"><div class=\"wp-block-group__inner-container is-layout-constrained wp-block-group-is-layout-constrained\">\n<div class=\"wp-block-columns is-layout-flex wp-container-core-columns-is-layout-1 wp-block-columns-is-layout-flex\">\n<div class=\"wp-block-column is-layout-flow wp-block-column-is-layout-flow\" style=\"flex-basis:50%\">\n<h1 class=\"wp-block-heading has-white-color has-text-color\">Nachhaltigkeit<\/h1>\n\n\n\n<p class=\"has-text-align-left has-white-color has-text-color has-medium-font-size\">Gemeinsam in eine nachhaltige Zukunft<\/p>\n<\/div>\n\n\n\n<div class=\"wp-block-column is-layout-flow wp-block-column-is-layout-flow\" style=\"flex-basis:50%\"><\/div>\n<\/div>\n<\/div><\/div>\n<\/div><\/div>\n\n\n\n<section class=\"wp-block-group\"><div class=\"wp-block-group__inner-container is-layout-constrained wp-block-group-is-layout-constrained\">\n<div class=\"wp-block-columns is-layout-flex wp-container-core-columns-is-layout-2 wp-block-columns-is-layout-flex\">\n<div class=\"wp-block-column is-layout-flow wp-block-column-is-layout-flow\" style=\"flex-basis:25%\"><\/div>\n\n\n\n<div class=\"wp-block-column is-layout-flow wp-block-column-is-layout-flow\" style=\"flex-basis:65%\">\n<p class=\"has-text-align-center has-text-color has-medium-font-size\" style=\"color:#2bb3eb\"><strong>ERFAHREN SIE MEHR AUF<\/strong><\/p>\n\n\n\n<h2 class=\"wp-block-heading has-text-align-center\">Unsere Verantwortung f\u00fcr Umwelt, Gesellschaft und F\u00fchrung<\/h2>\n\n\n\n<p class=\"has-text-align-center\">Da wir ein gro\u00dfes, internationales Unternehmen sind, hat unser Handeln soziale Wirkung. Deshalb reflektieren wir an allen unseren Standorten, wie sich unsere Prozesse auswirken, denn Nachhaltigkeit ist stets verbesserbar. Unser ESG-Bericht enth\u00e4lt eine vollst\u00e4ndige Zusammenfassung unserer Verbesserungen und Ma\u00dfnahmen auf dem Gebiet der Nachhaltigkeit. Verfolgen Sie auch unsere Neuigkeiten-Seite, um \u00fcber unsere Projekte auf dem Laufenden zu bleiben.<\/p>\n\n\n\n<div class=\"wp-block-buttons is-content-justification-center is-layout-flex wp-container-core-buttons-is-layout-1 wp-block-buttons-is-layout-flex\">\n<div class=\"wp-block-button\"><a class=\"wp-block-button__link wp-element-button\" href=\"https:\/\/www.deli-home.com\/de\/esg-bericht\/\" target=\"_blank\" rel=\"noreferrer noopener\">Unser ESG-Bericht<\/a><\/div>\n\n\n\n<div class=\"wp-block-button is-style-outline is-style-outline--1\"><a class=\"wp-block-button__link wp-element-button\" href=\"https:\/\/www.deli-home.com\/de\/zertifizierung\/\">Unsere Zertifizierungen<\/a><\/div>\n<\/div>\n<\/div>\n\n\n\n<div class=\"wp-block-column is-layout-flow wp-block-column-is-layout-flow\" style=\"flex-basis:25%\"><\/div>\n<\/div>\n<\/div><\/section>\n\n\n\n<div class=\"wp-block-group\"><div class=\"wp-block-group__inner-container is-layout-constrained wp-block-group-is-layout-constrained\">\n<div class=\"wp-block-media-text alignwide is-stacked-on-mobile\"><figure class=\"wp-block-media-text__media\"><img loading=\"lazy\" decoding=\"async\" width=\"1024\" height=\"683\" src=\"https:\/\/www.deli-home.com\/wp-content\/uploads\/2023\/08\/kazuend-19SC2oaVZW0-unsplash-1024x683.jpg\" alt=\"\" class=\"wp-image-552 size-full\" srcset=\"https:\/\/www.deli-home.com\/wp-content\/uploads\/2023\/08\/kazuend-19SC2oaVZW0-unsplash-1024x683.jpg 1024w, https:\/\/www.deli-home.com\/wp-content\/uploads\/2023\/08\/kazuend-19SC2oaVZW0-unsplash-300x200.jpg 300w, https:\/\/www.deli-home.com\/wp-content\/uploads\/2023\/08\/kazuend-19SC2oaVZW0-unsplash-768x512.jpg 768w, https:\/\/www.deli-home.com\/wp-content\/uploads\/2023\/08\/kazuend-19SC2oaVZW0-unsplash-1536x1024.jpg 1536w, https:\/\/www.deli-home.com\/wp-content\/uploads\/2023\/08\/kazuend-19SC2oaVZW0-unsplash-2048x1365.jpg 2048w, https:\/\/www.deli-home.com\/wp-content\/uploads\/2023\/08\/kazuend-19SC2oaVZW0-unsplash-scaled.jpg 2560w\" sizes=\"auto, (max-width: 1024px) 100vw, 1024px\" \/><\/figure><div class=\"wp-block-media-text__content\">\n<p class=\"has-text-color\" style=\"color:#2bb3eb\"><strong><strong>DIE GLOBALE WIRKUNG UNSERES HANDELNS BEWERTEN UND VERBESSERN<\/strong><\/strong><\/p>\n\n\n\n<h2 class=\"wp-block-heading\">Unser weltweites Umweltversprechen<\/h2>\n\n\n\n<p>Als gro\u00dfes, internationales Unternehmen wissen wir, dass jede unserer Ma\u00dfnahmen Auswirkungen hat. Wir nehmen diese Verantwortung ernst und bewerten kontinuierlich die Umweltauswirkungen unserer Prozesse an unseren internationalen Standorten. Unser Engagement f\u00fcr Nachhaltigkeit treibt unser Engagement bei der kontinuierlichen Weiterentwicklung unserer Praktiken voran.<\/p>\n<\/div><\/div>\n<\/div><\/div>\n\n\n\n<div class=\"wp-block-group\"><div class=\"wp-block-group__inner-container is-layout-constrained wp-block-group-is-layout-constrained\">\n<div class=\"wp-block-media-text alignwide has-media-on-the-right is-stacked-on-mobile\"><div class=\"wp-block-media-text__content\">\n<p class=\"has-text-color\" style=\"color:#2bb3eb\"><strong><strong>SOZIALE LEITLINIEN<\/strong><\/strong><\/p>\n\n\n\n<h2 class=\"wp-block-heading\">Bekenntnis zur gesellschaftlichen Verantwortung<\/h2>\n\n\n\n<p>Uns geht es um weit mehr als um unsere Produkte \u2013 wir k\u00fcmmern uns um das Leben der Menschen. Wir nehmen unsere gesellschaftliche Verantwortung ernst und pr\u00fcfen st\u00e4ndig, wie sich unser Handeln auf die Welt auswirkt. Wir setzen uns f\u00fcr die Gesellschaften, zu denen wir geh\u00f6ren, ein und k\u00e4mpfen unerm\u00fcdlich f\u00fcr einen positiven sozialen Wandel.<\/p>\n<\/div><figure class=\"wp-block-media-text__media\"><img loading=\"lazy\" decoding=\"async\" width=\"1024\" height=\"683\" src=\"https:\/\/www.deli-home.com\/wp-content\/uploads\/2023\/09\/shutterstock_389052964-1024x683.jpg\" alt=\"\" class=\"wp-image-1680 size-full\" srcset=\"https:\/\/www.deli-home.com\/wp-content\/uploads\/2023\/09\/shutterstock_389052964-1024x683.jpg 1024w, https:\/\/www.deli-home.com\/wp-content\/uploads\/2023\/09\/shutterstock_389052964-300x200.jpg 300w, https:\/\/www.deli-home.com\/wp-content\/uploads\/2023\/09\/shutterstock_389052964-768x512.jpg 768w, https:\/\/www.deli-home.com\/wp-content\/uploads\/2023\/09\/shutterstock_389052964-1536x1024.jpg 1536w, https:\/\/www.deli-home.com\/wp-content\/uploads\/2023\/09\/shutterstock_389052964-2048x1365.jpg 2048w, https:\/\/www.deli-home.com\/wp-content\/uploads\/2023\/09\/shutterstock_389052964-18x12.jpg 18w, https:\/\/www.deli-home.com\/wp-content\/uploads\/2023\/09\/shutterstock_389052964-scaled.jpg 2560w\" sizes=\"auto, (max-width: 1024px) 100vw, 1024px\" \/><\/figure><\/div>\n<\/div><\/div>\n\n\n\n<div class=\"wp-block-group\"><div class=\"wp-block-group__inner-container is-layout-constrained wp-block-group-is-layout-constrained\">\n<div class=\"wp-block-group\"><div class=\"wp-block-group__inner-container is-layout-constrained wp-block-group-is-layout-constrained\">\n<div class=\"wp-block-media-text alignwide is-stacked-on-mobile\"><figure class=\"wp-block-media-text__media\"><img loading=\"lazy\" decoding=\"async\" width=\"1024\" height=\"682\" src=\"https:\/\/www.deli-home.com\/wp-content\/uploads\/2024\/07\/governance-1024x682.jpg\" alt=\"\" class=\"wp-image-6367 size-full\" srcset=\"https:\/\/www.deli-home.com\/wp-content\/uploads\/2024\/07\/governance-1024x682.jpg 1024w, https:\/\/www.deli-home.com\/wp-content\/uploads\/2024\/07\/governance-300x200.jpg 300w, https:\/\/www.deli-home.com\/wp-content\/uploads\/2024\/07\/governance-768x512.jpg 768w, https:\/\/www.deli-home.com\/wp-content\/uploads\/2024\/07\/governance-1536x1023.jpg 1536w, https:\/\/www.deli-home.com\/wp-content\/uploads\/2024\/07\/governance-2048x1364.jpg 2048w, https:\/\/www.deli-home.com\/wp-content\/uploads\/2024\/07\/governance-18x12.jpg 18w, https:\/\/www.deli-home.com\/wp-content\/uploads\/2024\/07\/governance-scaled.jpg 2560w\" sizes=\"auto, (max-width: 1024px) 100vw, 1024px\" \/><\/figure><div class=\"wp-block-media-text__content\">\n<p class=\"has-text-color\" style=\"color:#2bb3eb\"><strong><strong>UNTERNEHMENSF\u00dcHRUNG<\/strong><\/strong><\/p>\n\n\n\n<h2 class=\"wp-block-heading\">Den Fortschritt mit Verankerung in der Ethik leiten<\/h2>\n\n\n\n<p>Unser Engagement geht \u00fcber Produkte hinaus; es erstreckt sich auf das Leben der Menschen. Wir sind uns unserer gesellschaftlichen Verantwortung bewusst und pr\u00fcfen sorgf\u00e4ltig, wie sich unser Handeln auf die Welt auswirkt. Von der F\u00f6rderung inklusiver Arbeitspl\u00e4tze bis hin zur Unterst\u00fctzung lokaler Gemeinschaften ist unser Streben nach positiven sozialen Auswirkungen unerm\u00fcdlich.\u200b<\/p>\n<\/div><\/div>\n<\/div><\/div>\n<\/div><\/div>\n\n\n\n<div class=\"wp-block-group alignfull has-background\" style=\"background:linear-gradient(160deg,rgba(18,112,166,0.09) 0%,rgba(255,255,255,0) 99%)\"><div class=\"wp-block-group__inner-container is-layout-constrained wp-block-group-is-layout-constrained\">\n<div class=\"wp-block-group\"><div class=\"wp-block-group__inner-container is-layout-constrained wp-block-group-is-layout-constrained\">\n<p class=\"has-text-align-center\">Lesen Sie in unserem ausf\u00fchrlichen ESG-Jahresbericht mehr \u00fcber unsere Reise und bleiben Sie mit unserer News-Seite \u00fcber unsere aktuellen Projekte auf dem Laufenden.<\/p>\n\n\n\n<div class=\"wp-block-buttons is-content-justification-center is-layout-flex wp-container-core-buttons-is-layout-2 wp-block-buttons-is-layout-flex\">\n<div class=\"wp-block-button\"><a class=\"wp-block-button__link wp-element-button\" href=\"https:\/\/www.deli-home.com\/de\/esg-bericht\/\" target=\"_blank\" rel=\"noreferrer noopener\">J\u00e4hrlicher ESG-Bericht<\/a><\/div>\n\n\n\n<div class=\"wp-block-button is-style-outline is-style-outline--2\"><a class=\"wp-block-button__link wp-element-button\" href=\"https:\/\/www.deli-home.com\/de\/nachrichten\/\">Lesen Sie unsere Nachrichten<\/a><\/div>\n<\/div>\n<\/div><\/div>\n<\/div><\/div>\n\n\n\n<div class=\"wp-block-group\"><div class=\"wp-block-group__inner-container is-layout-constrained wp-block-group-is-layout-constrained\">\n<div class=\"wp-block-columns is-layout-flex wp-container-core-columns-is-layout-3 wp-block-columns-is-layout-flex\">\n<div class=\"wp-block-column is-layout-flow wp-block-column-is-layout-flow\">\n<figure class=\"wp-block-embed is-type-video is-provider-youtube wp-block-embed-youtube wp-embed-aspect-16-9 wp-has-aspect-ratio\"><div class=\"wp-block-embed__wrapper\">\n<iframe loading=\"lazy\" title=\"Why the FSC label matters for forests, people, and wildlife\" width=\"500\" height=\"281\" src=\"https:\/\/www.youtube.com\/embed\/kCme9OmdkuE?start=2&feature=oembed\" frameborder=\"0\" allow=\"accelerometer; autoplay; clipboard-write; encrypted-media; gyroscope; picture-in-picture; web-share\" referrerpolicy=\"strict-origin-when-cross-origin\" allowfullscreen><\/iframe>\n<\/div><\/figure>\n<\/div>\n\n\n\n<div class=\"wp-block-column is-layout-flow wp-block-column-is-layout-flow\">\n<p class=\"has-text-color\" style=\"color:#2bb3eb\"><strong>ZERTIFIZIERUNG<\/strong><\/p>\n\n\n\n<h2 class=\"wp-block-heading\">Nachhaltige Vorreiterrolle, zertifizierte Exzellenz<\/h2>\n\n\n\n<p>Nachhaltigkeit ist seit Jahren in unseren Prozessen verankert. Wir beziehen Holz ausschlie\u00dflich aus nachhaltig bewirtschafteten W\u00e4ldern und halten uns dabei an strenge Vorschriften. Unsere FSC\u00ae- und PEFC-Zertifizierungen, die wir an unsere vertrauensw\u00fcrdigen Lieferanten weitergeben, symbolisieren unser unersch\u00fctterliches Engagement f\u00fcr die Verwendung von zertifiziertem Holz. Selbst wenn wir 100 % Nutzung von zertifiziertem Holz erreichen, werden wir unser Engagement und unsere Bem\u00fchungen f\u00fcr eine nachhaltige Nutzung von Holz als Rohstoff fortsetzen.<\/p>\n<\/div>\n<\/div>\n<\/div><\/div>\n\n\n\n<div class=\"wp-block-group\"><div class=\"wp-block-group__inner-container is-layout-constrained wp-block-group-is-layout-constrained\">\n<p class=\"has-text-color\" style=\"color:#2bb3eb\"><strong>Pr\u00e4sentation unserer Reise<\/strong><\/p>\n\n\n\n<h2 class=\"wp-block-heading\">Pr\u00e4sentation unserer Reise<\/h2>\n\n\n\n<p class=\" translation-block\">Jedes Jahr berichten wir in unserem Jahresbericht \u00fcber die Ergebnisse unserer ESG-Politik. Sind Sie gespannt auf unsere Bem\u00fchungen in den Bereichen Nachhaltigkeit und soziale Unternehmensverantwortung? Lesen Sie unseren umfassenden Bericht und erleben Sie unser unerm\u00fcdliches Engagement f\u00fcr eine bessere, gr\u00fcnere Zukunft.<\/p>\n<\/div><\/div>\n\n\n\n<p><\/p>","protected":false},"excerpt":{"rendered":"<p>LEARN MORE ON Our responsibilities on Environment, Social and Governance As a large-scale international company, our activities have social effects. So we reflect on the consequences our processes have at all our company locations; after all, sustainability can always be improved. View our ESG report for a full summary of our improvements and activities in [&hellip;]<\/p>","protected":false},"author":4,"featured_media":0,"parent":0,"menu_order":40,"comment_status":"closed","ping_status":"closed","template":"","meta":{"_acf_changed":false,"inline_featured_image":false,"footnotes":""},"class_list":["post-30","page","type-page","status-publish","hentry"],"acf":[],"yoast_head":"<!-- This site is optimized with the Yoast SEO plugin v26.4 - https:\/\/yoast.com\/wordpress\/plugins\/seo\/ -->\n<title>Sustainability - Deli Home<\/title>\n<meta name=\"description\" content=\"Sustainability is a top priority for us. Read more about our CSR policy and how we practice responsible business.\" \/>\n<meta name=\"robots\" content=\"index, follow, max-snippet:-1, max-image-preview:large, max-video-preview:-1\" \/>\n<link rel=\"canonical\" href=\"https:\/\/www.deli-home.com\/de\/wp-json\/wp\/v2\/pages\/30\/\" \/>\n<meta property=\"og:locale\" content=\"de_DE\" \/>\n<meta property=\"og:type\" content=\"article\" \/>\n<meta property=\"og:title\" content=\"Sustainability - Deli Home\" \/>\n<meta property=\"og:description\" content=\"Sustainability is a top priority for us. Read more about our CSR policy and how we practice responsible business.\" \/>\n<meta property=\"og:url\" content=\"https:\/\/www.deli-home.com\/de\/wp-json\/wp\/v2\/pages\/30\/\" \/>\n<meta property=\"og:site_name\" content=\"Deli Home\" \/>\n<meta property=\"article:modified_time\" content=\"2026-04-03T08:27:27+00:00\" \/>\n<meta property=\"og:image\" content=\"https:\/\/www.deli-home.com\/wp-content\/uploads\/2023\/08\/kazuend-19SC2oaVZW0-unsplash-1024x683.jpg\" \/>\n<script type=\"application\/ld+json\" class=\"yoast-schema-graph\">{\"@context\":\"https:\/\/schema.org\",\"@graph\":[{\"@type\":\"WebPage\",\"@id\":\"https:\/\/www.homeprovy.pt\/en\/sustainability\/\",\"url\":\"https:\/\/www.homeprovy.pt\/en\/sustainability\/\",\"name\":\"Sustainability - Deli Home\",\"isPartOf\":{\"@id\":\"https:\/\/www.deli-home.com\/en\/#website\"},\"primaryImageOfPage\":{\"@id\":\"https:\/\/www.homeprovy.pt\/en\/sustainability\/#primaryimage\"},\"image\":{\"@id\":\"https:\/\/www.homeprovy.pt\/en\/sustainability\/#primaryimage\"},\"thumbnailUrl\":\"https:\/\/www.deli-home.com\/wp-content\/uploads\/2023\/08\/kazuend-19SC2oaVZW0-unsplash-1024x683.jpg\",\"datePublished\":\"2023-07-18T10:21:21+00:00\",\"dateModified\":\"2026-04-03T08:27:27+00:00\",\"description\":\"Sustainability is a top priority for us. Read more about our CSR policy and how we practice responsible business.\",\"breadcrumb\":{\"@id\":\"https:\/\/www.homeprovy.pt\/en\/sustainability\/#breadcrumb\"},\"inLanguage\":\"de\",\"potentialAction\":[{\"@type\":\"ReadAction\",\"target\":[\"https:\/\/www.homeprovy.pt\/en\/sustainability\/\"]}]},{\"@type\":\"ImageObject\",\"inLanguage\":\"de\",\"@id\":\"https:\/\/www.homeprovy.pt\/en\/sustainability\/#primaryimage\",\"url\":\"https:\/\/www.deli-home.com\/wp-content\/uploads\/2023\/08\/kazuend-19SC2oaVZW0-unsplash-1024x683.jpg\",\"contentUrl\":\"https:\/\/www.deli-home.com\/wp-content\/uploads\/2023\/08\/kazuend-19SC2oaVZW0-unsplash-1024x683.jpg\"},{\"@type\":\"BreadcrumbList\",\"@id\":\"https:\/\/www.homeprovy.pt\/en\/sustainability\/#breadcrumb\",\"itemListElement\":[{\"@type\":\"ListItem\",\"position\":1,\"name\":\"Home\",\"item\":\"https:\/\/www.deli-home.com\/en\/\"},{\"@type\":\"ListItem\",\"position\":2,\"name\":\"Sustainability\"}]},{\"@type\":\"WebSite\",\"@id\":\"https:\/\/www.deli-home.com\/en\/#website\",\"url\":\"https:\/\/www.deli-home.com\/en\/\",\"name\":\"Deli Home\",\"description\":\"\",\"publisher\":{\"@id\":\"https:\/\/www.deli-home.com\/en\/#organization\"},\"potentialAction\":[{\"@type\":\"SearchAction\",\"target\":{\"@type\":\"EntryPoint\",\"urlTemplate\":\"https:\/\/www.deli-home.com\/en\/?s={search_term_string}\"},\"query-input\":{\"@type\":\"PropertyValueSpecification\",\"valueRequired\":true,\"valueName\":\"search_term_string\"}}],\"inLanguage\":\"de\"},{\"@type\":\"Organization\",\"@id\":\"https:\/\/www.deli-home.com\/en\/#organization\",\"name\":\"Deli Home\",\"url\":\"https:\/\/www.deli-home.com\/en\/\",\"logo\":{\"@type\":\"ImageObject\",\"inLanguage\":\"de\",\"@id\":\"https:\/\/www.deli-home.com\/en\/#\/schema\/logo\/image\/\",\"url\":\"https:\/\/www.deli-home.com\/wp-content\/uploads\/2023\/09\/favicon.png\",\"contentUrl\":\"https:\/\/www.deli-home.com\/wp-content\/uploads\/2023\/09\/favicon.png\",\"width\":500,\"height\":500,\"caption\":\"Deli Home\"},\"image\":{\"@id\":\"https:\/\/www.deli-home.com\/en\/#\/schema\/logo\/image\/\"},\"sameAs\":[\"https:\/\/www.linkedin.com\/company\/deli-home\/\"]}]}<\/script>\n<!-- \/ Yoast SEO plugin. -->","yoast_head_json":{"title":"Sustainability - Deli Home","description":"Sustainability is a top priority for us. Read more about our CSR policy and how we practice responsible business.","robots":{"index":"index","follow":"follow","max-snippet":"max-snippet:-1","max-image-preview":"max-image-preview:large","max-video-preview":"max-video-preview:-1"},"canonical":"https:\/\/www.deli-home.com\/de\/wp-json\/wp\/v2\/pages\/30\/","og_locale":"de_DE","og_type":"article","og_title":"Sustainability - Deli Home","og_description":"Sustainability is a top priority for us. Read more about our CSR policy and how we practice responsible business.","og_url":"https:\/\/www.deli-home.com\/de\/wp-json\/wp\/v2\/pages\/30\/","og_site_name":"Deli Home","article_modified_time":"2026-04-03T08:27:27+00:00","og_image":[{"url":"https:\/\/www.deli-home.com\/wp-content\/uploads\/2023\/08\/kazuend-19SC2oaVZW0-unsplash-1024x683.jpg","type":"","width":"","height":""}],"schema":{"@context":"https:\/\/schema.org","@graph":[{"@type":"WebPage","@id":"https:\/\/www.homeprovy.pt\/en\/sustainability\/","url":"https:\/\/www.homeprovy.pt\/en\/sustainability\/","name":"Sustainability - Deli Home","isPartOf":{"@id":"https:\/\/www.deli-home.com\/en\/#website"},"primaryImageOfPage":{"@id":"https:\/\/www.homeprovy.pt\/en\/sustainability\/#primaryimage"},"image":{"@id":"https:\/\/www.homeprovy.pt\/en\/sustainability\/#primaryimage"},"thumbnailUrl":"https:\/\/www.deli-home.com\/wp-content\/uploads\/2023\/08\/kazuend-19SC2oaVZW0-unsplash-1024x683.jpg","datePublished":"2023-07-18T10:21:21+00:00","dateModified":"2026-04-03T08:27:27+00:00","description":"Sustainability is a top priority for us. Read more about our CSR policy and how we practice responsible business.","breadcrumb":{"@id":"https:\/\/www.homeprovy.pt\/en\/sustainability\/#breadcrumb"},"inLanguage":"de","potentialAction":[{"@type":"ReadAction","target":["https:\/\/www.homeprovy.pt\/en\/sustainability\/"]}]},{"@type":"ImageObject","inLanguage":"de","@id":"https:\/\/www.homeprovy.pt\/en\/sustainability\/#primaryimage","url":"https:\/\/www.deli-home.com\/wp-content\/uploads\/2023\/08\/kazuend-19SC2oaVZW0-unsplash-1024x683.jpg","contentUrl":"https:\/\/www.deli-home.com\/wp-content\/uploads\/2023\/08\/kazuend-19SC2oaVZW0-unsplash-1024x683.jpg"},{"@type":"BreadcrumbList","@id":"https:\/\/www.homeprovy.pt\/en\/sustainability\/#breadcrumb","itemListElement":[{"@type":"ListItem","position":1,"name":"Home","item":"https:\/\/www.deli-home.com\/en\/"},{"@type":"ListItem","position":2,"name":"Sustainability"}]},{"@type":"WebSite","@id":"https:\/\/www.deli-home.com\/en\/#website","url":"https:\/\/www.deli-home.com\/en\/","name":"Deli Home","description":"","publisher":{"@id":"https:\/\/www.deli-home.com\/en\/#organization"},"potentialAction":[{"@type":"SearchAction","target":{"@type":"EntryPoint","urlTemplate":"https:\/\/www.deli-home.com\/en\/?s={search_term_string}"},"query-input":{"@type":"PropertyValueSpecification","valueRequired":true,"valueName":"search_term_string"}}],"inLanguage":"de"},{"@type":"Organization","@id":"https:\/\/www.deli-home.com\/en\/#organization","name":"Deli Home","url":"https:\/\/www.deli-home.com\/en\/","logo":{"@type":"ImageObject","inLanguage":"de","@id":"https:\/\/www.deli-home.com\/en\/#\/schema\/logo\/image\/","url":"https:\/\/www.deli-home.com\/wp-content\/uploads\/2023\/09\/favicon.png","contentUrl":"https:\/\/www.deli-home.com\/wp-content\/uploads\/2023\/09\/favicon.png","width":500,"height":500,"caption":"Deli Home"},"image":{"@id":"https:\/\/www.deli-home.com\/en\/#\/schema\/logo\/image\/"},"sameAs":["https:\/\/www.linkedin.com\/company\/deli-home\/"]}]}},"_links":{"self":[{"href":"https:\/\/www.deli-home.com\/de\/wp-json\/wp\/v2\/pages\/30","targetHints":{"allow":["GET"]}}],"collection":[{"href":"https:\/\/www.deli-home.com\/de\/wp-json\/wp\/v2\/pages"}],"about":[{"href":"https:\/\/www.deli-home.com\/de\/wp-json\/wp\/v2\/types\/page"}],"author":[{"embeddable":true,"href":"https:\/\/www.deli-home.com\/de\/wp-json\/wp\/v2\/users\/4"}],"replies":[{"embeddable":true,"href":"https:\/\/www.deli-home.com\/de\/wp-json\/wp\/v2\/comments?post=30"}],"version-history":[{"count":47,"href":"https:\/\/www.deli-home.com\/de\/wp-json\/wp\/v2\/pages\/30\/revisions"}],"predecessor-version":[{"id":8185,"href":"https:\/\/www.deli-home.com\/de\/wp-json\/wp\/v2\/pages\/30\/revisions\/8185"}],"wp:attachment":[{"href":"https:\/\/www.deli-home.com\/de\/wp-json\/wp\/v2\/media?parent=30"}],"curies":[{"name":"wp","href":"https:\/\/api.w.org\/{rel}","templated":true}]}}