{"id":34,"date":"2023-07-18T10:21:44","date_gmt":"2023-07-18T10:21:44","guid":{"rendered":"https:\/\/www.deli-home.com\/?page_id=34"},"modified":"2025-04-10T15:16:36","modified_gmt":"2025-04-10T15:16:36","slug":"news","status":"publish","type":"page","link":"https:\/\/www.deli-home.com\/de\/nachrichten\/","title":{"rendered":"Nachrichten"},"content":{"rendered":"<div class=\"wp-block-cover alignfull has-parallax\" style=\"min-height:700px;aspect-ratio:unset;\"><span aria-hidden=\"true\" class=\"wp-block-cover__background has-background-dim-80 has-background-dim wp-block-cover__gradient-background has-background-gradient\" style=\"background:linear-gradient(90deg,rgba(2,19,45,0.8) 0%,rgba(2,19,45,0.5) 37%,rgba(2,19,45,0) 98%)\"><\/span><div role=\"img\" class=\"wp-block-cover__image-background wp-image-6514 has-parallax\" style=\"background-position:50% 50%;background-image:url(https:\/\/www.deli-home.com\/wp-content\/uploads\/2024\/10\/nieuws-1.png)\"><\/div><div class=\"wp-block-cover__inner-container is-layout-flow wp-block-cover-is-layout-flow\">\n<div class=\"wp-block-group\"><div class=\"wp-block-group__inner-container is-layout-constrained wp-block-group-is-layout-constrained\">\n<div class=\"wp-block-columns is-layout-flex wp-container-core-columns-is-layout-1 wp-block-columns-is-layout-flex\">\n<div class=\"wp-block-column is-layout-flow wp-block-column-is-layout-flow\" style=\"flex-basis:50%\">\n<h1 class=\"wp-block-heading has-white-color has-text-color\">Nachrichten<\/h1>\n\n\n\n<p class=\"has-text-align-left has-white-color has-text-color has-medium-font-size\">In einem Marktsegment, das sich schnell entwickelt, braucht man eine dynamische Unternehmensstruktur, die mit diesem Tempo mithalten kann. Deshalb zeigen wir im Folgenden unsere neuesten Nachrichten.<\/p>\n<\/div>\n\n\n\n<div class=\"wp-block-column is-layout-flow wp-block-column-is-layout-flow\" style=\"flex-basis:50%\"><\/div>\n<\/div>\n<\/div><\/div>\n<\/div><\/div>\n\n\n\n<section class=\"wp-block-group\"><div class=\"wp-block-group__inner-container is-layout-constrained wp-block-group-is-layout-constrained\">\n<div class=\"wp-block-columns is-layout-flex wp-container-core-columns-is-layout-2 wp-block-columns-is-layout-flex\">\n<div class=\"wp-block-column is-layout-flow wp-block-column-is-layout-flow\" style=\"flex-basis:15%\"><\/div>\n\n\n\n<div class=\"wp-block-column is-layout-flow wp-block-column-is-layout-flow\" style=\"flex-basis:70%\">\n<p class=\"has-text-align-center has-text-color has-medium-font-size\" style=\"color:#2bb3eb\"><strong><strong>BLEIBEN SIE AUF DEM LAUFENDEN<\/strong><\/strong><\/p>\n\n\n\n<h2 class=\"wp-block-heading has-text-align-center\">Lesen Sie unsere Nachrichten<\/h2>\n\n\n\n<p class=\"has-text-align-center\">Pressemitteilungen \u00fcber die Marke und das Gesch\u00e4ft von Deli Home, einschlie\u00dflich unserer Nachhaltigkeitsagenda f\u00fcr Menschen und Umwelt sowie Neuigkeiten aus den Bereichen Einzelhandel, Unternehmen und Designkooperationen<\/p>\n<\/div>\n\n\n\n<div class=\"wp-block-column is-layout-flow wp-block-column-is-layout-flow\" style=\"flex-basis:15%\"><\/div>\n<\/div>\n<\/div><\/section>\n\n\n        \n                <div id=\"_posts_grid-3-180\" class='oxy-easy-posts oxy-posts-grid' >\n                    <div class='oxy-posts'>\n                 <div class=\"oxy-post\">\n  \n    <a class=\"oxy-post-image\" href=\"https:\/\/www.deli-home.com\/de\/deli-home-is-b-corp-certified\/\">\n      <div class=\"oxy-post-image-fixed-ratio\" style=\"background-image: url(https:\/\/www.deli-home.com\/wp-content\/uploads\/2026\/03\/B_Corp_Deli_Home-proud_to_be.jpg);\">\n      <\/div>\n\t<\/a>\n\t\n  \t  <div class=\"oxy-post-image-date-overlay\">\n\t\t10 M\u00e4rz, 2026\t  <\/div>\n\t\n\t<a class=\"oxy-post-title\" href=\"https:\/\/www.deli-home.com\/de\/deli-home-is-b-corp-certified\/\">Deli Home ist B Corp-zertifiziert<\/a>\n\n\n\t<div class=\"oxy-post-content\">\n\t\t<p>Deli Home gibt mit Stolz die offizielle Zertifizierung als B Corporation\u2122 bekannt. Als wichtiger europ\u00e4ischer Hersteller und Vertreiber von holzbasierten Innenausstattungsprodukten, T\u00fcren und Baumaterialien hat sich Deli Home zum Ziel gesetzt, die ma\u00dfgeschneiderte Versch\u00f6nerung des Zuhauses f\u00fcr alle leicht zu machen. Nach einem fast zwei Jahre dauernden intensiven Assessment w\u00fcrdigt die von B Lab\u2122 verliehene Zertifizierung die Verpflichtung von Deli Home zu hohen Standards in den Bereichen Soziales, Umwelt und Unternehmensf\u00fchrung in allen Gesch\u00e4ftsbereichen.<\/p>\n\t\t\n\t<\/div>\n\n\t<a href=\"https:\/\/www.deli-home.com\/de\/deli-home-is-b-corp-certified\/\" class=\"oxy-read-more\">Lesen Sie mehr<\/a>\n\n<\/div> <div class=\"oxy-post\">\n  \n    <a class=\"oxy-post-image\" href=\"https:\/\/www.deli-home.com\/de\/deli-home-appoints-victoria-van-keulen-as-marketing-digital-director\/\">\n      <div class=\"oxy-post-image-fixed-ratio\" style=\"background-image: url(https:\/\/www.deli-home.com\/wp-content\/uploads\/2026\/02\/Victoria_van_Keulen_2-scaled.jpg);\">\n      <\/div>\n\t<\/a>\n\t\n  \t  <div class=\"oxy-post-image-date-overlay\">\n\t\t9 Februar, 2026\t  <\/div>\n\t\n\t<a class=\"oxy-post-title\" href=\"https:\/\/www.deli-home.com\/de\/deli-home-appoints-victoria-van-keulen-as-marketing-digital-director\/\">Deli Home ernennt Victoria van Keulen zur Marketing- &amp; Digitaldirektorin<\/a>\n\n\n\t<div class=\"oxy-post-content\">\n\t\t<p>Deli Home hat Victoria van Keulen zur Direktorin f\u00fcr Marketing und digitale Entwicklung ernannt. Deli Home ist ein f\u00fchrender Hersteller und Vertreiber von Innenkonzepten auf Holzbasis, T\u00fcren und Baumaterialien f\u00fcr die nachhaltige Versch\u00f6nerung und Renovierung von H\u00e4usern. Deli Home f\u00fchrt bekannte Marken wie Weekamp Deuren, CanDo, Skantrae, Lundia, Allure und Bruynzeel und ist in 10 europ\u00e4ischen L\u00e4ndern aktiv.<\/p>\n\t\t\n\t<\/div>\n\n\t<a href=\"https:\/\/www.deli-home.com\/de\/deli-home-appoints-victoria-van-keulen-as-marketing-digital-director\/\" class=\"oxy-read-more\">Lesen Sie mehr<\/a>\n\n<\/div> <div class=\"oxy-post\">\n  \n    <a class=\"oxy-post-image\" href=\"https:\/\/www.deli-home.com\/de\/deli-home-strengthens-leadership-team\/\">\n      <div class=\"oxy-post-image-fixed-ratio\" style=\"background-image: url(https:\/\/www.deli-home.com\/wp-content\/uploads\/2025\/09\/Roze-Elegant-Bakkerij-Brood-Marketing-Voorstel-Presentatie.jpg);\">\n      <\/div>\n\t<\/a>\n\t\n  \t  <div class=\"oxy-post-image-date-overlay\">\n\t\t17 September, 2025\t  <\/div>\n\t\n\t<a class=\"oxy-post-title\" href=\"https:\/\/www.deli-home.com\/de\/deli-home-strengthens-leadership-team\/\">Deli Home st\u00e4rkt Managementteam<\/a>\n\n\n\t<div class=\"oxy-post-content\">\n\t\t<p>Deli Home freut sich, mehrere wichtige Neubesetzungen in F\u00fchrungspositionen sowie eine weiter optimierte Organisationsstruktur bekannt \u2013 entscheidende Schritte auf dem Weg zum internationalen Wachstum des Unternehmens.<\/p>\n\t\t\n\t<\/div>\n\n\t<a href=\"https:\/\/www.deli-home.com\/de\/deli-home-strengthens-leadership-team\/\" class=\"oxy-read-more\">Lesen Sie mehr<\/a>\n\n<\/div> <div class=\"oxy-post\">\n  \n    <a class=\"oxy-post-image\" href=\"https:\/\/www.deli-home.com\/de\/deli-home-speeds-up-the-transition-to-sustainable-building-with-100-certified-wood\/\">\n      <div class=\"oxy-post-image-fixed-ratio\" style=\"background-image: url(https:\/\/www.deli-home.com\/wp-content\/uploads\/2024\/11\/Erik_Meijerink__Eugene_Sterken-scaled.jpg);\">\n      <\/div>\n\t<\/a>\n\t\n  \t  <div class=\"oxy-post-image-date-overlay\">\n\t\t10 Juni, 2025\t  <\/div>\n\t\n\t<a class=\"oxy-post-title\" href=\"https:\/\/www.deli-home.com\/de\/deli-home-speeds-up-the-transition-to-sustainable-building-with-100-certified-wood\/\">Deli Home speeds up the transition to sustainable building with certified wood at its core.<\/a>\n\n\n\t<div class=\"oxy-post-content\">\n\t\t<p>An important sustainability milestone with FSC\u00ae and PEFC-certified assortment from Deli Home in Europe Deli Home, the leading manufacturer and distributor of sustainable, wood-based building materials, decorative interior concepts and doors for home improvement and renovation, has reached an important milestone: its complete assortment in Europe now exclusively consists of FSC\u00ae and PEFC-certified wood. By [&hellip;]<\/p>\n\t\t\n\t<\/div>\n\n\t<a href=\"https:\/\/www.deli-home.com\/de\/deli-home-speeds-up-the-transition-to-sustainable-building-with-100-certified-wood\/\" class=\"oxy-read-more\">Lesen Sie mehr<\/a>\n\n<\/div> <div class=\"oxy-post\">\n  \n    <a class=\"oxy-post-image\" href=\"https:\/\/www.deli-home.com\/de\/deli-home-strengthens-its-european-position-by-the-envisaged-acquisition-of-kgm-in-germany\/\">\n      <div class=\"oxy-post-image-fixed-ratio\" style=\"background-image: url(https:\/\/www.deli-home.com\/wp-content\/uploads\/2025\/04\/KGM_Productbeeld-1-e1744301172556.jpg);\">\n      <\/div>\n\t<\/a>\n\t\n  \t  <div class=\"oxy-post-image-date-overlay\">\n\t\t10 April, 2025\t  <\/div>\n\t\n\t<a class=\"oxy-post-title\" href=\"https:\/\/www.deli-home.com\/de\/deli-home-strengthens-its-european-position-by-the-envisaged-acquisition-of-kgm-in-germany\/\">Deli Home st\u00e4rkt seine Position in Europa durch die geplante \u00dcbernahme von KGM in Deutschland<\/a>\n\n\n\t<div class=\"oxy-post-content\">\n\t\t<p>Deli Home, f\u00fchrender Hersteller und Lieferant von holzbasierten Wohnverbesserungsprodukten, st\u00e4rkt seine Position in Europa durch die geplante \u00dcbernahme der Karl G. Miller Holding GmbH Co. KG (KGM) in Deutschland. KGM produziert und vertreibt hochwertige Holzsockelleisten und -profile f\u00fcr die Dekoration und Renovierung von Wohnungen. Kunden von KGM sind spezialisierte Gro\u00df- und Fachh\u00e4ndler, Hersteller aus der T\u00fcren- und M\u00f6belindustrie, sowie f\u00fchrende Bau- und Heimwerkerm\u00e4rkte in Deutschland. Diese \u00dcbernahme bietet Deli Home eine hervorragende Gelegenheit, sein Wachstum auf dem deutschen Markt zu beschleunigen und gleichzeitig sein Produktangebot f\u00fcr seine europ\u00e4ischen Kunden zu st\u00e4rken.<\/p>\n\t\t\n\t<\/div>\n\n\t<a href=\"https:\/\/www.deli-home.com\/de\/deli-home-strengthens-its-european-position-by-the-envisaged-acquisition-of-kgm-in-germany\/\" class=\"oxy-read-more\">Lesen Sie mehr<\/a>\n\n<\/div> <div class=\"oxy-post\">\n  \n    <a class=\"oxy-post-image\" href=\"https:\/\/www.deli-home.com\/de\/deli-home-is-expanding-its-benelux-position-in-the-production-and-distribution-of-sustainable-wooden-building-materials\/\">\n      <div class=\"oxy-post-image-fixed-ratio\" style=\"background-image: url(https:\/\/www.deli-home.com\/wp-content\/uploads\/2025\/02\/Deli-Home-vergroot-haar-positie-in-de-productie-en-distributie-van-duurzame-houten-bouwmaterialen_2-1.jpg);\">\n      <\/div>\n\t<\/a>\n\t\n  \t  <div class=\"oxy-post-image-date-overlay\">\n\t\t25 Februar, 2025\t  <\/div>\n\t\n\t<a class=\"oxy-post-title\" href=\"https:\/\/www.deli-home.com\/de\/deli-home-is-expanding-its-benelux-position-in-the-production-and-distribution-of-sustainable-wooden-building-materials\/\">Deli Home st\u00e4rkt seine Benelux-Position in der Produktion und Distribution nachhaltiger Holzbauprodukte<\/a>\n\n\n\t<div class=\"oxy-post-content\">\n\t\t<p>Deli Home, Houtwerf und Distri-Hout b\u00fcndeln ihre Kr\u00e4fte in der Benelux\nDeli Home, der f\u00fchrende Hersteller und Vertreiber von Holzbauprodukten, dekorativen Innenraumkonzepten und T\u00fcren, hat in den Niederlanden eine strategische 50%-Beteiligung an Houtwerf erworben und wird seine belgischen Aktivit\u00e4ten mit Distri-Hout fusionieren. Houtwerf und Distri-Hout beliefern Baum\u00e4rkte, Baustoffgro\u00dfh\u00e4ndler, Fachgesch\u00e4fte und Bauunternehmen mit nachhaltigen, holzbasierten Baustoffen.<\/p>\n\t\t\n\t<\/div>\n\n\t<a href=\"https:\/\/www.deli-home.com\/de\/deli-home-is-expanding-its-benelux-position-in-the-production-and-distribution-of-sustainable-wooden-building-materials\/\" class=\"oxy-read-more\">Lesen Sie mehr<\/a>\n\n<\/div> <div class=\"oxy-post\">\n  \n    <a class=\"oxy-post-image\" href=\"https:\/\/www.deli-home.com\/de\/niels-boelema-appointed-as-sales-director-for-deli-home\/\">\n      <div class=\"oxy-post-image-fixed-ratio\" style=\"background-image: url(https:\/\/www.deli-home.com\/wp-content\/uploads\/2025\/02\/Naamloos.png);\">\n      <\/div>\n\t<\/a>\n\t\n  \t  <div class=\"oxy-post-image-date-overlay\">\n\t\t4 Februar, 2025\t  <\/div>\n\t\n\t<a class=\"oxy-post-title\" href=\"https:\/\/www.deli-home.com\/de\/niels-boelema-appointed-as-sales-director-for-deli-home\/\">Niels Boelema wird Vertriebsleiter bei Deli Home<\/a>\n\n\n\t<div class=\"oxy-post-content\">\n\t\t<p>Deli Home hat heute bekannt gegeben, dass Niels Boelema ab dem 1. Februar 2025 die Position des Sales Director Niederlande \u00fcbernommen hat.<\/p>\n\t\t\n\t<\/div>\n\n\t<a href=\"https:\/\/www.deli-home.com\/de\/niels-boelema-appointed-as-sales-director-for-deli-home\/\" class=\"oxy-read-more\">Lesen Sie mehr<\/a>\n\n<\/div> <div class=\"oxy-post\">\n  \n    <a class=\"oxy-post-image\" href=\"https:\/\/www.deli-home.com\/de\/discover-the-latest-product-innovations-from-skantrae-and-weekamp-deuren-at-the-bouwbeurs-2025\/\">\n      <div class=\"oxy-post-image-fixed-ratio\" style=\"background-image: url(https:\/\/www.deli-home.com\/wp-content\/uploads\/2025\/01\/1734602192738.jpg);\">\n      <\/div>\n\t<\/a>\n\t\n  \t  <div class=\"oxy-post-image-date-overlay\">\n\t\t17 Januar, 2025\t  <\/div>\n\t\n\t<a class=\"oxy-post-title\" href=\"https:\/\/www.deli-home.com\/de\/discover-the-latest-product-innovations-from-skantrae-and-weekamp-deuren-at-the-bouwbeurs-2025\/\">Entdecken Sie die neuesten Produktinnovationen von Skantrae und Weekamp Deuren auf der Bouwbeurs 2025<\/a>\n\n\n\t<div class=\"oxy-post-content\">\n\t\t<p>Auf der kommenden Bouwbeurs 2025 pr\u00e4sentiert Deli Home die neuesten Produktinnovationen seiner f\u00fchrenden Marken Skantrae und Weekamp Deuren. Beide Marken werden ihre neuesten Entwicklungen im Bereich T\u00fcren vorstellen, die perfekt auf die Bed\u00fcrfnisse von Profis in der Baubranche zugeschnitten sind.<\/p>\n\t\t\n\t<\/div>\n\n\t<a href=\"https:\/\/www.deli-home.com\/de\/discover-the-latest-product-innovations-from-skantrae-and-weekamp-deuren-at-the-bouwbeurs-2025\/\" class=\"oxy-read-more\">Lesen Sie mehr<\/a>\n\n<\/div> <div class=\"oxy-post\">\n  \n    <a class=\"oxy-post-image\" href=\"https:\/\/www.deli-home.com\/de\/executive-change-at-deli-home\/\">\n      <div class=\"oxy-post-image-fixed-ratio\" style=\"background-image: url(https:\/\/www.deli-home.com\/wp-content\/uploads\/2024\/12\/Victor_Aquina-en-Eugene_Sterken_.jpg);\">\n      <\/div>\n\t<\/a>\n\t\n  \t  <div class=\"oxy-post-image-date-overlay\">\n\t\t5 Dezember, 2024\t  <\/div>\n\t\n\t<a class=\"oxy-post-title\" href=\"https:\/\/www.deli-home.com\/de\/executive-change-at-deli-home\/\">Wechsel in der Gesch\u00e4ftsf\u00fchrung bei Deli Home<\/a>\n\n\n\t<div class=\"oxy-post-content\">\n\t\t<p>Eug\u00e8ne Sterken wird Victor Aquina als CEO nachfolgen. \nNach sechs Jahren an der Spitze von Deli Home wird Victor Aquina seine Rolle als CEO zum 1. Januar 2025 an Eug\u00e8ne Sterken \u00fcbergeben.<\/p>\n\t\t\n\t<\/div>\n\n\t<a href=\"https:\/\/www.deli-home.com\/de\/executive-change-at-deli-home\/\" class=\"oxy-read-more\">Lesen Sie mehr<\/a>\n\n<\/div>            <\/div>\n                        <div class='oxy-easy-posts-pages'>\n                <span aria-current=\"page\" class=\"page-numbers current\">1<\/span>\n<a class=\"page-numbers\" href=\"https:\/\/www.deli-home.com\/de\/wp-json\/wp\/v2\/pages\/34\/page\/2\/\">2<\/a>\n<a class=\"page-numbers\" href=\"https:\/\/www.deli-home.com\/de\/wp-json\/wp\/v2\/pages\/34\/page\/3\/\">3<\/a>\n<a class=\"page-numbers\" href=\"https:\/\/www.deli-home.com\/de\/wp-json\/wp\/v2\/pages\/34\/page\/4\/\">4<\/a>\n<a class=\"next page-numbers\" href=\"https:\/\/www.deli-home.com\/de\/wp-json\/wp\/v2\/pages\/34\/page\/2\/\">Weiter &raquo;<\/a>            <\/div>\n                            <\/div>","protected":false},"excerpt":{"rendered":"<p>STAY UPDATED Read our news News releases about the&nbsp;Deli Home brand and business, including our people and planet sustainability agenda and retail, corporate and design collaboration&nbsp;news<\/p>","protected":false},"author":4,"featured_media":0,"parent":0,"menu_order":60,"comment_status":"closed","ping_status":"closed","template":"","meta":{"_acf_changed":false,"inline_featured_image":false,"footnotes":""},"class_list":["post-34","page","type-page","status-publish","hentry"],"acf":[],"yoast_head":"<!-- This site is optimized with the Yoast SEO plugin v26.4 - https:\/\/yoast.com\/wordpress\/plugins\/seo\/ -->\n<title>News - Deli Home<\/title>\n<meta name=\"description\" content=\"Stay up to date with the latest news within Deli Home.\" \/>\n<meta name=\"robots\" content=\"index, follow, max-snippet:-1, max-image-preview:large, max-video-preview:-1\" \/>\n<link rel=\"canonical\" href=\"https:\/\/www.deli-home.com\/de\/wp-json\/wp\/v2\/pages\/34\/\" \/>\n<meta property=\"og:locale\" content=\"de_DE\" \/>\n<meta property=\"og:type\" content=\"article\" \/>\n<meta property=\"og:title\" content=\"News - Deli Home\" \/>\n<meta property=\"og:description\" content=\"Stay up to date with the latest news within Deli Home.\" \/>\n<meta property=\"og:url\" content=\"https:\/\/www.deli-home.com\/de\/wp-json\/wp\/v2\/pages\/34\/\" \/>\n<meta property=\"og:site_name\" content=\"Deli Home\" \/>\n<meta property=\"article:modified_time\" content=\"2025-04-10T15:16:36+00:00\" \/>\n<script type=\"application\/ld+json\" class=\"yoast-schema-graph\">{\"@context\":\"https:\/\/schema.org\",\"@graph\":[{\"@type\":\"WebPage\",\"@id\":\"https:\/\/www.deli-home.com\/fr\/actualites\/\",\"url\":\"https:\/\/www.deli-home.com\/fr\/actualites\/\",\"name\":\"News - Deli Home\",\"isPartOf\":{\"@id\":\"https:\/\/www.deli-home.com\/en\/#website\"},\"datePublished\":\"2023-07-18T10:21:44+00:00\",\"dateModified\":\"2025-04-10T15:16:36+00:00\",\"description\":\"Stay up to date with the latest news within Deli Home.\",\"breadcrumb\":{\"@id\":\"https:\/\/www.deli-home.com\/fr\/actualites\/#breadcrumb\"},\"inLanguage\":\"de\",\"potentialAction\":[{\"@type\":\"ReadAction\",\"target\":[\"https:\/\/www.deli-home.com\/fr\/actualites\/\"]}]},{\"@type\":\"BreadcrumbList\",\"@id\":\"https:\/\/www.deli-home.com\/fr\/actualites\/#breadcrumb\",\"itemListElement\":[{\"@type\":\"ListItem\",\"position\":1,\"name\":\"Home\",\"item\":\"https:\/\/www.deli-home.com\/nl\/\"},{\"@type\":\"ListItem\",\"position\":2,\"name\":\"News\"}]},{\"@type\":\"WebSite\",\"@id\":\"https:\/\/www.deli-home.com\/en\/#website\",\"url\":\"https:\/\/www.deli-home.com\/en\/\",\"name\":\"Deli Home\",\"description\":\"\",\"publisher\":{\"@id\":\"https:\/\/www.deli-home.com\/en\/#organization\"},\"potentialAction\":[{\"@type\":\"SearchAction\",\"target\":{\"@type\":\"EntryPoint\",\"urlTemplate\":\"https:\/\/www.deli-home.com\/en\/?s={search_term_string}\"},\"query-input\":{\"@type\":\"PropertyValueSpecification\",\"valueRequired\":true,\"valueName\":\"search_term_string\"}}],\"inLanguage\":\"de\"},{\"@type\":\"Organization\",\"@id\":\"https:\/\/www.deli-home.com\/en\/#organization\",\"name\":\"Deli Home\",\"url\":\"https:\/\/www.deli-home.com\/en\/\",\"logo\":{\"@type\":\"ImageObject\",\"inLanguage\":\"de\",\"@id\":\"https:\/\/www.deli-home.com\/en\/#\/schema\/logo\/image\/\",\"url\":\"https:\/\/www.deli-home.com\/wp-content\/uploads\/2023\/09\/favicon.png\",\"contentUrl\":\"https:\/\/www.deli-home.com\/wp-content\/uploads\/2023\/09\/favicon.png\",\"width\":500,\"height\":500,\"caption\":\"Deli Home\"},\"image\":{\"@id\":\"https:\/\/www.deli-home.com\/en\/#\/schema\/logo\/image\/\"},\"sameAs\":[\"https:\/\/www.linkedin.com\/company\/deli-home\/\"]}]}<\/script>\n<!-- \/ Yoast SEO plugin. -->","yoast_head_json":{"title":"News - Deli Home","description":"Stay up to date with the latest news within Deli Home.","robots":{"index":"index","follow":"follow","max-snippet":"max-snippet:-1","max-image-preview":"max-image-preview:large","max-video-preview":"max-video-preview:-1"},"canonical":"https:\/\/www.deli-home.com\/de\/wp-json\/wp\/v2\/pages\/34\/","og_locale":"de_DE","og_type":"article","og_title":"News - Deli Home","og_description":"Stay up to date with the latest news within Deli Home.","og_url":"https:\/\/www.deli-home.com\/de\/wp-json\/wp\/v2\/pages\/34\/","og_site_name":"Deli Home","article_modified_time":"2025-04-10T15:16:36+00:00","schema":{"@context":"https:\/\/schema.org","@graph":[{"@type":"WebPage","@id":"https:\/\/www.deli-home.com\/fr\/actualites\/","url":"https:\/\/www.deli-home.com\/fr\/actualites\/","name":"News - Deli Home","isPartOf":{"@id":"https:\/\/www.deli-home.com\/en\/#website"},"datePublished":"2023-07-18T10:21:44+00:00","dateModified":"2025-04-10T15:16:36+00:00","description":"Stay up to date with the latest news within Deli Home.","breadcrumb":{"@id":"https:\/\/www.deli-home.com\/fr\/actualites\/#breadcrumb"},"inLanguage":"de","potentialAction":[{"@type":"ReadAction","target":["https:\/\/www.deli-home.com\/fr\/actualites\/"]}]},{"@type":"BreadcrumbList","@id":"https:\/\/www.deli-home.com\/fr\/actualites\/#breadcrumb","itemListElement":[{"@type":"ListItem","position":1,"name":"Home","item":"https:\/\/www.deli-home.com\/nl\/"},{"@type":"ListItem","position":2,"name":"News"}]},{"@type":"WebSite","@id":"https:\/\/www.deli-home.com\/en\/#website","url":"https:\/\/www.deli-home.com\/en\/","name":"Deli Home","description":"","publisher":{"@id":"https:\/\/www.deli-home.com\/en\/#organization"},"potentialAction":[{"@type":"SearchAction","target":{"@type":"EntryPoint","urlTemplate":"https:\/\/www.deli-home.com\/en\/?s={search_term_string}"},"query-input":{"@type":"PropertyValueSpecification","valueRequired":true,"valueName":"search_term_string"}}],"inLanguage":"de"},{"@type":"Organization","@id":"https:\/\/www.deli-home.com\/en\/#organization","name":"Deli Home","url":"https:\/\/www.deli-home.com\/en\/","logo":{"@type":"ImageObject","inLanguage":"de","@id":"https:\/\/www.deli-home.com\/en\/#\/schema\/logo\/image\/","url":"https:\/\/www.deli-home.com\/wp-content\/uploads\/2023\/09\/favicon.png","contentUrl":"https:\/\/www.deli-home.com\/wp-content\/uploads\/2023\/09\/favicon.png","width":500,"height":500,"caption":"Deli Home"},"image":{"@id":"https:\/\/www.deli-home.com\/en\/#\/schema\/logo\/image\/"},"sameAs":["https:\/\/www.linkedin.com\/company\/deli-home\/"]}]}},"_links":{"self":[{"href":"https:\/\/www.deli-home.com\/de\/wp-json\/wp\/v2\/pages\/34","targetHints":{"allow":["GET"]}}],"collection":[{"href":"https:\/\/www.deli-home.com\/de\/wp-json\/wp\/v2\/pages"}],"about":[{"href":"https:\/\/www.deli-home.com\/de\/wp-json\/wp\/v2\/types\/page"}],"author":[{"embeddable":true,"href":"https:\/\/www.deli-home.com\/de\/wp-json\/wp\/v2\/users\/4"}],"replies":[{"embeddable":true,"href":"https:\/\/www.deli-home.com\/de\/wp-json\/wp\/v2\/comments?post=34"}],"version-history":[{"count":24,"href":"https:\/\/www.deli-home.com\/de\/wp-json\/wp\/v2\/pages\/34\/revisions"}],"predecessor-version":[{"id":6515,"href":"https:\/\/www.deli-home.com\/de\/wp-json\/wp\/v2\/pages\/34\/revisions\/6515"}],"wp:attachment":[{"href":"https:\/\/www.deli-home.com\/de\/wp-json\/wp\/v2\/media?parent=34"}],"curies":[{"name":"wp","href":"https:\/\/api.w.org\/{rel}","templated":true}]}}