{"id":36,"date":"2023-07-18T10:22:28","date_gmt":"2023-07-18T10:22:28","guid":{"rendered":"https:\/\/www.deli-home.com\/?page_id=36"},"modified":"2023-10-03T13:49:14","modified_gmt":"2023-10-03T13:49:14","slug":"timber","status":"publish","type":"page","link":"https:\/\/www.deli-home.com\/de\/produkte\/holz\/","title":{"rendered":"Holz"},"content":{"rendered":"<div class=\"wp-block-cover alignfull has-parallax\" style=\"min-height:700px;aspect-ratio:unset;\"><span aria-hidden=\"true\" class=\"wp-block-cover__background has-background-dim-100 has-background-dim wp-block-cover__gradient-background has-background-gradient\" style=\"background:linear-gradient(90deg,rgba(2,19,45,0.8) 0%,rgba(2,19,45,0.5) 37%,rgba(2,19,45,0) 98%)\"><\/span><div role=\"img\" class=\"wp-block-cover__image-background wp-image-932 has-parallax\" style=\"background-position:50% 50%;background-image:url(https:\/\/www.deli-home.com\/wp-content\/uploads\/2023\/09\/medium-JPG-IMG_5193.jpg)\"><\/div><div class=\"wp-block-cover__inner-container is-layout-flow wp-block-cover-is-layout-flow\">\n<div class=\"wp-block-group\"><div class=\"wp-block-group__inner-container is-layout-constrained wp-block-group-is-layout-constrained\">\n<div class=\"wp-block-columns is-layout-flex wp-container-core-columns-is-layout-1 wp-block-columns-is-layout-flex\">\n<div class=\"wp-block-column is-layout-flow wp-block-column-is-layout-flow\" style=\"flex-basis:15%\"><\/div>\n\n\n\n<div class=\"wp-block-column is-layout-flow wp-block-column-is-layout-flow\" style=\"flex-basis:70%\"><div id=\"div_block-2-1060\" class=\"ct-div-block\" ><img decoding=\"async\"  id=\"image-3-1060\" alt=\"\" src=\"https:\/\/www.deli-home.com\/wp-content\/uploads\/2023\/08\/wood-wit.svg\" class=\"ct-image\"\/><h1 id=\"headline-4-1060\" class=\"ct-headline\">Holz<\/h1><\/div><\/div>\n\n\n\n<div class=\"wp-block-column is-layout-flow wp-block-column-is-layout-flow\" style=\"flex-basis:15%\"><\/div>\n<\/div>\n<\/div><\/div>\n<\/div><\/div>\n\n\n\n<section class=\"wp-block-group\"><div class=\"wp-block-group__inner-container is-layout-constrained wp-block-group-is-layout-constrained\">\n<div class=\"wp-block-columns is-layout-flex wp-container-core-columns-is-layout-2 wp-block-columns-is-layout-flex\">\n<div class=\"wp-block-column is-layout-flow wp-block-column-is-layout-flow\" style=\"flex-basis:25%\"><\/div>\n\n\n\n<div class=\"wp-block-column is-layout-flow wp-block-column-is-layout-flow\" style=\"flex-basis:65%\">\n<p class=\"has-text-align-center has-text-color has-medium-font-size\" style=\"color:#2bb3eb\"><strong><strong><strong>ERSTKLASSIGES HANDWERK<\/strong><\/strong><\/strong><\/p>\n\n\n\n<h2 class=\"wp-block-heading has-text-align-center\">Holz erkunden <\/h2>\n\n\n\n<p class=\"has-text-align-center\">Holz wird nicht nur zur Herstellung vieler unserer Produkte verwendet, es ist auch eine wichtige Produktkategorie in unserem Sortiment. Mit einem umfangreichen Sortiment an Holzprodukten, darunter Platten, Profile und Ger\u00fcstholz, bieten wir f\u00fcr alle Anwendungen ein passendes Holzprodukt.<\/p>\n<\/div>\n\n\n\n<div class=\"wp-block-column is-layout-flow wp-block-column-is-layout-flow\" style=\"flex-basis:25%\"><\/div>\n<\/div>\n<\/div><\/section>\n\n\n\n<div class=\"wp-block-group\"><div class=\"wp-block-group__inner-container is-layout-constrained wp-block-group-is-layout-constrained\">\n<div class=\"wp-block-media-text alignwide is-stacked-on-mobile is-image-fill\"><figure class=\"wp-block-media-text__media\" style=\"background-image:url(https:\/\/www.deli-home.com\/wp-content\/uploads\/2023\/09\/large-JPG-VR_FSC2-1024x683.jpg);background-position:50% 50%\"><img loading=\"lazy\" decoding=\"async\" width=\"1024\" height=\"683\" src=\"https:\/\/www.deli-home.com\/wp-content\/uploads\/2023\/09\/large-JPG-VR_FSC2-1024x683.jpg\" alt=\"\" class=\"wp-image-1470 size-full\" srcset=\"https:\/\/www.deli-home.com\/wp-content\/uploads\/2023\/09\/large-JPG-VR_FSC2-1024x683.jpg 1024w, https:\/\/www.deli-home.com\/wp-content\/uploads\/2023\/09\/large-JPG-VR_FSC2-300x200.jpg 300w, https:\/\/www.deli-home.com\/wp-content\/uploads\/2023\/09\/large-JPG-VR_FSC2-768x512.jpg 768w, https:\/\/www.deli-home.com\/wp-content\/uploads\/2023\/09\/large-JPG-VR_FSC2-1536x1024.jpg 1536w, https:\/\/www.deli-home.com\/wp-content\/uploads\/2023\/09\/large-JPG-VR_FSC2-2048x1365.jpg 2048w, https:\/\/www.deli-home.com\/wp-content\/uploads\/2023\/09\/large-JPG-VR_FSC2-18x12.jpg 18w, https:\/\/www.deli-home.com\/wp-content\/uploads\/2023\/09\/large-JPG-VR_FSC2-scaled.jpg 2560w\" sizes=\"auto, (max-width: 1024px) 100vw, 1024px\" \/><\/figure><div class=\"wp-block-media-text__content\">\n<p class=\"has-text-color\" style=\"color:#2bb3eb\"><strong>DIENST<\/strong><\/p>\n\n\n\n<h2 class=\"wp-block-heading\">Am Kunden<\/h2>\n\n\n\n<p>Wir sind in der Lage, in kleinen Mengen zu liefern und gleichzeitig die Industrie mit gro\u00dfen Mengen zu versorgen. Wir bieten unseren Kunden sowohl ein umfangreiches Standardsortiment als auch Ma\u00dfarbeit. Wir bieten L\u00f6sungen f\u00fcr jede Aufgabe rund ums Holz. Dank der eigenen Fertigungsst\u00e4tte k\u00f6nnen wir spezielle kleine Profile, Rahmen oder Verkleidungen in vielen Modellen und Gr\u00f6\u00dfen liefern.<\/p>\n<\/div><\/div>\n<\/div><\/div>\n\n\n\n<div class=\"wp-block-group\"><div class=\"wp-block-group__inner-container is-layout-constrained wp-block-group-is-layout-constrained\">\n<div class=\"wp-block-media-text alignwide has-media-on-the-right is-stacked-on-mobile is-image-fill\"><div class=\"wp-block-media-text__content\">\n<p class=\"has-text-color\" style=\"color:#2bb3eb\"><strong>KONTINUIERLICHE ENTWICKLUNG<\/strong><\/p>\n\n\n\n<h2 class=\"wp-block-heading\">Innovation und Zukunft<\/h2>\n\n\n\n<p>Bei Deli Home glauben wir an die vielf\u00e4ltigen M\u00f6glichkeiten, die unsere Produkte zu bieten haben. Eine Diele ist nicht nur eine Diele, sondern kann auch als dekoratives Produkt in Form einer stilvollen Heizk\u00f6rperverkleidung verwendet werden. Wir entwickeln die Einsatzm\u00f6glichkeiten von Holz nicht nur selbst, sondern stellen sie auch in unserer eigenen Produktionsst\u00e4tte her. <\/p>\n\n\n\n<p>Nachhaltigkeit und Kreislaufwirtschaft sind uns bei allen unseren Aktivit\u00e4ten sehr wichtig. Ein wichtiger Teil davon ist die bereits erw\u00e4hnte Zertifizierung sowie die Minimierung des Verpackungsmaterials; so drucken wir beispielsweise unsere Barcodes auf, anstatt Aufkleber zu verwenden. Au\u00dferdem verwenden wir praktisch unser gesamtes Restmaterial wieder, indem wir es u. a. zu Paletten und Verpackungen verarbeiten. Mit Holz als dem wichtigsten Rohstoff, mit dem wir arbeiten, leisten wir einen erheblichen Beitrag zu dem Ziel der niederl\u00e4ndischen Regierung, bis 2050 vollst\u00e4ndig kreislauff\u00e4hig zu werden.<\/p>\n<\/div><figure class=\"wp-block-media-text__media\" style=\"background-image:url(https:\/\/www.deli-home.com\/wp-content\/uploads\/2023\/09\/large-JPG-CanDo_Tafel-op-Maat_Blank-eiken_Statafel_stalen-poot-1024x768.jpg);background-position:50% 50%\"><img loading=\"lazy\" decoding=\"async\" width=\"1024\" height=\"768\" src=\"https:\/\/www.deli-home.com\/wp-content\/uploads\/2023\/09\/large-JPG-CanDo_Tafel-op-Maat_Blank-eiken_Statafel_stalen-poot-1024x768.jpg\" alt=\"\" class=\"wp-image-1469 size-full\" srcset=\"https:\/\/www.deli-home.com\/wp-content\/uploads\/2023\/09\/large-JPG-CanDo_Tafel-op-Maat_Blank-eiken_Statafel_stalen-poot-1024x768.jpg 1024w, https:\/\/www.deli-home.com\/wp-content\/uploads\/2023\/09\/large-JPG-CanDo_Tafel-op-Maat_Blank-eiken_Statafel_stalen-poot-300x225.jpg 300w, https:\/\/www.deli-home.com\/wp-content\/uploads\/2023\/09\/large-JPG-CanDo_Tafel-op-Maat_Blank-eiken_Statafel_stalen-poot-768x576.jpg 768w, https:\/\/www.deli-home.com\/wp-content\/uploads\/2023\/09\/large-JPG-CanDo_Tafel-op-Maat_Blank-eiken_Statafel_stalen-poot-1536x1152.jpg 1536w, https:\/\/www.deli-home.com\/wp-content\/uploads\/2023\/09\/large-JPG-CanDo_Tafel-op-Maat_Blank-eiken_Statafel_stalen-poot-2048x1536.jpg 2048w, https:\/\/www.deli-home.com\/wp-content\/uploads\/2023\/09\/large-JPG-CanDo_Tafel-op-Maat_Blank-eiken_Statafel_stalen-poot-16x12.jpg 16w, https:\/\/www.deli-home.com\/wp-content\/uploads\/2023\/09\/large-JPG-CanDo_Tafel-op-Maat_Blank-eiken_Statafel_stalen-poot-scaled.jpg 2560w\" sizes=\"auto, (max-width: 1024px) 100vw, 1024px\" \/><\/figure><\/div>\n<\/div><\/div>\n\n\n\n<div class=\"wp-block-group alignfull has-background\" style=\"background:linear-gradient(160deg,rgba(18,112,166,0.09) 0%,rgba(255,255,255,0) 100%)\"><div class=\"wp-block-group__inner-container is-layout-constrained wp-block-group-is-layout-constrained\">\n<div class=\"wp-block-group\"><div class=\"wp-block-group__inner-container is-layout-constrained wp-block-group-is-layout-constrained\">\n<div class=\"wp-block-columns is-layout-flex wp-container-core-columns-is-layout-3 wp-block-columns-is-layout-flex\">\n<div class=\"wp-block-column is-layout-flow wp-block-column-is-layout-flow\" style=\"flex-basis:25%\"><\/div>\n\n\n\n<div class=\"wp-block-column is-layout-flow wp-block-column-is-layout-flow\" style=\"flex-basis:65%\">\n<h4 class=\"wp-block-heading has-text-align-center\">Unter den folgenden Marken erh\u00e4ltlich<\/h4>\n<\/div>\n\n\n\n<div class=\"wp-block-column is-layout-flow wp-block-column-is-layout-flow\" style=\"flex-basis:25%\"><\/div>\n<\/div>\n<\/div><\/div>\n\n\n\n<div class=\"wp-block-group alignwide is-horizontal is-content-justification-space-between is-layout-flex wp-container-core-group-is-layout-6 wp-block-group-is-layout-flex\">\n<div style=\"height:23px\" aria-hidden=\"true\" class=\"wp-block-spacer\"><\/div>\n\n\n\n<figure class=\"wp-block-image size-large is-resized\"><a href=\"https:\/\/www.cando.eu\/\" target=\"_blank\" rel=\"noopener\"><img loading=\"lazy\" decoding=\"async\" src=\"https:\/\/www.deli-home.com\/wp-content\/uploads\/2023\/08\/merk-cando.svg\" alt=\"\" class=\"wp-image-253\" width=\"176\" height=\"45\"\/><\/a><\/figure>\n\n\n\n<figure class=\"wp-block-image size-large is-resized\"><a href=\"https:\/\/www.agnes.nl\/\" target=\"_blank\" rel=\"noopener\"><img loading=\"lazy\" decoding=\"async\" src=\"https:\/\/www.deli-home.com\/wp-content\/uploads\/2023\/08\/merk-agnes.svg\" alt=\"\" class=\"wp-image-286\" width=\"171\" height=\"56\"\/><\/a><\/figure>\n\n\n\n<figure class=\"wp-block-image size-large is-resized\"><img loading=\"lazy\" decoding=\"async\" src=\"https:\/\/www.deli-home.com\/wp-content\/uploads\/2023\/08\/merk-jewe-1024x250.png\" alt=\"\" class=\"wp-image-288\" width=\"163\" height=\"39\" srcset=\"https:\/\/www.deli-home.com\/wp-content\/uploads\/2023\/08\/merk-jewe-1024x250.png 1024w, https:\/\/www.deli-home.com\/wp-content\/uploads\/2023\/08\/merk-jewe-300x73.png 300w, https:\/\/www.deli-home.com\/wp-content\/uploads\/2023\/08\/merk-jewe-768x188.png 768w, https:\/\/www.deli-home.com\/wp-content\/uploads\/2023\/08\/merk-jewe-1536x375.png 1536w, https:\/\/www.deli-home.com\/wp-content\/uploads\/2023\/08\/merk-jewe-2048x500.png 2048w, https:\/\/www.deli-home.com\/wp-content\/uploads\/2023\/08\/merk-jewe.png 2560w\" sizes=\"auto, (max-width: 163px) 100vw, 163px\" \/><\/figure>\n\n\n\n<div style=\"height:23px\" aria-hidden=\"true\" class=\"wp-block-spacer\"><\/div>\n<\/div>\n\n\n\n<div style=\"height:75px\" aria-hidden=\"true\" class=\"wp-block-spacer\"><\/div>\n<\/div><\/div>\n\n\n\n<section class=\"wp-block-group\"><div class=\"wp-block-group__inner-container is-layout-constrained wp-block-group-is-layout-constrained\">\n<p class=\"has-text-color\" style=\"color:#2bb3eb\"><strong>ERLEBEN SIE<\/strong><\/p>\n\n\n\n<h2 class=\"wp-block-heading\">Unseren Service<\/h2>\n\n\n\n<div class=\"wp-block-columns is-layout-flex wp-container-core-columns-is-layout-4 wp-block-columns-is-layout-flex\">\n<div class=\"wp-block-column is-layout-flow wp-block-column-is-layout-flow\" style=\"flex-basis:50%\">\n<p>Unsere eigene Fertigungsst\u00e4tte in Kombination mit unserem Know-how im Bereich Holz hat es uns erm\u00f6glicht, uns als Lieferant von hochwertigen Holzprodukten zu etablieren. F\u00fcr unsere Massivholzprodukte verwenden wir zertifiziertes, qualitativ hochwertiges und optisch ansprechendes Holz, das aus dauerhaften Quellen in Skandinavien stammt. So behalten wir auch die Qualit\u00e4t immer im Auge. <\/p>\n<\/div>\n\n\n\n<div class=\"wp-block-column is-layout-flow wp-block-column-is-layout-flow\" style=\"flex-basis:50%\">\n<p class=\"has-text-align-left\">Dank unserer langen Tradition im Holzhandel haben wir Erfahrung im Umgang mit den damit verbundenen Herausforderungen. Holz ist ein anspruchsvolles Naturprodukt, das eine sorgf\u00e4ltige und spezifische Handhabung erfordert, um es erfolgreich zu verarbeiten und zu transportieren. Darin sind wir wahre Naturtalente. Deshalb sehen unsere Produkte bei der Lieferung an unsere Kunden genauso sch\u00f6n aus wie bei ihrer Herstellung.<\/p>\n<\/div>\n<\/div>\n<\/div><\/section>","protected":false},"excerpt":{"rendered":"<p>CRAFTING EXCELLENCE Exploring timber Wood is not only used to make many of our products, it is also an important product category in our assortment. With an extensive range of timber products, including panels, profiles and scaffolding wood, we offer a suitable timber product for every purpose. TO SERVE Our customers We are able to [&hellip;]<\/p>","protected":false},"author":4,"featured_media":0,"parent":26,"menu_order":21,"comment_status":"closed","ping_status":"closed","template":"","meta":{"_acf_changed":false,"inline_featured_image":false,"footnotes":""},"class_list":["post-36","page","type-page","status-publish","hentry"],"acf":[],"yoast_head":"<!-- This site is optimized with the Yoast SEO plugin v26.4 - https:\/\/yoast.com\/wordpress\/plugins\/seo\/ -->\n<title>Timber - Deli Home<\/title>\n<meta name=\"description\" content=\"Deli Home&#039;s wood products are available under the CanDo brand and various labels.\" \/>\n<meta name=\"robots\" content=\"index, follow, max-snippet:-1, max-image-preview:large, max-video-preview:-1\" \/>\n<link rel=\"canonical\" href=\"https:\/\/www.deli-home.com\/de\/wp-json\/wp\/v2\/pages\/36\/\" \/>\n<meta property=\"og:locale\" content=\"de_DE\" \/>\n<meta property=\"og:type\" content=\"article\" \/>\n<meta property=\"og:title\" content=\"Timber - Deli Home\" \/>\n<meta property=\"og:description\" content=\"Deli Home&#039;s wood products are available under the CanDo brand and various labels.\" \/>\n<meta property=\"og:url\" content=\"https:\/\/www.deli-home.com\/de\/wp-json\/wp\/v2\/pages\/36\/\" \/>\n<meta property=\"og:site_name\" content=\"Deli Home\" \/>\n<meta property=\"article:modified_time\" content=\"2023-10-03T13:49:14+00:00\" \/>\n<meta property=\"og:image\" content=\"https:\/\/www.deli-home.com\/wp-content\/uploads\/2023\/09\/large-JPG-VR_FSC2-1024x683.jpg\" \/>\n<script type=\"application\/ld+json\" class=\"yoast-schema-graph\">{\"@context\":\"https:\/\/schema.org\",\"@graph\":[{\"@type\":\"WebPage\",\"@id\":\"https:\/\/www.deli-home.com\/fr\/produits\/bois\/\",\"url\":\"https:\/\/www.deli-home.com\/fr\/produits\/bois\/\",\"name\":\"Timber - Deli Home\",\"isPartOf\":{\"@id\":\"https:\/\/www.deli-home.com\/en\/#website\"},\"primaryImageOfPage\":{\"@id\":\"https:\/\/www.deli-home.com\/fr\/produits\/bois\/#primaryimage\"},\"image\":{\"@id\":\"https:\/\/www.deli-home.com\/fr\/produits\/bois\/#primaryimage\"},\"thumbnailUrl\":\"https:\/\/www.deli-home.com\/wp-content\/uploads\/2023\/09\/large-JPG-VR_FSC2-1024x683.jpg\",\"datePublished\":\"2023-07-18T10:22:28+00:00\",\"dateModified\":\"2023-10-03T13:49:14+00:00\",\"description\":\"Deli Home's wood products are available under the CanDo brand and various labels.\",\"breadcrumb\":{\"@id\":\"https:\/\/www.deli-home.com\/fr\/produits\/bois\/#breadcrumb\"},\"inLanguage\":\"de\",\"potentialAction\":[{\"@type\":\"ReadAction\",\"target\":[\"https:\/\/www.deli-home.com\/fr\/produits\/bois\/\"]}]},{\"@type\":\"ImageObject\",\"inLanguage\":\"de\",\"@id\":\"https:\/\/www.deli-home.com\/fr\/produits\/bois\/#primaryimage\",\"url\":\"https:\/\/www.deli-home.com\/wp-content\/uploads\/2023\/09\/large-JPG-VR_FSC2-1024x683.jpg\",\"contentUrl\":\"https:\/\/www.deli-home.com\/wp-content\/uploads\/2023\/09\/large-JPG-VR_FSC2-1024x683.jpg\"},{\"@type\":\"BreadcrumbList\",\"@id\":\"https:\/\/www.deli-home.com\/fr\/produits\/bois\/#breadcrumb\",\"itemListElement\":[{\"@type\":\"ListItem\",\"position\":1,\"name\":\"Home\",\"item\":\"https:\/\/www.deli-home.com\/en\/\"},{\"@type\":\"ListItem\",\"position\":2,\"name\":\"Categories\",\"item\":\"https:\/\/www.homeprovy.at\/nl\/producten\/\"},{\"@type\":\"ListItem\",\"position\":3,\"name\":\"Timber\"}]},{\"@type\":\"WebSite\",\"@id\":\"https:\/\/www.deli-home.com\/en\/#website\",\"url\":\"https:\/\/www.deli-home.com\/en\/\",\"name\":\"Deli Home\",\"description\":\"\",\"publisher\":{\"@id\":\"https:\/\/www.deli-home.com\/en\/#organization\"},\"potentialAction\":[{\"@type\":\"SearchAction\",\"target\":{\"@type\":\"EntryPoint\",\"urlTemplate\":\"https:\/\/www.deli-home.com\/en\/?s={search_term_string}\"},\"query-input\":{\"@type\":\"PropertyValueSpecification\",\"valueRequired\":true,\"valueName\":\"search_term_string\"}}],\"inLanguage\":\"de\"},{\"@type\":\"Organization\",\"@id\":\"https:\/\/www.deli-home.com\/en\/#organization\",\"name\":\"Deli Home\",\"url\":\"https:\/\/www.deli-home.com\/en\/\",\"logo\":{\"@type\":\"ImageObject\",\"inLanguage\":\"de\",\"@id\":\"https:\/\/www.deli-home.com\/en\/#\/schema\/logo\/image\/\",\"url\":\"https:\/\/www.deli-home.com\/wp-content\/uploads\/2023\/09\/favicon.png\",\"contentUrl\":\"https:\/\/www.deli-home.com\/wp-content\/uploads\/2023\/09\/favicon.png\",\"width\":500,\"height\":500,\"caption\":\"Deli Home\"},\"image\":{\"@id\":\"https:\/\/www.deli-home.com\/en\/#\/schema\/logo\/image\/\"},\"sameAs\":[\"https:\/\/www.linkedin.com\/company\/deli-home\/\"]}]}<\/script>\n<!-- \/ Yoast SEO plugin. -->","yoast_head_json":{"title":"Timber - Deli Home","description":"Deli Home's wood products are available under the CanDo brand and various labels.","robots":{"index":"index","follow":"follow","max-snippet":"max-snippet:-1","max-image-preview":"max-image-preview:large","max-video-preview":"max-video-preview:-1"},"canonical":"https:\/\/www.deli-home.com\/de\/wp-json\/wp\/v2\/pages\/36\/","og_locale":"de_DE","og_type":"article","og_title":"Timber - Deli Home","og_description":"Deli Home's wood products are available under the CanDo brand and various labels.","og_url":"https:\/\/www.deli-home.com\/de\/wp-json\/wp\/v2\/pages\/36\/","og_site_name":"Deli Home","article_modified_time":"2023-10-03T13:49:14+00:00","og_image":[{"url":"https:\/\/www.deli-home.com\/wp-content\/uploads\/2023\/09\/large-JPG-VR_FSC2-1024x683.jpg","type":"","width":"","height":""}],"schema":{"@context":"https:\/\/schema.org","@graph":[{"@type":"WebPage","@id":"https:\/\/www.deli-home.com\/fr\/produits\/bois\/","url":"https:\/\/www.deli-home.com\/fr\/produits\/bois\/","name":"Timber - Deli Home","isPartOf":{"@id":"https:\/\/www.deli-home.com\/en\/#website"},"primaryImageOfPage":{"@id":"https:\/\/www.deli-home.com\/fr\/produits\/bois\/#primaryimage"},"image":{"@id":"https:\/\/www.deli-home.com\/fr\/produits\/bois\/#primaryimage"},"thumbnailUrl":"https:\/\/www.deli-home.com\/wp-content\/uploads\/2023\/09\/large-JPG-VR_FSC2-1024x683.jpg","datePublished":"2023-07-18T10:22:28+00:00","dateModified":"2023-10-03T13:49:14+00:00","description":"Deli Home's wood products are available under the CanDo brand and various labels.","breadcrumb":{"@id":"https:\/\/www.deli-home.com\/fr\/produits\/bois\/#breadcrumb"},"inLanguage":"de","potentialAction":[{"@type":"ReadAction","target":["https:\/\/www.deli-home.com\/fr\/produits\/bois\/"]}]},{"@type":"ImageObject","inLanguage":"de","@id":"https:\/\/www.deli-home.com\/fr\/produits\/bois\/#primaryimage","url":"https:\/\/www.deli-home.com\/wp-content\/uploads\/2023\/09\/large-JPG-VR_FSC2-1024x683.jpg","contentUrl":"https:\/\/www.deli-home.com\/wp-content\/uploads\/2023\/09\/large-JPG-VR_FSC2-1024x683.jpg"},{"@type":"BreadcrumbList","@id":"https:\/\/www.deli-home.com\/fr\/produits\/bois\/#breadcrumb","itemListElement":[{"@type":"ListItem","position":1,"name":"Home","item":"https:\/\/www.deli-home.com\/en\/"},{"@type":"ListItem","position":2,"name":"Categories","item":"https:\/\/www.homeprovy.at\/nl\/producten\/"},{"@type":"ListItem","position":3,"name":"Timber"}]},{"@type":"WebSite","@id":"https:\/\/www.deli-home.com\/en\/#website","url":"https:\/\/www.deli-home.com\/en\/","name":"Deli Home","description":"","publisher":{"@id":"https:\/\/www.deli-home.com\/en\/#organization"},"potentialAction":[{"@type":"SearchAction","target":{"@type":"EntryPoint","urlTemplate":"https:\/\/www.deli-home.com\/en\/?s={search_term_string}"},"query-input":{"@type":"PropertyValueSpecification","valueRequired":true,"valueName":"search_term_string"}}],"inLanguage":"de"},{"@type":"Organization","@id":"https:\/\/www.deli-home.com\/en\/#organization","name":"Deli Home","url":"https:\/\/www.deli-home.com\/en\/","logo":{"@type":"ImageObject","inLanguage":"de","@id":"https:\/\/www.deli-home.com\/en\/#\/schema\/logo\/image\/","url":"https:\/\/www.deli-home.com\/wp-content\/uploads\/2023\/09\/favicon.png","contentUrl":"https:\/\/www.deli-home.com\/wp-content\/uploads\/2023\/09\/favicon.png","width":500,"height":500,"caption":"Deli Home"},"image":{"@id":"https:\/\/www.deli-home.com\/en\/#\/schema\/logo\/image\/"},"sameAs":["https:\/\/www.linkedin.com\/company\/deli-home\/"]}]}},"_links":{"self":[{"href":"https:\/\/www.deli-home.com\/de\/wp-json\/wp\/v2\/pages\/36","targetHints":{"allow":["GET"]}}],"collection":[{"href":"https:\/\/www.deli-home.com\/de\/wp-json\/wp\/v2\/pages"}],"about":[{"href":"https:\/\/www.deli-home.com\/de\/wp-json\/wp\/v2\/types\/page"}],"author":[{"embeddable":true,"href":"https:\/\/www.deli-home.com\/de\/wp-json\/wp\/v2\/users\/4"}],"replies":[{"embeddable":true,"href":"https:\/\/www.deli-home.com\/de\/wp-json\/wp\/v2\/comments?post=36"}],"version-history":[{"count":12,"href":"https:\/\/www.deli-home.com\/de\/wp-json\/wp\/v2\/pages\/36\/revisions"}],"predecessor-version":[{"id":4929,"href":"https:\/\/www.deli-home.com\/de\/wp-json\/wp\/v2\/pages\/36\/revisions\/4929"}],"up":[{"embeddable":true,"href":"https:\/\/www.deli-home.com\/de\/wp-json\/wp\/v2\/pages\/26"}],"wp:attachment":[{"href":"https:\/\/www.deli-home.com\/de\/wp-json\/wp\/v2\/media?parent=36"}],"curies":[{"name":"wp","href":"https:\/\/api.w.org\/{rel}","templated":true}]}}