{"id":40,"date":"2023-07-18T10:23:04","date_gmt":"2023-07-18T10:23:04","guid":{"rendered":"https:\/\/www.deli-home.com\/?page_id=40"},"modified":"2024-01-30T08:24:44","modified_gmt":"2024-01-30T08:24:44","slug":"insect-screens","status":"publish","type":"page","link":"https:\/\/www.deli-home.com\/de\/produkte\/insektenschutzgitter\/","title":{"rendered":"Insektenschutzgitter"},"content":{"rendered":"<div class=\"wp-block-cover alignfull has-parallax\" style=\"min-height:700px;aspect-ratio:unset;\"><span aria-hidden=\"true\" class=\"wp-block-cover__background has-background-dim-100 has-background-dim wp-block-cover__gradient-background has-background-gradient\" style=\"background:linear-gradient(90deg,rgba(2,19,45,0.8) 0%,rgba(2,19,45,0.5) 37%,rgba(2,19,45,0) 98%)\"><\/span><div role=\"img\" class=\"wp-block-cover__image-background wp-image-339 has-parallax\" style=\"background-position:50% 50%;background-image:url(https:\/\/www.deli-home.com\/wp-content\/uploads\/2023\/08\/horren-1.jpg)\"><\/div><div class=\"wp-block-cover__inner-container is-layout-flow wp-block-cover-is-layout-flow\">\n<div class=\"wp-block-group\"><div class=\"wp-block-group__inner-container is-layout-constrained wp-block-group-is-layout-constrained\">\n<div class=\"wp-block-columns is-layout-flex wp-container-core-columns-is-layout-1 wp-block-columns-is-layout-flex\">\n<div class=\"wp-block-column is-layout-flow wp-block-column-is-layout-flow\" style=\"flex-basis:15%\"><\/div>\n\n\n\n<div class=\"wp-block-column is-layout-flow wp-block-column-is-layout-flow\" style=\"flex-basis:70%\"><div id=\"div_block-2-1060\" class=\"ct-div-block\" ><img decoding=\"async\"  id=\"image-3-1060\" alt=\"\" src=\"https:\/\/www.deli-home.com\/wp-content\/uploads\/2023\/08\/screens-wit.svg\" class=\"ct-image\"\/><h1 id=\"headline-4-1060\" class=\"ct-headline\">Insektenschutzgitter<\/h1><\/div><\/div>\n\n\n\n<div class=\"wp-block-column is-layout-flow wp-block-column-is-layout-flow\" style=\"flex-basis:15%\"><\/div>\n<\/div>\n<\/div><\/div>\n<\/div><\/div>\n\n\n\n<section class=\"wp-block-group\"><div class=\"wp-block-group__inner-container is-layout-constrained wp-block-group-is-layout-constrained\">\n<div class=\"wp-block-columns is-layout-flex wp-container-core-columns-is-layout-2 wp-block-columns-is-layout-flex\">\n<div class=\"wp-block-column is-layout-flow wp-block-column-is-layout-flow\" style=\"flex-basis:25%\"><\/div>\n\n\n\n<div class=\"wp-block-column is-layout-flow wp-block-column-is-layout-flow\" style=\"flex-basis:65%\">\n<p class=\"has-text-align-center has-text-color has-medium-font-size\" style=\"color:#2bb3eb\"><strong><strong><strong>ERSTKLASSIGES HANDWERK<\/strong><\/strong><\/strong><\/p>\n\n\n\n<h2 class=\"wp-block-heading has-text-align-center\">Innovative Insektenschutzgitter<\/h2>\n\n\n\n<p class=\"has-text-align-center\">Wir liefern unsere Insektenschutzgitter im In- und Ausland unter bekannten Marken, wie <a href=\"https:\/\/www.deli-home.com\/de\/brand\/cando\/\">CanDo<\/a> , <a href=\"https:\/\/www.deli-home.com\/de\/brand\/bruynzeel\/\">Bruynzeel<\/a> und Hamstra. Die Insektenschutzgitter sind haupts\u00e4chlich in gro\u00dfen Baum\u00e4rkten erh\u00e4ltlich, aber auch bei serviceorientierten Einzelh\u00e4ndlern und M\u00f6belh\u00e4usern.<\/p>\n<\/div>\n\n\n\n<div class=\"wp-block-column is-layout-flow wp-block-column-is-layout-flow\" style=\"flex-basis:25%\"><\/div>\n<\/div>\n<\/div><\/section>\n\n\n\n<div class=\"wp-block-group\"><div class=\"wp-block-group__inner-container is-layout-constrained wp-block-group-is-layout-constrained\">\n<div class=\"wp-block-media-text alignwide is-stacked-on-mobile is-vertically-aligned-top is-image-fill\"><figure class=\"wp-block-media-text__media\" style=\"background-image:url(https:\/\/www.deli-home.com\/wp-content\/uploads\/2023\/09\/medium-JPG-Hamstra-duorolhor-sfeer-3-1-1024x683.jpg);background-position:66% 55%\"><img loading=\"lazy\" decoding=\"async\" width=\"1024\" height=\"683\" src=\"https:\/\/www.deli-home.com\/wp-content\/uploads\/2023\/09\/medium-JPG-Hamstra-duorolhor-sfeer-3-1-1024x683.jpg\" alt=\"\" class=\"wp-image-1362 size-full\" srcset=\"https:\/\/www.deli-home.com\/wp-content\/uploads\/2023\/09\/medium-JPG-Hamstra-duorolhor-sfeer-3-1-1024x683.jpg 1024w, https:\/\/www.deli-home.com\/wp-content\/uploads\/2023\/09\/medium-JPG-Hamstra-duorolhor-sfeer-3-1-300x200.jpg 300w, https:\/\/www.deli-home.com\/wp-content\/uploads\/2023\/09\/medium-JPG-Hamstra-duorolhor-sfeer-3-1-768x512.jpg 768w, https:\/\/www.deli-home.com\/wp-content\/uploads\/2023\/09\/medium-JPG-Hamstra-duorolhor-sfeer-3-1-1536x1024.jpg 1536w, https:\/\/www.deli-home.com\/wp-content\/uploads\/2023\/09\/medium-JPG-Hamstra-duorolhor-sfeer-3-1-18x12.jpg 18w, https:\/\/www.deli-home.com\/wp-content\/uploads\/2023\/09\/medium-JPG-Hamstra-duorolhor-sfeer-3-1.jpg 1900w\" sizes=\"auto, (max-width: 1024px) 100vw, 1024px\" \/><\/figure><div class=\"wp-block-media-text__content\">\n<p class=\"has-text-align-left has-text-color has-medium-font-size\" style=\"color:#2bb3eb\"><strong><strong>DIENST<\/strong><\/strong><\/p>\n\n\n\n<h2 class=\"wp-block-heading\">Am Kunden<br><\/h2>\n\n\n\n<p>Mit unserer langj\u00e4hrigen Erfahrung mit Insektenschutzgittern wissen wir, welche Art von Service notwendig ist, um dem Verbraucher den Kauf oder die Installation des richtigen Gitters noch einfacher zu machen. Wir erstellen Regalpl\u00e4ne, entwickeln Pr\u00e4sentationsmaterial und liefern PoS-Material und Displays. Wir erstellen auch Videos mit Montageanleitungen, die die Verbraucher \u00fcber die Vorz\u00fcge unserer Produkte informieren. Diese Ma\u00dfanfertigungen k\u00f6nnen \u00fcber einen Online-Konfigurator bestellt werden, mit dem Sie in wenigen Schritten ein individuelles Schutzgitter erstellen k\u00f6nnen.<\/p>\n<\/div><\/div>\n<\/div><\/div>\n\n\n\n<div class=\"wp-block-group\"><div class=\"wp-block-group__inner-container is-layout-constrained wp-block-group-is-layout-constrained\">\n<div class=\"wp-block-media-text has-media-on-the-right is-stacked-on-mobile is-image-fill\"><div class=\"wp-block-media-text__content\">\n<p class=\"has-text-align-left has-text-color has-medium-font-size\" style=\"color:#2bb3eb\"><strong><strong>KONTINUIERLICHE ENTWICKLUNG<\/strong><\/strong><\/p>\n\n\n\n<h2 class=\"wp-block-heading has-text-align-left\">L\u00f6sungen f\u00fcr Insektenschutzgitter<\/h2>\n\n\n\n<p class=\"has-text-align-left\">Wir entwickeln unsere Schutzgitter ausschlie\u00dflich im eigenen Betrieb und niemals zulasten der Qualit\u00e4t. Wir verkaufen jedes Jahr Millionen von Schutzgitter-Produkten weltweit. In den Benelux-L\u00e4ndern sind wir Marktf\u00fchrer bei Schutzgittern. Das erzeugt naturgem\u00e4\u00df hohe Anspr\u00fcche, und deshalb investieren wir in unserer Fabrik massiv in die Produktentwicklung von Schutzgittern. Denn ein Schutzgitter kann mehr als nur funktional sein. Durch die Kombination von Schutzgittern mit dekorativen Produkten und attraktiven Designs verwandeln wir Schutzgitter in eine stilvolle Erg\u00e4nzung zu jeder Inneneinrichtung.<\/p>\n<\/div><figure class=\"wp-block-media-text__media\" style=\"background-image:url(https:\/\/www.deli-home.com\/wp-content\/uploads\/2023\/09\/medium-JPG-Hamstra-Schuifhordeur-solide-1-922x1024.jpg);background-position:45% 21%\"><img loading=\"lazy\" decoding=\"async\" width=\"922\" height=\"1024\" src=\"https:\/\/www.deli-home.com\/wp-content\/uploads\/2023\/09\/medium-JPG-Hamstra-Schuifhordeur-solide-1-922x1024.jpg\" alt=\"\" class=\"wp-image-1357 size-full\" srcset=\"https:\/\/www.deli-home.com\/wp-content\/uploads\/2023\/09\/medium-JPG-Hamstra-Schuifhordeur-solide-1-922x1024.jpg 922w, https:\/\/www.deli-home.com\/wp-content\/uploads\/2023\/09\/medium-JPG-Hamstra-Schuifhordeur-solide-1-270x300.jpg 270w, https:\/\/www.deli-home.com\/wp-content\/uploads\/2023\/09\/medium-JPG-Hamstra-Schuifhordeur-solide-1-768x853.jpg 768w, https:\/\/www.deli-home.com\/wp-content\/uploads\/2023\/09\/medium-JPG-Hamstra-Schuifhordeur-solide-1-1382x1536.jpg 1382w, https:\/\/www.deli-home.com\/wp-content\/uploads\/2023\/09\/medium-JPG-Hamstra-Schuifhordeur-solide-1-11x12.jpg 11w, https:\/\/www.deli-home.com\/wp-content\/uploads\/2023\/09\/medium-JPG-Hamstra-Schuifhordeur-solide-1.jpg 1710w\" sizes=\"auto, (max-width: 922px) 100vw, 922px\" \/><\/figure><\/div>\n<\/div><\/div>\n\n\n\n<div class=\"wp-block-group alignfull has-background\" style=\"background:linear-gradient(160deg,rgba(18,112,166,0.09) 0%,rgba(255,255,255,0) 100%)\"><div class=\"wp-block-group__inner-container is-layout-constrained wp-block-group-is-layout-constrained\">\n<div class=\"wp-block-group\"><div class=\"wp-block-group__inner-container is-layout-constrained wp-block-group-is-layout-constrained\">\n<div class=\"wp-block-columns is-layout-flex wp-container-core-columns-is-layout-3 wp-block-columns-is-layout-flex\">\n<div class=\"wp-block-column is-layout-flow wp-block-column-is-layout-flow\" style=\"flex-basis:25%\"><\/div>\n\n\n\n<div class=\"wp-block-column is-layout-flow wp-block-column-is-layout-flow\" style=\"flex-basis:65%\">\n<h4 class=\"wp-block-heading has-text-align-center\">Unter den folgenden Marken erh\u00e4ltlich<\/h4>\n<\/div>\n\n\n\n<div class=\"wp-block-column is-layout-flow wp-block-column-is-layout-flow\" style=\"flex-basis:25%\"><\/div>\n<\/div>\n<\/div><\/div>\n\n\n\n<div class=\"wp-block-group alignwide is-content-justification-space-between is-nowrap is-layout-flex wp-container-core-group-is-layout-6 wp-block-group-is-layout-flex\">\n<figure class=\"wp-block-image size-large is-resized\"><a href=\"https:\/\/www.cando.eu\/\" target=\"_blank\" rel=\"noopener\"><img decoding=\"async\" src=\"https:\/\/www.deli-home.com\/wp-content\/uploads\/2023\/08\/merk-cando.svg\" alt=\"\" class=\"wp-image-253\" style=\"height:50px\" height=\"50\"\/><\/a><\/figure>\n\n\n\n<figure class=\"wp-block-image size-large is-resized\"><a href=\"https:\/\/bruynzeelhomeproducts.nl\" target=\"_blank\" rel=\"noopener\"><img decoding=\"async\" src=\"https:\/\/www.deli-home.com\/wp-content\/uploads\/2023\/08\/merk-bruynzeel.svg\" alt=\"\" class=\"wp-image-252\" style=\"height:80px\" height=\"80\"\/><\/a><\/figure>\n\n\n\n<figure class=\"wp-block-image size-large is-resized\"><a href=\"https:\/\/hamstrahorren.nl\/\" target=\"_blank\" rel=\"noopener\"><img decoding=\"async\" src=\"https:\/\/www.deli-home.com\/wp-content\/uploads\/2023\/08\/hamstra.svg\" alt=\"\" class=\"wp-image-287\" style=\"height:90px\" height=\"90\"\/><\/a><\/figure>\n\n\n\n<figure class=\"wp-block-image size-large is-resized\"><a href=\"https:\/\/flexscreen.com\/\" target=\"_blank\" rel=\"noopener\"><img loading=\"lazy\" decoding=\"async\" src=\"https:\/\/www.deli-home.com\/wp-content\/uploads\/2024\/01\/FlexScreen-Full-Logo-Black-1024x258.png\" alt=\"\" class=\"wp-image-5618\" style=\"object-fit:contain;width:250px;height:100px\" width=\"250\" height=\"100\"\/><\/a><\/figure>\n<\/div>\n\n\n\n<div style=\"height:40px\" aria-hidden=\"true\" class=\"wp-block-spacer\"><\/div>\n<\/div><\/div>\n\n\n\n<section class=\"wp-block-group\"><div class=\"wp-block-group__inner-container is-layout-constrained wp-block-group-is-layout-constrained\">\n<p class=\"has-text-align-left has-text-color has-medium-font-size\" style=\"color:#2bb3eb\"><strong><strong><strong>ERLEBEN SIE<\/strong><\/strong><\/strong><\/p>\n\n\n\n<h2 class=\"wp-block-heading\">Innovation und Zukunft<\/h2>\n\n\n\n<div class=\"wp-block-columns is-layout-flex wp-container-core-columns-is-layout-4 wp-block-columns-is-layout-flex\">\n<div class=\"wp-block-column is-layout-flow wp-block-column-is-layout-flow\" style=\"flex-basis:50%\">\n<p class=\"has-text-align-left\">Unsere umfangreiche Produktpalette geht Hand in Hand mit einem gro\u00dfen Kundenkreis. Um die Lieferungen zu koordinieren, stehen wir immer in engem Kontakt mit diesen Kunden. Da Insektenschutzgitter ein saisonales Produkt sind, ist die Optimierung der Lagerbest\u00e4nde eine gro\u00dfe Herausforderung. Unser logistisches Fachwissen erm\u00f6glicht es uns, den Erwartungen unserer Kunden Saison f\u00fcr Saison gerecht zu werden.<\/p>\n<\/div>\n\n\n\n<div class=\"wp-block-column is-layout-flow wp-block-column-is-layout-flow\" style=\"flex-basis:50%\">\n<p class=\"has-text-align-left\">Unser Service geht jedoch noch einen Schritt weiter: \u00dcber unser umfangreiches Logistiknetzwerk k\u00fcmmern wir uns um die Auslieferung der Produkte an den Einzelh\u00e4ndler oder an den Verbraucher zu Hause. Die vollst\u00e4ndig personalisierten Produkte werden innerhalb von acht Arbeitstagen zum Verbraucher nach Hause geliefert. <\/p>\n<\/div>\n<\/div>\n<\/div><\/section>","protected":false},"excerpt":{"rendered":"<p>CRAFTING EXCELLENCE Innovative insect screens We deliver our insect screens locally and abroad under established brands, such as CanDo , Bruynzeel and Hamstra. The insect screens are mainly available in large-scale DIY stores, but also at service-oriented retailers and home furnishing retailers. OUR SERVICE Service for our customers Thanks to our expertise in insect screens, [&hellip;]<\/p>","protected":false},"author":4,"featured_media":0,"parent":26,"menu_order":23,"comment_status":"closed","ping_status":"closed","template":"","meta":{"_acf_changed":false,"inline_featured_image":false,"footnotes":""},"class_list":["post-40","page","type-page","status-publish","hentry"],"acf":[],"yoast_head":"<!-- This site is optimized with the Yoast SEO plugin v26.4 - https:\/\/yoast.com\/wordpress\/plugins\/seo\/ -->\n<title>Insect Screens - Deli Home<\/title>\n<meta name=\"description\" content=\"Deli Home&#039;s insect screens are available under the brands CanDo and Bruynzeel.\" \/>\n<meta name=\"robots\" content=\"index, follow, max-snippet:-1, max-image-preview:large, max-video-preview:-1\" \/>\n<link rel=\"canonical\" href=\"https:\/\/www.deli-home.com\/de\/wp-json\/wp\/v2\/pages\/40\/\" \/>\n<meta property=\"og:locale\" content=\"de_DE\" \/>\n<meta property=\"og:type\" content=\"article\" \/>\n<meta property=\"og:title\" content=\"Insect Screens - Deli Home\" \/>\n<meta property=\"og:description\" content=\"Deli Home&#039;s insect screens are available under the brands CanDo and Bruynzeel.\" \/>\n<meta property=\"og:url\" content=\"https:\/\/www.deli-home.com\/de\/wp-json\/wp\/v2\/pages\/40\/\" \/>\n<meta property=\"og:site_name\" content=\"Deli Home\" \/>\n<meta property=\"article:modified_time\" content=\"2024-01-30T08:24:44+00:00\" \/>\n<meta property=\"og:image\" content=\"https:\/\/www.deli-home.com\/wp-content\/uploads\/2023\/09\/medium-JPG-Hamstra-duorolhor-sfeer-3-1-1024x683.jpg\" \/>\n<script type=\"application\/ld+json\" class=\"yoast-schema-graph\">{\"@context\":\"https:\/\/schema.org\",\"@graph\":[{\"@type\":\"WebPage\",\"@id\":\"https:\/\/www.homeprovy.dk\/en\/categories\/insect-screens\/\",\"url\":\"https:\/\/www.homeprovy.dk\/en\/categories\/insect-screens\/\",\"name\":\"Insect Screens - Deli Home\",\"isPartOf\":{\"@id\":\"https:\/\/www.deli-home.com\/nl\/#website\"},\"primaryImageOfPage\":{\"@id\":\"https:\/\/www.homeprovy.dk\/en\/categories\/insect-screens\/#primaryimage\"},\"image\":{\"@id\":\"https:\/\/www.homeprovy.dk\/en\/categories\/insect-screens\/#primaryimage\"},\"thumbnailUrl\":\"https:\/\/www.deli-home.com\/wp-content\/uploads\/2023\/09\/medium-JPG-Hamstra-duorolhor-sfeer-3-1-1024x683.jpg\",\"datePublished\":\"2023-07-18T10:23:04+00:00\",\"dateModified\":\"2024-01-30T08:24:44+00:00\",\"description\":\"Deli Home's insect screens are available under the brands CanDo and Bruynzeel.\",\"breadcrumb\":{\"@id\":\"https:\/\/www.homeprovy.dk\/en\/categories\/insect-screens\/#breadcrumb\"},\"inLanguage\":\"de\",\"potentialAction\":[{\"@type\":\"ReadAction\",\"target\":[\"https:\/\/www.homeprovy.dk\/en\/categories\/insect-screens\/\"]}]},{\"@type\":\"ImageObject\",\"inLanguage\":\"de\",\"@id\":\"https:\/\/www.homeprovy.dk\/en\/categories\/insect-screens\/#primaryimage\",\"url\":\"https:\/\/www.deli-home.com\/wp-content\/uploads\/2023\/09\/medium-JPG-Hamstra-duorolhor-sfeer-3-1-1024x683.jpg\",\"contentUrl\":\"https:\/\/www.deli-home.com\/wp-content\/uploads\/2023\/09\/medium-JPG-Hamstra-duorolhor-sfeer-3-1-1024x683.jpg\"},{\"@type\":\"BreadcrumbList\",\"@id\":\"https:\/\/www.homeprovy.dk\/en\/categories\/insect-screens\/#breadcrumb\",\"itemListElement\":[{\"@type\":\"ListItem\",\"position\":1,\"name\":\"Home\",\"item\":\"https:\/\/www.deli-home.com\/nl\/\"},{\"@type\":\"ListItem\",\"position\":2,\"name\":\"Categories\",\"item\":\"https:\/\/www.homeprovy.fr\/de\/produkte\/\"},{\"@type\":\"ListItem\",\"position\":3,\"name\":\"Insect Screens\"}]},{\"@type\":\"WebSite\",\"@id\":\"https:\/\/www.deli-home.com\/nl\/#website\",\"url\":\"https:\/\/www.deli-home.com\/nl\/\",\"name\":\"Deli Home\",\"description\":\"\",\"publisher\":{\"@id\":\"https:\/\/www.deli-home.com\/nl\/#organization\"},\"potentialAction\":[{\"@type\":\"SearchAction\",\"target\":{\"@type\":\"EntryPoint\",\"urlTemplate\":\"https:\/\/www.deli-home.com\/nl\/?s={search_term_string}\"},\"query-input\":{\"@type\":\"PropertyValueSpecification\",\"valueRequired\":true,\"valueName\":\"search_term_string\"}}],\"inLanguage\":\"de\"},{\"@type\":\"Organization\",\"@id\":\"https:\/\/www.deli-home.com\/nl\/#organization\",\"name\":\"Deli Home\",\"url\":\"https:\/\/www.deli-home.com\/nl\/\",\"logo\":{\"@type\":\"ImageObject\",\"inLanguage\":\"de\",\"@id\":\"https:\/\/www.deli-home.com\/nl\/#\/schema\/logo\/image\/\",\"url\":\"https:\/\/www.deli-home.com\/wp-content\/uploads\/2023\/09\/favicon.png\",\"contentUrl\":\"https:\/\/www.deli-home.com\/wp-content\/uploads\/2023\/09\/favicon.png\",\"width\":500,\"height\":500,\"caption\":\"Deli Home\"},\"image\":{\"@id\":\"https:\/\/www.deli-home.com\/nl\/#\/schema\/logo\/image\/\"},\"sameAs\":[\"https:\/\/www.linkedin.com\/company\/deli-home\/\"]}]}<\/script>\n<!-- \/ Yoast SEO plugin. -->","yoast_head_json":{"title":"Insect Screens - Deli Home","description":"Deli Home's insect screens are available under the brands CanDo and Bruynzeel.","robots":{"index":"index","follow":"follow","max-snippet":"max-snippet:-1","max-image-preview":"max-image-preview:large","max-video-preview":"max-video-preview:-1"},"canonical":"https:\/\/www.deli-home.com\/de\/wp-json\/wp\/v2\/pages\/40\/","og_locale":"de_DE","og_type":"article","og_title":"Insect Screens - Deli Home","og_description":"Deli Home's insect screens are available under the brands CanDo and Bruynzeel.","og_url":"https:\/\/www.deli-home.com\/de\/wp-json\/wp\/v2\/pages\/40\/","og_site_name":"Deli Home","article_modified_time":"2024-01-30T08:24:44+00:00","og_image":[{"url":"https:\/\/www.deli-home.com\/wp-content\/uploads\/2023\/09\/medium-JPG-Hamstra-duorolhor-sfeer-3-1-1024x683.jpg","type":"","width":"","height":""}],"schema":{"@context":"https:\/\/schema.org","@graph":[{"@type":"WebPage","@id":"https:\/\/www.homeprovy.dk\/en\/categories\/insect-screens\/","url":"https:\/\/www.homeprovy.dk\/en\/categories\/insect-screens\/","name":"Insect Screens - Deli Home","isPartOf":{"@id":"https:\/\/www.deli-home.com\/nl\/#website"},"primaryImageOfPage":{"@id":"https:\/\/www.homeprovy.dk\/en\/categories\/insect-screens\/#primaryimage"},"image":{"@id":"https:\/\/www.homeprovy.dk\/en\/categories\/insect-screens\/#primaryimage"},"thumbnailUrl":"https:\/\/www.deli-home.com\/wp-content\/uploads\/2023\/09\/medium-JPG-Hamstra-duorolhor-sfeer-3-1-1024x683.jpg","datePublished":"2023-07-18T10:23:04+00:00","dateModified":"2024-01-30T08:24:44+00:00","description":"Deli Home's insect screens are available under the brands CanDo and Bruynzeel.","breadcrumb":{"@id":"https:\/\/www.homeprovy.dk\/en\/categories\/insect-screens\/#breadcrumb"},"inLanguage":"de","potentialAction":[{"@type":"ReadAction","target":["https:\/\/www.homeprovy.dk\/en\/categories\/insect-screens\/"]}]},{"@type":"ImageObject","inLanguage":"de","@id":"https:\/\/www.homeprovy.dk\/en\/categories\/insect-screens\/#primaryimage","url":"https:\/\/www.deli-home.com\/wp-content\/uploads\/2023\/09\/medium-JPG-Hamstra-duorolhor-sfeer-3-1-1024x683.jpg","contentUrl":"https:\/\/www.deli-home.com\/wp-content\/uploads\/2023\/09\/medium-JPG-Hamstra-duorolhor-sfeer-3-1-1024x683.jpg"},{"@type":"BreadcrumbList","@id":"https:\/\/www.homeprovy.dk\/en\/categories\/insect-screens\/#breadcrumb","itemListElement":[{"@type":"ListItem","position":1,"name":"Home","item":"https:\/\/www.deli-home.com\/nl\/"},{"@type":"ListItem","position":2,"name":"Categories","item":"https:\/\/www.homeprovy.fr\/de\/produkte\/"},{"@type":"ListItem","position":3,"name":"Insect Screens"}]},{"@type":"WebSite","@id":"https:\/\/www.deli-home.com\/nl\/#website","url":"https:\/\/www.deli-home.com\/nl\/","name":"Deli Home","description":"","publisher":{"@id":"https:\/\/www.deli-home.com\/nl\/#organization"},"potentialAction":[{"@type":"SearchAction","target":{"@type":"EntryPoint","urlTemplate":"https:\/\/www.deli-home.com\/nl\/?s={search_term_string}"},"query-input":{"@type":"PropertyValueSpecification","valueRequired":true,"valueName":"search_term_string"}}],"inLanguage":"de"},{"@type":"Organization","@id":"https:\/\/www.deli-home.com\/nl\/#organization","name":"Deli Home","url":"https:\/\/www.deli-home.com\/nl\/","logo":{"@type":"ImageObject","inLanguage":"de","@id":"https:\/\/www.deli-home.com\/nl\/#\/schema\/logo\/image\/","url":"https:\/\/www.deli-home.com\/wp-content\/uploads\/2023\/09\/favicon.png","contentUrl":"https:\/\/www.deli-home.com\/wp-content\/uploads\/2023\/09\/favicon.png","width":500,"height":500,"caption":"Deli Home"},"image":{"@id":"https:\/\/www.deli-home.com\/nl\/#\/schema\/logo\/image\/"},"sameAs":["https:\/\/www.linkedin.com\/company\/deli-home\/"]}]}},"_links":{"self":[{"href":"https:\/\/www.deli-home.com\/de\/wp-json\/wp\/v2\/pages\/40","targetHints":{"allow":["GET"]}}],"collection":[{"href":"https:\/\/www.deli-home.com\/de\/wp-json\/wp\/v2\/pages"}],"about":[{"href":"https:\/\/www.deli-home.com\/de\/wp-json\/wp\/v2\/types\/page"}],"author":[{"embeddable":true,"href":"https:\/\/www.deli-home.com\/de\/wp-json\/wp\/v2\/users\/4"}],"replies":[{"embeddable":true,"href":"https:\/\/www.deli-home.com\/de\/wp-json\/wp\/v2\/comments?post=40"}],"version-history":[{"count":37,"href":"https:\/\/www.deli-home.com\/de\/wp-json\/wp\/v2\/pages\/40\/revisions"}],"predecessor-version":[{"id":5622,"href":"https:\/\/www.deli-home.com\/de\/wp-json\/wp\/v2\/pages\/40\/revisions\/5622"}],"up":[{"embeddable":true,"href":"https:\/\/www.deli-home.com\/de\/wp-json\/wp\/v2\/pages\/26"}],"wp:attachment":[{"href":"https:\/\/www.deli-home.com\/de\/wp-json\/wp\/v2\/media?parent=40"}],"curies":[{"name":"wp","href":"https:\/\/api.w.org\/{rel}","templated":true}]}}