{"id":42,"date":"2023-07-18T10:23:17","date_gmt":"2023-07-18T10:23:17","guid":{"rendered":"https:\/\/www.deli-home.com\/?page_id=42"},"modified":"2025-11-07T12:55:12","modified_gmt":"2025-11-07T12:55:12","slug":"storage","status":"publish","type":"page","link":"https:\/\/www.deli-home.com\/de\/produkte\/aufbewahrungsmobel\/","title":{"rendered":"Lagerung"},"content":{"rendered":"<div class=\"wp-block-cover alignfull has-parallax\" style=\"min-height:700px;aspect-ratio:unset;\"><span aria-hidden=\"true\" class=\"wp-block-cover__background has-background-dim-100 has-background-dim wp-block-cover__gradient-background has-background-gradient\" style=\"background:linear-gradient(90deg,rgba(2,19,45,0.8) 0%,rgba(2,19,45,0.5) 37%,rgba(2,19,45,0) 98%)\"><\/span><div role=\"img\" class=\"wp-block-cover__image-background wp-image-565 has-parallax\" style=\"background-position:50% 50%;background-image:url(https:\/\/www.deli-home.com\/wp-content\/uploads\/2023\/08\/large-JPG-Raffito_Eetkamer_Klassiek-stijldeuren-Guspino-Kashmir-Mat-Bracciano-nero_hoekkast_groot-scaled.jpg)\"><\/div><div class=\"wp-block-cover__inner-container is-layout-flow wp-block-cover-is-layout-flow\">\n<div class=\"wp-block-group\"><div class=\"wp-block-group__inner-container is-layout-constrained wp-block-group-is-layout-constrained\">\n<div class=\"wp-block-columns is-layout-flex wp-container-core-columns-is-layout-1 wp-block-columns-is-layout-flex\">\n<div class=\"wp-block-column is-layout-flow wp-block-column-is-layout-flow\" style=\"flex-basis:15%\"><\/div>\n\n\n\n<div class=\"wp-block-column is-layout-flow wp-block-column-is-layout-flow\" style=\"flex-basis:70%\"><div id=\"div_block-2-1060\" class=\"ct-div-block\" ><img decoding=\"async\"  id=\"image-3-1060\" alt=\"\" src=\"https:\/\/www.deli-home.com\/wp-content\/uploads\/2023\/08\/store-wit.svg\" class=\"ct-image\"\/><h1 id=\"headline-4-1060\" class=\"ct-headline\">Aufbewahrung und M\u00f6bel<\/h1><\/div><\/div>\n\n\n\n<div class=\"wp-block-column is-layout-flow wp-block-column-is-layout-flow\" style=\"flex-basis:15%\"><\/div>\n<\/div>\n<\/div><\/div>\n<\/div><\/div>\n\n\n\n<section class=\"wp-block-group\"><div class=\"wp-block-group__inner-container is-layout-constrained wp-block-group-is-layout-constrained\">\n<div class=\"wp-block-columns is-layout-flex wp-container-core-columns-is-layout-2 wp-block-columns-is-layout-flex\">\n<div class=\"wp-block-column is-layout-flow wp-block-column-is-layout-flow\" style=\"flex-basis:25%\"><\/div>\n\n\n\n<div class=\"wp-block-column is-layout-flow wp-block-column-is-layout-flow\" style=\"flex-basis:65%\">\n<p class=\"has-text-align-center has-text-color has-medium-font-size\" style=\"color:#2bb3eb\"><strong><strong><strong>ERSTKLASSIGES HANDWERK<\/strong><\/strong><\/strong><\/p>\n\n\n\n<h2 class=\"wp-block-heading has-text-align-center\">Entdecken Sie unsere innovativen Aufbewahrungsm\u00f6bel<\/h2>\n\n\n\n<p class=\"has-text-align-center\">Das Aufbewahrungssortiment von Deli Home ist unter verschiedenen bekannten Marken und Labels erh\u00e4ltlich, wie <a href=\"http:\/\/cando.eu\" target=\"_blank\" rel=\"noreferrer noopener\">CanDo<\/a>, <a href=\"https:\/\/www.deli-home.com\/de\/brand\/lundia\/\">Lundia<\/a>, <a href=\"https:\/\/www.deli-home.com\/de\/brand\/raffito\/\">Raffito <\/a>und <a href=\"http:\/\/storemax.eu\" target=\"_blank\" rel=\"noreferrer noopener\">StoreMax<\/a>Diese Produkte, die \u00fcberwiegend nach Ma\u00df gefertigt werden, werden \u00fcber verschiedene Kan\u00e4le verkauft.<\/p>\n<\/div>\n\n\n\n<div class=\"wp-block-column is-layout-flow wp-block-column-is-layout-flow\" style=\"flex-basis:25%\"><\/div>\n<\/div>\n<\/div><\/section>\n\n\n\n<div class=\"wp-block-group\"><div class=\"wp-block-group__inner-container is-layout-constrained wp-block-group-is-layout-constrained\">\n<div class=\"wp-block-media-text alignwide is-stacked-on-mobile\"><figure class=\"wp-block-media-text__media\"><img loading=\"lazy\" decoding=\"async\" width=\"1024\" height=\"768\" src=\"https:\/\/www.deli-home.com\/wp-content\/uploads\/2023\/09\/large-JPG-Storemax-Comfort_Open-kast-woonkamer-helder-wit-en-eiken-natuur-1-1024x768.jpg\" alt=\"\" class=\"wp-image-1451 size-large\" srcset=\"https:\/\/www.deli-home.com\/wp-content\/uploads\/2023\/09\/large-JPG-Storemax-Comfort_Open-kast-woonkamer-helder-wit-en-eiken-natuur-1-1024x768.jpg 1024w, https:\/\/www.deli-home.com\/wp-content\/uploads\/2023\/09\/large-JPG-Storemax-Comfort_Open-kast-woonkamer-helder-wit-en-eiken-natuur-1-300x225.jpg 300w, https:\/\/www.deli-home.com\/wp-content\/uploads\/2023\/09\/large-JPG-Storemax-Comfort_Open-kast-woonkamer-helder-wit-en-eiken-natuur-1-768x576.jpg 768w, https:\/\/www.deli-home.com\/wp-content\/uploads\/2023\/09\/large-JPG-Storemax-Comfort_Open-kast-woonkamer-helder-wit-en-eiken-natuur-1-1536x1152.jpg 1536w, https:\/\/www.deli-home.com\/wp-content\/uploads\/2023\/09\/large-JPG-Storemax-Comfort_Open-kast-woonkamer-helder-wit-en-eiken-natuur-1-2048x1536.jpg 2048w, https:\/\/www.deli-home.com\/wp-content\/uploads\/2023\/09\/large-JPG-Storemax-Comfort_Open-kast-woonkamer-helder-wit-en-eiken-natuur-1-16x12.jpg 16w, https:\/\/www.deli-home.com\/wp-content\/uploads\/2023\/09\/large-JPG-Storemax-Comfort_Open-kast-woonkamer-helder-wit-en-eiken-natuur-1-scaled.jpg 2560w\" sizes=\"auto, (max-width: 1024px) 100vw, 1024px\" \/><\/figure><div class=\"wp-block-media-text__content\">\n<p class=\"has-text-color\" style=\"color:#2bb3eb\"><strong>DIENST<\/strong><\/p>\n\n\n\n<h2 class=\"wp-block-heading\">Am Kunden<\/h2>\n\n\n\n<p>Zu unseren Kunden geh\u00f6ren namhafte Baum\u00e4rkte in den Niederlanden und Belgien, aber wir arbeiten auch mit M\u00f6belh\u00e4ndlern, unabh\u00e4ngigen M\u00f6belgesch\u00e4ften und Webshops zusammen. Unsere Produkte sind in etwa 1300 Verkaufsstellen in den Niederlanden und Belgien erh\u00e4ltlich. Unsere internationalen Verkaufsaktivit\u00e4ten beschr\u00e4nken sich nicht nur auf Belgien, wir liefern auch Aufbewahrungssysteme an diverse Partner in Skandinavien.<\/p>\n<\/div><\/div>\n<\/div><\/div>\n\n\n\n<div class=\"wp-block-group\"><div class=\"wp-block-group__inner-container is-layout-constrained wp-block-group-is-layout-constrained\">\n<div class=\"wp-block-media-text alignwide has-media-on-the-right is-stacked-on-mobile\"><div class=\"wp-block-media-text__content\">\n<p class=\"has-text-color\" style=\"color:#2bb3eb\"><strong>KONTINUIERLICHE ENTWICKLUNG<\/strong><\/p>\n\n\n\n<h2 class=\"wp-block-heading\">Innovation und Zukunft<\/h2>\n\n\n\n<p>Wir schauen \u00fcber den Tellerrand und wagen uns an neue Methoden. Durch den Einsatz moderner Ressourcen, wie z. B. Konfiguratoren, die direkt mit unserer Produktionsst\u00e4tte verbunden sind, sind wir bestrebt, in technischer Hinsicht immer mehr zu bieten als unsere Wettbewerber. Wir investieren regelm\u00e4\u00dfig in neue Maschinen und Technologien f\u00fcr unsere Produktionsst\u00e4tte, um unsere Prozesse und damit auch unsere Dienstleistungen und Produkte kontinuierlich zu verbessern. Mit diesen Ressourcen expandieren wir auch in die professionellen Kan\u00e4le, wo wir mit unseren ma\u00dfgefertigten Konzepten auch f\u00fcr viele gewerbliche Bauprojekte L\u00f6sungen anbieten k\u00f6nnen.<\/p>\n<\/div><figure class=\"wp-block-media-text__media\"><img loading=\"lazy\" decoding=\"async\" width=\"1024\" height=\"768\" src=\"https:\/\/www.deli-home.com\/wp-content\/uploads\/2023\/09\/medium-JPG-STIJL_Schuine-draaideur-op-maat_eiken-natuur_dicht-1-1-1024x768.jpg\" alt=\"\" class=\"wp-image-4301 size-large\" srcset=\"https:\/\/www.deli-home.com\/wp-content\/uploads\/2023\/09\/medium-JPG-STIJL_Schuine-draaideur-op-maat_eiken-natuur_dicht-1-1-1024x768.jpg 1024w, https:\/\/www.deli-home.com\/wp-content\/uploads\/2023\/09\/medium-JPG-STIJL_Schuine-draaideur-op-maat_eiken-natuur_dicht-1-1-300x225.jpg 300w, https:\/\/www.deli-home.com\/wp-content\/uploads\/2023\/09\/medium-JPG-STIJL_Schuine-draaideur-op-maat_eiken-natuur_dicht-1-1-768x576.jpg 768w, https:\/\/www.deli-home.com\/wp-content\/uploads\/2023\/09\/medium-JPG-STIJL_Schuine-draaideur-op-maat_eiken-natuur_dicht-1-1-1536x1152.jpg 1536w, https:\/\/www.deli-home.com\/wp-content\/uploads\/2023\/09\/medium-JPG-STIJL_Schuine-draaideur-op-maat_eiken-natuur_dicht-1-1-16x12.jpg 16w, https:\/\/www.deli-home.com\/wp-content\/uploads\/2023\/09\/medium-JPG-STIJL_Schuine-draaideur-op-maat_eiken-natuur_dicht-1-1.jpg 1900w\" sizes=\"auto, (max-width: 1024px) 100vw, 1024px\" \/><\/figure><\/div>\n<\/div><\/div>\n\n\n\n<div class=\"wp-block-group alignfull has-background\" style=\"background:linear-gradient(160deg,rgba(18,112,166,0.09) 0%,rgba(255,255,255,0) 100%)\"><div class=\"wp-block-group__inner-container is-layout-constrained wp-block-group-is-layout-constrained\">\n<div class=\"wp-block-group\"><div class=\"wp-block-group__inner-container is-layout-constrained wp-block-group-is-layout-constrained\">\n<div class=\"wp-block-columns is-layout-flex wp-container-core-columns-is-layout-3 wp-block-columns-is-layout-flex\">\n<div class=\"wp-block-column is-layout-flow wp-block-column-is-layout-flow\" style=\"flex-basis:25%\"><\/div>\n\n\n\n<div class=\"wp-block-column is-layout-flow wp-block-column-is-layout-flow\" style=\"flex-basis:65%\">\n<h4 class=\"wp-block-heading has-text-align-center\">Unter den folgenden Marken erh\u00e4ltlich<\/h4>\n<\/div>\n\n\n\n<div class=\"wp-block-column is-layout-flow wp-block-column-is-layout-flow\" style=\"flex-basis:25%\"><\/div>\n<\/div>\n<\/div><\/div>\n\n\n\n<div class=\"wp-block-group alignfull is-content-justification-space-between is-layout-flex wp-container-core-group-is-layout-6 wp-block-group-is-layout-flex\">\n<figure class=\"wp-block-image size-large is-resized\"><a href=\"https:\/\/www.cando.eu\/\" target=\"_blank\" rel=\"noopener\"><img decoding=\"async\" src=\"https:\/\/www.deli-home.com\/wp-content\/uploads\/2023\/08\/merk-cando.svg\" alt=\"\" class=\"wp-image-253\" style=\"height:50px\" height=\"50\"\/><\/a><\/figure>\n\n\n\n<figure class=\"wp-block-image size-large is-resized\"><a href=\"https:\/\/www.skantrae.com\/\" target=\"_blank\" rel=\"noopener\"><img decoding=\"async\" src=\"https:\/\/www.deli-home.com\/wp-content\/uploads\/2023\/08\/merk-skantrae.svg\" alt=\"\" class=\"wp-image-255\" style=\"height:40px\" height=\"40\"\/><\/a><\/figure>\n\n\n\n<figure class=\"wp-block-image size-large is-resized\"><a href=\"https:\/\/lundia.nl\/\" target=\"_blank\" rel=\"noopener\"><img decoding=\"async\" src=\"https:\/\/www.deli-home.com\/wp-content\/uploads\/2023\/08\/merk-lundia.svg\" alt=\"\" class=\"wp-image-254\" style=\"height:50px\" height=\"50\"\/><\/a><\/figure>\n<\/div>\n\n\n\n<div class=\"wp-block-group alignfull is-content-justification-space-between is-layout-flex wp-container-core-group-is-layout-7 wp-block-group-is-layout-flex\">\n<figure class=\"wp-block-image size-large is-resized wp-duotone-rgb000-rgb000-1\"><a href=\"https:\/\/www.raffito.com\/\" target=\"_blank\" rel=\"noopener\"><img decoding=\"async\" src=\"https:\/\/www.deli-home.com\/wp-content\/uploads\/2023\/08\/merk-raffito.svg\" alt=\"\" class=\"wp-image-277\" style=\"height:70px\" height=\"70\"\/><\/a><\/figure>\n\n\n\n<figure class=\"wp-block-image size-large is-resized\"><a href=\"https:\/\/www.allurekasten.nl\/\" target=\"_blank\" rel=\"noopener\"><img decoding=\"async\" src=\"https:\/\/www.deli-home.com\/wp-content\/uploads\/2023\/10\/allure.svg\" alt=\"\" class=\"wp-image-5520\" style=\"height:60px\" height=\"60\"\/><\/a><\/figure>\n\n\n\n<figure class=\"wp-block-image size-large is-resized\"><a href=\"https:\/\/www.storemax.eu\/nl\/\" target=\"_blank\" rel=\"noopener\"><img decoding=\"async\" src=\"https:\/\/www.deli-home.com\/wp-content\/uploads\/2023\/08\/merk-storemax.svg\" alt=\"\" class=\"wp-image-315\" style=\"height:50px\" height=\"50\"\/><\/a><\/figure>\n\n\n\n<figure class=\"wp-block-image size-large is-resized wp-duotone-rgb000-rgb000-2\"><a href=\"https:\/\/stijlfurniture.com\/\" target=\"_blank\" rel=\"noopener\"><img decoding=\"async\" src=\"https:\/\/www.deli-home.com\/wp-content\/uploads\/2023\/08\/stijl.svg\" alt=\"\" class=\"wp-image-285\" style=\"height:65px\" height=\"65\"\/><\/a><\/figure>\n<\/div>\n\n\n\n<div style=\"height:75px\" aria-hidden=\"true\" class=\"wp-block-spacer\"><\/div>\n<\/div><\/div>\n\n\n\n<section class=\"wp-block-group\"><div class=\"wp-block-group__inner-container is-layout-constrained wp-block-group-is-layout-constrained\">\n<h2 class=\"wp-block-heading\">Unsere umfassenden Aufbewahrungsl\u00f6sungen<\/h2>\n\n\n\n<div class=\"wp-block-columns is-layout-flex wp-container-core-columns-is-layout-4 wp-block-columns-is-layout-flex\">\n<div class=\"wp-block-column is-layout-flow wp-block-column-is-layout-flow\" style=\"flex-basis:50%\">\n<p class=\"has-text-align-left\">Unsere ma\u00dfgefertigten Schr\u00e4nke bieten nicht nur perfekte L\u00f6sungen f\u00fcr den Verbraucher, sondern auch viel Komfort f\u00fcr unsere Kunden. Mithilfe unseres Programms f\u00fcr die Gestaltung von Schr\u00e4nken k\u00f6nnen Verbraucher ihren eigenen 3D-Entwurf erstellen. Sobald der Auftrag erteilt ist, wird dieser Entwurf an unsere Produktionsst\u00e4tte in Gorinchem geschickt, wo unsere Mitarbeiter mit einem professionellen Blick f\u00fcr Details arbeiten, wobei viele Prozesse auch automatisiert sind. <\/p>\n<\/div>\n\n\n\n<div class=\"wp-block-column is-layout-flow wp-block-column-is-layout-flow\" style=\"flex-basis:50%\">\n<p class=\"has-text-align-left\">Da der Kunde, der H\u00e4ndler und der Hersteller in einem digitalen System arbeiten, ist es einfach, den Ablauf des Bestell- und Produktionsprozesses zu verfolgen. Unsere Kundendienstabteilung verf\u00fcgt \u00fcber ein Team, das auf die Besonderheiten unserer ma\u00dfgefertigten Schr\u00e4nke spezialisiert ist, sodass wir immer eine Antwort auf alle Fragen unserer Verbraucher oder Kunden haben.<\/p>\n<\/div>\n<\/div>\n<\/div><\/section>","protected":false},"excerpt":{"rendered":"<p>CRAFTING EXCELLENCE Exploring our innovative storage furniture The Deli Home storage assortment is available under various well-known brands and labels, such as CanDo, Lundia, Raffito and StoreMax. These products, which are mostly custom-made, are sold through various channels. TO SERVE Our customers Our customers include established DIY stores in the Netherlands and Belgium, but we [&hellip;]<\/p>","protected":false},"author":4,"featured_media":0,"parent":26,"menu_order":24,"comment_status":"closed","ping_status":"closed","template":"","meta":{"_acf_changed":false,"inline_featured_image":false,"footnotes":""},"class_list":["post-42","page","type-page","status-publish","hentry"],"acf":[],"yoast_head":"<!-- This site is optimized with the Yoast SEO plugin v26.4 - https:\/\/yoast.com\/wordpress\/plugins\/seo\/ -->\n<title>Storage Furniture - Deli Home<\/title>\n<meta name=\"description\" content=\"Deli Home&#039;s cabinets are available under the Lundia and Skantrae brands, as well as various labels.\" \/>\n<meta name=\"robots\" content=\"index, follow, max-snippet:-1, max-image-preview:large, max-video-preview:-1\" \/>\n<link rel=\"canonical\" href=\"https:\/\/www.deli-home.com\/de\/wp-json\/wp\/v2\/pages\/42\/\" \/>\n<meta property=\"og:locale\" content=\"de_DE\" \/>\n<meta property=\"og:type\" content=\"article\" \/>\n<meta property=\"og:title\" content=\"Storage Furniture - Deli Home\" \/>\n<meta property=\"og:description\" content=\"Deli Home&#039;s cabinets are available under the Lundia and Skantrae brands, as well as various labels.\" \/>\n<meta property=\"og:url\" content=\"https:\/\/www.deli-home.com\/de\/wp-json\/wp\/v2\/pages\/42\/\" \/>\n<meta property=\"og:site_name\" content=\"Deli Home\" \/>\n<meta property=\"article:modified_time\" content=\"2025-11-07T12:55:12+00:00\" \/>\n<meta property=\"og:image\" content=\"https:\/\/www.deli-home.com\/wp-content\/uploads\/2023\/09\/large-JPG-Storemax-Comfort_Open-kast-woonkamer-helder-wit-en-eiken-natuur-1-1024x768.jpg\" \/>\n<script type=\"application\/ld+json\" class=\"yoast-schema-graph\">{\"@context\":\"https:\/\/schema.org\",\"@graph\":[{\"@type\":\"WebPage\",\"@id\":\"https:\/\/www.deli-home.com\/nl\/producten\/opbergen\/\",\"url\":\"https:\/\/www.deli-home.com\/nl\/producten\/opbergen\/\",\"name\":\"Storage Furniture - Deli Home\",\"isPartOf\":{\"@id\":\"https:\/\/www.deli-home.com\/nl\/#website\"},\"primaryImageOfPage\":{\"@id\":\"https:\/\/www.deli-home.com\/nl\/producten\/opbergen\/#primaryimage\"},\"image\":{\"@id\":\"https:\/\/www.deli-home.com\/nl\/producten\/opbergen\/#primaryimage\"},\"thumbnailUrl\":\"https:\/\/www.deli-home.com\/wp-content\/uploads\/2023\/09\/large-JPG-Storemax-Comfort_Open-kast-woonkamer-helder-wit-en-eiken-natuur-1-1024x768.jpg\",\"datePublished\":\"2023-07-18T10:23:17+00:00\",\"dateModified\":\"2025-11-07T12:55:12+00:00\",\"description\":\"Deli Home's cabinets are available under the Lundia and Skantrae brands, as well as various labels.\",\"breadcrumb\":{\"@id\":\"https:\/\/www.deli-home.com\/nl\/producten\/opbergen\/#breadcrumb\"},\"inLanguage\":\"de\",\"potentialAction\":[{\"@type\":\"ReadAction\",\"target\":[\"https:\/\/www.deli-home.com\/nl\/producten\/opbergen\/\"]}]},{\"@type\":\"ImageObject\",\"inLanguage\":\"de\",\"@id\":\"https:\/\/www.deli-home.com\/nl\/producten\/opbergen\/#primaryimage\",\"url\":\"https:\/\/www.deli-home.com\/wp-content\/uploads\/2023\/09\/large-JPG-Storemax-Comfort_Open-kast-woonkamer-helder-wit-en-eiken-natuur-1-1024x768.jpg\",\"contentUrl\":\"https:\/\/www.deli-home.com\/wp-content\/uploads\/2023\/09\/large-JPG-Storemax-Comfort_Open-kast-woonkamer-helder-wit-en-eiken-natuur-1-1024x768.jpg\"},{\"@type\":\"BreadcrumbList\",\"@id\":\"https:\/\/www.deli-home.com\/nl\/producten\/opbergen\/#breadcrumb\",\"itemListElement\":[{\"@type\":\"ListItem\",\"position\":1,\"name\":\"Home\",\"item\":\"https:\/\/www.deli-home.com\/nl\/\"},{\"@type\":\"ListItem\",\"position\":2,\"name\":\"Categories\",\"item\":\"https:\/\/www.deli-home.com\/nl\/producten\/\"},{\"@type\":\"ListItem\",\"position\":3,\"name\":\"Storage\"}]},{\"@type\":\"WebSite\",\"@id\":\"https:\/\/www.deli-home.com\/nl\/#website\",\"url\":\"https:\/\/www.deli-home.com\/nl\/\",\"name\":\"Deli Home\",\"description\":\"\",\"publisher\":{\"@id\":\"https:\/\/www.deli-home.com\/nl\/#organization\"},\"potentialAction\":[{\"@type\":\"SearchAction\",\"target\":{\"@type\":\"EntryPoint\",\"urlTemplate\":\"https:\/\/www.deli-home.com\/nl\/?s={search_term_string}\"},\"query-input\":{\"@type\":\"PropertyValueSpecification\",\"valueRequired\":true,\"valueName\":\"search_term_string\"}}],\"inLanguage\":\"de\"},{\"@type\":\"Organization\",\"@id\":\"https:\/\/www.deli-home.com\/nl\/#organization\",\"name\":\"Deli Home\",\"url\":\"https:\/\/www.deli-home.com\/nl\/\",\"logo\":{\"@type\":\"ImageObject\",\"inLanguage\":\"de\",\"@id\":\"https:\/\/www.deli-home.com\/nl\/#\/schema\/logo\/image\/\",\"url\":\"https:\/\/www.deli-home.com\/wp-content\/uploads\/2023\/09\/favicon.png\",\"contentUrl\":\"https:\/\/www.deli-home.com\/wp-content\/uploads\/2023\/09\/favicon.png\",\"width\":500,\"height\":500,\"caption\":\"Deli Home\"},\"image\":{\"@id\":\"https:\/\/www.deli-home.com\/nl\/#\/schema\/logo\/image\/\"},\"sameAs\":[\"https:\/\/www.linkedin.com\/company\/deli-home\/\"]}]}<\/script>\n<!-- \/ Yoast SEO plugin. -->","yoast_head_json":{"title":"Storage Furniture - Deli Home","description":"Deli Home's cabinets are available under the Lundia and Skantrae brands, as well as various labels.","robots":{"index":"index","follow":"follow","max-snippet":"max-snippet:-1","max-image-preview":"max-image-preview:large","max-video-preview":"max-video-preview:-1"},"canonical":"https:\/\/www.deli-home.com\/de\/wp-json\/wp\/v2\/pages\/42\/","og_locale":"de_DE","og_type":"article","og_title":"Storage Furniture - Deli Home","og_description":"Deli Home's cabinets are available under the Lundia and Skantrae brands, as well as various labels.","og_url":"https:\/\/www.deli-home.com\/de\/wp-json\/wp\/v2\/pages\/42\/","og_site_name":"Deli Home","article_modified_time":"2025-11-07T12:55:12+00:00","og_image":[{"url":"https:\/\/www.deli-home.com\/wp-content\/uploads\/2023\/09\/large-JPG-Storemax-Comfort_Open-kast-woonkamer-helder-wit-en-eiken-natuur-1-1024x768.jpg","type":"","width":"","height":""}],"schema":{"@context":"https:\/\/schema.org","@graph":[{"@type":"WebPage","@id":"https:\/\/www.deli-home.com\/nl\/producten\/opbergen\/","url":"https:\/\/www.deli-home.com\/nl\/producten\/opbergen\/","name":"Storage Furniture - Deli Home","isPartOf":{"@id":"https:\/\/www.deli-home.com\/nl\/#website"},"primaryImageOfPage":{"@id":"https:\/\/www.deli-home.com\/nl\/producten\/opbergen\/#primaryimage"},"image":{"@id":"https:\/\/www.deli-home.com\/nl\/producten\/opbergen\/#primaryimage"},"thumbnailUrl":"https:\/\/www.deli-home.com\/wp-content\/uploads\/2023\/09\/large-JPG-Storemax-Comfort_Open-kast-woonkamer-helder-wit-en-eiken-natuur-1-1024x768.jpg","datePublished":"2023-07-18T10:23:17+00:00","dateModified":"2025-11-07T12:55:12+00:00","description":"Deli Home's cabinets are available under the Lundia and Skantrae brands, as well as various labels.","breadcrumb":{"@id":"https:\/\/www.deli-home.com\/nl\/producten\/opbergen\/#breadcrumb"},"inLanguage":"de","potentialAction":[{"@type":"ReadAction","target":["https:\/\/www.deli-home.com\/nl\/producten\/opbergen\/"]}]},{"@type":"ImageObject","inLanguage":"de","@id":"https:\/\/www.deli-home.com\/nl\/producten\/opbergen\/#primaryimage","url":"https:\/\/www.deli-home.com\/wp-content\/uploads\/2023\/09\/large-JPG-Storemax-Comfort_Open-kast-woonkamer-helder-wit-en-eiken-natuur-1-1024x768.jpg","contentUrl":"https:\/\/www.deli-home.com\/wp-content\/uploads\/2023\/09\/large-JPG-Storemax-Comfort_Open-kast-woonkamer-helder-wit-en-eiken-natuur-1-1024x768.jpg"},{"@type":"BreadcrumbList","@id":"https:\/\/www.deli-home.com\/nl\/producten\/opbergen\/#breadcrumb","itemListElement":[{"@type":"ListItem","position":1,"name":"Home","item":"https:\/\/www.deli-home.com\/nl\/"},{"@type":"ListItem","position":2,"name":"Categories","item":"https:\/\/www.deli-home.com\/nl\/producten\/"},{"@type":"ListItem","position":3,"name":"Storage"}]},{"@type":"WebSite","@id":"https:\/\/www.deli-home.com\/nl\/#website","url":"https:\/\/www.deli-home.com\/nl\/","name":"Deli Home","description":"","publisher":{"@id":"https:\/\/www.deli-home.com\/nl\/#organization"},"potentialAction":[{"@type":"SearchAction","target":{"@type":"EntryPoint","urlTemplate":"https:\/\/www.deli-home.com\/nl\/?s={search_term_string}"},"query-input":{"@type":"PropertyValueSpecification","valueRequired":true,"valueName":"search_term_string"}}],"inLanguage":"de"},{"@type":"Organization","@id":"https:\/\/www.deli-home.com\/nl\/#organization","name":"Deli Home","url":"https:\/\/www.deli-home.com\/nl\/","logo":{"@type":"ImageObject","inLanguage":"de","@id":"https:\/\/www.deli-home.com\/nl\/#\/schema\/logo\/image\/","url":"https:\/\/www.deli-home.com\/wp-content\/uploads\/2023\/09\/favicon.png","contentUrl":"https:\/\/www.deli-home.com\/wp-content\/uploads\/2023\/09\/favicon.png","width":500,"height":500,"caption":"Deli Home"},"image":{"@id":"https:\/\/www.deli-home.com\/nl\/#\/schema\/logo\/image\/"},"sameAs":["https:\/\/www.linkedin.com\/company\/deli-home\/"]}]}},"_links":{"self":[{"href":"https:\/\/www.deli-home.com\/de\/wp-json\/wp\/v2\/pages\/42","targetHints":{"allow":["GET"]}}],"collection":[{"href":"https:\/\/www.deli-home.com\/de\/wp-json\/wp\/v2\/pages"}],"about":[{"href":"https:\/\/www.deli-home.com\/de\/wp-json\/wp\/v2\/types\/page"}],"author":[{"embeddable":true,"href":"https:\/\/www.deli-home.com\/de\/wp-json\/wp\/v2\/users\/4"}],"replies":[{"embeddable":true,"href":"https:\/\/www.deli-home.com\/de\/wp-json\/wp\/v2\/comments?post=42"}],"version-history":[{"count":39,"href":"https:\/\/www.deli-home.com\/de\/wp-json\/wp\/v2\/pages\/42\/revisions"}],"predecessor-version":[{"id":7545,"href":"https:\/\/www.deli-home.com\/de\/wp-json\/wp\/v2\/pages\/42\/revisions\/7545"}],"up":[{"embeddable":true,"href":"https:\/\/www.deli-home.com\/de\/wp-json\/wp\/v2\/pages\/26"}],"wp:attachment":[{"href":"https:\/\/www.deli-home.com\/de\/wp-json\/wp\/v2\/media?parent=42"}],"curies":[{"name":"wp","href":"https:\/\/api.w.org\/{rel}","templated":true}]}}