{"id":4358,"date":"2023-09-13T11:36:37","date_gmt":"2023-09-13T11:36:37","guid":{"rendered":"https:\/\/www.deli-home.com\/?page_id=4358"},"modified":"2024-11-20T09:46:13","modified_gmt":"2024-11-20T09:46:13","slug":"disclaimer","status":"publish","type":"page","link":"https:\/\/www.deli-home.com\/de\/haftungsausschluss\/","title":{"rendered":"Haftungsausschluss"},"content":{"rendered":"<div class=\"wp-block-cover alignfull has-parallax\" style=\"min-height:700px;aspect-ratio:unset;\"><span aria-hidden=\"true\" class=\"wp-block-cover__background has-background-dim-100 has-background-dim wp-block-cover__gradient-background has-background-gradient\" style=\"background:linear-gradient(90deg,rgba(2,19,45,0.8) 0%,rgba(2,19,45,0.5) 37%,rgba(2,19,45,0) 98%)\"><\/span><div role=\"img\" class=\"wp-block-cover__image-background wp-image-4361 has-parallax\" style=\"background-position:50% 50%;background-image:url(https:\/\/www.deli-home.com\/wp-content\/uploads\/2023\/09\/Webp.net-compress-image-scaled-1.jpg)\"><\/div><div class=\"wp-block-cover__inner-container is-layout-flow wp-block-cover-is-layout-flow\">\n<div class=\"wp-block-group\"><div class=\"wp-block-group__inner-container is-layout-constrained wp-block-group-is-layout-constrained\">\n<div class=\"wp-block-columns is-layout-flex wp-container-core-columns-is-layout-1 wp-block-columns-is-layout-flex\">\n<div class=\"wp-block-column is-layout-flow wp-block-column-is-layout-flow\" style=\"flex-basis:50%\">\n<h1 class=\"wp-block-heading\">Haftungsausschluss<\/h1>\n\n\n\n<p class=\"has-text-align-left has-medium-font-size\">Vielen Dank f\u00fcr Ihren Besuch auf der Website von Deli Home.<\/p>\n<\/div>\n\n\n\n<div class=\"wp-block-column is-layout-flow wp-block-column-is-layout-flow\" style=\"flex-basis:50%\"><\/div>\n<\/div>\n<\/div><\/div>\n<\/div><\/div>\n\n\n\n<section class=\"wp-block-group\"><div class=\"wp-block-group__inner-container is-layout-constrained wp-block-group-is-layout-constrained\">\n<div class=\"wp-block-columns is-layout-flex wp-container-core-columns-is-layout-2 wp-block-columns-is-layout-flex\">\n<div class=\"wp-block-column is-layout-flow wp-block-column-is-layout-flow\" style=\"flex-basis:65%\">\n<p class=\"has-text-align-left has-text-color has-medium-font-size\" style=\"color:#2bb3eb\"><strong>RECHTLICHER HINWEIS<\/strong><\/p>\n\n\n\n<h2 class=\"wp-block-heading has-text-align-left\">Nutzungsvereinbarung<\/h2>\n\n\n\n<p>Vielen Dank f\u00fcr Ihren Besuch auf der Website von Deli Home. Indem Sie diese Website nutzen, erkl\u00e4ren Sie sich mit den folgenden Bedingungen einverstanden. Nutzen Sie diese Website nicht, wenn Sie mit den Bedingungen nicht einverstanden sind. Deli Home kann diese Nutzungsvereinbarung von Zeit zu Zeit ohne Vorank\u00fcndigung aufgrund von \u00c4nderungen unserer Website und der Erfahrungen unserer Nutzer auf der Website \u00e4ndern.<\/p>\n<\/div>\n\n\n\n<div class=\"wp-block-column is-layout-flow wp-block-column-is-layout-flow\" style=\"flex-basis:25%\"><\/div>\n<\/div>\n\n\n\n<div class=\"wp-block-columns is-layout-flex wp-container-core-columns-is-layout-3 wp-block-columns-is-layout-flex\">\n<div class=\"wp-block-column is-layout-flow wp-block-column-is-layout-flow\" style=\"flex-basis:50%\">\n<p><strong>NUTZUNGSBESCHR\u00c4NKUNGEN:<\/strong><\/p>\n\n\n\n<p>Jede Person, die diese Website nutzt, darf einzelne Webseiten f\u00fcr nicht kommerzielle Zwecke kopieren und ausdrucken. Die Nutzer d\u00fcrfen auch eine geringe Zahl von Kopien der auf der Website ver\u00f6ffentlichten Recherchen, Artikel oder Berichte herstellen oder ausdrucken, jedoch ausschlie\u00dflich zu Informations- und nicht zu kommerziellen Zwecken. Auf diesen Kopien darf der Originalinhalt der Website nicht ver\u00e4ndert werden. Dies gilt auch f\u00fcr die rechtlichen Hinweise, Legenden und Fu\u00dfnoten. Unsere vorherige Zustimmung ist erforderlich f\u00fcr (I) jede kommerzielle Nutzung der Materialien auf dieser Website; (II) die Anfertigung einer nicht geringen Zahl von Kopien der Website-Materialien; (III) das Kopieren gro\u00dfer Teile unserer Website, zum Beispiel durch Bots, Robotern oder Webspiders, die die Website \u201eabernten\u201d. Wenn Sie eine Zustimmung f\u00fcr eine solche Nutzung unserer Website brauchen, kontaktieren Sie uns bitte unter\u00a0<a href=\"mailto:info@deli-home.com\">info@deli-home.com<\/a><\/p>\n\n\n\n<p><strong>VERLINKUNG UND FRAMING:<\/strong><\/p>\n\n\n\n<p>Deli Home gestattet es anderen nicht, diese Website oder Teile davon zu verlinken oder zu framen. Bitte beachten Sie: Die vorliegende Nutzungsvereinbarung gilt nur f\u00fcr diese Website und nicht f\u00fcr andere Websites, die von dieser Website aus \u00fcber Hyperlinks aufgerufen werden k\u00f6nnen. Wir sind nur f\u00fcr den Inhalt unserer eigenen Website verantwortlich. Wir empfehlen Ihnen, die Datenschutzrichtlinien und Nutzungsvereinbarungen der anderen Websites, die Sie besuchen, zu lesen.<\/p>\n\n\n\n<p><strong>EIGENT\u00dcMERSCHAFT:<\/strong><\/p>\n\n\n\n<p>Der gesamte Inhalt dieser Website, zum Beispiel Grafiken, Logos, Artikel und andere Materialien, ist das Eigentum unserer Organisation oder anderer Organisationen und ist durch das Urheberrecht und weitere Gesetze gesch\u00fctzt. Alle Markenzeichen und Logos, die auf dieser Website gezeigt werden, sind das Eigentum ihrer jeweiligen Inhaber, die mit unserer Organisation in Verbindung stehen k\u00f6nnen oder auch nicht.<\/p>\n\n\n\n<p><strong>BILDER:<\/strong><\/p>\n\n\n\n<p>Bilder sind Eigentum von Deli Home.<\/p>\n<\/div>\n\n\n\n<div class=\"wp-block-column is-layout-flow wp-block-column-is-layout-flow\" style=\"flex-basis:50%\">\n<p><strong>INTERNATIONALE NUTZUNG:<\/strong><\/p>\n\n\n\n<p>Aufgrund des weltumspannenden Wesens des Internets ist diese Website auch f\u00fcr Nutzer in L\u00e4ndern au\u00dfer den Niederlanden zug\u00e4nglich. Wir \u00fcbernehmen keine Gew\u00e4hr daf\u00fcr, dass die Materialien auf dieser Website f\u00fcr die Nutzung an diesen Orten geeignet sind oder zur Verf\u00fcgung stehen. Wenn es in Ihrem Land illegal oder verboten ist, diese Website aufzurufen oder sie zu nutzen, so sollten Sie dies auch nicht tun. Wer au\u00dferhalb der Niederlande diese Website aufruft, tut dies auf eigene Initiative und ist f\u00fcr die Einhaltung aller vor Ort geltenden Gesetze und Vorschriften verantwortlich.<\/p>\n\n\n\n<p><strong>KEINE VERL\u00c4SSLICHKEIT:<\/strong><\/p>\n\n\n\n<p>Deli Home bem\u00fcht sich auf angemessene Weise, Informationen aus Quellen zu beschaffen, die Deli Home f\u00fcr verl\u00e4sslich h\u00e4lt. Wir \u00fcbernehmen aber keine Gew\u00e4hr daf\u00fcr, dass die Informationen und Meinungen auf dieser Website richtig, zuverl\u00e4ssig oder vollst\u00e4ndig sind. Die Informationen und Meinungen auf dieser Website werden nur zum privaten Gebrauch und zu Informationszwecken bereitgestellt und k\u00f6nnen ohne Vorank\u00fcndigung ge\u00e4ndert werden.<\/p>\n\n\n\n<p><strong>HAFTUNGSBESCHR\u00c4NKUNGEN:<\/strong><\/p>\n\n\n\n<p>Wir haften nicht f\u00fcr Sch\u00e4den oder Verletzungen, unter anderem nicht f\u00fcr besondere Sch\u00e4den oder Folgesch\u00e4den, die sich aus der Nutzung oder der Nichtm\u00f6glichkeit der Nutzung dieser Website ergeben. Dies gilt auch f\u00fcr Sch\u00e4den oder Verletzungen, die durch Leistungsausf\u00e4lle, Fehler, Auslassungen, Unterbrechungen, Defekte, Betriebsverz\u00f6gerungen, Computerviren, Leitungsst\u00f6rungen oder sonstige Computer-Fehlfunktionen entstehen. Sie best\u00e4tigen, dass wir den Inhalt dieser Website \u201ewie gesehen\u201d zur Verf\u00fcgung stellen und keine Gew\u00e4hr irgendwelcher Art \u00fcbernehmen. Die Nutzung dieser Website und die Nutzung oder das Vertrauen auf Materialien auf der Website erfolgen ausschlie\u00dflich auf Ihr eigenes Risiko.<\/p>\n\n\n\n<p><strong>GELTENDES RECHT:<\/strong><\/p>\n\n\n\n<p>Sie stimmen zu, dass Ihre Nutzung dieser Website, diese Nutzungsvereinbarung sowie etwaige damit zusammenh\u00e4ngende Streitf\u00e4lle in jeder Hinsicht den Gesetzen der Niederlande unterliegen. Zust\u00e4ndig f\u00fcr jegliche Streitf\u00e4lle im Zusammenhang mit dem oben Genannten sind ausschlie\u00dflich die Gerichte in Rotterdam in den Niederlanden.<\/p>\n<\/div>\n<\/div>\n<\/div><\/section>","protected":false},"excerpt":{"rendered":"<p>LEGAL NOTICE User agreement Thank you for visiting the Deli Home website. By using this website, you agree to abide by the following terms and conditions. If you do not accept these conditions, do not use this website. Deli Home may change this User Agreement from time to time without prior notice, based upon any [&hellip;]<\/p>","protected":false},"author":5,"featured_media":0,"parent":0,"menu_order":0,"comment_status":"closed","ping_status":"closed","template":"","meta":{"_acf_changed":false,"inline_featured_image":false,"footnotes":""},"class_list":["post-4358","page","type-page","status-publish","hentry"],"acf":[],"yoast_head":"<!-- This site is optimized with the Yoast SEO plugin v26.4 - https:\/\/yoast.com\/wordpress\/plugins\/seo\/ -->\n<title>Disclaimer - Deli Home<\/title>\n<meta name=\"description\" content=\"Read the general terms and conditions of Deli Home here.\" \/>\n<meta name=\"robots\" content=\"index, follow, max-snippet:-1, max-image-preview:large, max-video-preview:-1\" \/>\n<link rel=\"canonical\" href=\"https:\/\/www.deli-home.com\/de\/wp-json\/wp\/v2\/pages\/4358\/\" \/>\n<meta property=\"og:locale\" content=\"de_DE\" \/>\n<meta property=\"og:type\" content=\"article\" \/>\n<meta property=\"og:title\" content=\"Disclaimer - Deli Home\" \/>\n<meta property=\"og:description\" content=\"Read the general terms and conditions of Deli Home here.\" \/>\n<meta property=\"og:url\" content=\"https:\/\/www.deli-home.com\/de\/wp-json\/wp\/v2\/pages\/4358\/\" \/>\n<meta property=\"og:site_name\" content=\"Deli Home\" \/>\n<meta property=\"article:modified_time\" content=\"2024-11-20T09:46:13+00:00\" \/>\n<script type=\"application\/ld+json\" class=\"yoast-schema-graph\">{\"@context\":\"https:\/\/schema.org\",\"@graph\":[{\"@type\":\"WebPage\",\"@id\":\"https:\/\/www.homeprovy.it\/en\/disclaimer\/\",\"url\":\"https:\/\/www.homeprovy.it\/en\/disclaimer\/\",\"name\":\"Disclaimer - Deli Home\",\"isPartOf\":{\"@id\":\"https:\/\/www.deli-home.com\/nl\/#website\"},\"datePublished\":\"2023-09-13T11:36:37+00:00\",\"dateModified\":\"2024-11-20T09:46:13+00:00\",\"description\":\"Read the general terms and conditions of Deli Home here.\",\"breadcrumb\":{\"@id\":\"https:\/\/www.homeprovy.it\/en\/disclaimer\/#breadcrumb\"},\"inLanguage\":\"de\",\"potentialAction\":[{\"@type\":\"ReadAction\",\"target\":[\"https:\/\/www.homeprovy.it\/en\/disclaimer\/\"]}]},{\"@type\":\"BreadcrumbList\",\"@id\":\"https:\/\/www.homeprovy.it\/en\/disclaimer\/#breadcrumb\",\"itemListElement\":[{\"@type\":\"ListItem\",\"position\":1,\"name\":\"Home\",\"item\":\"https:\/\/www.deli-home.com\/nl\/\"},{\"@type\":\"ListItem\",\"position\":2,\"name\":\"Disclaimer\"}]},{\"@type\":\"WebSite\",\"@id\":\"https:\/\/www.deli-home.com\/nl\/#website\",\"url\":\"https:\/\/www.deli-home.com\/nl\/\",\"name\":\"Deli Home\",\"description\":\"\",\"publisher\":{\"@id\":\"https:\/\/www.deli-home.com\/nl\/#organization\"},\"potentialAction\":[{\"@type\":\"SearchAction\",\"target\":{\"@type\":\"EntryPoint\",\"urlTemplate\":\"https:\/\/www.deli-home.com\/nl\/?s={search_term_string}\"},\"query-input\":{\"@type\":\"PropertyValueSpecification\",\"valueRequired\":true,\"valueName\":\"search_term_string\"}}],\"inLanguage\":\"de\"},{\"@type\":\"Organization\",\"@id\":\"https:\/\/www.deli-home.com\/nl\/#organization\",\"name\":\"Deli Home\",\"url\":\"https:\/\/www.deli-home.com\/nl\/\",\"logo\":{\"@type\":\"ImageObject\",\"inLanguage\":\"de\",\"@id\":\"https:\/\/www.deli-home.com\/nl\/#\/schema\/logo\/image\/\",\"url\":\"https:\/\/www.deli-home.com\/wp-content\/uploads\/2023\/09\/favicon.png\",\"contentUrl\":\"https:\/\/www.deli-home.com\/wp-content\/uploads\/2023\/09\/favicon.png\",\"width\":500,\"height\":500,\"caption\":\"Deli Home\"},\"image\":{\"@id\":\"https:\/\/www.deli-home.com\/nl\/#\/schema\/logo\/image\/\"},\"sameAs\":[\"https:\/\/www.linkedin.com\/company\/deli-home\/\"]}]}<\/script>\n<!-- \/ Yoast SEO plugin. -->","yoast_head_json":{"title":"Disclaimer - Deli Home","description":"Read the general terms and conditions of Deli Home here.","robots":{"index":"index","follow":"follow","max-snippet":"max-snippet:-1","max-image-preview":"max-image-preview:large","max-video-preview":"max-video-preview:-1"},"canonical":"https:\/\/www.deli-home.com\/de\/wp-json\/wp\/v2\/pages\/4358\/","og_locale":"de_DE","og_type":"article","og_title":"Disclaimer - Deli Home","og_description":"Read the general terms and conditions of Deli Home here.","og_url":"https:\/\/www.deli-home.com\/de\/wp-json\/wp\/v2\/pages\/4358\/","og_site_name":"Deli Home","article_modified_time":"2024-11-20T09:46:13+00:00","schema":{"@context":"https:\/\/schema.org","@graph":[{"@type":"WebPage","@id":"https:\/\/www.homeprovy.it\/en\/disclaimer\/","url":"https:\/\/www.homeprovy.it\/en\/disclaimer\/","name":"Disclaimer - Deli Home","isPartOf":{"@id":"https:\/\/www.deli-home.com\/nl\/#website"},"datePublished":"2023-09-13T11:36:37+00:00","dateModified":"2024-11-20T09:46:13+00:00","description":"Read the general terms and conditions of Deli Home here.","breadcrumb":{"@id":"https:\/\/www.homeprovy.it\/en\/disclaimer\/#breadcrumb"},"inLanguage":"de","potentialAction":[{"@type":"ReadAction","target":["https:\/\/www.homeprovy.it\/en\/disclaimer\/"]}]},{"@type":"BreadcrumbList","@id":"https:\/\/www.homeprovy.it\/en\/disclaimer\/#breadcrumb","itemListElement":[{"@type":"ListItem","position":1,"name":"Home","item":"https:\/\/www.deli-home.com\/nl\/"},{"@type":"ListItem","position":2,"name":"Disclaimer"}]},{"@type":"WebSite","@id":"https:\/\/www.deli-home.com\/nl\/#website","url":"https:\/\/www.deli-home.com\/nl\/","name":"Deli Home","description":"","publisher":{"@id":"https:\/\/www.deli-home.com\/nl\/#organization"},"potentialAction":[{"@type":"SearchAction","target":{"@type":"EntryPoint","urlTemplate":"https:\/\/www.deli-home.com\/nl\/?s={search_term_string}"},"query-input":{"@type":"PropertyValueSpecification","valueRequired":true,"valueName":"search_term_string"}}],"inLanguage":"de"},{"@type":"Organization","@id":"https:\/\/www.deli-home.com\/nl\/#organization","name":"Deli Home","url":"https:\/\/www.deli-home.com\/nl\/","logo":{"@type":"ImageObject","inLanguage":"de","@id":"https:\/\/www.deli-home.com\/nl\/#\/schema\/logo\/image\/","url":"https:\/\/www.deli-home.com\/wp-content\/uploads\/2023\/09\/favicon.png","contentUrl":"https:\/\/www.deli-home.com\/wp-content\/uploads\/2023\/09\/favicon.png","width":500,"height":500,"caption":"Deli Home"},"image":{"@id":"https:\/\/www.deli-home.com\/nl\/#\/schema\/logo\/image\/"},"sameAs":["https:\/\/www.linkedin.com\/company\/deli-home\/"]}]}},"_links":{"self":[{"href":"https:\/\/www.deli-home.com\/de\/wp-json\/wp\/v2\/pages\/4358","targetHints":{"allow":["GET"]}}],"collection":[{"href":"https:\/\/www.deli-home.com\/de\/wp-json\/wp\/v2\/pages"}],"about":[{"href":"https:\/\/www.deli-home.com\/de\/wp-json\/wp\/v2\/types\/page"}],"author":[{"embeddable":true,"href":"https:\/\/www.deli-home.com\/de\/wp-json\/wp\/v2\/users\/5"}],"replies":[{"embeddable":true,"href":"https:\/\/www.deli-home.com\/de\/wp-json\/wp\/v2\/comments?post=4358"}],"version-history":[{"count":7,"href":"https:\/\/www.deli-home.com\/de\/wp-json\/wp\/v2\/pages\/4358\/revisions"}],"predecessor-version":[{"id":6598,"href":"https:\/\/www.deli-home.com\/de\/wp-json\/wp\/v2\/pages\/4358\/revisions\/6598"}],"wp:attachment":[{"href":"https:\/\/www.deli-home.com\/de\/wp-json\/wp\/v2\/media?parent=4358"}],"curies":[{"name":"wp","href":"https:\/\/api.w.org\/{rel}","templated":true}]}}