{"id":4365,"date":"2023-09-13T11:36:37","date_gmt":"2023-09-13T11:36:37","guid":{"rendered":"https:\/\/www.deli-home.com\/disclaimer-2\/"},"modified":"2023-09-14T12:50:36","modified_gmt":"2023-09-14T12:50:36","slug":"privacy-policy","status":"publish","type":"page","link":"https:\/\/www.deli-home.com\/de\/datenschutzrichtlinie\/","title":{"rendered":"Datenschutz- und Cookie-Richtlinie"},"content":{"rendered":"<div class=\"wp-block-cover alignfull has-parallax\" style=\"min-height:700px;aspect-ratio:unset;\"><span aria-hidden=\"true\" class=\"wp-block-cover__background has-background-dim-100 has-background-dim wp-block-cover__gradient-background has-background-gradient\" style=\"background:linear-gradient(90deg,rgba(2,19,45,0.8) 0%,rgba(2,19,45,0.5) 37%,rgba(2,19,45,0) 98%)\"><\/span><div role=\"img\" class=\"wp-block-cover__image-background wp-image-4361 has-parallax\" style=\"background-position:50% 50%;background-image:url(https:\/\/www.deli-home.com\/wp-content\/uploads\/2023\/09\/Webp.net-compress-image-scaled-1.jpg)\"><\/div><div class=\"wp-block-cover__inner-container is-layout-flow wp-block-cover-is-layout-flow\">\n<div class=\"wp-block-group\"><div class=\"wp-block-group__inner-container is-layout-constrained wp-block-group-is-layout-constrained\">\n<div class=\"wp-block-columns is-layout-flex wp-container-core-columns-is-layout-1 wp-block-columns-is-layout-flex\">\n<div class=\"wp-block-column is-layout-flow wp-block-column-is-layout-flow\" style=\"flex-basis:50%\">\n<h1 class=\"wp-block-heading\">Datenschutz- und Cookie-Richtlinie<\/h1>\n\n\n\n<p class=\"has-text-align-left has-medium-font-size\">Vielen Dank f\u00fcr Ihren Besuch auf der Website von Deli Home.<\/p>\n<\/div>\n\n\n\n<div class=\"wp-block-column is-layout-flow wp-block-column-is-layout-flow\" style=\"flex-basis:50%\"><\/div>\n<\/div>\n<\/div><\/div>\n<\/div><\/div>\n\n\n\n<section class=\"wp-block-group\"><div class=\"wp-block-group__inner-container is-layout-constrained wp-block-group-is-layout-constrained\">\n<div class=\"wp-block-columns is-layout-flex wp-container-core-columns-is-layout-2 wp-block-columns-is-layout-flex\">\n<div class=\"wp-block-column is-layout-flow wp-block-column-is-layout-flow\" style=\"flex-basis:75%\">\n<p class=\"has-text-align-left has-text-color has-medium-font-size\" style=\"color:#2bb3eb\"><strong>RECHTLICHER HINWEIS<\/strong><\/p>\n\n\n\n<h2 class=\"wp-block-heading has-text-align-left\">Datenschutz- und Cookie-Richtlinie Deli Home Holding B.V.<\/h2>\n\n\n\n<p class=\"has-text-align-left\"><strong>Version Februar 2020<\/strong><br>Ihre Privatsph\u00e4re ist uns wichtig. In dieser Datenschutzrichtlinie wird erl\u00e4utert, wie wir, Deli Home Holding B.V. und ihre Konzernunternehmen Bruynzeel Home Products B.V., Bruynzeel Home Products Nederland B.V., Bruynzeel Home Products Belgium B.V., Bruynzeel Home Products Deuren B.V., Skantrae B.V., Doorcentres B.V., Deli Home Belgium N.V., Deli Home Belgium Trading N.V. und Deli Home Netherlands B.V., durch die Interaktion mit Ihnen personenbezogene Daten von Ihnen erheben und wie wir mit diesen Daten umgehen. Wir verkaufen diverse Produkte, haupts\u00e4chlich \u00fcber Gesch\u00e4ftspartner, die unter den folgenden Marken gehandelt werden: Agnes, Bruynzeel, CanDo, Fikszo, Hamstra, Lundia, Raffito, Skantrae, Jewe und StoreMax.<\/p>\n<\/div>\n\n\n\n<div class=\"wp-block-column is-layout-flow wp-block-column-is-layout-flow\" style=\"flex-basis:25%\"><\/div>\n<\/div>\n\n\n\n<div class=\"wp-block-columns is-layout-flex wp-container-core-columns-is-layout-3 wp-block-columns-is-layout-flex\">\n<div class=\"wp-block-column is-layout-flow wp-block-column-is-layout-flow\" style=\"flex-basis:50%\">\n<p><strong>Was besagt diese Datenschutz- und Cookie-Richtlinie?<br><\/strong>Diese Datenschutz- und Cookie-Richtlinie gilt f\u00fcr personenbezogene Daten von Kunden und Nutzern, die von uns im Zusammenhang mit den von uns angebotenen Produkten und Dienstleistungen erhoben werden, unabh\u00e4ngig davon, ob dies \u00fcber Dritte geschieht oder nicht. Dazu geh\u00f6ren sowohl Daten, die offline \u00fcber den Kundenservice erhoben werden, als auch Daten, die online erhoben werden, z. B. \u00fcber eine unserer Websites.<\/p>\n\n\n\n<p><strong>Wie sammeln wir personenbezogene Daten?<\/strong><br>Eine Reihe dieser Daten, darunter Name, Adresse, Telefon und E-Mail-Adresse, werden uns von Ihnen direkt mitgeteilt, weil Sie ein Kontakt- oder sonstiges Formular ausf\u00fcllen, ein Angebot anfordern, Waren bei uns bestellen, einen Newsletter abonnieren oder mit uns mailen, chatten oder telefonieren.<\/p>\n\n\n\n<p>Einen weiteren Teil der Daten erhalten wir, indem wir aufzeichnen, wie Sie unsere Websites nutzen. Dazu werden unter anderem funktionale\/analytische Cookies, Tracking-Cookies und Analysetools wie z. B. Google Analytics und Hotjar verwendet. Mit Hilfe von Tracking-Cookies werden au\u00dferdem IP-Daten \u00fcber die IP-Adresse und den Besuch der Website verarbeitet.<\/p>\n\n\n\n<p><strong>Nutzung von Cookies<br><\/strong>Wir setzen die Cookies, um Ihre Pr\u00e4ferenzen und Einstellungen zu speichern sowie um die Leistung der Website zu verbessern und um Analysen der Aktivit\u00e4ten auf der Website durchzuf\u00fchren.<\/p>\n\n\n\n<p>Tracking-Cookies werden ausschlie\u00dflich verwendet, nachdem wir Ihre eindeutige Zustimmung dazu eingeholt haben. Sie k\u00f6nnen die genannte Zustimmung jederzeit widerrufen.<\/p>\n\n\n\n<p>Wir verweisen Sie auf die Cookie-Bar auf unseren Websites, um einen \u00dcberblick \u00fcber die verschiedenen Arten von Cookies zu erhalten, die wir verwenden.<\/p>\n\n\n\n<p><strong>Wie verwenden wir Ihre pers\u00f6nlichen Daten?<br><\/strong>Wir verwenden diese Daten f\u00fcr unseren operativen Betrieb und um Ihnen die von uns hergestellten Produkte anzubieten. Wir verwenden die Daten, um Sie zu beliefern, mit Ihnen zu kommunizieren und Ihnen Rechnungen zu stellen.<\/p>\n\n\n\n<p>Wir verwenden die Daten auch, um unsere Produkte, unsere Websites und Konfiguratoren zu verbessern, f\u00fcr Website-Statistiken, die Nutzung sozialer Medien, Marktanalysen und die Verbesserung der Navigation auf der Website und um Ihnen spezifische Werbung zu zeigen. Dar\u00fcber hinaus verwenden wir die Daten f\u00fcr Direktmarketingzwecke, einschlie\u00dflich der Newsletter, die wir Ihnen zusenden. Sie k\u00f6nnen den Marketingzwecken widersprechen. Diesem Widerspruch werden wir innerhalb von vier Wochen kostenlos nachkommen.<\/p>\n\n\n\n<p><strong>Grundlage f\u00fcr die Verwendung der personenbezogenen Daten<br><\/strong>Die Datenverarbeitung erfolgt auf der Grundlage, dass sie f\u00fcr den Abschluss und die Durchf\u00fchrung eines Vertrages notwendig ist oder dass daf\u00fcr eine Einwilligung erteilt wurde oder dass sie zur Wahrung eines von uns verfolgten legitimen Interesses, z. B. des Direktmarketings, erforderlich ist.<\/p>\n\n\n\n<p><strong>Weitergabe von personenbezogenen Daten an Dritte<\/strong><br>Wir teilen die Daten mit Konzernunternehmen, H\u00e4ndlern, Lieferanten, Baustoffh\u00e4ndlern, um Transaktionen abzuschlie\u00dfen und durchzuf\u00fchren. Wir teilen die Daten auch zwischen den Unternehmen der Gruppe, um ihnen die Durchf\u00fchrung von Direktverkaufs- und Marketingaktivit\u00e4ten zu erm\u00f6glichen.<\/p>\n<\/div>\n\n\n\n<div class=\"wp-block-column is-layout-flow wp-block-column-is-layout-flow\" style=\"flex-basis:50%\">\n<p>Dar\u00fcber hinaus geben wir Daten, die wir mithilfe der Tracking-Cookies erhalten haben, jedoch ausschlie\u00dflich nach Ihrer Einwilligung, an die Werbenetzwerke Google und Bing und soziale Medien wie Facebook weiter. Mit Ihrer Einwilligung zum Tracking von Cookies durch uns stimmen Sie zu, dass bestimmte Daten, die mit uns oder mit sozialen Medien in Verbindung stehen, auch au\u00dferhalb der EU gespeichert werden k\u00f6nnen, wie zum Beispiel bei Facebook.<\/p>\n\n\n\n<p>Sofern Sie nicht eindeutig eingewilligt haben, geben wir die Daten nicht an H\u00e4ndler, Lieferanten oder Baustoffh\u00e4ndler weiter, damit diese direkte Verkaufs- und Marketingaktivit\u00e4ten durchf\u00fchren k\u00f6nnen.<\/p>\n\n\n\n<p><strong>Welche Aufbewahrungsfristen sind zu beachten?<br><\/strong>Wir bewahren Ihre Daten f\u00fcr zwei Jahre ab Ihrem letzten Kontakt mit uns auf, z. B. dem Datum Ihres letzten Kaufs oder telefonischen Kontakts, es sei denn, das Gesetz schreibt eine l\u00e4ngere oder k\u00fcrzere Aufbewahrungsfrist vor.<\/p>\n\n\n\n<p>Die Aufbewahrungsfrist der Daten, die wir mithilfe von Cookies sammeln und die u. a. dazu dienen, relevante Angebote und Werbung zu zeigen, betr\u00e4gt sechs Monate.<\/p>\n\n\n\n<p><strong>Welche Rechte haben Sie in Bezug auf die von uns verarbeiteten personenbezogenen Daten?<br><\/strong>Nachstehend k\u00f6nnen Sie lesen, was Sie in Bezug auf Ihre pers\u00f6nlichen Daten von uns einfordern k\u00f6nnen. Es ist gesetzlich festgelegt, inwieweit wir Ihnen bei Ihrer Anfrage behilflich sein k\u00f6nnen. Sie m\u00fcssen also in Betracht ziehen, dass wir Ihnen nicht in jedem Fall behilflich sein k\u00f6nnen.<\/p>\n\n\n\n<p>Folgendes k\u00f6nnen Sie bei uns einfordern:<\/p>\n\n\n\n<ul class=\"wp-block-list\">\n<li>Informationen \u00fcber die Verarbeitungsvorg\u00e4nge der personenbezogenen Daten<\/li>\n\n\n\n<li>Einsicht in Ihre eigenen personenbezogenen Daten<\/li>\n\n\n\n<li>Rectification of personal data if they are not correct;<\/li>\n\n\n\n<li>Berichtigung personenbezogener Daten, wenn diese nicht korrekt sind<\/li>\n\n\n\n<li>L\u00f6schung personenbezogener Daten und das Recht auf Vergessenwerden<\/li>\n\n\n\n<li>Widerspruch gegen die Verarbeitung personenbezogener Daten<\/li>\n\n\n\n<li>Daten\u00fcbertragbarkeit und<\/li>\n\n\n\n<li>das Recht, keiner automatisierten Entscheidungsfindung unterworfen zu werden<\/li>\n<\/ul>\n\n\n\n<p>Sie k\u00f6nnen Ihre Anfrage per E-Mail an privacy@www.deli-home.com senden. Wir werden Ihre Anfrage so schnell wie m\u00f6glich beantworten. Damit wir Ihre Anfrage bearbeiten k\u00f6nnen, bitten wir Sie um die Angabe Ihres vollst\u00e4ndigen Vor- und Nachnamens sowie Ihrer Kontaktdaten.<\/p>\n\n\n\n<p><strong>Haben Sie Fragen oder eine Beschwerde?<br><\/strong>F\u00fcr allgemeine Fragen oder Beschwerden im Zusammenhang mit dieser Datenschutz- und Cookie-Richtlinie k\u00f6nnen Sie eine E-Mail an privacy@www.deli-home.com senden. Dar\u00fcber hinaus haben Sie das Recht, eine Beschwerde bei der niederl\u00e4ndischen Datenschutzbeh\u00f6rde einzureichen.<\/p>\n\n\n\n<p><strong>\u00c4nderung unserer Datenschutz- und Cookie-Richtlinie<br><\/strong>Wir sind jederzeit berechtigt, diese Datenschutz- und Cookie-Richtlinie zu \u00e4ndern, indem wir die aktualisierte Version auf unseren Websites ver\u00f6ffentlichen, wobei das Datum der aktualisierten Version ausdr\u00fccklich angegeben wird.<\/p>\n<\/div>\n<\/div>\n<\/div><\/section>","protected":false},"excerpt":{"rendered":"<p>LEGAL NOTICE Privacy and Cookie Statement Deli Home Holding B.V. Version February 2020Your privacy is important to us. In this privacy statement it is explained how we, Deli Home Holding B.V. and its group companies Bruynzeel Home Products B.V., Bruynzeel Home Products Nederland B.V., Bruynzeel Home Products Belgium B.V., Bruynzeel Home Products Deuren B.V., Skantrae [&hellip;]<\/p>","protected":false},"author":5,"featured_media":0,"parent":0,"menu_order":0,"comment_status":"closed","ping_status":"closed","template":"","meta":{"_acf_changed":false,"inline_featured_image":false,"footnotes":""},"class_list":["post-4365","page","type-page","status-publish","hentry"],"acf":[],"yoast_head":"<!-- This site is optimized with the Yoast SEO plugin v26.4 - https:\/\/yoast.com\/wordpress\/plugins\/seo\/ -->\n<title>Privacy and cookie Statement - Deli Home<\/title>\n<meta name=\"description\" content=\"View the privacy and cookie statement of Deli Home here.\" \/>\n<meta name=\"robots\" content=\"index, follow, max-snippet:-1, max-image-preview:large, max-video-preview:-1\" \/>\n<link rel=\"canonical\" href=\"https:\/\/www.deli-home.com\/de\/wp-json\/wp\/v2\/pages\/4365\/\" \/>\n<meta property=\"og:locale\" content=\"de_DE\" \/>\n<meta property=\"og:type\" content=\"article\" \/>\n<meta property=\"og:title\" content=\"Privacy and cookie Statement - Deli Home\" \/>\n<meta property=\"og:description\" content=\"View the privacy and cookie statement of Deli Home here.\" \/>\n<meta property=\"og:url\" content=\"https:\/\/www.deli-home.com\/de\/wp-json\/wp\/v2\/pages\/4365\/\" \/>\n<meta property=\"og:site_name\" content=\"Deli Home\" \/>\n<meta property=\"article:modified_time\" content=\"2023-09-14T12:50:36+00:00\" \/>\n<script type=\"application\/ld+json\" class=\"yoast-schema-graph\">{\"@context\":\"https:\/\/schema.org\",\"@graph\":[{\"@type\":\"WebPage\",\"@id\":\"https:\/\/www.deli-home.com\/nl\/privacybeleid\/\",\"url\":\"https:\/\/www.deli-home.com\/nl\/privacybeleid\/\",\"name\":\"Privacy and cookie Statement - Deli Home\",\"isPartOf\":{\"@id\":\"https:\/\/www.deli-home.com\/nl\/#website\"},\"datePublished\":\"2023-09-13T11:36:37+00:00\",\"dateModified\":\"2023-09-14T12:50:36+00:00\",\"description\":\"View the privacy and cookie statement of Deli Home here.\",\"breadcrumb\":{\"@id\":\"https:\/\/www.deli-home.com\/nl\/privacybeleid\/#breadcrumb\"},\"inLanguage\":\"de\",\"potentialAction\":[{\"@type\":\"ReadAction\",\"target\":[\"https:\/\/www.deli-home.com\/nl\/privacybeleid\/\"]}]},{\"@type\":\"BreadcrumbList\",\"@id\":\"https:\/\/www.deli-home.com\/nl\/privacybeleid\/#breadcrumb\",\"itemListElement\":[{\"@type\":\"ListItem\",\"position\":1,\"name\":\"Home\",\"item\":\"https:\/\/www.deli-home.com\/nl\/\"},{\"@type\":\"ListItem\",\"position\":2,\"name\":\"Privacy and cookie Statement\"}]},{\"@type\":\"WebSite\",\"@id\":\"https:\/\/www.deli-home.com\/nl\/#website\",\"url\":\"https:\/\/www.deli-home.com\/nl\/\",\"name\":\"Deli Home\",\"description\":\"\",\"publisher\":{\"@id\":\"https:\/\/www.deli-home.com\/nl\/#organization\"},\"potentialAction\":[{\"@type\":\"SearchAction\",\"target\":{\"@type\":\"EntryPoint\",\"urlTemplate\":\"https:\/\/www.deli-home.com\/nl\/?s={search_term_string}\"},\"query-input\":{\"@type\":\"PropertyValueSpecification\",\"valueRequired\":true,\"valueName\":\"search_term_string\"}}],\"inLanguage\":\"de\"},{\"@type\":\"Organization\",\"@id\":\"https:\/\/www.deli-home.com\/nl\/#organization\",\"name\":\"Deli Home\",\"url\":\"https:\/\/www.deli-home.com\/nl\/\",\"logo\":{\"@type\":\"ImageObject\",\"inLanguage\":\"de\",\"@id\":\"https:\/\/www.deli-home.com\/nl\/#\/schema\/logo\/image\/\",\"url\":\"https:\/\/www.deli-home.com\/wp-content\/uploads\/2023\/09\/favicon.png\",\"contentUrl\":\"https:\/\/www.deli-home.com\/wp-content\/uploads\/2023\/09\/favicon.png\",\"width\":500,\"height\":500,\"caption\":\"Deli Home\"},\"image\":{\"@id\":\"https:\/\/www.deli-home.com\/nl\/#\/schema\/logo\/image\/\"},\"sameAs\":[\"https:\/\/www.linkedin.com\/company\/deli-home\/\"]}]}<\/script>\n<!-- \/ Yoast SEO plugin. -->","yoast_head_json":{"title":"Privacy and cookie Statement - Deli Home","description":"View the privacy and cookie statement of Deli Home here.","robots":{"index":"index","follow":"follow","max-snippet":"max-snippet:-1","max-image-preview":"max-image-preview:large","max-video-preview":"max-video-preview:-1"},"canonical":"https:\/\/www.deli-home.com\/de\/wp-json\/wp\/v2\/pages\/4365\/","og_locale":"de_DE","og_type":"article","og_title":"Privacy and cookie Statement - Deli Home","og_description":"View the privacy and cookie statement of Deli Home here.","og_url":"https:\/\/www.deli-home.com\/de\/wp-json\/wp\/v2\/pages\/4365\/","og_site_name":"Deli Home","article_modified_time":"2023-09-14T12:50:36+00:00","schema":{"@context":"https:\/\/schema.org","@graph":[{"@type":"WebPage","@id":"https:\/\/www.deli-home.com\/nl\/privacybeleid\/","url":"https:\/\/www.deli-home.com\/nl\/privacybeleid\/","name":"Privacy and cookie Statement - Deli Home","isPartOf":{"@id":"https:\/\/www.deli-home.com\/nl\/#website"},"datePublished":"2023-09-13T11:36:37+00:00","dateModified":"2023-09-14T12:50:36+00:00","description":"View the privacy and cookie statement of Deli Home here.","breadcrumb":{"@id":"https:\/\/www.deli-home.com\/nl\/privacybeleid\/#breadcrumb"},"inLanguage":"de","potentialAction":[{"@type":"ReadAction","target":["https:\/\/www.deli-home.com\/nl\/privacybeleid\/"]}]},{"@type":"BreadcrumbList","@id":"https:\/\/www.deli-home.com\/nl\/privacybeleid\/#breadcrumb","itemListElement":[{"@type":"ListItem","position":1,"name":"Home","item":"https:\/\/www.deli-home.com\/nl\/"},{"@type":"ListItem","position":2,"name":"Privacy and cookie Statement"}]},{"@type":"WebSite","@id":"https:\/\/www.deli-home.com\/nl\/#website","url":"https:\/\/www.deli-home.com\/nl\/","name":"Deli Home","description":"","publisher":{"@id":"https:\/\/www.deli-home.com\/nl\/#organization"},"potentialAction":[{"@type":"SearchAction","target":{"@type":"EntryPoint","urlTemplate":"https:\/\/www.deli-home.com\/nl\/?s={search_term_string}"},"query-input":{"@type":"PropertyValueSpecification","valueRequired":true,"valueName":"search_term_string"}}],"inLanguage":"de"},{"@type":"Organization","@id":"https:\/\/www.deli-home.com\/nl\/#organization","name":"Deli Home","url":"https:\/\/www.deli-home.com\/nl\/","logo":{"@type":"ImageObject","inLanguage":"de","@id":"https:\/\/www.deli-home.com\/nl\/#\/schema\/logo\/image\/","url":"https:\/\/www.deli-home.com\/wp-content\/uploads\/2023\/09\/favicon.png","contentUrl":"https:\/\/www.deli-home.com\/wp-content\/uploads\/2023\/09\/favicon.png","width":500,"height":500,"caption":"Deli Home"},"image":{"@id":"https:\/\/www.deli-home.com\/nl\/#\/schema\/logo\/image\/"},"sameAs":["https:\/\/www.linkedin.com\/company\/deli-home\/"]}]}},"_links":{"self":[{"href":"https:\/\/www.deli-home.com\/de\/wp-json\/wp\/v2\/pages\/4365","targetHints":{"allow":["GET"]}}],"collection":[{"href":"https:\/\/www.deli-home.com\/de\/wp-json\/wp\/v2\/pages"}],"about":[{"href":"https:\/\/www.deli-home.com\/de\/wp-json\/wp\/v2\/types\/page"}],"author":[{"embeddable":true,"href":"https:\/\/www.deli-home.com\/de\/wp-json\/wp\/v2\/users\/5"}],"replies":[{"embeddable":true,"href":"https:\/\/www.deli-home.com\/de\/wp-json\/wp\/v2\/comments?post=4365"}],"version-history":[{"count":7,"href":"https:\/\/www.deli-home.com\/de\/wp-json\/wp\/v2\/pages\/4365\/revisions"}],"predecessor-version":[{"id":4505,"href":"https:\/\/www.deli-home.com\/de\/wp-json\/wp\/v2\/pages\/4365\/revisions\/4505"}],"wp:attachment":[{"href":"https:\/\/www.deli-home.com\/de\/wp-json\/wp\/v2\/media?parent=4365"}],"curies":[{"name":"wp","href":"https:\/\/api.w.org\/{rel}","templated":true}]}}