{"id":6364,"date":"2023-07-27T12:19:00","date_gmt":"2023-07-27T12:19:00","guid":{"rendered":"https:\/\/www.deli-home.com\/esg-annual-report-2022-2\/"},"modified":"2025-09-29T12:25:24","modified_gmt":"2025-09-29T12:25:24","slug":"esg-report","status":"publish","type":"page","link":"https:\/\/www.deli-home.com\/de\/esg-bericht\/","title":{"rendered":"ESG-Bericht"},"content":{"rendered":"<div class=\"wp-block-cover alignfull has-parallax\" style=\"min-height:700px;aspect-ratio:unset;\"><span aria-hidden=\"true\" class=\"wp-block-cover__background has-background-dim-100 has-background-dim wp-block-cover__gradient-background has-background-gradient\" style=\"background:linear-gradient(90deg,rgba(2,19,45,0.8) 0%,rgba(2,19,45,0.5) 37%,rgba(2,19,45,0) 98%)\"><\/span><div class=\"wp-block-cover__image-background wp-image-1680 has-parallax\" style=\"background-position:50% 50%;background-image:url(https:\/\/www.deli-home.com\/wp-content\/uploads\/2023\/09\/shutterstock_389052964-scaled.jpg)\"><\/div><div class=\"wp-block-cover__inner-container is-layout-flow wp-block-cover-is-layout-flow\">\n<div class=\"wp-block-group\"><div class=\"wp-block-group__inner-container is-layout-constrained wp-block-group-is-layout-constrained\">\n<div class=\"wp-block-columns is-layout-flex wp-container-core-columns-is-layout-1 wp-block-columns-is-layout-flex\">\n<div class=\"wp-block-column is-layout-flow wp-block-column-is-layout-flow\" style=\"flex-basis:50%\">\n<h1 class=\"wp-block-heading has-white-color has-text-color\">ESG-Bericht<\/h1>\n\n\n\n<p class=\"has-text-align-left has-white-color has-text-color has-large-font-size\">Wie Deli Home an einer nachhaltigen Zukunft arbeitet<\/p>\n<\/div>\n\n\n\n<div class=\"wp-block-column is-layout-flow wp-block-column-is-layout-flow\" style=\"flex-basis:50%\"><\/div>\n<\/div>\n<\/div><\/div>\n<\/div><\/div>\n\n\n\n<p><\/p>\n\n\n\n<section class=\"wp-block-group\"><div class=\"wp-block-group__inner-container is-layout-constrained wp-block-group-is-layout-constrained\">\n<div class=\"wp-block-columns is-layout-flex wp-container-core-columns-is-layout-2 wp-block-columns-is-layout-flex\">\n<div class=\"wp-block-column is-layout-flow wp-block-column-is-layout-flow\" style=\"flex-basis:25%\"><\/div>\n\n\n\n<div class=\"wp-block-column is-layout-flow wp-block-column-is-layout-flow\" style=\"flex-basis:65%\">\n<p class=\"has-text-align-center has-text-color has-medium-font-size\" style=\"color:#2bb3eb\"><strong>MEHR ERFAHREN \u00dcBER<\/strong><\/p>\n\n\n\n<h2 class=\"wp-block-heading has-text-align-center\"><strong>Unsere nachhaltige Zukunft<\/strong><\/h2>\n\n\n\n<p>Deli Home arbeitet intensiv daran, die ESG-Ziele f\u00fcr 2025 zu erreichen. Die Zusammenarbeit und das kontinuierliche Lernen sowie die Verbesserung sind ein integraler Bestandteil dieses Prozesses. Um unsere Ziele zu erreichen, ist es wichtig f\u00fcr uns, dass wir uns unserer sozialen Auswirkungen in der gesamten Lieferkette bewusst sind und dies \u00fcber unsere Lieferanten, unsere Fabriken und unsere Kunden. Und wir m\u00fcssen entsprechend handeln.<\/p>\n\n\n\n<div class=\"wp-block-buttons alignwide is-content-justification-center is-layout-flex wp-container-core-buttons-is-layout-1 wp-block-buttons-is-layout-flex\">\n<div class=\"wp-block-button\"><a class=\"wp-block-button__link wp-element-button\" href=\"https:\/\/www.flipsnack.com\/9A6ACFCC5A8\/esg-report-deli-home-2024\/full-view.html\" target=\"_blank\" rel=\"noreferrer noopener\">Lesen Sie unseren ESG-Bericht<\/a><\/div>\n<\/div>\n\n\n\n<div style=\"height:100px\" aria-hidden=\"true\" class=\"wp-block-spacer\"><\/div>\n<\/div>\n\n\n\n<div class=\"wp-block-column is-layout-flow wp-block-column-is-layout-flow\" style=\"flex-basis:25%\"><\/div>\n<\/div>\n\n\n\n<div class=\"wp-block-media-text alignwide is-stacked-on-mobile is-vertically-aligned-top has-medium-font-size\" style=\"grid-template-columns:42% auto\"><figure class=\"wp-block-media-text__media\"><img loading=\"lazy\" decoding=\"async\" width=\"1024\" height=\"683\" src=\"https:\/\/www.deli-home.com\/wp-content\/uploads\/2025\/09\/shutterstock_2220839471-1024x683.jpg\" alt=\"\" class=\"wp-image-7428 size-full\" srcset=\"https:\/\/www.deli-home.com\/wp-content\/uploads\/2025\/09\/shutterstock_2220839471-1024x683.jpg 1024w, https:\/\/www.deli-home.com\/wp-content\/uploads\/2025\/09\/shutterstock_2220839471-300x200.jpg 300w, https:\/\/www.deli-home.com\/wp-content\/uploads\/2025\/09\/shutterstock_2220839471-768x512.jpg 768w, https:\/\/www.deli-home.com\/wp-content\/uploads\/2025\/09\/shutterstock_2220839471-1536x1024.jpg 1536w, https:\/\/www.deli-home.com\/wp-content\/uploads\/2025\/09\/shutterstock_2220839471-2048x1365.jpg 2048w, https:\/\/www.deli-home.com\/wp-content\/uploads\/2025\/09\/shutterstock_2220839471-18x12.jpg 18w, https:\/\/www.deli-home.com\/wp-content\/uploads\/2025\/09\/shutterstock_2220839471-scaled.jpg 2560w\" sizes=\"auto, (max-width: 1024px) 100vw, 1024px\" \/><\/figure><div class=\"wp-block-media-text__content\">\n<h4 class=\"wp-block-heading has-text-align-left\"><strong>Unsere ESG-Ziele f\u00fcr das Jahr 2025 (im Vergleich zum Jahr 2020)<\/strong><\/h4>\n\n\n\n<ul class=\"wp-block-list\">\n<li>Unseren \u00f6kologischen Fu\u00dfabdruck um 15 % verbessern<\/li>\n\n\n\n<li>100 % Beschaffung und Verkauf von nachhaltigem Holz mit FSC\u00ae <br>oder PEFC-Zertifizierung \u2705<\/li>\n\n\n\n<li>Reduzierung um 10 % von Verpackungsmaterialien zum Transport innerhalb der Lieferkette<\/li>\n\n\n\n<li>Reduzierung von 10 % Abfall (basierend auf dem Gewicht)<\/li>\n\n\n\n<li>Fokus auf das Wohlbefinden von Mitarbeitern mit dem Ziel, die Rate betrieblicher Fehlzeiten auf unter 3 % zu senken<\/li>\n\n\n\n<li>0 Unf\u00e4lle, die zu Fehlzeiten f\u00fchren<\/li>\n<\/ul>\n<\/div><\/div>\n<\/div><\/section>\n\n\n\n<section class=\"wp-block-group\"><div class=\"wp-block-group__inner-container is-layout-constrained wp-block-group-is-layout-constrained\">\n<div class=\"wp-block-columns is-layout-flex wp-container-core-columns-is-layout-3 wp-block-columns-is-layout-flex\">\n<div class=\"wp-block-column is-layout-flow wp-block-column-is-layout-flow\" style=\"flex-basis:65%\"><\/div>\n\n\n\n<div class=\"wp-block-column is-layout-flow wp-block-column-is-layout-flow\" style=\"flex-basis:25%\"><\/div>\n<\/div>\n\n\n\n<div class=\"wp-block-media-text alignwide has-media-on-the-right is-stacked-on-mobile is-vertically-aligned-top\" style=\"grid-template-columns:auto 20%\"><div class=\"wp-block-media-text__content\">\n<h3 class=\"wp-block-heading\">ESG-Bericht<\/h3>\n\n\n\n<p>Bei Deli Home betrachten wir ESG als eine kontinuierliche Herausforderung mit sich st\u00e4ndig \u00e4ndernden Zielen und einem anhaltenden Fokus auf die Verringerung unseres \u00f6kologischen Fu\u00dfabdrucks. Wir haben den Ehrgeiz, eine Vorreiterrolle einzunehmen und positive Ver\u00e4nderungen in der Gesellschaft zu f\u00f6rdern.<br><br>In diesem Bericht lesen Sie daher nicht nur \u00fcber unsere Bem\u00fchungen, sondern auch \u00fcber unsere Ambitionen f\u00fcr die kommenden Jahre. Wir m\u00f6chten Sie auf Deli Homes fortlaufende Reise zu einer sozial verantwortungsvolleren Art des Wirtschaftens mitnehmen.<br><br>Gemeinsam bauen wir eine nachhaltige Zukunft, in der wir uns weiterhin an neue Herausforderungen anpassen und nach Verbesserungen streben. Unser Engagement f\u00fcr Nachhaltigkeit ist nicht nur ein Ziel, sondern eine fortlaufende Reise zu einer besseren Welt.<\/p>\n\n\n\n<div class=\"wp-block-buttons is-content-justification-center is-layout-flex wp-container-core-buttons-is-layout-2 wp-block-buttons-is-layout-flex\">\n<div class=\"wp-block-button\"><a class=\"wp-block-button__link wp-element-button\" href=\"https:\/\/www.flipsnack.com\/9A6ACFCC5A8\/esg-report-deli-home-2024\/full-view.html\" target=\"_blank\" rel=\"noreferrer noopener\">Lesen Sie unseren ESG-Bericht<\/a><\/div>\n<\/div>\n<\/div><figure class=\"wp-block-media-text__media\"><img loading=\"lazy\" decoding=\"async\" width=\"279\" height=\"402\" src=\"https:\/\/www.deli-home.com\/wp-content\/uploads\/2025\/09\/Cover-ESG-Report-2024.jpg\" alt=\"\" class=\"wp-image-7446 size-full\" srcset=\"https:\/\/www.deli-home.com\/wp-content\/uploads\/2025\/09\/Cover-ESG-Report-2024.jpg 279w, https:\/\/www.deli-home.com\/wp-content\/uploads\/2025\/09\/Cover-ESG-Report-2024-208x300.jpg 208w, https:\/\/www.deli-home.com\/wp-content\/uploads\/2025\/09\/Cover-ESG-Report-2024-8x12.jpg 8w\" sizes=\"auto, (max-width: 279px) 100vw, 279px\" \/><\/figure><\/div>\n<\/div><\/section>\n\n\n\n<div class=\"wp-block-group\"><div class=\"wp-block-group__inner-container is-layout-constrained wp-block-group-is-layout-constrained\">\n<div class=\"wp-block-columns is-layout-flex wp-container-core-columns-is-layout-4 wp-block-columns-is-layout-flex\">\n<div class=\"wp-block-column is-layout-flow wp-block-column-is-layout-flow\">\n<div class=\"wp-block-cover has-custom-content-position is-position-bottom-center\" style=\"min-height:300px;aspect-ratio:unset;\"><span aria-hidden=\"true\" class=\"wp-block-cover__background has-background-dim-10 has-background-dim\"><\/span><img loading=\"lazy\" decoding=\"async\" width=\"2560\" height=\"1438\" class=\"wp-block-cover__image-background wp-image-6405\" alt=\"\" src=\"https:\/\/www.deli-home.com\/wp-content\/uploads\/2024\/07\/shutterstock_2230518089-scaled.jpg\" data-object-fit=\"cover\" srcset=\"https:\/\/www.deli-home.com\/wp-content\/uploads\/2024\/07\/shutterstock_2230518089-scaled.jpg 2560w, https:\/\/www.deli-home.com\/wp-content\/uploads\/2024\/07\/shutterstock_2230518089-300x169.jpg 300w, https:\/\/www.deli-home.com\/wp-content\/uploads\/2024\/07\/shutterstock_2230518089-1024x575.jpg 1024w, https:\/\/www.deli-home.com\/wp-content\/uploads\/2024\/07\/shutterstock_2230518089-768x431.jpg 768w, https:\/\/www.deli-home.com\/wp-content\/uploads\/2024\/07\/shutterstock_2230518089-1536x863.jpg 1536w, https:\/\/www.deli-home.com\/wp-content\/uploads\/2024\/07\/shutterstock_2230518089-2048x1151.jpg 2048w, https:\/\/www.deli-home.com\/wp-content\/uploads\/2024\/07\/shutterstock_2230518089-18x10.jpg 18w\" sizes=\"auto, (max-width: 2560px) 100vw, 2560px\" \/><div class=\"wp-block-cover__inner-container is-layout-flow wp-block-cover-is-layout-flow\">\n<p class=\"has-text-align-center has-large-font-size\"><\/p>\n<\/div><\/div>\n\n\n\n<div style=\"height:15px\" aria-hidden=\"true\" class=\"wp-block-spacer\"><\/div>\n\n\n\n<div class=\"wp-block-buttons is-content-justification-center is-layout-flex wp-container-core-buttons-is-layout-3 wp-block-buttons-is-layout-flex\">\n<div class=\"wp-block-button\"><a class=\"wp-block-button__link wp-element-button\" href=\"https:\/\/www.deli-home.com\/de\/zertifizierung\/\" target=\"_blank\" rel=\"noreferrer noopener\">Unsere Zertifizierungen<\/a><\/div>\n<\/div>\n<\/div>\n<\/div>\n<\/div><\/div>","protected":false},"excerpt":{"rendered":"<p>LEARN MORE ABOUT Our sustainable future Deli Home continuously makes intensive efforts to achieve the ESG objectives for 2025. Collaboration, continuous learning and improvement are central. To achieve our objectives, it is essential that we are aware of our social impact within our entire chain - from suppliers, to production, to our customers - and [&hellip;]<\/p>","protected":false},"author":6,"featured_media":5459,"parent":0,"menu_order":0,"comment_status":"closed","ping_status":"closed","template":"","meta":{"_acf_changed":false,"inline_featured_image":false,"footnotes":""},"class_list":["post-6364","page","type-page","status-publish","has-post-thumbnail","hentry"],"acf":[],"yoast_head":"<!-- This site is optimized with the Yoast SEO plugin v26.4 - https:\/\/yoast.com\/wordpress\/plugins\/seo\/ -->\n<title>ESG Report - Deli Home<\/title>\n<meta name=\"description\" content=\"Our ESG report provides a comprehensive overview of the numbers showing our achievements in terms of CO2 reduction and safety performance.\" \/>\n<meta name=\"robots\" content=\"index, follow, max-snippet:-1, max-image-preview:large, max-video-preview:-1\" \/>\n<link rel=\"canonical\" href=\"https:\/\/www.deli-home.com\/de\/wp-json\/wp\/v2\/pages\/6364\/\" \/>\n<meta property=\"og:locale\" content=\"de_DE\" \/>\n<meta property=\"og:type\" content=\"article\" \/>\n<meta property=\"og:title\" content=\"ESG Report - Deli Home\" \/>\n<meta property=\"og:description\" content=\"Our ESG report provides a comprehensive overview of the numbers showing our achievements in terms of CO2 reduction and safety performance.\" \/>\n<meta property=\"og:url\" content=\"https:\/\/www.deli-home.com\/de\/wp-json\/wp\/v2\/pages\/6364\/\" \/>\n<meta property=\"og:site_name\" content=\"Deli Home\" \/>\n<meta property=\"article:modified_time\" content=\"2025-09-29T12:25:24+00:00\" \/>\n<meta property=\"og:image\" content=\"https:\/\/www.deli-home.com\/wp-content\/uploads\/2023\/12\/shutterstock_1953844789-1024x578.jpg\" \/>\n\t<meta property=\"og:image:width\" content=\"1024\" \/>\n\t<meta property=\"og:image:height\" content=\"578\" \/>\n\t<meta property=\"og:image:type\" content=\"image\/jpeg\" \/>\n<script type=\"application\/ld+json\" class=\"yoast-schema-graph\">{\"@context\":\"https:\/\/schema.org\",\"@graph\":[{\"@type\":\"WebPage\",\"@id\":\"https:\/\/www.deli-home.com\/de\/esg-bericht\/\",\"url\":\"https:\/\/www.deli-home.com\/de\/esg-bericht\/\",\"name\":\"ESG Report - Deli Home\",\"isPartOf\":{\"@id\":\"https:\/\/www.homeprovy.at\/en\/#website\"},\"primaryImageOfPage\":{\"@id\":\"https:\/\/www.deli-home.com\/de\/esg-bericht\/#primaryimage\"},\"image\":{\"@id\":\"https:\/\/www.deli-home.com\/de\/esg-bericht\/#primaryimage\"},\"thumbnailUrl\":\"https:\/\/www.deli-home.com\/wp-content\/uploads\/2023\/12\/shutterstock_1953844789.jpg\",\"datePublished\":\"2023-07-27T12:19:00+00:00\",\"dateModified\":\"2025-09-29T12:25:24+00:00\",\"description\":\"Our ESG report provides a comprehensive overview of the numbers showing our achievements in terms of CO2 reduction and safety performance.\",\"breadcrumb\":{\"@id\":\"https:\/\/www.deli-home.com\/de\/esg-bericht\/#breadcrumb\"},\"inLanguage\":\"de\",\"potentialAction\":[{\"@type\":\"ReadAction\",\"target\":[\"https:\/\/www.deli-home.com\/de\/esg-bericht\/\"]}]},{\"@type\":\"ImageObject\",\"inLanguage\":\"de\",\"@id\":\"https:\/\/www.deli-home.com\/de\/esg-bericht\/#primaryimage\",\"url\":\"https:\/\/www.deli-home.com\/wp-content\/uploads\/2023\/12\/shutterstock_1953844789.jpg\",\"contentUrl\":\"https:\/\/www.deli-home.com\/wp-content\/uploads\/2023\/12\/shutterstock_1953844789.jpg\",\"width\":10255,\"height\":5792},{\"@type\":\"BreadcrumbList\",\"@id\":\"https:\/\/www.deli-home.com\/de\/esg-bericht\/#breadcrumb\",\"itemListElement\":[{\"@type\":\"ListItem\",\"position\":1,\"name\":\"Home\",\"item\":\"https:\/\/www.homeprovy.at\/en\/\"},{\"@type\":\"ListItem\",\"position\":2,\"name\":\"ESG Report\"}]},{\"@type\":\"WebSite\",\"@id\":\"https:\/\/www.homeprovy.at\/en\/#website\",\"url\":\"https:\/\/www.homeprovy.at\/en\/\",\"name\":\"Deli Home\",\"description\":\"\",\"publisher\":{\"@id\":\"https:\/\/www.homeprovy.at\/en\/#organization\"},\"potentialAction\":[{\"@type\":\"SearchAction\",\"target\":{\"@type\":\"EntryPoint\",\"urlTemplate\":\"https:\/\/www.homeprovy.at\/en\/?s={search_term_string}\"},\"query-input\":{\"@type\":\"PropertyValueSpecification\",\"valueRequired\":true,\"valueName\":\"search_term_string\"}}],\"inLanguage\":\"de\"},{\"@type\":\"Organization\",\"@id\":\"https:\/\/www.homeprovy.at\/en\/#organization\",\"name\":\"Deli Home\",\"url\":\"https:\/\/www.homeprovy.at\/en\/\",\"logo\":{\"@type\":\"ImageObject\",\"inLanguage\":\"de\",\"@id\":\"https:\/\/www.homeprovy.at\/en\/#\/schema\/logo\/image\/\",\"url\":\"https:\/\/www.deli-home.com\/wp-content\/uploads\/2023\/09\/favicon.png\",\"contentUrl\":\"https:\/\/www.deli-home.com\/wp-content\/uploads\/2023\/09\/favicon.png\",\"width\":500,\"height\":500,\"caption\":\"Deli Home\"},\"image\":{\"@id\":\"https:\/\/www.homeprovy.at\/en\/#\/schema\/logo\/image\/\"},\"sameAs\":[\"https:\/\/www.linkedin.com\/company\/deli-home\/\"]}]}<\/script>\n<!-- \/ Yoast SEO plugin. -->","yoast_head_json":{"title":"ESG Report - Deli Home","description":"Our ESG report provides a comprehensive overview of the numbers showing our achievements in terms of CO2 reduction and safety performance.","robots":{"index":"index","follow":"follow","max-snippet":"max-snippet:-1","max-image-preview":"max-image-preview:large","max-video-preview":"max-video-preview:-1"},"canonical":"https:\/\/www.deli-home.com\/de\/wp-json\/wp\/v2\/pages\/6364\/","og_locale":"de_DE","og_type":"article","og_title":"ESG Report - Deli Home","og_description":"Our ESG report provides a comprehensive overview of the numbers showing our achievements in terms of CO2 reduction and safety performance.","og_url":"https:\/\/www.deli-home.com\/de\/wp-json\/wp\/v2\/pages\/6364\/","og_site_name":"Deli Home","article_modified_time":"2025-09-29T12:25:24+00:00","og_image":[{"width":1024,"height":578,"url":"https:\/\/www.deli-home.com\/wp-content\/uploads\/2023\/12\/shutterstock_1953844789-1024x578.jpg","type":"image\/jpeg"}],"schema":{"@context":"https:\/\/schema.org","@graph":[{"@type":"WebPage","@id":"https:\/\/www.deli-home.com\/de\/esg-bericht\/","url":"https:\/\/www.deli-home.com\/de\/esg-bericht\/","name":"ESG Report - Deli Home","isPartOf":{"@id":"https:\/\/www.homeprovy.at\/en\/#website"},"primaryImageOfPage":{"@id":"https:\/\/www.deli-home.com\/de\/esg-bericht\/#primaryimage"},"image":{"@id":"https:\/\/www.deli-home.com\/de\/esg-bericht\/#primaryimage"},"thumbnailUrl":"https:\/\/www.deli-home.com\/wp-content\/uploads\/2023\/12\/shutterstock_1953844789.jpg","datePublished":"2023-07-27T12:19:00+00:00","dateModified":"2025-09-29T12:25:24+00:00","description":"Our ESG report provides a comprehensive overview of the numbers showing our achievements in terms of CO2 reduction and safety performance.","breadcrumb":{"@id":"https:\/\/www.deli-home.com\/de\/esg-bericht\/#breadcrumb"},"inLanguage":"de","potentialAction":[{"@type":"ReadAction","target":["https:\/\/www.deli-home.com\/de\/esg-bericht\/"]}]},{"@type":"ImageObject","inLanguage":"de","@id":"https:\/\/www.deli-home.com\/de\/esg-bericht\/#primaryimage","url":"https:\/\/www.deli-home.com\/wp-content\/uploads\/2023\/12\/shutterstock_1953844789.jpg","contentUrl":"https:\/\/www.deli-home.com\/wp-content\/uploads\/2023\/12\/shutterstock_1953844789.jpg","width":10255,"height":5792},{"@type":"BreadcrumbList","@id":"https:\/\/www.deli-home.com\/de\/esg-bericht\/#breadcrumb","itemListElement":[{"@type":"ListItem","position":1,"name":"Home","item":"https:\/\/www.homeprovy.at\/en\/"},{"@type":"ListItem","position":2,"name":"ESG Report"}]},{"@type":"WebSite","@id":"https:\/\/www.homeprovy.at\/en\/#website","url":"https:\/\/www.homeprovy.at\/en\/","name":"Deli Home","description":"","publisher":{"@id":"https:\/\/www.homeprovy.at\/en\/#organization"},"potentialAction":[{"@type":"SearchAction","target":{"@type":"EntryPoint","urlTemplate":"https:\/\/www.homeprovy.at\/en\/?s={search_term_string}"},"query-input":{"@type":"PropertyValueSpecification","valueRequired":true,"valueName":"search_term_string"}}],"inLanguage":"de"},{"@type":"Organization","@id":"https:\/\/www.homeprovy.at\/en\/#organization","name":"Deli Home","url":"https:\/\/www.homeprovy.at\/en\/","logo":{"@type":"ImageObject","inLanguage":"de","@id":"https:\/\/www.homeprovy.at\/en\/#\/schema\/logo\/image\/","url":"https:\/\/www.deli-home.com\/wp-content\/uploads\/2023\/09\/favicon.png","contentUrl":"https:\/\/www.deli-home.com\/wp-content\/uploads\/2023\/09\/favicon.png","width":500,"height":500,"caption":"Deli Home"},"image":{"@id":"https:\/\/www.homeprovy.at\/en\/#\/schema\/logo\/image\/"},"sameAs":["https:\/\/www.linkedin.com\/company\/deli-home\/"]}]}},"_links":{"self":[{"href":"https:\/\/www.deli-home.com\/de\/wp-json\/wp\/v2\/pages\/6364","targetHints":{"allow":["GET"]}}],"collection":[{"href":"https:\/\/www.deli-home.com\/de\/wp-json\/wp\/v2\/pages"}],"about":[{"href":"https:\/\/www.deli-home.com\/de\/wp-json\/wp\/v2\/types\/page"}],"author":[{"embeddable":true,"href":"https:\/\/www.deli-home.com\/de\/wp-json\/wp\/v2\/users\/6"}],"replies":[{"embeddable":true,"href":"https:\/\/www.deli-home.com\/de\/wp-json\/wp\/v2\/comments?post=6364"}],"version-history":[{"count":25,"href":"https:\/\/www.deli-home.com\/de\/wp-json\/wp\/v2\/pages\/6364\/revisions"}],"predecessor-version":[{"id":7454,"href":"https:\/\/www.deli-home.com\/de\/wp-json\/wp\/v2\/pages\/6364\/revisions\/7454"}],"wp:featuredmedia":[{"embeddable":true,"href":"https:\/\/www.deli-home.com\/de\/wp-json\/wp\/v2\/media\/5459"}],"wp:attachment":[{"href":"https:\/\/www.deli-home.com\/de\/wp-json\/wp\/v2\/media?parent=6364"}],"curies":[{"name":"wp","href":"https:\/\/api.w.org\/{rel}","templated":true}]}}