{"id":8367,"date":"2026-05-04T14:30:25","date_gmt":"2026-05-04T14:30:25","guid":{"rendered":"https:\/\/www.deli-home.com\/?page_id=8367"},"modified":"2026-05-04T15:48:21","modified_gmt":"2026-05-04T15:48:21","slug":"b-corp-certified","status":"publish","type":"page","link":"https:\/\/www.deli-home.com\/de\/planet-gesellschaft\/b-corp-certified\/","title":{"rendered":"B Corp"},"content":{"rendered":"<div class=\"wp-block-cover alignfull has-parallax\" style=\"min-height:599px;aspect-ratio:unset;\"><span aria-hidden=\"true\" class=\"wp-block-cover__background has-background-dim-30 has-background-dim\"><\/span><div class=\"wp-block-cover__image-background wp-image-7923 has-parallax\" style=\"background-position:50% 50%;background-image:url(https:\/\/www.deli-home.com\/wp-content\/uploads\/2026\/03\/iStock-1200780644-scaled.jpg)\"><\/div><div class=\"wp-block-cover__inner-container is-layout-flow wp-block-cover-is-layout-flow\">\n<div class=\"wp-block-group\"><div class=\"wp-block-group__inner-container is-layout-constrained wp-block-group-is-layout-constrained\">\n<div class=\"wp-block-columns is-layout-flex wp-container-core-columns-is-layout-1 wp-block-columns-is-layout-flex\">\n<div class=\"wp-block-column is-vertically-aligned-center is-layout-flow wp-block-column-is-layout-flow\" style=\"flex-basis:50%\">\n<p>Proud to be <\/p>\n\n\n\n<h1 class=\"wp-block-heading\"><strong>B Corp<\/strong><\/h1>\n<\/div>\n\n\n\n<div class=\"wp-block-column is-layout-flow wp-block-column-is-layout-flow\" style=\"flex-basis:50%\"><div class=\"wp-block-image hero-logo-b-corp\">\n<figure class=\"aligncenter size-medium is-resized\"><img loading=\"lazy\" decoding=\"async\" width=\"1\" height=\"2\" src=\"https:\/\/www.deli-home.com\/wp-content\/uploads\/2026\/03\/B-Corp-Logo-White-RGB.svg\" alt=\"\" class=\"wp-image-7942\" style=\"width:250px\"\/><\/figure><\/div><\/div>\n<\/div>\n<\/div><\/div>\n\n\n\n<style>\r\n\/* STYLING VOOR B-CORP HERO *\/\r\n.wp-block-cover__inner-container .wp-block-column:last-child {border-left: 3px solid #fff;}\r\n.wp-block-cover__inner-container p{font-size:5rem;margin-bottom:0;line-height:1;}\r\n.wp-block-cover__inner-container h1{font-size:5rem;}\r\n.hero-logo-dh{margin-bottom:50px;}\r\n\r\n@media (max-width: 992px) {\r\n  .wp-block-cover__inner-container .wp-block-column:last-child {border-left:none;border-top: 3px solid #fff;}\r\n  .wp-block-cover__inner-container p{text-align: center;font-size: 2rem;}\r\n  .wp-block-cover__inner-container h1{text-align: center;font-size: 2rem;margin: 10px 0 20px;}\r\n  .hero-logo-dh{text-align:center;}\r\n  .hero-logo-dh img{max-width: 150px;}\r\n  .hero-logo-b-corp img{max-width: 150px;}\r\n}\r\n<\/style>\n<\/div><\/div>\n\n\n\n<div class=\"wp-block-group\"><div class=\"wp-block-group__inner-container is-layout-constrained wp-block-group-is-layout-constrained\">\n<p class=\"has-text-align-center has-text-color has-medium-font-size\" style=\"color:#2bb3eb\"><strong>PROUD TO BE B CORP<\/strong><\/p>\n\n\n\n<h2 class=\"wp-block-heading has-text-align-center\"><strong>Was ist eine Certified B Corporation\u2122<\/strong>?<\/h2>\n<\/div><\/div>\n\n\n\n<div class=\"wp-block-group\"><div class=\"wp-block-group__inner-container is-layout-constrained wp-block-group-is-layout-constrained\">\n<figure class=\"wp-block-image alignwide size-large\"><img loading=\"lazy\" decoding=\"async\" width=\"1024\" height=\"256\" src=\"https:\/\/www.deli-home.com\/wp-content\/uploads\/2026\/04\/Setting-2_WIT_verhouding-2-1024x256.png\" alt=\"\" class=\"wp-image-8181\" srcset=\"https:\/\/www.deli-home.com\/wp-content\/uploads\/2026\/04\/Setting-2_WIT_verhouding-2-1024x256.png 1024w, https:\/\/www.deli-home.com\/wp-content\/uploads\/2026\/04\/Setting-2_WIT_verhouding-2-300x75.png 300w, https:\/\/www.deli-home.com\/wp-content\/uploads\/2026\/04\/Setting-2_WIT_verhouding-2-768x192.png 768w, https:\/\/www.deli-home.com\/wp-content\/uploads\/2026\/04\/Setting-2_WIT_verhouding-2-1536x384.png 1536w, https:\/\/www.deli-home.com\/wp-content\/uploads\/2026\/04\/Setting-2_WIT_verhouding-2-2048x512.png 2048w, https:\/\/www.deli-home.com\/wp-content\/uploads\/2026\/04\/Setting-2_WIT_verhouding-2-18x5.png 18w, https:\/\/www.deli-home.com\/wp-content\/uploads\/2026\/04\/Setting-2_WIT_verhouding-2.png 2560w\" sizes=\"auto, (max-width: 1024px) 100vw, 1024px\" \/><\/figure>\n<\/div><\/div>\n\n\n\n<section class=\"wp-block-group\"><div class=\"wp-block-group__inner-container is-layout-constrained wp-block-group-is-layout-constrained\">\n<div class=\"wp-block-columns is-layout-flex wp-container-core-columns-is-layout-2 wp-block-columns-is-layout-flex\">\n<div class=\"wp-block-column is-layout-flow wp-block-column-is-layout-flow\" style=\"flex-basis:50%\">\n<p class=\"has-text-align-left has-pale-pink-color has-text-color\">B Corp ist eine weltweite Gemeinschaft, die aus \u00fcber 10.000 Unternehmen in mehr als 100 L\u00e4ndern und 160 Branchen besteht. In Europa \u2013 und besonders in den Niederlanden \u2013 w\u00e4chst die B Corp Gemeinschaft schnell und umfasst bekannte Unternehmen wie Albert Heijn, Auping, Bol, Brabantia, Hak und Rituals.<br><br>The B Corp Certification is a recognition that a business meets high standards of verified social and environmental performance, accountability, and transparency.<\/p>\n<\/div>\n\n\n\n<div class=\"wp-block-column is-layout-flow wp-block-column-is-layout-flow\" style=\"flex-basis:50%\">\n<p class=\"has-text-align-left has-pale-pink-color has-text-color\">Zertifizierte B Corporations sind verpflichtet, Gewinn und gesellschaftlichen Zweck in Einklang zu bringen, und werden in verschiedenen Bereichen bewertet, darunter Unternehmensf\u00fchrung, Mitarbeiter, Gesellschaft, Umwelt und Kunden.<\/p>\n\n\n\n<p class=\"has-text-align-left has-pale-pink-color has-text-color\">Der Zertifizierungsprozess ist streng und ganzheitlich. Die Unternehmen m\u00fcssen kontinuierliche Verbesserungen nachweisen und sich alle drei Jahre neu zertifizieren lassen, um sicherzustellen, dass die Standards eingehalten werden.<\/p>\n<\/div>\n<\/div>\n<\/div><\/section>\n\n\n\n<div class=\"wp-block-group has-background\" style=\"background:linear-gradient(160deg,rgba(18,112,166,0.09) 0%,rgba(255,255,255,0) 99%)\"><div class=\"wp-block-group__inner-container is-layout-constrained wp-block-group-is-layout-constrained\">\n<div class=\"wp-block-columns is-layout-flex wp-container-core-columns-is-layout-3 wp-block-columns-is-layout-flex\">\n<div class=\"wp-block-column is-vertically-aligned-center is-layout-flow wp-block-column-is-layout-flow\" style=\"flex-basis:15%\"><\/div>\n\n\n\n<div class=\"wp-block-column is-layout-flow wp-block-column-is-layout-flow\" style=\"flex-basis:70%\">\n<div style=\"height:30px\" aria-hidden=\"true\" class=\"wp-block-spacer\"><\/div>\n\n\n\n<h2 class=\"wp-block-heading has-text-align-center\">Warum es wichtig ist<\/h2>\n\n\n\n<p class=\"has-text-align-center\">Die B Corp-Zertifizierung zeigt, dass unsere soziale und \u00f6kologische Leistung unabh\u00e4ngig anhand hoher Standards in Bezug auf Transparenz, Verantwortlichkeit und kontinuierliche Verbesserung bewertet wird. F\u00fcr Deli Home best\u00e4tigt dies, dass Nachhaltigkeit fest in unserer Art zu wirtschaften verankert ist.<\/p>\n\n\n\n<div style=\"height:30px\" aria-hidden=\"true\" class=\"wp-block-spacer\"><\/div>\n<\/div>\n\n\n\n<div class=\"wp-block-column is-layout-flow wp-block-column-is-layout-flow\" style=\"flex-basis:15%\"><\/div>\n<\/div>\n<\/div><\/div>\n\n\n\n<div class=\"wp-block-group\"><div class=\"wp-block-group__inner-container is-layout-constrained wp-block-group-is-layout-constrained\">\n<div class=\"wp-block-columns is-layout-flex wp-container-core-columns-is-layout-4 wp-block-columns-is-layout-flex\">\n<div class=\"wp-block-column is-layout-flow wp-block-column-is-layout-flow\" style=\"flex-basis:40%\">\n<figure class=\"wp-block-image size-large\"><img loading=\"lazy\" decoding=\"async\" width=\"1024\" height=\"731\" src=\"https:\/\/www.deli-home.com\/wp-content\/uploads\/2026\/04\/Eugene_Sterken-1024x731.jpg\" alt=\"\" class=\"wp-image-8179\" srcset=\"https:\/\/www.deli-home.com\/wp-content\/uploads\/2026\/04\/Eugene_Sterken-1024x731.jpg 1024w, https:\/\/www.deli-home.com\/wp-content\/uploads\/2026\/04\/Eugene_Sterken-300x214.jpg 300w, https:\/\/www.deli-home.com\/wp-content\/uploads\/2026\/04\/Eugene_Sterken-768x549.jpg 768w, https:\/\/www.deli-home.com\/wp-content\/uploads\/2026\/04\/Eugene_Sterken-1536x1097.jpg 1536w, https:\/\/www.deli-home.com\/wp-content\/uploads\/2026\/04\/Eugene_Sterken-2048x1463.jpg 2048w, https:\/\/www.deli-home.com\/wp-content\/uploads\/2026\/04\/Eugene_Sterken-18x12.jpg 18w, https:\/\/www.deli-home.com\/wp-content\/uploads\/2026\/04\/Eugene_Sterken-scaled.jpg 2560w\" sizes=\"auto, (max-width: 1024px) 100vw, 1024px\" \/><\/figure>\n<\/div>\n\n\n\n<div class=\"wp-block-column is-layout-flow wp-block-column-is-layout-flow\" style=\"flex-basis:75%\">\n<p class=\"has-text-align-center\">\u201eDie B Corp Zertifizierung st\u00e4rkt unsere Mission, Holz als nachhaltigstes Baumaterial zu f\u00f6rdern. Wir verbinden Holzhandwerkskunst mit digitaler Innovation, um ma\u00dfgeschneiderte L\u00f6sungen f\u00fcr den Heimwerkerbereich einfacher und nachhaltiger zu gestalten. Gleichzeitig setzen wir alles daran, unsere CO\u2082-Emissionen schneller zu reduzieren und den \u00f6kologischen Fu\u00dfabdruck unserer Produkte durch biobasierte und kreislauff\u00e4hige Materialien zu verringern.\u201c <br><em>Eug\u00e8ne Sterken, CEO of Deli Home.<\/em><\/p>\n\n\n\n<p class=\"has-text-align-center\"><\/p>\n<\/div>\n<\/div>\n<\/div><\/div>\n\n\n\n<section class=\"wp-block-group\"><div class=\"wp-block-group__inner-container is-layout-constrained wp-block-group-is-layout-constrained\">\n<h2 class=\"wp-block-heading has-text-align-center\">Overall B Impact Score<\/h2>\n\n\n\n<p class=\"has-text-align-center\">Wir sind stolz darauf, bei unserer ersten B Impact Assessment eine Punktzahl von <strong>92.2<\/strong> erreicht zu haben \u2014 deutlich \u00fcber der erforderlichen Mindestpunktzahl von 80. Die Ergebnisse spiegeln unsere Leistungen in den Bereichen Unternehmensf\u00fchrung, Mitarbeitende, Gemeinschaft, Umwelt und Kunden wider und helfen uns, unsere Wirkung kontinuierlich zu verbessern. Weitere Informationen zu unserer B Corp-Zertifizierung und der unabh\u00e4ngigen Bewertung von Deli Home finden Sie auf der <a href=\"https:\/\/www.bcorporation.net\/en-us\/find-a-b-corp\/company\/deli-home\/\" target=\"_blank\" rel=\"noreferrer noopener\">Website von B Lab.<\/a><\/p>\n<\/div><\/section>\n\n\n\n<div class=\"wp-block-group\"><div class=\"wp-block-group__inner-container is-layout-constrained wp-block-group-is-layout-constrained\">\n<figure class=\"wp-block-image alignwide size-large\"><img loading=\"lazy\" decoding=\"async\" width=\"1024\" height=\"463\" src=\"https:\/\/www.deli-home.com\/wp-content\/uploads\/2026\/04\/B-Impact-Score-Duits-scaled.jpg\" alt=\"\" class=\"wp-image-8287\" srcset=\"https:\/\/www.deli-home.com\/wp-content\/uploads\/2026\/04\/B-Impact-Score-Duits-scaled.jpg 2560w, https:\/\/www.deli-home.com\/wp-content\/uploads\/2026\/04\/B-Impact-Score-Duits-300x136.jpg 300w, https:\/\/www.deli-home.com\/wp-content\/uploads\/2026\/04\/B-Impact-Score-Duits-1024x463.jpg 1024w, https:\/\/www.deli-home.com\/wp-content\/uploads\/2026\/04\/B-Impact-Score-Duits-768x347.jpg 768w, https:\/\/www.deli-home.com\/wp-content\/uploads\/2026\/04\/B-Impact-Score-Duits-1536x695.jpg 1536w, https:\/\/www.deli-home.com\/wp-content\/uploads\/2026\/04\/B-Impact-Score-Duits-2048x926.jpg 2048w, https:\/\/www.deli-home.com\/wp-content\/uploads\/2026\/04\/B-Impact-Score-Duits-18x8.jpg 18w\" sizes=\"auto, (max-width: 1024px) 100vw, 1024px\" \/><\/figure>\n<\/div><\/div>","protected":false},"excerpt":{"rendered":"<p>PROUD TO BE B CORP What is a Certified B Corporation\u2122? B Corp is a global community of companies: there are more than 10,000 B Corps worldwide, across more than 160 industries and inmotre than 100 countries. In Europe \u2014 and especially in the Netherlands \u2014 the B Corp community is growing fast and includes [&hellip;]<\/p>","protected":false},"author":6,"featured_media":0,"parent":8245,"menu_order":0,"comment_status":"closed","ping_status":"closed","template":"","meta":{"_acf_changed":false,"inline_featured_image":false,"footnotes":""},"class_list":["post-8367","page","type-page","status-publish","hentry"],"acf":[],"yoast_head":"<!-- This site is optimized with the Yoast SEO plugin v26.4 - https:\/\/yoast.com\/wordpress\/plugins\/seo\/ -->\n<title>B Corp - Deli Home<\/title>\n<meta name=\"robots\" content=\"index, follow, max-snippet:-1, max-image-preview:large, max-video-preview:-1\" \/>\n<link rel=\"canonical\" href=\"https:\/\/www.deli-home.com\/de\/wp-json\/wp\/v2\/pages\/8367\/\" \/>\n<meta property=\"og:locale\" content=\"de_DE\" \/>\n<meta property=\"og:type\" content=\"article\" \/>\n<meta property=\"og:title\" content=\"B Corp - Deli Home\" \/>\n<meta property=\"og:description\" content=\"PROUD TO BE B CORP What is a Certified B Corporation\u2122? B Corp is a global community of companies: there are more than 10,000 B Corps worldwide, across more than 160 industries and inmotre than 100 countries. In Europe \u2014 and especially in the Netherlands \u2014 the B Corp community is growing fast and includes [&hellip;]\" \/>\n<meta property=\"og:url\" content=\"https:\/\/www.deli-home.com\/de\/wp-json\/wp\/v2\/pages\/8367\/\" \/>\n<meta property=\"og:site_name\" content=\"Deli Home\" \/>\n<meta property=\"article:modified_time\" content=\"2026-05-04T15:48:21+00:00\" \/>\n<meta property=\"og:image\" content=\"https:\/\/www.deli-home.com\/wp-content\/uploads\/2026\/03\/B-Corp-Logo-White-RGB.svg\" \/>\n<script type=\"application\/ld+json\" class=\"yoast-schema-graph\">{\"@context\":\"https:\/\/schema.org\",\"@graph\":[{\"@type\":\"WebPage\",\"@id\":\"https:\/\/www.homeprovy.at\/nl\/duurzaamheid\/b-corp-certified\/\",\"url\":\"https:\/\/www.homeprovy.at\/nl\/duurzaamheid\/b-corp-certified\/\",\"name\":\"B Corp - Deli Home\",\"isPartOf\":{\"@id\":\"https:\/\/www.homeprovy.be\/nl\/#website\"},\"primaryImageOfPage\":{\"@id\":\"https:\/\/www.homeprovy.at\/nl\/duurzaamheid\/b-corp-certified\/#primaryimage\"},\"image\":{\"@id\":\"https:\/\/www.homeprovy.at\/nl\/duurzaamheid\/b-corp-certified\/#primaryimage\"},\"thumbnailUrl\":\"https:\/\/www.deli-home.com\/wp-content\/uploads\/2026\/03\/B-Corp-Logo-White-RGB.svg\",\"datePublished\":\"2026-05-04T14:30:25+00:00\",\"dateModified\":\"2026-05-04T15:48:21+00:00\",\"breadcrumb\":{\"@id\":\"https:\/\/www.homeprovy.at\/nl\/duurzaamheid\/b-corp-certified\/#breadcrumb\"},\"inLanguage\":\"de\",\"potentialAction\":[{\"@type\":\"ReadAction\",\"target\":[\"https:\/\/www.homeprovy.at\/nl\/duurzaamheid\/b-corp-certified\/\"]}]},{\"@type\":\"ImageObject\",\"inLanguage\":\"de\",\"@id\":\"https:\/\/www.homeprovy.at\/nl\/duurzaamheid\/b-corp-certified\/#primaryimage\",\"url\":\"https:\/\/www.deli-home.com\/wp-content\/uploads\/2026\/03\/B-Corp-Logo-White-RGB.svg\",\"contentUrl\":\"https:\/\/www.deli-home.com\/wp-content\/uploads\/2026\/03\/B-Corp-Logo-White-RGB.svg\"},{\"@type\":\"BreadcrumbList\",\"@id\":\"https:\/\/www.homeprovy.at\/nl\/duurzaamheid\/b-corp-certified\/#breadcrumb\",\"itemListElement\":[{\"@type\":\"ListItem\",\"position\":1,\"name\":\"Home\",\"item\":\"https:\/\/www.homeprovy.be\/nl\/\"},{\"@type\":\"ListItem\",\"position\":2,\"name\":\"Sustainability\",\"item\":\"https:\/\/www.homeprovy.at\/nl\/duurzaamheid\/\"},{\"@type\":\"ListItem\",\"position\":3,\"name\":\"B Corp\"}]},{\"@type\":\"WebSite\",\"@id\":\"https:\/\/www.homeprovy.be\/nl\/#website\",\"url\":\"https:\/\/www.homeprovy.be\/nl\/\",\"name\":\"Deli Home\",\"description\":\"\",\"publisher\":{\"@id\":\"https:\/\/www.homeprovy.be\/nl\/#organization\"},\"potentialAction\":[{\"@type\":\"SearchAction\",\"target\":{\"@type\":\"EntryPoint\",\"urlTemplate\":\"https:\/\/www.homeprovy.be\/nl\/?s={search_term_string}\"},\"query-input\":{\"@type\":\"PropertyValueSpecification\",\"valueRequired\":true,\"valueName\":\"search_term_string\"}}],\"inLanguage\":\"de\"},{\"@type\":\"Organization\",\"@id\":\"https:\/\/www.homeprovy.be\/nl\/#organization\",\"name\":\"Deli Home\",\"url\":\"https:\/\/www.homeprovy.be\/nl\/\",\"logo\":{\"@type\":\"ImageObject\",\"inLanguage\":\"de\",\"@id\":\"https:\/\/www.homeprovy.be\/nl\/#\/schema\/logo\/image\/\",\"url\":\"https:\/\/www.deli-home.com\/wp-content\/uploads\/2023\/09\/favicon.png\",\"contentUrl\":\"https:\/\/www.deli-home.com\/wp-content\/uploads\/2023\/09\/favicon.png\",\"width\":500,\"height\":500,\"caption\":\"Deli Home\"},\"image\":{\"@id\":\"https:\/\/www.homeprovy.be\/nl\/#\/schema\/logo\/image\/\"},\"sameAs\":[\"https:\/\/www.linkedin.com\/company\/deli-home\/\"]}]}<\/script>\n<!-- \/ Yoast SEO plugin. -->","yoast_head_json":{"title":"B Corp - Deli Home","robots":{"index":"index","follow":"follow","max-snippet":"max-snippet:-1","max-image-preview":"max-image-preview:large","max-video-preview":"max-video-preview:-1"},"canonical":"https:\/\/www.deli-home.com\/de\/wp-json\/wp\/v2\/pages\/8367\/","og_locale":"de_DE","og_type":"article","og_title":"B Corp - Deli Home","og_description":"PROUD TO BE B CORP What is a Certified B Corporation\u2122? B Corp is a global community of companies: there are more than 10,000 B Corps worldwide, across more than 160 industries and inmotre than 100 countries. In Europe \u2014 and especially in the Netherlands \u2014 the B Corp community is growing fast and includes [&hellip;]","og_url":"https:\/\/www.deli-home.com\/de\/wp-json\/wp\/v2\/pages\/8367\/","og_site_name":"Deli Home","article_modified_time":"2026-05-04T15:48:21+00:00","og_image":[{"url":"https:\/\/www.deli-home.com\/wp-content\/uploads\/2026\/03\/B-Corp-Logo-White-RGB.svg","type":"","width":"","height":""}],"schema":{"@context":"https:\/\/schema.org","@graph":[{"@type":"WebPage","@id":"https:\/\/www.homeprovy.at\/nl\/duurzaamheid\/b-corp-certified\/","url":"https:\/\/www.homeprovy.at\/nl\/duurzaamheid\/b-corp-certified\/","name":"B Corp - Deli Home","isPartOf":{"@id":"https:\/\/www.homeprovy.be\/nl\/#website"},"primaryImageOfPage":{"@id":"https:\/\/www.homeprovy.at\/nl\/duurzaamheid\/b-corp-certified\/#primaryimage"},"image":{"@id":"https:\/\/www.homeprovy.at\/nl\/duurzaamheid\/b-corp-certified\/#primaryimage"},"thumbnailUrl":"https:\/\/www.deli-home.com\/wp-content\/uploads\/2026\/03\/B-Corp-Logo-White-RGB.svg","datePublished":"2026-05-04T14:30:25+00:00","dateModified":"2026-05-04T15:48:21+00:00","breadcrumb":{"@id":"https:\/\/www.homeprovy.at\/nl\/duurzaamheid\/b-corp-certified\/#breadcrumb"},"inLanguage":"de","potentialAction":[{"@type":"ReadAction","target":["https:\/\/www.homeprovy.at\/nl\/duurzaamheid\/b-corp-certified\/"]}]},{"@type":"ImageObject","inLanguage":"de","@id":"https:\/\/www.homeprovy.at\/nl\/duurzaamheid\/b-corp-certified\/#primaryimage","url":"https:\/\/www.deli-home.com\/wp-content\/uploads\/2026\/03\/B-Corp-Logo-White-RGB.svg","contentUrl":"https:\/\/www.deli-home.com\/wp-content\/uploads\/2026\/03\/B-Corp-Logo-White-RGB.svg"},{"@type":"BreadcrumbList","@id":"https:\/\/www.homeprovy.at\/nl\/duurzaamheid\/b-corp-certified\/#breadcrumb","itemListElement":[{"@type":"ListItem","position":1,"name":"Home","item":"https:\/\/www.homeprovy.be\/nl\/"},{"@type":"ListItem","position":2,"name":"Sustainability","item":"https:\/\/www.homeprovy.at\/nl\/duurzaamheid\/"},{"@type":"ListItem","position":3,"name":"B Corp"}]},{"@type":"WebSite","@id":"https:\/\/www.homeprovy.be\/nl\/#website","url":"https:\/\/www.homeprovy.be\/nl\/","name":"Deli Home","description":"","publisher":{"@id":"https:\/\/www.homeprovy.be\/nl\/#organization"},"potentialAction":[{"@type":"SearchAction","target":{"@type":"EntryPoint","urlTemplate":"https:\/\/www.homeprovy.be\/nl\/?s={search_term_string}"},"query-input":{"@type":"PropertyValueSpecification","valueRequired":true,"valueName":"search_term_string"}}],"inLanguage":"de"},{"@type":"Organization","@id":"https:\/\/www.homeprovy.be\/nl\/#organization","name":"Deli Home","url":"https:\/\/www.homeprovy.be\/nl\/","logo":{"@type":"ImageObject","inLanguage":"de","@id":"https:\/\/www.homeprovy.be\/nl\/#\/schema\/logo\/image\/","url":"https:\/\/www.deli-home.com\/wp-content\/uploads\/2023\/09\/favicon.png","contentUrl":"https:\/\/www.deli-home.com\/wp-content\/uploads\/2023\/09\/favicon.png","width":500,"height":500,"caption":"Deli Home"},"image":{"@id":"https:\/\/www.homeprovy.be\/nl\/#\/schema\/logo\/image\/"},"sameAs":["https:\/\/www.linkedin.com\/company\/deli-home\/"]}]}},"_links":{"self":[{"href":"https:\/\/www.deli-home.com\/de\/wp-json\/wp\/v2\/pages\/8367","targetHints":{"allow":["GET"]}}],"collection":[{"href":"https:\/\/www.deli-home.com\/de\/wp-json\/wp\/v2\/pages"}],"about":[{"href":"https:\/\/www.deli-home.com\/de\/wp-json\/wp\/v2\/types\/page"}],"author":[{"embeddable":true,"href":"https:\/\/www.deli-home.com\/de\/wp-json\/wp\/v2\/users\/6"}],"replies":[{"embeddable":true,"href":"https:\/\/www.deli-home.com\/de\/wp-json\/wp\/v2\/comments?post=8367"}],"version-history":[{"count":3,"href":"https:\/\/www.deli-home.com\/de\/wp-json\/wp\/v2\/pages\/8367\/revisions"}],"predecessor-version":[{"id":8391,"href":"https:\/\/www.deli-home.com\/de\/wp-json\/wp\/v2\/pages\/8367\/revisions\/8391"}],"up":[{"embeddable":true,"href":"https:\/\/www.deli-home.com\/de\/wp-json\/wp\/v2\/pages\/8245"}],"wp:attachment":[{"href":"https:\/\/www.deli-home.com\/de\/wp-json\/wp\/v2\/media?parent=8367"}],"curies":[{"name":"wp","href":"https:\/\/api.w.org\/{rel}","templated":true}]}}