{"id":1271,"date":"2023-09-05T19:49:30","date_gmt":"2023-09-05T19:49:30","guid":{"rendered":"https:\/\/www.deli-home.com\/?page_id=1271"},"modified":"2024-07-31T13:14:03","modified_gmt":"2024-07-31T13:14:03","slug":"working-at","status":"publish","type":"page","link":"https:\/\/www.deli-home.com\/fr\/travailler-chez\/","title":{"rendered":"Travailler avec nous"},"content":{"rendered":"<div class=\"wp-block-cover alignfull is-light has-parallax\" style=\"min-height:700px;aspect-ratio:unset;\"><span aria-hidden=\"true\" class=\"wp-block-cover__background has-background-dim wp-block-cover__gradient-background has-background-gradient\" style=\"background:linear-gradient(90deg,rgba(2,19,45,0.8) 0%,rgba(2,19,45,0.5) 37%,rgba(2,19,45,0) 98%)\"><\/span><div role=\"img\" class=\"wp-block-cover__image-background wp-image-4122 has-parallax\" style=\"background-position:50% 50%;background-image:url(https:\/\/www.deli-home.com\/wp-content\/uploads\/2023\/09\/medium-JPG-POM-Productie-12.jpg)\"><\/div><div class=\"wp-block-cover__inner-container is-layout-flow wp-block-cover-is-layout-flow\">\n<div class=\"wp-block-group\"><div class=\"wp-block-group__inner-container is-layout-constrained wp-block-group-is-layout-constrained\">\n<div class=\"wp-block-columns is-layout-flex wp-container-core-columns-is-layout-1 wp-block-columns-is-layout-flex\">\n<div class=\"wp-block-column is-layout-flow wp-block-column-is-layout-flow\" style=\"flex-basis:50%\">\n<h1 class=\"wp-block-heading has-white-color has-text-color\">Travailler avec nous <\/h1>\n\n\n\n<p class=\"has-text-align-left has-white-color has-text-color has-large-font-size\">D\u00e9couvrez votre avenir chez Deli Home<\/p>\n<\/div>\n\n\n\n<div class=\"wp-block-column is-layout-flow wp-block-column-is-layout-flow\" style=\"flex-basis:50%\"><\/div>\n<\/div>\n<\/div><\/div>\n<\/div><\/div>\n\n\n\n<section class=\"wp-block-group\"><div class=\"wp-block-group__inner-container is-layout-constrained wp-block-group-is-layout-constrained\">\n<div class=\"wp-block-columns is-layout-flex wp-container-core-columns-is-layout-2 wp-block-columns-is-layout-flex\">\n<div class=\"wp-block-column is-layout-flow wp-block-column-is-layout-flow\" style=\"flex-basis:25%\"><\/div>\n\n\n\n<div class=\"wp-block-column is-layout-flow wp-block-column-is-layout-flow\" style=\"flex-basis:65%\">\n<p class=\"has-text-align-center has-text-color has-medium-font-size\" style=\"color:#2bb3eb\"><strong>D\u00c9COUVREZ<\/strong><\/p>\n\n\n\n<h2 class=\"wp-block-heading has-text-align-center\">Votre avenir chez Deli Home<\/h2>\n\n\n\n<p class=\"has-text-align-center\">Bienvenue chez Deli Home, o\u00f9 innovation et savoir-faire se conjuguent pour cr\u00e9er des solutions d'habitat inspirantes. Pour nous, il s'agit de construire un avenir meilleur \u2013 pour nos clients, nos employ\u00e9s et notre plan\u00e8te. \u00cates-vous pr\u00eat \u00e0 faire partie d'une \u00e9quipe dynamique ?<\/p>\n<\/div>\n\n\n\n<div class=\"wp-block-column is-layout-flow wp-block-column-is-layout-flow\" style=\"flex-basis:25%\"><\/div>\n<\/div>\n<\/div><\/section>\n\n\n\n<div class=\"wp-block-group\"><div class=\"wp-block-group__inner-container is-layout-constrained wp-block-group-is-layout-constrained\">\n<div class=\"wp-block-media-text is-stacked-on-mobile is-image-fill\"><figure class=\"wp-block-media-text__media\" style=\"background-image:url(https:\/\/www.deli-home.com\/wp-content\/uploads\/2023\/09\/Onze-mensen-Veiligheid-resize-1050x660-1-1024x644.jpg);background-position:50% 50%\"><img loading=\"lazy\" decoding=\"async\" width=\"1024\" height=\"644\" src=\"https:\/\/www.deli-home.com\/wp-content\/uploads\/2023\/09\/Onze-mensen-Veiligheid-resize-1050x660-1-1024x644.jpg\" alt=\"\" class=\"wp-image-1297 size-full\" srcset=\"https:\/\/www.deli-home.com\/wp-content\/uploads\/2023\/09\/Onze-mensen-Veiligheid-resize-1050x660-1-1024x644.jpg 1024w, https:\/\/www.deli-home.com\/wp-content\/uploads\/2023\/09\/Onze-mensen-Veiligheid-resize-1050x660-1-300x189.jpg 300w, https:\/\/www.deli-home.com\/wp-content\/uploads\/2023\/09\/Onze-mensen-Veiligheid-resize-1050x660-1-768x483.jpg 768w, https:\/\/www.deli-home.com\/wp-content\/uploads\/2023\/09\/Onze-mensen-Veiligheid-resize-1050x660-1-18x12.jpg 18w, https:\/\/www.deli-home.com\/wp-content\/uploads\/2023\/09\/Onze-mensen-Veiligheid-resize-1050x660-1.jpg 1050w\" sizes=\"auto, (max-width: 1024px) 100vw, 1024px\" \/><\/figure><div class=\"wp-block-media-text__content\">\n<p class=\"has-text-align-left has-text-color has-medium-font-size\" style=\"color:#2bb3eb\"><strong><strong>TRAVAILLER A DELI HOME<\/strong><\/strong><\/p>\n\n\n\n<h2 class=\"wp-block-heading has-text-align-left\">Notre culture<\/h2>\n\n\n\n<p>Nous croyons au pouvoir de nos collaborateurs. Nous nous effor\u00e7ons de cr\u00e9er une culture ouverte et inclusive, o\u00f9 les employ\u00e9s sont valoris\u00e9s, l'artisanat est central et la collaboration est la norme. Chez Deli Home, nous sommes fiers de notre esprit d'entreprise et de nos valeurs fondamentales fortes qui nous guident dans tout ce que nous faisons. Elles forment la base de notre culture d'entreprise.<\/p>\n\n\n\n<div class=\"wp-block-buttons is-layout-flex wp-block-buttons-is-layout-flex\">\n<div class=\"wp-block-button\"><a class=\"wp-block-button__link wp-element-button\" href=\"https:\/\/www.deli-home.com\/fr\/offres-d-emploi\/\">Consultez nos postes vacants<\/a><\/div>\n\n\n\n<div class=\"wp-block-button is-style-outline is-style-outline--1\"><a class=\"wp-block-button__link wp-element-button\" href=\"https:\/\/deli-home.inhroffice.com\/nl\/job\/307495\/apply\" target=\"_blank\" rel=\"noreferrer noopener\">Candidature spontan\u00e9e<\/a><\/div>\n<\/div>\n<\/div><\/div>\n<\/div><\/div>\n\n\n\n<div class=\"wp-block-group alignfull has-background\" style=\"background:linear-gradient(160deg,rgba(18,112,166,0.09) 0%,rgba(255,255,255,0) 99%)\"><div class=\"wp-block-group__inner-container is-layout-constrained wp-block-group-is-layout-constrained\">\n<section class=\"wp-block-group\"><div class=\"wp-block-group__inner-container is-layout-constrained wp-block-group-is-layout-constrained\">\n<div class=\"wp-block-columns is-layout-flex wp-container-core-columns-is-layout-3 wp-block-columns-is-layout-flex\">\n<div class=\"wp-block-column is-layout-flow wp-block-column-is-layout-flow\" style=\"flex-basis:70%\">\n<p class=\"has-text-align-left has-text-color has-medium-font-size\" style=\"color:#2bb3eb\"><strong><strong>D\u00c9COUVREZ NOTRE FONDATION<\/strong><\/strong><\/p>\n\n\n\n<h2 class=\"wp-block-heading has-text-align-left\">Nos valeurs essentielles<\/h2>\n\n\n\n<p class=\"has-text-align-left\">Nos valeurs fondamentales constituent le socle sur lequel repose notre entreprise. Elles guident nos d\u00e9cisions, nos actions et notre culture, garantissant que nous restons attach\u00e9s \u00e0 l'int\u00e9grit\u00e9, \u00e0 l'excellence et au bien-\u00eatre de nos clients et de nos employ\u00e9s. <\/p>\n<\/div>\n\n\n\n<div class=\"wp-block-column is-layout-flow wp-block-column-is-layout-flow\" style=\"flex-basis:30%\"><\/div>\n<\/div>\n\n\n\n<div class=\"wp-block-columns is-layout-flex wp-container-core-columns-is-layout-4 wp-block-columns-is-layout-flex\">\n<div class=\"wp-block-column is-layout-flow wp-block-column-is-layout-flow\" style=\"flex-basis:50%\"><div id=\"div_block-2-745\" class=\"ct-div-block\" ><div id=\"div_block-7-745\" class=\"ct-div-block\" ><div id=\"fancy_icon-3-745\" class=\"ct-fancy-icon\" ><svg id=\"svg-fancy_icon-3-745\"><use xlink:href=\"#FontAwesomeicon-comments\"><\/use><\/svg><\/div><\/div><div id=\"div_block-4-745\" class=\"ct-div-block\" ><h4 id=\"headline-5-745\" class=\"ct-headline\">Ouverture<\/h4><div id=\"text_block-6-745\" class=\"ct-text-block\" >Clair et transparent<div>\u00catre ouvert d'esprit et accepter de nouveaux d\u00e9fis<\/div><div>Nous nous mettons \u00e0 la place de l'autre personne<\/div><div>Nous \u00e9coutons le retour d'information et agissons en cons\u00e9quence<\/div><\/div><\/div><\/div>\n\n<div id=\"div_block-2-745\" class=\"ct-div-block\" ><div id=\"div_block-7-745\" class=\"ct-div-block\" ><div id=\"fancy_icon-3-745\" class=\"ct-fancy-icon\" ><svg id=\"svg-fancy_icon-3-745\"><use xlink:href=\"#FontAwesomeicon-group\"><\/use><\/svg><\/div><\/div><div id=\"div_block-4-745\" class=\"ct-div-block\" ><h4 id=\"headline-5-745\" class=\"ct-headline\">Esprit d'entreprise<\/h4><div id=\"text_block-6-745\" class=\"ct-text-block\" ><div>Nous recherchons des opportunit\u00e9s attractives<\/div><div>Nous tenons compte des perspectives \u00e0 long terme<\/div><div>Nous prenons l'initiative d'ajouter de la valeur et de montrer que nous sommes partie prenante<\/div><div>Nous cherchons \u00e0 obtenir des r\u00e9sultats<\/div><\/div><\/div><\/div>\n\n<div id=\"div_block-2-745\" class=\"ct-div-block\" ><div id=\"div_block-7-745\" class=\"ct-div-block\" ><div id=\"fancy_icon-3-745\" class=\"ct-fancy-icon\" ><svg id=\"svg-fancy_icon-3-745\"><use xlink:href=\"#Lineariconsicon-earth\"><\/use><\/svg><\/div><\/div><div id=\"div_block-4-745\" class=\"ct-div-block\" ><h4 id=\"headline-5-745\" class=\"ct-headline\">Respect<\/h4><div id=\"text_block-6-745\" class=\"ct-text-block\" ><div><div><div>Nous travaillons en toute s\u00e9curit\u00e9 et dans le respect des personnes, des biens et de l'environnement.<br><\/div><\/div><\/div><\/div><\/div><\/div><\/div>\n\n\n\n<div class=\"wp-block-column is-layout-flow wp-block-column-is-layout-flow\" style=\"flex-basis:50%\"><div id=\"div_block-2-745\" class=\"ct-div-block\" ><div id=\"div_block-7-745\" class=\"ct-div-block\" ><div id=\"fancy_icon-3-745\" class=\"ct-fancy-icon\" ><svg id=\"svg-fancy_icon-3-745\"><use xlink:href=\"#FontAwesomeicon-heart\"><\/use><\/svg><\/div><\/div><div id=\"div_block-4-745\" class=\"ct-div-block\" ><h4 id=\"headline-5-745\" class=\"ct-headline\">Passion<\/h4><div id=\"text_block-6-745\" class=\"ct-text-block\" >Nous aimons ce que nous faisons<div>Nous sommes fiers et motiv\u00e9s pour am\u00e9liorer<\/div><div>Nous en faisons plus<div>Nous attachons de l'importance \u00e0 l'artisanat du bois et faisons les choses avec c\u0153ur<br><\/div><\/div><\/div><\/div><\/div>\n\n<div id=\"div_block-2-745\" class=\"ct-div-block\" ><div id=\"div_block-7-745\" class=\"ct-div-block\" ><div id=\"fancy_icon-3-745\" class=\"ct-fancy-icon\" ><svg id=\"svg-fancy_icon-3-745\"><use xlink:href=\"#FontAwesomeicon-handshake-o\"><\/use><\/svg><\/div><\/div><div id=\"div_block-4-745\" class=\"ct-div-block\" ><h4 id=\"headline-5-745\" class=\"ct-headline\">Fiabilit\u00e9<\/h4><div id=\"text_block-6-745\" class=\"ct-text-block\" >Nous sommes fiables<div>Nous travaillons de mani\u00e8re \u00e9quitable et durable<\/div><div>Nous nous soutenons mutuellement afin de mener \u00e0 bien notre mission<\/div><div>Nous tenons toujours nos promesses<br><\/div><\/div><\/div><\/div><\/div>\n<\/div>\n<\/div><\/section>\n<\/div><\/div>\n\n\n\n\n\n\n<div class=\"wp-block-group\"><div class=\"wp-block-group__inner-container is-layout-constrained wp-block-group-is-layout-constrained\">\n<div class=\"wp-block-media-text has-media-on-the-right is-stacked-on-mobile is-image-fill\"><div class=\"wp-block-media-text__content\">\n<p class=\"has-text-align-left has-text-color has-medium-font-size\" style=\"color:#2bb3eb\"><strong><strong>RESTER ACTIF<\/strong><\/strong><\/p>\n\n\n\n<h2 class=\"wp-block-heading has-text-align-left\">En mouvement<\/h2>\n\n\n\n<p>Pour rester en phase avec un march\u00e9 dynamique, nous devons rester en mouvement. Avec une \u00e9quipe d'environ 1 300 employ\u00e9s r\u00e9partis dans 10 pays, nous travaillons quotidiennement \u00e0 l'innovation et au d\u00e9veloppement de notre gamme de produits, qui comprend des milliers de produits de construction et de d\u00e9coration pour la maison. En r\u00e9fl\u00e9chissant continuellement \u00e0 ce que nous faisons, nous cherchons toujours des moyens de devenir meilleurs, plus rapides et plus forts. Cela exige de la flexibilit\u00e9 de la part de tous les employ\u00e9s, mais cela laisse aussi de la place pour la croissance et le d\u00e9veloppement.<\/p>\n<\/div><figure class=\"wp-block-media-text__media\" style=\"background-image:url(https:\/\/www.deli-home.com\/wp-content\/uploads\/2023\/09\/Services_Bezorgservice_bestelbus-schaal-1050x660-1-1024x644.jpg);background-position:50% 50%\"><img loading=\"lazy\" decoding=\"async\" width=\"1024\" height=\"644\" src=\"https:\/\/www.deli-home.com\/wp-content\/uploads\/2023\/09\/Services_Bezorgservice_bestelbus-schaal-1050x660-1-1024x644.jpg\" alt=\"\" class=\"wp-image-1583 size-full\" srcset=\"https:\/\/www.deli-home.com\/wp-content\/uploads\/2023\/09\/Services_Bezorgservice_bestelbus-schaal-1050x660-1-1024x644.jpg 1024w, https:\/\/www.deli-home.com\/wp-content\/uploads\/2023\/09\/Services_Bezorgservice_bestelbus-schaal-1050x660-1-300x189.jpg 300w, https:\/\/www.deli-home.com\/wp-content\/uploads\/2023\/09\/Services_Bezorgservice_bestelbus-schaal-1050x660-1-768x483.jpg 768w, https:\/\/www.deli-home.com\/wp-content\/uploads\/2023\/09\/Services_Bezorgservice_bestelbus-schaal-1050x660-1-18x12.jpg 18w, https:\/\/www.deli-home.com\/wp-content\/uploads\/2023\/09\/Services_Bezorgservice_bestelbus-schaal-1050x660-1.jpg 1050w\" sizes=\"auto, (max-width: 1024px) 100vw, 1024px\" \/><\/figure><\/div>\n<\/div><\/div>\n\n\n\n<div class=\"wp-block-group\"><div class=\"wp-block-group__inner-container is-layout-constrained wp-block-group-is-layout-constrained\">\n<div class=\"wp-block-media-text is-stacked-on-mobile is-image-fill\"><figure class=\"wp-block-media-text__media\" style=\"background-image:url(https:\/\/www.deli-home.com\/wp-content\/uploads\/2023\/09\/medium-JPG-Deli-Home_DSC_4001-1024x683.jpg);background-position:48% 46%\"><img loading=\"lazy\" decoding=\"async\" width=\"1024\" height=\"683\" src=\"https:\/\/www.deli-home.com\/wp-content\/uploads\/2023\/09\/medium-JPG-Deli-Home_DSC_4001-1024x683.jpg\" alt=\"\" class=\"wp-image-4118 size-full\" srcset=\"https:\/\/www.deli-home.com\/wp-content\/uploads\/2023\/09\/medium-JPG-Deli-Home_DSC_4001-1024x683.jpg 1024w, https:\/\/www.deli-home.com\/wp-content\/uploads\/2023\/09\/medium-JPG-Deli-Home_DSC_4001-300x200.jpg 300w, https:\/\/www.deli-home.com\/wp-content\/uploads\/2023\/09\/medium-JPG-Deli-Home_DSC_4001-768x512.jpg 768w, https:\/\/www.deli-home.com\/wp-content\/uploads\/2023\/09\/medium-JPG-Deli-Home_DSC_4001-1536x1024.jpg 1536w, https:\/\/www.deli-home.com\/wp-content\/uploads\/2023\/09\/medium-JPG-Deli-Home_DSC_4001-18x12.jpg 18w, https:\/\/www.deli-home.com\/wp-content\/uploads\/2023\/09\/medium-JPG-Deli-Home_DSC_4001.jpg 1900w\" sizes=\"auto, (max-width: 1024px) 100vw, 1024px\" \/><\/figure><div class=\"wp-block-media-text__content\">\n<p class=\"has-text-align-left has-text-color has-medium-font-size\" style=\"color:#2bb3eb\"><strong><strong>RESTEZ CONNECT\u00c9<\/strong><\/strong><\/p>\n\n\n\n<h2 class=\"wp-block-heading has-text-align-left\">Notre ambiance de travail<\/h2>\n\n\n\n<p>Passer une minute chez le \"patron\" pour lui poser une question ou simplement pour bavarder est \u00e0 l'ordre du jour. Vous avez r\u00e9guli\u00e8rement l'occasion de prendre un verre avec un coll\u00e8gue pour parler de tout ce qui n'a rien \u00e0 voir avec le travail ou, au contraire, qui y est li\u00e9.<\/p>\n\n\n\n<p>Vous voulez en savoir plus sur ce que c'est que de travailler chez Deli Home? Lisez ce que disent nos coll\u00e8gues.<\/p>\n\n\n\n<div class=\"wp-block-buttons is-layout-flex wp-block-buttons-is-layout-flex\">\n<div class=\"wp-block-button is-style-outline is-style-outline--2\"><a class=\"wp-block-button__link wp-element-button\" href=\"https:\/\/www.deli-home.com\/fr\/nos-collegues\/\">Nos coll\u00e8gues<\/a><\/div>\n<\/div>\n<\/div><\/div>\n<\/div><\/div>","protected":false},"excerpt":{"rendered":"<p>DISCOVER Your future at Deli Home Welcome to Deli Home, where innovation and craftsmanship come together to create inspiring home solutions. For us, it's all about building a better future \u2013 for our customers, our employees, and our planet. Are you ready to be part of a dynamic team? WORKING AT DELI HOME Our culture [&hellip;]<\/p>","protected":false},"author":5,"featured_media":0,"parent":0,"menu_order":0,"comment_status":"closed","ping_status":"closed","template":"","meta":{"_acf_changed":false,"inline_featured_image":false,"footnotes":""},"class_list":["post-1271","page","type-page","status-publish","hentry"],"acf":[],"yoast_head":"<!-- This site is optimized with the Yoast SEO plugin v26.4 - https:\/\/yoast.com\/wordpress\/plugins\/seo\/ -->\n<title>Working at - Deli Home<\/title>\n<meta name=\"description\" content=\"Do you fit in Deli Home&#039;s team? Learn more about our organizations, colleagues, company culture, and core values.\" \/>\n<meta name=\"robots\" content=\"index, follow, max-snippet:-1, max-image-preview:large, max-video-preview:-1\" \/>\n<link rel=\"canonical\" href=\"https:\/\/www.deli-home.com\/fr\/wp-json\/wp\/v2\/pages\/1271\/\" \/>\n<meta property=\"og:locale\" content=\"fr_FR\" \/>\n<meta property=\"og:type\" content=\"article\" \/>\n<meta property=\"og:title\" content=\"Working at - Deli Home\" \/>\n<meta property=\"og:description\" content=\"Do you fit in Deli Home&#039;s team? Learn more about our organizations, colleagues, company culture, and core values.\" \/>\n<meta property=\"og:url\" content=\"https:\/\/www.deli-home.com\/fr\/wp-json\/wp\/v2\/pages\/1271\/\" \/>\n<meta property=\"og:site_name\" content=\"Deli Home\" \/>\n<meta property=\"article:modified_time\" content=\"2024-07-31T13:14:03+00:00\" \/>\n<meta property=\"og:image\" content=\"https:\/\/www.deli-home.com\/wp-content\/uploads\/2023\/09\/Onze-mensen-Veiligheid-resize-1050x660-1-1024x644.jpg\" \/>\n<script type=\"application\/ld+json\" class=\"yoast-schema-graph\">{\"@context\":\"https:\/\/schema.org\",\"@graph\":[{\"@type\":\"WebPage\",\"@id\":\"https:\/\/www.deli-home.com\/nl\/werken-bij\/\",\"url\":\"https:\/\/www.deli-home.com\/nl\/werken-bij\/\",\"name\":\"Working at - Deli Home\",\"isPartOf\":{\"@id\":\"https:\/\/www.deli-home.com\/nl\/#website\"},\"primaryImageOfPage\":{\"@id\":\"https:\/\/www.deli-home.com\/nl\/werken-bij\/#primaryimage\"},\"image\":{\"@id\":\"https:\/\/www.deli-home.com\/nl\/werken-bij\/#primaryimage\"},\"thumbnailUrl\":\"https:\/\/www.deli-home.com\/wp-content\/uploads\/2023\/09\/Onze-mensen-Veiligheid-resize-1050x660-1-1024x644.jpg\",\"datePublished\":\"2023-09-05T19:49:30+00:00\",\"dateModified\":\"2024-07-31T13:14:03+00:00\",\"description\":\"Do you fit in Deli Home's team? Learn more about our organizations, colleagues, company culture, and core values.\",\"breadcrumb\":{\"@id\":\"https:\/\/www.deli-home.com\/nl\/werken-bij\/#breadcrumb\"},\"inLanguage\":\"fr-FR\",\"potentialAction\":[{\"@type\":\"ReadAction\",\"target\":[\"https:\/\/www.deli-home.com\/nl\/werken-bij\/\"]}]},{\"@type\":\"ImageObject\",\"inLanguage\":\"fr-FR\",\"@id\":\"https:\/\/www.deli-home.com\/nl\/werken-bij\/#primaryimage\",\"url\":\"https:\/\/www.deli-home.com\/wp-content\/uploads\/2023\/09\/Onze-mensen-Veiligheid-resize-1050x660-1-1024x644.jpg\",\"contentUrl\":\"https:\/\/www.deli-home.com\/wp-content\/uploads\/2023\/09\/Onze-mensen-Veiligheid-resize-1050x660-1-1024x644.jpg\"},{\"@type\":\"BreadcrumbList\",\"@id\":\"https:\/\/www.deli-home.com\/nl\/werken-bij\/#breadcrumb\",\"itemListElement\":[{\"@type\":\"ListItem\",\"position\":1,\"name\":\"Home\",\"item\":\"https:\/\/www.deli-home.com\/nl\/\"},{\"@type\":\"ListItem\",\"position\":2,\"name\":\"Working at\"}]},{\"@type\":\"WebSite\",\"@id\":\"https:\/\/www.deli-home.com\/nl\/#website\",\"url\":\"https:\/\/www.deli-home.com\/nl\/\",\"name\":\"Deli Home\",\"description\":\"\",\"publisher\":{\"@id\":\"https:\/\/www.deli-home.com\/nl\/#organization\"},\"potentialAction\":[{\"@type\":\"SearchAction\",\"target\":{\"@type\":\"EntryPoint\",\"urlTemplate\":\"https:\/\/www.deli-home.com\/nl\/?s={search_term_string}\"},\"query-input\":{\"@type\":\"PropertyValueSpecification\",\"valueRequired\":true,\"valueName\":\"search_term_string\"}}],\"inLanguage\":\"fr-FR\"},{\"@type\":\"Organization\",\"@id\":\"https:\/\/www.deli-home.com\/nl\/#organization\",\"name\":\"Deli Home\",\"url\":\"https:\/\/www.deli-home.com\/nl\/\",\"logo\":{\"@type\":\"ImageObject\",\"inLanguage\":\"fr-FR\",\"@id\":\"https:\/\/www.deli-home.com\/nl\/#\/schema\/logo\/image\/\",\"url\":\"https:\/\/www.deli-home.com\/wp-content\/uploads\/2023\/09\/favicon.png\",\"contentUrl\":\"https:\/\/www.deli-home.com\/wp-content\/uploads\/2023\/09\/favicon.png\",\"width\":500,\"height\":500,\"caption\":\"Deli Home\"},\"image\":{\"@id\":\"https:\/\/www.deli-home.com\/nl\/#\/schema\/logo\/image\/\"},\"sameAs\":[\"https:\/\/www.linkedin.com\/company\/deli-home\/\"]}]}<\/script>\n<!-- \/ Yoast SEO plugin. -->","yoast_head_json":{"title":"Working at - Deli Home","description":"Do you fit in Deli Home's team? Learn more about our organizations, colleagues, company culture, and core values.","robots":{"index":"index","follow":"follow","max-snippet":"max-snippet:-1","max-image-preview":"max-image-preview:large","max-video-preview":"max-video-preview:-1"},"canonical":"https:\/\/www.deli-home.com\/fr\/wp-json\/wp\/v2\/pages\/1271\/","og_locale":"fr_FR","og_type":"article","og_title":"Working at - Deli Home","og_description":"Do you fit in Deli Home's team? Learn more about our organizations, colleagues, company culture, and core values.","og_url":"https:\/\/www.deli-home.com\/fr\/wp-json\/wp\/v2\/pages\/1271\/","og_site_name":"Deli Home","article_modified_time":"2024-07-31T13:14:03+00:00","og_image":[{"url":"https:\/\/www.deli-home.com\/wp-content\/uploads\/2023\/09\/Onze-mensen-Veiligheid-resize-1050x660-1-1024x644.jpg","type":"","width":"","height":""}],"schema":{"@context":"https:\/\/schema.org","@graph":[{"@type":"WebPage","@id":"https:\/\/www.deli-home.com\/nl\/werken-bij\/","url":"https:\/\/www.deli-home.com\/nl\/werken-bij\/","name":"Working at - Deli Home","isPartOf":{"@id":"https:\/\/www.deli-home.com\/nl\/#website"},"primaryImageOfPage":{"@id":"https:\/\/www.deli-home.com\/nl\/werken-bij\/#primaryimage"},"image":{"@id":"https:\/\/www.deli-home.com\/nl\/werken-bij\/#primaryimage"},"thumbnailUrl":"https:\/\/www.deli-home.com\/wp-content\/uploads\/2023\/09\/Onze-mensen-Veiligheid-resize-1050x660-1-1024x644.jpg","datePublished":"2023-09-05T19:49:30+00:00","dateModified":"2024-07-31T13:14:03+00:00","description":"Do you fit in Deli Home's team? Learn more about our organizations, colleagues, company culture, and core values.","breadcrumb":{"@id":"https:\/\/www.deli-home.com\/nl\/werken-bij\/#breadcrumb"},"inLanguage":"fr-FR","potentialAction":[{"@type":"ReadAction","target":["https:\/\/www.deli-home.com\/nl\/werken-bij\/"]}]},{"@type":"ImageObject","inLanguage":"fr-FR","@id":"https:\/\/www.deli-home.com\/nl\/werken-bij\/#primaryimage","url":"https:\/\/www.deli-home.com\/wp-content\/uploads\/2023\/09\/Onze-mensen-Veiligheid-resize-1050x660-1-1024x644.jpg","contentUrl":"https:\/\/www.deli-home.com\/wp-content\/uploads\/2023\/09\/Onze-mensen-Veiligheid-resize-1050x660-1-1024x644.jpg"},{"@type":"BreadcrumbList","@id":"https:\/\/www.deli-home.com\/nl\/werken-bij\/#breadcrumb","itemListElement":[{"@type":"ListItem","position":1,"name":"Home","item":"https:\/\/www.deli-home.com\/nl\/"},{"@type":"ListItem","position":2,"name":"Working at"}]},{"@type":"WebSite","@id":"https:\/\/www.deli-home.com\/nl\/#website","url":"https:\/\/www.deli-home.com\/nl\/","name":"Deli Home","description":"","publisher":{"@id":"https:\/\/www.deli-home.com\/nl\/#organization"},"potentialAction":[{"@type":"SearchAction","target":{"@type":"EntryPoint","urlTemplate":"https:\/\/www.deli-home.com\/nl\/?s={search_term_string}"},"query-input":{"@type":"PropertyValueSpecification","valueRequired":true,"valueName":"search_term_string"}}],"inLanguage":"fr-FR"},{"@type":"Organization","@id":"https:\/\/www.deli-home.com\/nl\/#organization","name":"Deli Home","url":"https:\/\/www.deli-home.com\/nl\/","logo":{"@type":"ImageObject","inLanguage":"fr-FR","@id":"https:\/\/www.deli-home.com\/nl\/#\/schema\/logo\/image\/","url":"https:\/\/www.deli-home.com\/wp-content\/uploads\/2023\/09\/favicon.png","contentUrl":"https:\/\/www.deli-home.com\/wp-content\/uploads\/2023\/09\/favicon.png","width":500,"height":500,"caption":"Deli Home"},"image":{"@id":"https:\/\/www.deli-home.com\/nl\/#\/schema\/logo\/image\/"},"sameAs":["https:\/\/www.linkedin.com\/company\/deli-home\/"]}]}},"_links":{"self":[{"href":"https:\/\/www.deli-home.com\/fr\/wp-json\/wp\/v2\/pages\/1271","targetHints":{"allow":["GET"]}}],"collection":[{"href":"https:\/\/www.deli-home.com\/fr\/wp-json\/wp\/v2\/pages"}],"about":[{"href":"https:\/\/www.deli-home.com\/fr\/wp-json\/wp\/v2\/types\/page"}],"author":[{"embeddable":true,"href":"https:\/\/www.deli-home.com\/fr\/wp-json\/wp\/v2\/users\/5"}],"replies":[{"embeddable":true,"href":"https:\/\/www.deli-home.com\/fr\/wp-json\/wp\/v2\/comments?post=1271"}],"version-history":[{"count":45,"href":"https:\/\/www.deli-home.com\/fr\/wp-json\/wp\/v2\/pages\/1271\/revisions"}],"predecessor-version":[{"id":6444,"href":"https:\/\/www.deli-home.com\/fr\/wp-json\/wp\/v2\/pages\/1271\/revisions\/6444"}],"wp:attachment":[{"href":"https:\/\/www.deli-home.com\/fr\/wp-json\/wp\/v2\/media?parent=1271"}],"curies":[{"name":"wp","href":"https:\/\/api.w.org\/{rel}","templated":true}]}}