{"id":1698,"date":"2023-09-10T13:08:29","date_gmt":"2023-09-10T13:08:29","guid":{"rendered":"https:\/\/www.deli-home.com\/?page_id=1698"},"modified":"2025-06-30T13:52:42","modified_gmt":"2025-06-30T13:52:42","slug":"contact","status":"publish","type":"page","link":"https:\/\/www.deli-home.com\/fr\/contact\/","title":{"rendered":"Contact"},"content":{"rendered":"<div class=\"wp-block-cover alignfull has-parallax\" style=\"min-height:700px;aspect-ratio:unset;\"><span aria-hidden=\"true\" class=\"wp-block-cover__background has-background-dim-100 has-background-dim wp-block-cover__gradient-background has-background-gradient\" style=\"background:linear-gradient(90deg,rgba(2,19,45,0.8) 0%,rgba(2,19,45,0.5) 37%,rgba(2,19,45,0) 98%)\"><\/span><div class=\"wp-block-cover__image-background wp-image-1457 has-parallax\" style=\"background-position:50% 50%;background-image:url(https:\/\/www.deli-home.com\/wp-content\/uploads\/2023\/09\/Solid-Elements-Berlijn-C-scaled.jpg)\"><\/div><div class=\"wp-block-cover__inner-container is-layout-flow wp-block-cover-is-layout-flow\">\n<div class=\"wp-block-group\"><div class=\"wp-block-group__inner-container is-layout-constrained wp-block-group-is-layout-constrained\">\n<div class=\"wp-block-columns is-layout-flex wp-container-core-columns-is-layout-1 wp-block-columns-is-layout-flex\">\n<div class=\"wp-block-column is-layout-flow wp-block-column-is-layout-flow\" style=\"flex-basis:50%\">\n<h1 class=\"wp-block-heading has-white-color has-text-color\">Contactez-nous<\/h1>\n\n\n\n<p class=\"has-text-align-left has-white-color has-text-color has-medium-font-size\">Si vous avez des questions, des commentaires ou des suggestions, veuillez contacter notre Service client en utilisant le formulaire de contact.<\/p>\n<\/div>\n\n\n\n<div class=\"wp-block-column is-layout-flow wp-block-column-is-layout-flow\" style=\"flex-basis:50%\"><\/div>\n<\/div>\n<\/div><\/div>\n<\/div><\/div>\n\n\n\n<section class=\"wp-block-group\"><div class=\"wp-block-group__inner-container is-layout-constrained wp-block-group-is-layout-constrained\">\n<div class=\"wp-block-columns is-layout-flex wp-container-core-columns-is-layout-2 wp-block-columns-is-layout-flex\">\n<div class=\"wp-block-column is-layout-flow wp-block-column-is-layout-flow\" style=\"flex-basis:15%\"><\/div>\n\n\n\n<div class=\"wp-block-column is-layout-flow wp-block-column-is-layout-flow\" style=\"flex-basis:70%\">\n<p class=\"has-text-align-center has-text-color has-medium-font-size\" style=\"color:#2bb3eb\"><strong>FORMULAIRE DE CONTACT<\/strong><\/p>\n\n\n\n<h2 class=\"wp-block-heading has-text-align-center\">Comment pouvons-nous vous aider?<\/h2>\n\n\n\n<p class=\"has-text-align-center\">Avez-vous des questions ? Veuillez nous contacter en utilisant le formulaire de contact ci-dessous. Veuillez ne pas utiliser ce formulaire \u00e0 des fins publicitaires ou d'acquisition. Ces messages seront supprim\u00e9s.<\/p>\n\n\n<div id=\"code_block-3-5959\" class=\"ct-code-block\" >\n\n<script src=\"https:\/\/www.google.com\/recaptcha\/api.js\" async defer><\/script>\n\n\n\n<form method=\"POST\" class=\"wpcf7-form\" action=\"\" data-trp-original-action=\"\">\n\n        <input type=\"hidden\" name=\"locale\" value=\"nl-NL\">\n\n        <p>\n            <label for=\"full_name_input\">Nombre: <sup>*<\/sup><\/label>\n            <input id=\"full_name_input\" name=\"full_name\" type=\"text\" required pattern=\"[A-Za-z\u00c0-\u00ff\\s\\-']+\">\n        <\/p>\n        <p>\n            <label for=\"email_input\">E-mail: <sup>*<\/sup><\/label>\n            <input id=\"email_input\" name=\"email\" type=\"email\" required pattern=\"[a-z0-9._%+-]+@[a-z0-9.-]+\\.[a-z]{2,}$\">\n        <\/p>\n        <p>\n            <label for=\"phone_input\">T\u00e9l\u00e9phone :<\/label>\n            <input id=\"phone_input\" name=\"phone\" type=\"tel\">\n        <\/p>\n        <p>\n            <label for=\"subject_input\">Sujet: <sup>*<\/sup><\/label>\n            <input id=\"subject_input\" name=\"subject\" type=\"text\" required pattern=\"[A-Za-z\u00c0-\u00ff\\s\\-']+\">\n        <\/p>\n        <p>\n            <label for=\"message_input\">Message:<\/label>\n            <textarea id=\"message_input\" name=\"message\" rows=\"4\"><\/textarea>\n        <\/p>\n<p>\n<div class=\"g-recaptcha\" data-sitekey=\"6LcnsvApAAAAAFcxmXL6EYI9J_k9rKbXSAR3NDLk\"><\/div>\n<\/p>\n        <p><br \/><button type=\"submit\" name=\"submit\" value=\"Send\" class=\"button ct-link-button\">Envoyez<\/button><\/p>\n    <input type=\"hidden\" name=\"trp-form-language\" value=\"en\"\/><input type=\"hidden\" name=\"trp-form-language\" value=\"fr\"\/><\/form><\/div><\/div>\n\n\n\n<div class=\"wp-block-column is-layout-flow wp-block-column-is-layout-flow\" style=\"flex-basis:15%\"><\/div>\n<\/div>\n<\/div><\/section>\n\n\n\n<div style=\"height:36px\" aria-hidden=\"true\" class=\"wp-block-spacer\"><\/div>\n\n\n\n<div class=\"wp-block-group\"><div class=\"wp-block-group__inner-container is-layout-constrained wp-block-group-is-layout-constrained\">\n<div class=\"wp-block-media-text is-stacked-on-mobile is-image-fill-element\"><figure class=\"wp-block-media-text__media\"><img loading=\"lazy\" decoding=\"async\" width=\"1024\" height=\"576\" src=\"https:\/\/www.deli-home.com\/wp-content\/uploads\/2023\/09\/medium-JPG-IMG_4932-kopieren-1-1024x576.jpg\" alt=\"\" class=\"wp-image-4078 size-full\" style=\"object-position:50% 50%\" srcset=\"https:\/\/www.deli-home.com\/wp-content\/uploads\/2023\/09\/medium-JPG-IMG_4932-kopieren-1-1024x576.jpg 1024w, https:\/\/www.deli-home.com\/wp-content\/uploads\/2023\/09\/medium-JPG-IMG_4932-kopieren-1-300x169.jpg 300w, https:\/\/www.deli-home.com\/wp-content\/uploads\/2023\/09\/medium-JPG-IMG_4932-kopieren-1-768x432.jpg 768w, https:\/\/www.deli-home.com\/wp-content\/uploads\/2023\/09\/medium-JPG-IMG_4932-kopieren-1-1536x864.jpg 1536w, https:\/\/www.deli-home.com\/wp-content\/uploads\/2023\/09\/medium-JPG-IMG_4932-kopieren-1-18x10.jpg 18w, https:\/\/www.deli-home.com\/wp-content\/uploads\/2023\/09\/medium-JPG-IMG_4932-kopieren-1.jpg 1900w\" sizes=\"auto, (max-width: 1024px) 100vw, 1024px\" \/><\/figure><div class=\"wp-block-media-text__content\">\n<p class=\"has-text-align-left has-text-color has-medium-font-size\" style=\"color:#2bb3eb\"><strong>O\u00d9 NOUS TROUVER<\/strong><\/p>\n\n\n\n<h2 class=\"wp-block-heading has-text-align-left\">Nos sites<\/h2>\n\n\n\n<p class=\"has-text-align-left\">Le si\u00e8ge social de Deli Home est situ\u00e9 aux Pays-Bas et d\u00e9veloppe des produits innovants dans cinq cat\u00e9gories : menuiserie, portes, rev\u00eatements de sol et escaliers, meubles de rangement et moustiquaires. Bien que notre si\u00e8ge social se trouve aux Pays-Bas, Deli Home est une soci\u00e9t\u00e9 multinationale comprenant des succursales dans plusieurs pays : Belgique, R\u00e9publique tch\u00e8que, Hongrie, Portugal, Allemagne et Pologne. Nous sommes aujourd'hui un fournisseur leader au Benelux et les ann\u00e9es \u00e0 venir seront d\u00e9cisives pour notre expansion.&nbsp;<\/p>\n\n\n\n<div class=\"wp-block-buttons is-horizontal is-content-justification-left is-layout-flex wp-container-core-buttons-is-layout-1 wp-block-buttons-is-layout-flex\">\n<div class=\"wp-block-button has-custom-font-size has-medium-font-size\"><a class=\"wp-block-button__link has-text-align-center wp-element-button\" href=\"https:\/\/www.deli-home.com\/fr\/emplacements\/\" target=\"_blank\" rel=\"noreferrer noopener\">Trouver nos sites<\/a><\/div>\n\n\n\n<div class=\"wp-block-button has-custom-font-size is-style-outline has-medium-font-size is-style-outline--1\"><a class=\"wp-block-button__link has-text-align-center wp-element-button\" href=\"https:\/\/www.deli-home.com\/fr\/travailler-chez\/\">Travailler avec nous<\/a><\/div>\n<\/div>\n<\/div><\/div>\n<\/div><\/div>\n\n\n\n<p><\/p>","protected":false},"excerpt":{"rendered":"<p>CONTACT FORM How can we help? Do you have any questions? Please contact us by using the contact form below.&nbsp;Please do not use this form for advertising or acquisition. These messages will be removed. WHERE TO FIND US Our locations Deli Home\u2019s main office in located in the Netherlands, driving innovation across five categories: timber, [&hellip;]<\/p>","protected":false},"author":5,"featured_media":0,"parent":0,"menu_order":0,"comment_status":"closed","ping_status":"closed","template":"","meta":{"_acf_changed":false,"inline_featured_image":false,"footnotes":""},"class_list":["post-1698","page","type-page","status-publish","hentry"],"acf":[],"yoast_head":"<!-- This site is optimized with the Yoast SEO plugin v26.4 - https:\/\/yoast.com\/wordpress\/plugins\/seo\/ -->\n<title>Contact - Deli Home<\/title>\n<meta name=\"description\" content=\"Do you have a question about our range or our services? Contact us here. Here you&#039;ll find all our contact information.\" \/>\n<meta name=\"robots\" content=\"index, follow, max-snippet:-1, max-image-preview:large, max-video-preview:-1\" \/>\n<link rel=\"canonical\" href=\"https:\/\/www.deli-home.com\/fr\/wp-json\/wp\/v2\/pages\/1698\/\" \/>\n<meta property=\"og:locale\" content=\"fr_FR\" \/>\n<meta property=\"og:type\" content=\"article\" \/>\n<meta property=\"og:title\" content=\"Contact - Deli Home\" \/>\n<meta property=\"og:description\" content=\"Do you have a question about our range or our services? Contact us here. Here you&#039;ll find all our contact information.\" \/>\n<meta property=\"og:url\" content=\"https:\/\/www.deli-home.com\/fr\/wp-json\/wp\/v2\/pages\/1698\/\" \/>\n<meta property=\"og:site_name\" content=\"Deli Home\" \/>\n<meta property=\"article:modified_time\" content=\"2025-06-30T13:52:42+00:00\" \/>\n<meta property=\"og:image\" content=\"https:\/\/www.deli-home.com\/wp-content\/uploads\/2023\/09\/medium-JPG-IMG_4932-kopieren-1-1024x576.jpg\" \/>\n<script type=\"application\/ld+json\" class=\"yoast-schema-graph\">{\"@context\":\"https:\/\/schema.org\",\"@graph\":[{\"@type\":\"WebPage\",\"@id\":\"https:\/\/www.deli-home.com\/nl\/contact\/\",\"url\":\"https:\/\/www.deli-home.com\/nl\/contact\/\",\"name\":\"Contact - Deli Home\",\"isPartOf\":{\"@id\":\"https:\/\/www.deli-home.com\/nl\/#website\"},\"primaryImageOfPage\":{\"@id\":\"https:\/\/www.deli-home.com\/nl\/contact\/#primaryimage\"},\"image\":{\"@id\":\"https:\/\/www.deli-home.com\/nl\/contact\/#primaryimage\"},\"thumbnailUrl\":\"https:\/\/www.deli-home.com\/wp-content\/uploads\/2023\/09\/medium-JPG-IMG_4932-kopieren-1-1024x576.jpg\",\"datePublished\":\"2023-09-10T13:08:29+00:00\",\"dateModified\":\"2025-06-30T13:52:42+00:00\",\"description\":\"Do you have a question about our range or our services? Contact us here. Here you'll find all our contact information.\",\"breadcrumb\":{\"@id\":\"https:\/\/www.deli-home.com\/nl\/contact\/#breadcrumb\"},\"inLanguage\":\"fr-FR\",\"potentialAction\":[{\"@type\":\"ReadAction\",\"target\":[\"https:\/\/www.deli-home.com\/nl\/contact\/\"]}]},{\"@type\":\"ImageObject\",\"inLanguage\":\"fr-FR\",\"@id\":\"https:\/\/www.deli-home.com\/nl\/contact\/#primaryimage\",\"url\":\"https:\/\/www.deli-home.com\/wp-content\/uploads\/2023\/09\/medium-JPG-IMG_4932-kopieren-1-1024x576.jpg\",\"contentUrl\":\"https:\/\/www.deli-home.com\/wp-content\/uploads\/2023\/09\/medium-JPG-IMG_4932-kopieren-1-1024x576.jpg\"},{\"@type\":\"BreadcrumbList\",\"@id\":\"https:\/\/www.deli-home.com\/nl\/contact\/#breadcrumb\",\"itemListElement\":[{\"@type\":\"ListItem\",\"position\":1,\"name\":\"Home\",\"item\":\"https:\/\/www.deli-home.com\/nl\/\"},{\"@type\":\"ListItem\",\"position\":2,\"name\":\"Contact\"}]},{\"@type\":\"WebSite\",\"@id\":\"https:\/\/www.deli-home.com\/nl\/#website\",\"url\":\"https:\/\/www.deli-home.com\/nl\/\",\"name\":\"Deli Home\",\"description\":\"\",\"publisher\":{\"@id\":\"https:\/\/www.deli-home.com\/nl\/#organization\"},\"potentialAction\":[{\"@type\":\"SearchAction\",\"target\":{\"@type\":\"EntryPoint\",\"urlTemplate\":\"https:\/\/www.deli-home.com\/nl\/?s={search_term_string}\"},\"query-input\":{\"@type\":\"PropertyValueSpecification\",\"valueRequired\":true,\"valueName\":\"search_term_string\"}}],\"inLanguage\":\"fr-FR\"},{\"@type\":\"Organization\",\"@id\":\"https:\/\/www.deli-home.com\/nl\/#organization\",\"name\":\"Deli Home\",\"url\":\"https:\/\/www.deli-home.com\/nl\/\",\"logo\":{\"@type\":\"ImageObject\",\"inLanguage\":\"fr-FR\",\"@id\":\"https:\/\/www.deli-home.com\/nl\/#\/schema\/logo\/image\/\",\"url\":\"https:\/\/www.deli-home.com\/wp-content\/uploads\/2023\/09\/favicon.png\",\"contentUrl\":\"https:\/\/www.deli-home.com\/wp-content\/uploads\/2023\/09\/favicon.png\",\"width\":500,\"height\":500,\"caption\":\"Deli Home\"},\"image\":{\"@id\":\"https:\/\/www.deli-home.com\/nl\/#\/schema\/logo\/image\/\"},\"sameAs\":[\"https:\/\/www.linkedin.com\/company\/deli-home\/\"]}]}<\/script>\n<!-- \/ Yoast SEO plugin. -->","yoast_head_json":{"title":"Contact - Deli Home","description":"Do you have a question about our range or our services? Contact us here. Here you'll find all our contact information.","robots":{"index":"index","follow":"follow","max-snippet":"max-snippet:-1","max-image-preview":"max-image-preview:large","max-video-preview":"max-video-preview:-1"},"canonical":"https:\/\/www.deli-home.com\/fr\/wp-json\/wp\/v2\/pages\/1698\/","og_locale":"fr_FR","og_type":"article","og_title":"Contact - Deli Home","og_description":"Do you have a question about our range or our services? Contact us here. Here you'll find all our contact information.","og_url":"https:\/\/www.deli-home.com\/fr\/wp-json\/wp\/v2\/pages\/1698\/","og_site_name":"Deli Home","article_modified_time":"2025-06-30T13:52:42+00:00","og_image":[{"url":"https:\/\/www.deli-home.com\/wp-content\/uploads\/2023\/09\/medium-JPG-IMG_4932-kopieren-1-1024x576.jpg","type":"","width":"","height":""}],"schema":{"@context":"https:\/\/schema.org","@graph":[{"@type":"WebPage","@id":"https:\/\/www.deli-home.com\/nl\/contact\/","url":"https:\/\/www.deli-home.com\/nl\/contact\/","name":"Contact - Deli Home","isPartOf":{"@id":"https:\/\/www.deli-home.com\/nl\/#website"},"primaryImageOfPage":{"@id":"https:\/\/www.deli-home.com\/nl\/contact\/#primaryimage"},"image":{"@id":"https:\/\/www.deli-home.com\/nl\/contact\/#primaryimage"},"thumbnailUrl":"https:\/\/www.deli-home.com\/wp-content\/uploads\/2023\/09\/medium-JPG-IMG_4932-kopieren-1-1024x576.jpg","datePublished":"2023-09-10T13:08:29+00:00","dateModified":"2025-06-30T13:52:42+00:00","description":"Do you have a question about our range or our services? Contact us here. Here you'll find all our contact information.","breadcrumb":{"@id":"https:\/\/www.deli-home.com\/nl\/contact\/#breadcrumb"},"inLanguage":"fr-FR","potentialAction":[{"@type":"ReadAction","target":["https:\/\/www.deli-home.com\/nl\/contact\/"]}]},{"@type":"ImageObject","inLanguage":"fr-FR","@id":"https:\/\/www.deli-home.com\/nl\/contact\/#primaryimage","url":"https:\/\/www.deli-home.com\/wp-content\/uploads\/2023\/09\/medium-JPG-IMG_4932-kopieren-1-1024x576.jpg","contentUrl":"https:\/\/www.deli-home.com\/wp-content\/uploads\/2023\/09\/medium-JPG-IMG_4932-kopieren-1-1024x576.jpg"},{"@type":"BreadcrumbList","@id":"https:\/\/www.deli-home.com\/nl\/contact\/#breadcrumb","itemListElement":[{"@type":"ListItem","position":1,"name":"Home","item":"https:\/\/www.deli-home.com\/nl\/"},{"@type":"ListItem","position":2,"name":"Contact"}]},{"@type":"WebSite","@id":"https:\/\/www.deli-home.com\/nl\/#website","url":"https:\/\/www.deli-home.com\/nl\/","name":"Deli Home","description":"","publisher":{"@id":"https:\/\/www.deli-home.com\/nl\/#organization"},"potentialAction":[{"@type":"SearchAction","target":{"@type":"EntryPoint","urlTemplate":"https:\/\/www.deli-home.com\/nl\/?s={search_term_string}"},"query-input":{"@type":"PropertyValueSpecification","valueRequired":true,"valueName":"search_term_string"}}],"inLanguage":"fr-FR"},{"@type":"Organization","@id":"https:\/\/www.deli-home.com\/nl\/#organization","name":"Deli Home","url":"https:\/\/www.deli-home.com\/nl\/","logo":{"@type":"ImageObject","inLanguage":"fr-FR","@id":"https:\/\/www.deli-home.com\/nl\/#\/schema\/logo\/image\/","url":"https:\/\/www.deli-home.com\/wp-content\/uploads\/2023\/09\/favicon.png","contentUrl":"https:\/\/www.deli-home.com\/wp-content\/uploads\/2023\/09\/favicon.png","width":500,"height":500,"caption":"Deli Home"},"image":{"@id":"https:\/\/www.deli-home.com\/nl\/#\/schema\/logo\/image\/"},"sameAs":["https:\/\/www.linkedin.com\/company\/deli-home\/"]}]}},"_links":{"self":[{"href":"https:\/\/www.deli-home.com\/fr\/wp-json\/wp\/v2\/pages\/1698","targetHints":{"allow":["GET"]}}],"collection":[{"href":"https:\/\/www.deli-home.com\/fr\/wp-json\/wp\/v2\/pages"}],"about":[{"href":"https:\/\/www.deli-home.com\/fr\/wp-json\/wp\/v2\/types\/page"}],"author":[{"embeddable":true,"href":"https:\/\/www.deli-home.com\/fr\/wp-json\/wp\/v2\/users\/5"}],"replies":[{"embeddable":true,"href":"https:\/\/www.deli-home.com\/fr\/wp-json\/wp\/v2\/comments?post=1698"}],"version-history":[{"count":70,"href":"https:\/\/www.deli-home.com\/fr\/wp-json\/wp\/v2\/pages\/1698\/revisions"}],"predecessor-version":[{"id":7005,"href":"https:\/\/www.deli-home.com\/fr\/wp-json\/wp\/v2\/pages\/1698\/revisions\/7005"}],"wp:attachment":[{"href":"https:\/\/www.deli-home.com\/fr\/wp-json\/wp\/v2\/media?parent=1698"}],"curies":[{"name":"wp","href":"https:\/\/api.w.org\/{rel}","templated":true}]}}