{"id":23,"date":"2023-07-18T10:20:30","date_gmt":"2023-07-18T10:20:30","guid":{"rendered":"https:\/\/www.deli-home.com\/?page_id=23"},"modified":"2025-12-01T10:03:14","modified_gmt":"2025-12-01T10:03:14","slug":"about-us","status":"publish","type":"page","link":"https:\/\/www.deli-home.com\/fr\/a-propos-de-nous\/","title":{"rendered":"\u00c0 propos de nous"},"content":{"rendered":"<div class=\"wp-block-cover alignfull has-parallax\" style=\"min-height:700px;aspect-ratio:unset;\"><span aria-hidden=\"true\" class=\"wp-block-cover__background has-background-dim-100 has-background-dim wp-block-cover__gradient-background has-background-gradient\" style=\"background:linear-gradient(90deg,rgba(2,19,45,0.8) 0%,rgba(2,19,45,0.5) 37%,rgba(2,19,45,0) 98%)\"><\/span><div class=\"wp-block-cover__image-background wp-image-961 has-parallax\" style=\"background-position:50% 50%;background-image:url(https:\/\/www.deli-home.com\/wp-content\/uploads\/2023\/09\/medium-JPG-IMG_4599.jpg)\"><\/div><div class=\"wp-block-cover__inner-container is-layout-flow wp-block-cover-is-layout-flow\">\n<div class=\"wp-block-group\"><div class=\"wp-block-group__inner-container is-layout-constrained wp-block-group-is-layout-constrained\">\n<div class=\"wp-block-columns is-layout-flex wp-container-core-columns-is-layout-1 wp-block-columns-is-layout-flex\">\n<div class=\"wp-block-column is-layout-flow wp-block-column-is-layout-flow\" style=\"flex-basis:65%\">\n<h1 class=\"wp-block-heading has-white-color has-text-color\">Faciliter la personnalisation de votre int\u00e9rieur<\/h1>\n\n\n\n<p class=\"has-text-align-left has-white-color has-text-color has-medium-font-size\">Chez Deli Home, nous savons qu'il est important d'agr\u00e9menter votre int\u00e9rieur avec des produits en bois sp\u00e9cialement con\u00e7us pour la pi\u00e8ce \u00e0 laquelle ils sont destin\u00e9s, afin d'am\u00e9liorer consid\u00e9rablement la vie \u00e0 la maison. Dans nos processus de d\u00e9veloppement de produits, nous mettons l'accent sur la durabilit\u00e9, la valeur ajout\u00e9e et la qualit\u00e9 d'un produit v\u00e9ritablement artisanal.<\/p>\n<\/div>\n<\/div>\n<\/div><\/div>\n<\/div><\/div>\n\n\n\n<section class=\"wp-block-group\"><div class=\"wp-block-group__inner-container is-layout-constrained wp-block-group-is-layout-constrained\">\n<div class=\"wp-block-columns is-layout-flex wp-container-core-columns-is-layout-2 wp-block-columns-is-layout-flex\">\n<div class=\"wp-block-column is-layout-flow wp-block-column-is-layout-flow\" style=\"flex-basis:25%\"><\/div>\n\n\n\n<div class=\"wp-block-column is-layout-flow wp-block-column-is-layout-flow\" style=\"flex-basis:65%\">\n<p class=\"has-text-align-center has-text-color has-medium-font-size\" style=\"color:#2bb3eb\"><strong>CE QUE NOUS FAISONS<\/strong><\/p>\n\n\n\n<h2 class=\"wp-block-heading has-text-align-center\"><strong>Nos activit\u00e9s<\/strong><\/h2>\n\n\n\n<p class=\"has-text-align-center\">Au-del\u00e0 de notre r\u00f4le habituel de grossiste \u00e0 valeur ajout\u00e9e visant les march\u00e9s de l'am\u00e9nagement int\u00e9rieur et de la construction, nous sommes experts en d\u00e9veloppement et en fabrication dans de nombreuses cat\u00e9gories de produits. Nous g\u00e9rons la totalit\u00e9 du parcours du client, depuis l'inspiration et la conception jusqu'\u00e0 la livraison et l'installation. Nous sommes r\u00e9put\u00e9s pour notre expertise \u00e0 chaque \u00e9tape dans toutes les cat\u00e9gories et pour nos services logistiques parfaitement adapt\u00e9s.<\/p>\n<\/div>\n\n\n\n<div class=\"wp-block-column is-layout-flow wp-block-column-is-layout-flow\" style=\"flex-basis:25%\"><\/div>\n<\/div>\n<\/div><\/section>\n\n\n\n<div class=\"wp-block-buttons is-content-justification-center is-layout-flex wp-container-core-buttons-is-layout-1 wp-block-buttons-is-layout-flex\">\n<div class=\"wp-block-button\"><a class=\"wp-block-button__link wp-element-button\" href=\"https:\/\/www.deli-home.com\/fr\/marques\/\">D\u00e9couvrir nos marques<\/a><\/div>\n<\/div>\n\n\n\n<div class=\"wp-block-group alignfull has-background\" style=\"background:linear-gradient(160deg,rgba(18,112,166,0.09) 0%,rgba(255,255,255,0) 100%)\"><div class=\"wp-block-group__inner-container is-layout-constrained wp-block-group-is-layout-constrained\">\n<div class=\"wp-block-group\"><div class=\"wp-block-group__inner-container is-layout-constrained wp-block-group-is-layout-constrained\">\n<div class=\"wp-block-columns is-layout-flex wp-container-core-columns-is-layout-3 wp-block-columns-is-layout-flex\">\n<div class=\"wp-block-column is-layout-flow wp-block-column-is-layout-flow\"><\/div>\n\n\n\n<div class=\"wp-block-column is-layout-flow wp-block-column-is-layout-flow\" style=\"flex-basis:70%\">\n<p class=\"has-text-align-center has-text-color has-medium-font-size\" style=\"color:#2bb3eb\"><strong><strong><strong>POUR QUI ?<\/strong><\/strong><\/strong><\/p>\n\n\n\n<h2 class=\"wp-block-heading has-text-align-center\">Notre march\u00e9<\/h2>\n\n\n\n<p class=\"has-text-align-center\">Deli Home est leader dans le secteur B2B, tout en mettant l'accent sur le consommateur. Nous restons en contact \u00e9troit avec nos clients actifs sur le march\u00e9 de consommation ainsi qu'avec les secteurs professionnels. Notre client\u00e8le comprend les principaux d\u00e9taillants, grossistes, entrepreneurs et soci\u00e9t\u00e9s d'e-commerce dans le domaine du bricolage.<\/p>\n<\/div>\n\n\n\n<div class=\"wp-block-column is-layout-flow wp-block-column-is-layout-flow\"><\/div>\n<\/div>\n\n\n\n<div class=\"wp-block-columns is-layout-flex wp-container-core-columns-is-layout-4 wp-block-columns-is-layout-flex\">\n<div class=\"wp-block-column is-layout-flow wp-block-column-is-layout-flow\">\n<p><strong>La philosophie Deli Home pour les professionnels et travailleurs ind\u00e9pendants<\/strong><\/p>\n\n\n\n<figure class=\"wp-block-video\"><video controls src=\"https:\/\/www.deli-home.com\/wp-content\/uploads\/2023\/09\/08_DeliHome_Professional_EN_SUBS_Mediumbitrate.mp4\"><\/video><\/figure>\n<\/div>\n\n\n\n<div class=\"wp-block-column is-layout-flow wp-block-column-is-layout-flow\">\n<p><strong>La philosophie Deli Home pour les consommateurs<\/strong><br><\/p>\n\n\n\n<figure class=\"wp-block-video\"><video controls src=\"https:\/\/www.deli-home.com\/wp-content\/uploads\/2023\/09\/07_DeliHome_Consument_EN_SUBS_Mediumbitrate.mp4\"><\/video><\/figure>\n<\/div>\n<\/div>\n<\/div><\/div>\n<\/div><\/div>\n\n\n\n<div class=\"wp-block-group alignfull\"><div class=\"wp-block-group__inner-container is-layout-constrained wp-block-group-is-layout-constrained\">\n<div class=\"wp-block-group alignwide\"><div class=\"wp-block-group__inner-container is-layout-constrained wp-block-group-is-layout-constrained\">\n<div class=\"wp-block-columns is-layout-flex wp-container-core-columns-is-layout-5 wp-block-columns-is-layout-flex\">\n<div class=\"wp-block-column is-layout-flow wp-block-column-is-layout-flow\"><div id=\"div_block-3-733\" class=\"ct-div-block\" ><div id=\"fancy_icon-2-733\" class=\"ct-fancy-icon\" ><svg id=\"svg-fancy_icon-2-733\"><use xlink:href=\"#Lineariconsicon-store\"><\/use><\/svg><\/div><\/div>\n\n\n<h4 class=\"wp-block-heading has-text-align-center\">Entrep\u00f4ts de la taille de 38 terrains de football<\/h4>\n<\/div>\n\n\n\n<div class=\"wp-block-column is-layout-flow wp-block-column-is-layout-flow\"><div id=\"div_block-3-733\" class=\"ct-div-block\" ><div id=\"fancy_icon-2-733\" class=\"ct-fancy-icon\" ><svg id=\"svg-fancy_icon-2-733\"><use xlink:href=\"#FontAwesomeicon-truck\"><\/use><\/svg><\/div><\/div>\n\n\n<h4 class=\"wp-block-heading has-text-align-center\">16116 camions qui transitent chaque ann\u00e9e<\/h4>\n<\/div>\n\n\n\n<div class=\"wp-block-column is-layout-flow wp-block-column-is-layout-flow\"><div id=\"div_block-3-733\" class=\"ct-div-block\" ><div id=\"fancy_icon-2-733\" class=\"ct-fancy-icon\" ><svg id=\"svg-fancy_icon-2-733\"><use xlink:href=\"#FontAwesomeicon-map-o\"><\/use><\/svg><\/div><\/div>\n\n\n<h4 class=\"wp-block-heading has-text-align-center\">Moustiquaires vendues sur une ann\u00e9e : d'Amsterdam \u00e0 Paris<\/h4>\n<\/div>\n<\/div>\n<\/div><\/div>\n<\/div><\/div>\n\n\n\n<div class=\"wp-block-group\"><div class=\"wp-block-group__inner-container is-layout-constrained wp-block-group-is-layout-constrained\">\n<div class=\"wp-block-media-text has-media-on-the-right is-stacked-on-mobile is-image-fill-element\"><div class=\"wp-block-media-text__content\">\n<p class=\"has-text-align-left has-text-color has-medium-font-size\" style=\"color:#2bb3eb\"><strong><strong>NOTRE OFFRE<\/strong><\/strong><\/p>\n\n\n\n<h2 class=\"wp-block-heading has-text-align-left\">Notre catalogue<\/h2>\n\n\n\n<p class=\"has-text-align-left\">Notre expertise couvre le bois, les portes, les rev\u00eatements de sol et escaliers, les meubles de rangement et les moustiquaires. Notre structure proactive de gestion des cat\u00e9gories consiste \u00e0 examiner continuellement l'impact de nos produits et solutions afin de rester connect\u00e9s aux besoins et choix \u00e9volutifs du consommateur. Nous assistons nos clients en nous adaptant \u00e0 l'\u00e9volution de la demande et en \u00e9largissant continuellement notre r\u00e9pertoire de services afin d'assurer une croissance coh\u00e9rente avec les produits tendance, durables et \u00e9cologiques.<\/p>\n\n\n\n<div class=\"wp-block-buttons is-horizontal is-content-justification-left is-layout-flex wp-container-core-buttons-is-layout-2 wp-block-buttons-is-layout-flex\">\n<div class=\"wp-block-button has-custom-font-size has-medium-font-size\"><a class=\"wp-block-button__link has-white-color has-text-color has-background wp-element-button\" href=\"https:\/\/www.deli-home.com\/fr\/produits\/\" style=\"background-color:#2bb3eb\">D\u00e9couvrir nos cat\u00e9gories<\/a><\/div>\n<\/div>\n<\/div><figure class=\"wp-block-media-text__media\"><img loading=\"lazy\" decoding=\"async\" width=\"1024\" height=\"768\" src=\"https:\/\/www.deli-home.com\/wp-content\/uploads\/2023\/08\/large-JPG-Raffito_Eetkamer_Klassiek-stijldeuren-Guspino-Kashmir-Mat-Bracciano-nero_hoekkast_groot-1024x768.jpg\" alt=\"\" class=\"wp-image-565 size-full\" style=\"object-position:33% 79%\" srcset=\"https:\/\/www.deli-home.com\/wp-content\/uploads\/2023\/08\/large-JPG-Raffito_Eetkamer_Klassiek-stijldeuren-Guspino-Kashmir-Mat-Bracciano-nero_hoekkast_groot-1024x768.jpg 1024w, https:\/\/www.deli-home.com\/wp-content\/uploads\/2023\/08\/large-JPG-Raffito_Eetkamer_Klassiek-stijldeuren-Guspino-Kashmir-Mat-Bracciano-nero_hoekkast_groot-300x225.jpg 300w, https:\/\/www.deli-home.com\/wp-content\/uploads\/2023\/08\/large-JPG-Raffito_Eetkamer_Klassiek-stijldeuren-Guspino-Kashmir-Mat-Bracciano-nero_hoekkast_groot-768x576.jpg 768w, https:\/\/www.deli-home.com\/wp-content\/uploads\/2023\/08\/large-JPG-Raffito_Eetkamer_Klassiek-stijldeuren-Guspino-Kashmir-Mat-Bracciano-nero_hoekkast_groot-1536x1152.jpg 1536w, https:\/\/www.deli-home.com\/wp-content\/uploads\/2023\/08\/large-JPG-Raffito_Eetkamer_Klassiek-stijldeuren-Guspino-Kashmir-Mat-Bracciano-nero_hoekkast_groot-2048x1536.jpg 2048w, https:\/\/www.deli-home.com\/wp-content\/uploads\/2023\/08\/large-JPG-Raffito_Eetkamer_Klassiek-stijldeuren-Guspino-Kashmir-Mat-Bracciano-nero_hoekkast_groot-scaled.jpg 2560w\" sizes=\"auto, (max-width: 1024px) 100vw, 1024px\" \/><\/figure><\/div>\n<\/div><\/div>\n\n\n\n<div class=\"wp-block-group\"><div class=\"wp-block-group__inner-container is-layout-constrained wp-block-group-is-layout-constrained\">\n<div class=\"wp-block-columns is-layout-flex wp-container-core-columns-is-layout-7 wp-block-columns-is-layout-flex\">\n<div class=\"wp-block-column is-layout-flow wp-block-column-is-layout-flow\">\n<div class=\"wp-block-columns is-layout-flex wp-container-core-columns-is-layout-6 wp-block-columns-is-layout-flex\">\n<div class=\"wp-block-column is-layout-flow wp-block-column-is-layout-flow\" style=\"flex-basis:25%\"><\/div>\n\n\n\n<div class=\"wp-block-column is-layout-flow wp-block-column-is-layout-flow\" style=\"flex-basis:65%\">\n<p class=\"has-text-align-center has-text-color has-medium-font-size\" style=\"color:#2bb3eb\"><strong>AU COMMENCEMENT <\/strong><\/p>\n\n\n\n<h2 class=\"wp-block-heading has-text-align-center\"><strong>L'histoire de Deli Home<\/strong><\/h2>\n\n\n\n<p class=\"has-text-align-center\">Notre histoire a commenc\u00e9 avec la cr\u00e9ation de Deli Home en 1869 en Indon\u00e9sie. Au fil du temps, nous avons acquis la ma\u00eetrise du bois gr\u00e2ce \u00e0 nos connaissances et \u00e0 notre exp\u00e9rience. Forts de 150 ans d'exp\u00e9rience, nous sommes une entreprise en pleine croissance en mesure de se renouveler.<\/p>\n\n\n\n<div class=\"wp-block-buttons is-content-justification-center is-layout-flex wp-container-core-buttons-is-layout-3 wp-block-buttons-is-layout-flex\">\n<div class=\"wp-block-button\"><a class=\"wp-block-button__link wp-element-button\" href=\"https:\/\/www.deli-home.com\/fr\/histoire\/\">En savoir plus sur notre histoire<\/a><\/div>\n<\/div>\n<\/div>\n\n\n\n<div class=\"wp-block-column is-layout-flow wp-block-column-is-layout-flow\" style=\"flex-basis:25%\"><\/div>\n<\/div>\n<\/div>\n<\/div>\n<\/div><\/div>\n\n\n\n<div class=\"wp-block-group\"><div class=\"wp-block-group__inner-container is-layout-constrained wp-block-group-is-layout-constrained\">\n<div class=\"wp-block-group\"><div class=\"wp-block-group__inner-container is-layout-constrained wp-block-group-is-layout-constrained\">\n<p class=\"has-text-align-center has-text-color has-medium-font-size\" style=\"color:#2bb3eb\"><strong>TOUT SAVOIR SUR NOUS<\/strong><\/p>\n\n\n\n<h2 class=\"wp-block-heading has-text-align-center\">Vid\u00e9o Corporate<\/h2>\n\n\n\n<p class=\"has-text-align-center\">Ne manquez pas notre vid\u00e9o corporate pour d\u00e9couvrir les forces motrices de nos c\u00e9l\u00e8bres marques, produits et services d'am\u00e9nagement int\u00e9rieur.<\/p>\n\n\n\n<figure class=\"wp-block-video\"><video controls src=\"https:\/\/www.deli-home.com\/wp-content\/uploads\/2025\/12\/Deli-Home-Bedrijfsfilm_zonder-interview_LR.mp4\"><\/video><\/figure>\n<\/div><\/div>\n<\/div><\/div>","protected":false},"excerpt":{"rendered":"<p>WHAT WE DO Our activities Beyond our conventional role as a value-added wholesaler for home improvement and builder markets, we excel in development and manufacturing across multiple categories. We guide the entire consumer journey \u2013 from inspiration and design to delivery and installation. Elevating each step across categories sets us apart, alongside our comprehensive logistics [&hellip;]<\/p>","protected":false},"author":4,"featured_media":0,"parent":0,"menu_order":10,"comment_status":"closed","ping_status":"closed","template":"","meta":{"_acf_changed":false,"inline_featured_image":false,"footnotes":""},"class_list":["post-23","page","type-page","status-publish","hentry"],"acf":[],"yoast_head":"<!-- This site is optimized with the Yoast SEO plugin v26.4 - https:\/\/yoast.com\/wordpress\/plugins\/seo\/ -->\n<title>About us - Deli Home<\/title>\n<meta name=\"description\" content=\"Learn more about our vision, mission, and history. Get to know the management of Deli Home.\" \/>\n<meta name=\"robots\" content=\"index, follow, max-snippet:-1, max-image-preview:large, max-video-preview:-1\" \/>\n<link rel=\"canonical\" href=\"https:\/\/www.deli-home.com\/fr\/wp-json\/wp\/v2\/pages\/23\/\" \/>\n<meta property=\"og:locale\" content=\"fr_FR\" \/>\n<meta property=\"og:type\" content=\"article\" \/>\n<meta property=\"og:title\" content=\"About us - Deli Home\" \/>\n<meta property=\"og:description\" content=\"Learn more about our vision, mission, and history. Get to know the management of Deli Home.\" \/>\n<meta property=\"og:url\" content=\"https:\/\/www.deli-home.com\/fr\/wp-json\/wp\/v2\/pages\/23\/\" \/>\n<meta property=\"og:site_name\" content=\"Deli Home\" \/>\n<meta property=\"article:modified_time\" content=\"2025-12-01T10:03:14+00:00\" \/>\n<meta property=\"og:image\" content=\"https:\/\/www.deli-home.com\/wp-content\/uploads\/2023\/08\/large-JPG-Raffito_Eetkamer_Klassiek-stijldeuren-Guspino-Kashmir-Mat-Bracciano-nero_hoekkast_groot-1024x768.jpg\" \/>\n<script type=\"application\/ld+json\" class=\"yoast-schema-graph\">{\"@context\":\"https:\/\/schema.org\",\"@graph\":[{\"@type\":\"WebPage\",\"@id\":\"https:\/\/www.deli-home.com\/fr\/a-propos-de-nous\/\",\"url\":\"https:\/\/www.deli-home.com\/fr\/a-propos-de-nous\/\",\"name\":\"About us - Deli Home\",\"isPartOf\":{\"@id\":\"https:\/\/www.homeprovy.dk\/en\/#website\"},\"primaryImageOfPage\":{\"@id\":\"https:\/\/www.deli-home.com\/fr\/a-propos-de-nous\/#primaryimage\"},\"image\":{\"@id\":\"https:\/\/www.deli-home.com\/fr\/a-propos-de-nous\/#primaryimage\"},\"thumbnailUrl\":\"https:\/\/www.deli-home.com\/wp-content\/uploads\/2023\/08\/large-JPG-Raffito_Eetkamer_Klassiek-stijldeuren-Guspino-Kashmir-Mat-Bracciano-nero_hoekkast_groot-1024x768.jpg\",\"datePublished\":\"2023-07-18T10:20:30+00:00\",\"dateModified\":\"2025-12-01T10:03:14+00:00\",\"description\":\"Learn more about our vision, mission, and history. Get to know the management of Deli Home.\",\"breadcrumb\":{\"@id\":\"https:\/\/www.deli-home.com\/fr\/a-propos-de-nous\/#breadcrumb\"},\"inLanguage\":\"fr-FR\",\"potentialAction\":[{\"@type\":\"ReadAction\",\"target\":[\"https:\/\/www.deli-home.com\/fr\/a-propos-de-nous\/\"]}]},{\"@type\":\"ImageObject\",\"inLanguage\":\"fr-FR\",\"@id\":\"https:\/\/www.deli-home.com\/fr\/a-propos-de-nous\/#primaryimage\",\"url\":\"https:\/\/www.deli-home.com\/wp-content\/uploads\/2023\/08\/large-JPG-Raffito_Eetkamer_Klassiek-stijldeuren-Guspino-Kashmir-Mat-Bracciano-nero_hoekkast_groot-1024x768.jpg\",\"contentUrl\":\"https:\/\/www.deli-home.com\/wp-content\/uploads\/2023\/08\/large-JPG-Raffito_Eetkamer_Klassiek-stijldeuren-Guspino-Kashmir-Mat-Bracciano-nero_hoekkast_groot-1024x768.jpg\"},{\"@type\":\"BreadcrumbList\",\"@id\":\"https:\/\/www.deli-home.com\/fr\/a-propos-de-nous\/#breadcrumb\",\"itemListElement\":[{\"@type\":\"ListItem\",\"position\":1,\"name\":\"Home\",\"item\":\"https:\/\/www.homeprovy.dk\/en\/\"},{\"@type\":\"ListItem\",\"position\":2,\"name\":\"About us\"}]},{\"@type\":\"WebSite\",\"@id\":\"https:\/\/www.homeprovy.dk\/en\/#website\",\"url\":\"https:\/\/www.homeprovy.dk\/en\/\",\"name\":\"Deli Home\",\"description\":\"\",\"publisher\":{\"@id\":\"https:\/\/www.homeprovy.dk\/en\/#organization\"},\"potentialAction\":[{\"@type\":\"SearchAction\",\"target\":{\"@type\":\"EntryPoint\",\"urlTemplate\":\"https:\/\/www.homeprovy.dk\/en\/?s={search_term_string}\"},\"query-input\":{\"@type\":\"PropertyValueSpecification\",\"valueRequired\":true,\"valueName\":\"search_term_string\"}}],\"inLanguage\":\"fr-FR\"},{\"@type\":\"Organization\",\"@id\":\"https:\/\/www.homeprovy.dk\/en\/#organization\",\"name\":\"Deli Home\",\"url\":\"https:\/\/www.homeprovy.dk\/en\/\",\"logo\":{\"@type\":\"ImageObject\",\"inLanguage\":\"fr-FR\",\"@id\":\"https:\/\/www.homeprovy.dk\/en\/#\/schema\/logo\/image\/\",\"url\":\"https:\/\/www.deli-home.com\/wp-content\/uploads\/2023\/09\/favicon.png\",\"contentUrl\":\"https:\/\/www.deli-home.com\/wp-content\/uploads\/2023\/09\/favicon.png\",\"width\":500,\"height\":500,\"caption\":\"Deli Home\"},\"image\":{\"@id\":\"https:\/\/www.homeprovy.dk\/en\/#\/schema\/logo\/image\/\"},\"sameAs\":[\"https:\/\/www.linkedin.com\/company\/deli-home\/\"]}]}<\/script>\n<!-- \/ Yoast SEO plugin. -->","yoast_head_json":{"title":"About us - Deli Home","description":"Learn more about our vision, mission, and history. Get to know the management of Deli Home.","robots":{"index":"index","follow":"follow","max-snippet":"max-snippet:-1","max-image-preview":"max-image-preview:large","max-video-preview":"max-video-preview:-1"},"canonical":"https:\/\/www.deli-home.com\/fr\/wp-json\/wp\/v2\/pages\/23\/","og_locale":"fr_FR","og_type":"article","og_title":"About us - Deli Home","og_description":"Learn more about our vision, mission, and history. Get to know the management of Deli Home.","og_url":"https:\/\/www.deli-home.com\/fr\/wp-json\/wp\/v2\/pages\/23\/","og_site_name":"Deli Home","article_modified_time":"2025-12-01T10:03:14+00:00","og_image":[{"url":"https:\/\/www.deli-home.com\/wp-content\/uploads\/2023\/08\/large-JPG-Raffito_Eetkamer_Klassiek-stijldeuren-Guspino-Kashmir-Mat-Bracciano-nero_hoekkast_groot-1024x768.jpg","type":"","width":"","height":""}],"schema":{"@context":"https:\/\/schema.org","@graph":[{"@type":"WebPage","@id":"https:\/\/www.deli-home.com\/fr\/a-propos-de-nous\/","url":"https:\/\/www.deli-home.com\/fr\/a-propos-de-nous\/","name":"About us - Deli Home","isPartOf":{"@id":"https:\/\/www.homeprovy.dk\/en\/#website"},"primaryImageOfPage":{"@id":"https:\/\/www.deli-home.com\/fr\/a-propos-de-nous\/#primaryimage"},"image":{"@id":"https:\/\/www.deli-home.com\/fr\/a-propos-de-nous\/#primaryimage"},"thumbnailUrl":"https:\/\/www.deli-home.com\/wp-content\/uploads\/2023\/08\/large-JPG-Raffito_Eetkamer_Klassiek-stijldeuren-Guspino-Kashmir-Mat-Bracciano-nero_hoekkast_groot-1024x768.jpg","datePublished":"2023-07-18T10:20:30+00:00","dateModified":"2025-12-01T10:03:14+00:00","description":"Learn more about our vision, mission, and history. Get to know the management of Deli Home.","breadcrumb":{"@id":"https:\/\/www.deli-home.com\/fr\/a-propos-de-nous\/#breadcrumb"},"inLanguage":"fr-FR","potentialAction":[{"@type":"ReadAction","target":["https:\/\/www.deli-home.com\/fr\/a-propos-de-nous\/"]}]},{"@type":"ImageObject","inLanguage":"fr-FR","@id":"https:\/\/www.deli-home.com\/fr\/a-propos-de-nous\/#primaryimage","url":"https:\/\/www.deli-home.com\/wp-content\/uploads\/2023\/08\/large-JPG-Raffito_Eetkamer_Klassiek-stijldeuren-Guspino-Kashmir-Mat-Bracciano-nero_hoekkast_groot-1024x768.jpg","contentUrl":"https:\/\/www.deli-home.com\/wp-content\/uploads\/2023\/08\/large-JPG-Raffito_Eetkamer_Klassiek-stijldeuren-Guspino-Kashmir-Mat-Bracciano-nero_hoekkast_groot-1024x768.jpg"},{"@type":"BreadcrumbList","@id":"https:\/\/www.deli-home.com\/fr\/a-propos-de-nous\/#breadcrumb","itemListElement":[{"@type":"ListItem","position":1,"name":"Home","item":"https:\/\/www.homeprovy.dk\/en\/"},{"@type":"ListItem","position":2,"name":"About us"}]},{"@type":"WebSite","@id":"https:\/\/www.homeprovy.dk\/en\/#website","url":"https:\/\/www.homeprovy.dk\/en\/","name":"Deli Home","description":"","publisher":{"@id":"https:\/\/www.homeprovy.dk\/en\/#organization"},"potentialAction":[{"@type":"SearchAction","target":{"@type":"EntryPoint","urlTemplate":"https:\/\/www.homeprovy.dk\/en\/?s={search_term_string}"},"query-input":{"@type":"PropertyValueSpecification","valueRequired":true,"valueName":"search_term_string"}}],"inLanguage":"fr-FR"},{"@type":"Organization","@id":"https:\/\/www.homeprovy.dk\/en\/#organization","name":"Deli Home","url":"https:\/\/www.homeprovy.dk\/en\/","logo":{"@type":"ImageObject","inLanguage":"fr-FR","@id":"https:\/\/www.homeprovy.dk\/en\/#\/schema\/logo\/image\/","url":"https:\/\/www.deli-home.com\/wp-content\/uploads\/2023\/09\/favicon.png","contentUrl":"https:\/\/www.deli-home.com\/wp-content\/uploads\/2023\/09\/favicon.png","width":500,"height":500,"caption":"Deli Home"},"image":{"@id":"https:\/\/www.homeprovy.dk\/en\/#\/schema\/logo\/image\/"},"sameAs":["https:\/\/www.linkedin.com\/company\/deli-home\/"]}]}},"_links":{"self":[{"href":"https:\/\/www.deli-home.com\/fr\/wp-json\/wp\/v2\/pages\/23","targetHints":{"allow":["GET"]}}],"collection":[{"href":"https:\/\/www.deli-home.com\/fr\/wp-json\/wp\/v2\/pages"}],"about":[{"href":"https:\/\/www.deli-home.com\/fr\/wp-json\/wp\/v2\/types\/page"}],"author":[{"embeddable":true,"href":"https:\/\/www.deli-home.com\/fr\/wp-json\/wp\/v2\/users\/4"}],"replies":[{"embeddable":true,"href":"https:\/\/www.deli-home.com\/fr\/wp-json\/wp\/v2\/comments?post=23"}],"version-history":[{"count":99,"href":"https:\/\/www.deli-home.com\/fr\/wp-json\/wp\/v2\/pages\/23\/revisions"}],"predecessor-version":[{"id":7676,"href":"https:\/\/www.deli-home.com\/fr\/wp-json\/wp\/v2\/pages\/23\/revisions\/7676"}],"wp:attachment":[{"href":"https:\/\/www.deli-home.com\/fr\/wp-json\/wp\/v2\/media?parent=23"}],"curies":[{"name":"wp","href":"https:\/\/api.w.org\/{rel}","templated":true}]}}