{"id":36,"date":"2023-07-18T10:22:28","date_gmt":"2023-07-18T10:22:28","guid":{"rendered":"https:\/\/www.deli-home.com\/?page_id=36"},"modified":"2023-10-03T13:49:14","modified_gmt":"2023-10-03T13:49:14","slug":"timber","status":"publish","type":"page","link":"https:\/\/www.deli-home.com\/fr\/produits\/bois\/","title":{"rendered":"Charpente"},"content":{"rendered":"<div class=\"wp-block-cover alignfull has-parallax\" style=\"min-height:700px;aspect-ratio:unset;\"><span aria-hidden=\"true\" class=\"wp-block-cover__background has-background-dim-100 has-background-dim wp-block-cover__gradient-background has-background-gradient\" style=\"background:linear-gradient(90deg,rgba(2,19,45,0.8) 0%,rgba(2,19,45,0.5) 37%,rgba(2,19,45,0) 98%)\"><\/span><div role=\"img\" class=\"wp-block-cover__image-background wp-image-932 has-parallax\" style=\"background-position:50% 50%;background-image:url(https:\/\/www.deli-home.com\/wp-content\/uploads\/2023\/09\/medium-JPG-IMG_5193.jpg)\"><\/div><div class=\"wp-block-cover__inner-container is-layout-flow wp-block-cover-is-layout-flow\">\n<div class=\"wp-block-group\"><div class=\"wp-block-group__inner-container is-layout-constrained wp-block-group-is-layout-constrained\">\n<div class=\"wp-block-columns is-layout-flex wp-container-core-columns-is-layout-1 wp-block-columns-is-layout-flex\">\n<div class=\"wp-block-column is-layout-flow wp-block-column-is-layout-flow\" style=\"flex-basis:15%\"><\/div>\n\n\n\n<div class=\"wp-block-column is-layout-flow wp-block-column-is-layout-flow\" style=\"flex-basis:70%\"><div id=\"div_block-2-1060\" class=\"ct-div-block\" ><img decoding=\"async\"  id=\"image-3-1060\" alt=\"\" src=\"https:\/\/www.deli-home.com\/wp-content\/uploads\/2023\/08\/wood-wit.svg\" class=\"ct-image\"\/><h1 id=\"headline-4-1060\" class=\"ct-headline\">Charpente<\/h1><\/div><\/div>\n\n\n\n<div class=\"wp-block-column is-layout-flow wp-block-column-is-layout-flow\" style=\"flex-basis:15%\"><\/div>\n<\/div>\n<\/div><\/div>\n<\/div><\/div>\n\n\n\n<section class=\"wp-block-group\"><div class=\"wp-block-group__inner-container is-layout-constrained wp-block-group-is-layout-constrained\">\n<div class=\"wp-block-columns is-layout-flex wp-container-core-columns-is-layout-2 wp-block-columns-is-layout-flex\">\n<div class=\"wp-block-column is-layout-flow wp-block-column-is-layout-flow\" style=\"flex-basis:25%\"><\/div>\n\n\n\n<div class=\"wp-block-column is-layout-flow wp-block-column-is-layout-flow\" style=\"flex-basis:65%\">\n<p class=\"has-text-align-center has-text-color has-medium-font-size\" style=\"color:#2bb3eb\"><strong><strong><strong>L'EXCELLENCE ARTISANALE<\/strong><\/strong><\/strong><\/p>\n\n\n\n<h2 class=\"wp-block-heading has-text-align-center\">D\u00e9couvrez charpente <\/h2>\n\n\n\n<p class=\"has-text-align-center\">Le bois n'est pas seulement utilis\u00e9 pour fabriquer un grand nombre de nos produits, c'est aussi une cat\u00e9gorie de produits importante dans notre assortiment. Avec une gamme \u00e9tendue de produits en bois, y compris des panneaux, des profil\u00e9s et du bois d'\u00e9chafaudage, nous proposons un produit en bois adapt\u00e9 \u00e0 chaque usage.<\/p>\n<\/div>\n\n\n\n<div class=\"wp-block-column is-layout-flow wp-block-column-is-layout-flow\" style=\"flex-basis:25%\"><\/div>\n<\/div>\n<\/div><\/section>\n\n\n\n<div class=\"wp-block-group\"><div class=\"wp-block-group__inner-container is-layout-constrained wp-block-group-is-layout-constrained\">\n<div class=\"wp-block-media-text alignwide is-stacked-on-mobile is-image-fill\"><figure class=\"wp-block-media-text__media\" style=\"background-image:url(https:\/\/www.deli-home.com\/wp-content\/uploads\/2023\/09\/large-JPG-VR_FSC2-1024x683.jpg);background-position:50% 50%\"><img loading=\"lazy\" decoding=\"async\" width=\"1024\" height=\"683\" src=\"https:\/\/www.deli-home.com\/wp-content\/uploads\/2023\/09\/large-JPG-VR_FSC2-1024x683.jpg\" alt=\"\" class=\"wp-image-1470 size-full\" srcset=\"https:\/\/www.deli-home.com\/wp-content\/uploads\/2023\/09\/large-JPG-VR_FSC2-1024x683.jpg 1024w, https:\/\/www.deli-home.com\/wp-content\/uploads\/2023\/09\/large-JPG-VR_FSC2-300x200.jpg 300w, https:\/\/www.deli-home.com\/wp-content\/uploads\/2023\/09\/large-JPG-VR_FSC2-768x512.jpg 768w, https:\/\/www.deli-home.com\/wp-content\/uploads\/2023\/09\/large-JPG-VR_FSC2-1536x1024.jpg 1536w, https:\/\/www.deli-home.com\/wp-content\/uploads\/2023\/09\/large-JPG-VR_FSC2-2048x1365.jpg 2048w, https:\/\/www.deli-home.com\/wp-content\/uploads\/2023\/09\/large-JPG-VR_FSC2-18x12.jpg 18w, https:\/\/www.deli-home.com\/wp-content\/uploads\/2023\/09\/large-JPG-VR_FSC2-scaled.jpg 2560w\" sizes=\"auto, (max-width: 1024px) 100vw, 1024px\" \/><\/figure><div class=\"wp-block-media-text__content\">\n<p class=\"has-text-color\" style=\"color:#2bb3eb\"><strong>POUR SERVIR<\/strong><\/p>\n\n\n\n<h2 class=\"wp-block-heading\">Nos clients<\/h2>\n\n\n\n<p>En tant que fournisseur source disposant de notre propre \u00e9tablissement de bois, nous offrons fiabilit\u00e9 et assurance de qualit\u00e9. Nous desservons les magasins et les clients de bricolage sur le march\u00e9 professionnel et nous exportons une partie significative de nos produits en bois vers nos filiales internationales. Nous sommes en mesure de distribuer par petites quantit\u00e9s, mais aussi de fournir de grandes quantit\u00e9s \u00e0 l\u2019industrie. Nous offrons \u00e0 nos clients un choix standard \u00e9tendu et un travail personnalis\u00e9. Nous offrons des solutions \u00e0 tous les probl\u00e8mes li\u00e9s au bois. Gr\u00e2ce \u00e0 notre \u00e9tablissement de production, nous pouvons fournir de petits profil\u00e9s sp\u00e9ciaux, des cadres ou des produits de finition dans de nombreux mod\u00e8les et formats.<\/p>\n<\/div><\/div>\n<\/div><\/div>\n\n\n\n<div class=\"wp-block-group\"><div class=\"wp-block-group__inner-container is-layout-constrained wp-block-group-is-layout-constrained\">\n<div class=\"wp-block-media-text alignwide has-media-on-the-right is-stacked-on-mobile is-image-fill\"><div class=\"wp-block-media-text__content\">\n<p class=\"has-text-color\" style=\"color:#2bb3eb\"><strong>D\u00c9VELOPPEMENT CONTINU<\/strong><\/p>\n\n\n\n<h2 class=\"wp-block-heading\">Innovation et avenir<\/h2>\n\n\n\n<p>Chez Deli Home, nous pensons en termes des possibilit\u00e9s que nos produits ont \u00e0 offrir. Une planche n\u2019est pas seulement une planche, mais elle peut aussi \u00eatre utilis\u00e9e comme produit de d\u00e9coration sous la forme d\u2019une enveloppe de radiateur styl\u00e9e. Nous ne d\u00e9veloppons pas seulement les possibilit\u00e9s du bois en int\u00e9rieur, mais nous les fabriquons dans notre propre \u00e9tablissement de production. <\/p>\n\n\n\n<p>La durabilit\u00e9 et la circularit\u00e9 sont tr\u00e8s importants pour nous dans toutes nos activit\u00e9s. Une partie importante de cela est la certification susmentionn\u00e9e ainsi que l\u2019effort de minimiser le mat\u00e9riel d\u2019emballage ; par exemple, nous imprimons nos codes \u00e0 barres au lieu d\u2019utiliser des adh\u00e9sifs. Nous r\u00e9utilisons pratiquement tous nos rebuts en les transformant en palettes et en emballage, entre autres. Le bois constituant la principale mati\u00e8re brute que nous travaillons, nous contribuons de fa\u00e7on significative \u00e0 l\u2019objectif du gouvernement n\u00e9erlandais de fa\u00e7on \u00e0 devenir enti\u00e8rement circulaire d\u2019ici 2050.<\/p>\n<\/div><figure class=\"wp-block-media-text__media\" style=\"background-image:url(https:\/\/www.deli-home.com\/wp-content\/uploads\/2023\/09\/large-JPG-CanDo_Tafel-op-Maat_Blank-eiken_Statafel_stalen-poot-1024x768.jpg);background-position:50% 50%\"><img loading=\"lazy\" decoding=\"async\" width=\"1024\" height=\"768\" src=\"https:\/\/www.deli-home.com\/wp-content\/uploads\/2023\/09\/large-JPG-CanDo_Tafel-op-Maat_Blank-eiken_Statafel_stalen-poot-1024x768.jpg\" alt=\"\" class=\"wp-image-1469 size-full\" srcset=\"https:\/\/www.deli-home.com\/wp-content\/uploads\/2023\/09\/large-JPG-CanDo_Tafel-op-Maat_Blank-eiken_Statafel_stalen-poot-1024x768.jpg 1024w, https:\/\/www.deli-home.com\/wp-content\/uploads\/2023\/09\/large-JPG-CanDo_Tafel-op-Maat_Blank-eiken_Statafel_stalen-poot-300x225.jpg 300w, https:\/\/www.deli-home.com\/wp-content\/uploads\/2023\/09\/large-JPG-CanDo_Tafel-op-Maat_Blank-eiken_Statafel_stalen-poot-768x576.jpg 768w, https:\/\/www.deli-home.com\/wp-content\/uploads\/2023\/09\/large-JPG-CanDo_Tafel-op-Maat_Blank-eiken_Statafel_stalen-poot-1536x1152.jpg 1536w, https:\/\/www.deli-home.com\/wp-content\/uploads\/2023\/09\/large-JPG-CanDo_Tafel-op-Maat_Blank-eiken_Statafel_stalen-poot-2048x1536.jpg 2048w, https:\/\/www.deli-home.com\/wp-content\/uploads\/2023\/09\/large-JPG-CanDo_Tafel-op-Maat_Blank-eiken_Statafel_stalen-poot-16x12.jpg 16w, https:\/\/www.deli-home.com\/wp-content\/uploads\/2023\/09\/large-JPG-CanDo_Tafel-op-Maat_Blank-eiken_Statafel_stalen-poot-scaled.jpg 2560w\" sizes=\"auto, (max-width: 1024px) 100vw, 1024px\" \/><\/figure><\/div>\n<\/div><\/div>\n\n\n\n<div class=\"wp-block-group alignfull has-background\" style=\"background:linear-gradient(160deg,rgba(18,112,166,0.09) 0%,rgba(255,255,255,0) 100%)\"><div class=\"wp-block-group__inner-container is-layout-constrained wp-block-group-is-layout-constrained\">\n<div class=\"wp-block-group\"><div class=\"wp-block-group__inner-container is-layout-constrained wp-block-group-is-layout-constrained\">\n<div class=\"wp-block-columns is-layout-flex wp-container-core-columns-is-layout-3 wp-block-columns-is-layout-flex\">\n<div class=\"wp-block-column is-layout-flow wp-block-column-is-layout-flow\" style=\"flex-basis:25%\"><\/div>\n\n\n\n<div class=\"wp-block-column is-layout-flow wp-block-column-is-layout-flow\" style=\"flex-basis:65%\">\n<h4 class=\"wp-block-heading has-text-align-center\">Disponible sous les marques suivantes<\/h4>\n<\/div>\n\n\n\n<div class=\"wp-block-column is-layout-flow wp-block-column-is-layout-flow\" style=\"flex-basis:25%\"><\/div>\n<\/div>\n<\/div><\/div>\n\n\n\n<div class=\"wp-block-group alignwide is-horizontal is-content-justification-space-between is-layout-flex wp-container-core-group-is-layout-6 wp-block-group-is-layout-flex\">\n<div style=\"height:23px\" aria-hidden=\"true\" class=\"wp-block-spacer\"><\/div>\n\n\n\n<figure class=\"wp-block-image size-large is-resized\"><a href=\"https:\/\/www.cando.eu\/\" target=\"_blank\" rel=\"noopener\"><img loading=\"lazy\" decoding=\"async\" src=\"https:\/\/www.deli-home.com\/wp-content\/uploads\/2023\/08\/merk-cando.svg\" alt=\"\" class=\"wp-image-253\" width=\"176\" height=\"45\"\/><\/a><\/figure>\n\n\n\n<figure class=\"wp-block-image size-large is-resized\"><a href=\"https:\/\/www.agnes.nl\/\" target=\"_blank\" rel=\"noopener\"><img loading=\"lazy\" decoding=\"async\" src=\"https:\/\/www.deli-home.com\/wp-content\/uploads\/2023\/08\/merk-agnes.svg\" alt=\"\" class=\"wp-image-286\" width=\"171\" height=\"56\"\/><\/a><\/figure>\n\n\n\n<figure class=\"wp-block-image size-large is-resized\"><img loading=\"lazy\" decoding=\"async\" src=\"https:\/\/www.deli-home.com\/wp-content\/uploads\/2023\/08\/merk-jewe-1024x250.png\" alt=\"\" class=\"wp-image-288\" width=\"163\" height=\"39\" srcset=\"https:\/\/www.deli-home.com\/wp-content\/uploads\/2023\/08\/merk-jewe-1024x250.png 1024w, https:\/\/www.deli-home.com\/wp-content\/uploads\/2023\/08\/merk-jewe-300x73.png 300w, https:\/\/www.deli-home.com\/wp-content\/uploads\/2023\/08\/merk-jewe-768x188.png 768w, https:\/\/www.deli-home.com\/wp-content\/uploads\/2023\/08\/merk-jewe-1536x375.png 1536w, https:\/\/www.deli-home.com\/wp-content\/uploads\/2023\/08\/merk-jewe-2048x500.png 2048w, https:\/\/www.deli-home.com\/wp-content\/uploads\/2023\/08\/merk-jewe.png 2560w\" sizes=\"auto, (max-width: 163px) 100vw, 163px\" \/><\/figure>\n\n\n\n<div style=\"height:23px\" aria-hidden=\"true\" class=\"wp-block-spacer\"><\/div>\n<\/div>\n\n\n\n<div style=\"height:75px\" aria-hidden=\"true\" class=\"wp-block-spacer\"><\/div>\n<\/div><\/div>\n\n\n\n<section class=\"wp-block-group\"><div class=\"wp-block-group__inner-container is-layout-constrained wp-block-group-is-layout-constrained\">\n<p class=\"has-text-color\" style=\"color:#2bb3eb\"><strong>EXP\u00c9RIENCE<\/strong><\/p>\n\n\n\n<h2 class=\"wp-block-heading\">Notre service<\/h2>\n\n\n\n<div class=\"wp-block-columns is-layout-flex wp-container-core-columns-is-layout-4 wp-block-columns-is-layout-flex\">\n<div class=\"wp-block-column is-layout-flow wp-block-column-is-layout-flow\" style=\"flex-basis:50%\">\n<p>Notre \u00e9tablissement de production, en association avec nos connaissances en mati\u00e8re de bois, nous a permis de nous \u00e9tablir solidement en tant que fournisseur de produits en bois de grande qualit\u00e9. Pour nos produits en bois massif, nous utilisons des bois de qualit\u00e9 et d\u2019apparence sup\u00e9rieures obtenus de sources \u00e9tablies en Scandinavie. Cela nous permet de suivre de pr\u00e8s la qualit\u00e9. <\/p>\n<\/div>\n\n\n\n<div class=\"wp-block-column is-layout-flow wp-block-column-is-layout-flow\" style=\"flex-basis:50%\">\n<p class=\"has-text-align-left\">Gr\u00e2ce \u00e0 notre longue histoire dans le commerce du bois, nous avons de l\u2019exp\u00e9rience pour affronter les d\u00e9fis que cela comporte. Le bois est un produit naturel sensible qui requiert une manipulation attentive et sp\u00e9ciale pour un traitement et un transport r\u00e9ussis, et tout cela nous est naturel. C\u2019est pourquoi, \u00e0 la livraison \u00e0 nos clients, nos produits semblent aussi magnifiques qu\u2019ils l\u2019\u00e9taient le jour o\u00f9 ils ont \u00e9t\u00e9 fabriqu\u00e9s.<\/p>\n<\/div>\n<\/div>\n<\/div><\/section>","protected":false},"excerpt":{"rendered":"<p>CRAFTING EXCELLENCE Exploring timber Wood is not only used to make many of our products, it is also an important product category in our assortment. With an extensive range of timber products, including panels, profiles and scaffolding wood, we offer a suitable timber product for every purpose. TO SERVE Our customers We are able to [&hellip;]<\/p>","protected":false},"author":4,"featured_media":0,"parent":26,"menu_order":21,"comment_status":"closed","ping_status":"closed","template":"","meta":{"_acf_changed":false,"inline_featured_image":false,"footnotes":""},"class_list":["post-36","page","type-page","status-publish","hentry"],"acf":[],"yoast_head":"<!-- This site is optimized with the Yoast SEO plugin v26.4 - https:\/\/yoast.com\/wordpress\/plugins\/seo\/ -->\n<title>Timber - Deli Home<\/title>\n<meta name=\"description\" content=\"Deli Home&#039;s wood products are available under the CanDo brand and various labels.\" \/>\n<meta name=\"robots\" content=\"index, follow, max-snippet:-1, max-image-preview:large, max-video-preview:-1\" \/>\n<link rel=\"canonical\" href=\"https:\/\/www.deli-home.com\/fr\/wp-json\/wp\/v2\/pages\/36\/\" \/>\n<meta property=\"og:locale\" content=\"fr_FR\" \/>\n<meta property=\"og:type\" content=\"article\" \/>\n<meta property=\"og:title\" content=\"Timber - Deli Home\" \/>\n<meta property=\"og:description\" content=\"Deli Home&#039;s wood products are available under the CanDo brand and various labels.\" \/>\n<meta property=\"og:url\" content=\"https:\/\/www.deli-home.com\/fr\/wp-json\/wp\/v2\/pages\/36\/\" \/>\n<meta property=\"og:site_name\" content=\"Deli Home\" \/>\n<meta property=\"article:modified_time\" content=\"2023-10-03T13:49:14+00:00\" \/>\n<meta property=\"og:image\" content=\"https:\/\/www.deli-home.com\/wp-content\/uploads\/2023\/09\/large-JPG-VR_FSC2-1024x683.jpg\" \/>\n<script type=\"application\/ld+json\" class=\"yoast-schema-graph\">{\"@context\":\"https:\/\/schema.org\",\"@graph\":[{\"@type\":\"WebPage\",\"@id\":\"https:\/\/www.deli-home.com\/fr\/produits\/bois\/\",\"url\":\"https:\/\/www.deli-home.com\/fr\/produits\/bois\/\",\"name\":\"Timber - Deli Home\",\"isPartOf\":{\"@id\":\"https:\/\/www.deli-home.com\/en\/#website\"},\"primaryImageOfPage\":{\"@id\":\"https:\/\/www.deli-home.com\/fr\/produits\/bois\/#primaryimage\"},\"image\":{\"@id\":\"https:\/\/www.deli-home.com\/fr\/produits\/bois\/#primaryimage\"},\"thumbnailUrl\":\"https:\/\/www.deli-home.com\/wp-content\/uploads\/2023\/09\/large-JPG-VR_FSC2-1024x683.jpg\",\"datePublished\":\"2023-07-18T10:22:28+00:00\",\"dateModified\":\"2023-10-03T13:49:14+00:00\",\"description\":\"Deli Home's wood products are available under the CanDo brand and various labels.\",\"breadcrumb\":{\"@id\":\"https:\/\/www.deli-home.com\/fr\/produits\/bois\/#breadcrumb\"},\"inLanguage\":\"fr-FR\",\"potentialAction\":[{\"@type\":\"ReadAction\",\"target\":[\"https:\/\/www.deli-home.com\/fr\/produits\/bois\/\"]}]},{\"@type\":\"ImageObject\",\"inLanguage\":\"fr-FR\",\"@id\":\"https:\/\/www.deli-home.com\/fr\/produits\/bois\/#primaryimage\",\"url\":\"https:\/\/www.deli-home.com\/wp-content\/uploads\/2023\/09\/large-JPG-VR_FSC2-1024x683.jpg\",\"contentUrl\":\"https:\/\/www.deli-home.com\/wp-content\/uploads\/2023\/09\/large-JPG-VR_FSC2-1024x683.jpg\"},{\"@type\":\"BreadcrumbList\",\"@id\":\"https:\/\/www.deli-home.com\/fr\/produits\/bois\/#breadcrumb\",\"itemListElement\":[{\"@type\":\"ListItem\",\"position\":1,\"name\":\"Home\",\"item\":\"https:\/\/www.deli-home.com\/en\/\"},{\"@type\":\"ListItem\",\"position\":2,\"name\":\"Categories\",\"item\":\"https:\/\/www.homeprovy.at\/nl\/producten\/\"},{\"@type\":\"ListItem\",\"position\":3,\"name\":\"Timber\"}]},{\"@type\":\"WebSite\",\"@id\":\"https:\/\/www.deli-home.com\/en\/#website\",\"url\":\"https:\/\/www.deli-home.com\/en\/\",\"name\":\"Deli Home\",\"description\":\"\",\"publisher\":{\"@id\":\"https:\/\/www.deli-home.com\/en\/#organization\"},\"potentialAction\":[{\"@type\":\"SearchAction\",\"target\":{\"@type\":\"EntryPoint\",\"urlTemplate\":\"https:\/\/www.deli-home.com\/en\/?s={search_term_string}\"},\"query-input\":{\"@type\":\"PropertyValueSpecification\",\"valueRequired\":true,\"valueName\":\"search_term_string\"}}],\"inLanguage\":\"fr-FR\"},{\"@type\":\"Organization\",\"@id\":\"https:\/\/www.deli-home.com\/en\/#organization\",\"name\":\"Deli Home\",\"url\":\"https:\/\/www.deli-home.com\/en\/\",\"logo\":{\"@type\":\"ImageObject\",\"inLanguage\":\"fr-FR\",\"@id\":\"https:\/\/www.deli-home.com\/en\/#\/schema\/logo\/image\/\",\"url\":\"https:\/\/www.deli-home.com\/wp-content\/uploads\/2023\/09\/favicon.png\",\"contentUrl\":\"https:\/\/www.deli-home.com\/wp-content\/uploads\/2023\/09\/favicon.png\",\"width\":500,\"height\":500,\"caption\":\"Deli Home\"},\"image\":{\"@id\":\"https:\/\/www.deli-home.com\/en\/#\/schema\/logo\/image\/\"},\"sameAs\":[\"https:\/\/www.linkedin.com\/company\/deli-home\/\"]}]}<\/script>\n<!-- \/ Yoast SEO plugin. -->","yoast_head_json":{"title":"Timber - Deli Home","description":"Deli Home's wood products are available under the CanDo brand and various labels.","robots":{"index":"index","follow":"follow","max-snippet":"max-snippet:-1","max-image-preview":"max-image-preview:large","max-video-preview":"max-video-preview:-1"},"canonical":"https:\/\/www.deli-home.com\/fr\/wp-json\/wp\/v2\/pages\/36\/","og_locale":"fr_FR","og_type":"article","og_title":"Timber - Deli Home","og_description":"Deli Home's wood products are available under the CanDo brand and various labels.","og_url":"https:\/\/www.deli-home.com\/fr\/wp-json\/wp\/v2\/pages\/36\/","og_site_name":"Deli Home","article_modified_time":"2023-10-03T13:49:14+00:00","og_image":[{"url":"https:\/\/www.deli-home.com\/wp-content\/uploads\/2023\/09\/large-JPG-VR_FSC2-1024x683.jpg","type":"","width":"","height":""}],"schema":{"@context":"https:\/\/schema.org","@graph":[{"@type":"WebPage","@id":"https:\/\/www.deli-home.com\/fr\/produits\/bois\/","url":"https:\/\/www.deli-home.com\/fr\/produits\/bois\/","name":"Timber - Deli Home","isPartOf":{"@id":"https:\/\/www.deli-home.com\/en\/#website"},"primaryImageOfPage":{"@id":"https:\/\/www.deli-home.com\/fr\/produits\/bois\/#primaryimage"},"image":{"@id":"https:\/\/www.deli-home.com\/fr\/produits\/bois\/#primaryimage"},"thumbnailUrl":"https:\/\/www.deli-home.com\/wp-content\/uploads\/2023\/09\/large-JPG-VR_FSC2-1024x683.jpg","datePublished":"2023-07-18T10:22:28+00:00","dateModified":"2023-10-03T13:49:14+00:00","description":"Deli Home's wood products are available under the CanDo brand and various labels.","breadcrumb":{"@id":"https:\/\/www.deli-home.com\/fr\/produits\/bois\/#breadcrumb"},"inLanguage":"fr-FR","potentialAction":[{"@type":"ReadAction","target":["https:\/\/www.deli-home.com\/fr\/produits\/bois\/"]}]},{"@type":"ImageObject","inLanguage":"fr-FR","@id":"https:\/\/www.deli-home.com\/fr\/produits\/bois\/#primaryimage","url":"https:\/\/www.deli-home.com\/wp-content\/uploads\/2023\/09\/large-JPG-VR_FSC2-1024x683.jpg","contentUrl":"https:\/\/www.deli-home.com\/wp-content\/uploads\/2023\/09\/large-JPG-VR_FSC2-1024x683.jpg"},{"@type":"BreadcrumbList","@id":"https:\/\/www.deli-home.com\/fr\/produits\/bois\/#breadcrumb","itemListElement":[{"@type":"ListItem","position":1,"name":"Home","item":"https:\/\/www.deli-home.com\/en\/"},{"@type":"ListItem","position":2,"name":"Categories","item":"https:\/\/www.homeprovy.at\/nl\/producten\/"},{"@type":"ListItem","position":3,"name":"Timber"}]},{"@type":"WebSite","@id":"https:\/\/www.deli-home.com\/en\/#website","url":"https:\/\/www.deli-home.com\/en\/","name":"Deli Home","description":"","publisher":{"@id":"https:\/\/www.deli-home.com\/en\/#organization"},"potentialAction":[{"@type":"SearchAction","target":{"@type":"EntryPoint","urlTemplate":"https:\/\/www.deli-home.com\/en\/?s={search_term_string}"},"query-input":{"@type":"PropertyValueSpecification","valueRequired":true,"valueName":"search_term_string"}}],"inLanguage":"fr-FR"},{"@type":"Organization","@id":"https:\/\/www.deli-home.com\/en\/#organization","name":"Deli Home","url":"https:\/\/www.deli-home.com\/en\/","logo":{"@type":"ImageObject","inLanguage":"fr-FR","@id":"https:\/\/www.deli-home.com\/en\/#\/schema\/logo\/image\/","url":"https:\/\/www.deli-home.com\/wp-content\/uploads\/2023\/09\/favicon.png","contentUrl":"https:\/\/www.deli-home.com\/wp-content\/uploads\/2023\/09\/favicon.png","width":500,"height":500,"caption":"Deli Home"},"image":{"@id":"https:\/\/www.deli-home.com\/en\/#\/schema\/logo\/image\/"},"sameAs":["https:\/\/www.linkedin.com\/company\/deli-home\/"]}]}},"_links":{"self":[{"href":"https:\/\/www.deli-home.com\/fr\/wp-json\/wp\/v2\/pages\/36","targetHints":{"allow":["GET"]}}],"collection":[{"href":"https:\/\/www.deli-home.com\/fr\/wp-json\/wp\/v2\/pages"}],"about":[{"href":"https:\/\/www.deli-home.com\/fr\/wp-json\/wp\/v2\/types\/page"}],"author":[{"embeddable":true,"href":"https:\/\/www.deli-home.com\/fr\/wp-json\/wp\/v2\/users\/4"}],"replies":[{"embeddable":true,"href":"https:\/\/www.deli-home.com\/fr\/wp-json\/wp\/v2\/comments?post=36"}],"version-history":[{"count":12,"href":"https:\/\/www.deli-home.com\/fr\/wp-json\/wp\/v2\/pages\/36\/revisions"}],"predecessor-version":[{"id":4929,"href":"https:\/\/www.deli-home.com\/fr\/wp-json\/wp\/v2\/pages\/36\/revisions\/4929"}],"up":[{"embeddable":true,"href":"https:\/\/www.deli-home.com\/fr\/wp-json\/wp\/v2\/pages\/26"}],"wp:attachment":[{"href":"https:\/\/www.deli-home.com\/fr\/wp-json\/wp\/v2\/media?parent=36"}],"curies":[{"name":"wp","href":"https:\/\/api.w.org\/{rel}","templated":true}]}}