{"id":38,"date":"2023-07-18T10:22:49","date_gmt":"2023-07-18T10:22:49","guid":{"rendered":"https:\/\/www.deli-home.com\/?page_id=38"},"modified":"2025-11-07T12:44:08","modified_gmt":"2025-11-07T12:44:08","slug":"doors","status":"publish","type":"page","link":"https:\/\/www.deli-home.com\/fr\/produits\/portes\/","title":{"rendered":"Portes"},"content":{"rendered":"<div class=\"wp-block-cover alignfull has-parallax\" style=\"min-height:700px;aspect-ratio:unset;\"><span aria-hidden=\"true\" class=\"wp-block-cover__background has-background-dim-100 has-background-dim wp-block-cover__gradient-background has-background-gradient\" style=\"background:linear-gradient(90deg,rgba(2,19,45,0.8) 0%,rgba(2,19,45,0.5) 37%,rgba(2,19,45,0) 98%)\"><\/span><div class=\"wp-block-cover__image-background wp-image-279 has-parallax\" style=\"background-position:50% 50%;background-image:url(https:\/\/www.deli-home.com\/wp-content\/uploads\/2023\/08\/Sfeer_WK1545_liggend_LR-1-1050x660-1.jpg)\"><\/div><div class=\"wp-block-cover__inner-container is-layout-flow wp-block-cover-is-layout-flow\">\n<div class=\"wp-block-group\"><div class=\"wp-block-group__inner-container is-layout-constrained wp-block-group-is-layout-constrained\">\n<div class=\"wp-block-columns is-layout-flex wp-container-core-columns-is-layout-1 wp-block-columns-is-layout-flex\">\n<div class=\"wp-block-column is-layout-flow wp-block-column-is-layout-flow\" style=\"flex-basis:15%\"><\/div>\n\n\n\n<div class=\"wp-block-column is-layout-flow wp-block-column-is-layout-flow\" style=\"flex-basis:70%\"><div id=\"div_block-2-1060\" class=\"ct-div-block\" ><img decoding=\"async\"  id=\"image-3-1060\" alt=\"\" src=\"https:\/\/www.deli-home.com\/wp-content\/uploads\/2023\/08\/door-wit.svg\" class=\"ct-image\"\/><h1 id=\"headline-4-1060\" class=\"ct-headline\">Portes<\/h1><\/div><\/div>\n\n\n\n<div class=\"wp-block-column is-layout-flow wp-block-column-is-layout-flow\" style=\"flex-basis:15%\"><\/div>\n<\/div>\n<\/div><\/div>\n<\/div><\/div>\n\n\n\n<section class=\"wp-block-group\"><div class=\"wp-block-group__inner-container is-layout-constrained wp-block-group-is-layout-constrained\">\n<div class=\"wp-block-columns is-layout-flex wp-container-core-columns-is-layout-2 wp-block-columns-is-layout-flex\">\n<div class=\"wp-block-column is-layout-flow wp-block-column-is-layout-flow\" style=\"flex-basis:25%\"><\/div>\n\n\n\n<div class=\"wp-block-column is-layout-flow wp-block-column-is-layout-flow\" style=\"flex-basis:65%\">\n<p class=\"has-text-align-center has-text-color has-medium-font-size\" style=\"color:#2bb3eb\"><strong><strong><strong>L'EXCELLENCE ARTISANALE<\/strong><\/strong><\/strong><\/p>\n\n\n\n<h2 class=\"wp-block-heading has-text-align-center\">D\u00e9couvrir nos portes innovantes<\/h2>\n\n\n\n<p class=\"has-text-align-center\">Nos portes sont vendues, sous des marques bien \u00e9tablies telles que&nbsp;<a href=\"https:\/\/www.weekampdeuren.nl\/\" target=\"_blank\" rel=\"noreferrer noopener\">Weekamp Deuren<\/a>, <a href=\"https:\/\/www.skantrae.com\/\" target=\"_blank\" rel=\"noreferrer noopener\">Skantrae <\/a>et <a href=\"https:\/\/bruynzeelhomeproducts.nl\/nl-nl\" target=\"_blank\" rel=\"noreferrer noopener\">Bruynzeel<\/a>\u00e0 des grossistes du secteur du b\u00e2timent desservant des entreprises de construction et des professionnels du b\u00e2timent, mais nous sommes \u00e9galement disponibles avec des marques telles que <a href=\"http:\/\/cando.eu\">CanDo <\/a>et <a href=\"http:\/\/lundia.nl\" target=\"_blank\" rel=\"noreferrer noopener\">Lundia<\/a>, dans des magasins de bricolage se concentrant sur le consommateur final.<\/p>\n<\/div>\n\n\n\n<div class=\"wp-block-column is-layout-flow wp-block-column-is-layout-flow\" style=\"flex-basis:25%\"><\/div>\n<\/div>\n<\/div><\/section>\n\n\n\n<div class=\"wp-block-group\"><div class=\"wp-block-group__inner-container is-layout-constrained wp-block-group-is-layout-constrained\">\n<div class=\"wp-block-media-text is-stacked-on-mobile is-image-fill-element\"><figure class=\"wp-block-media-text__media\"><img loading=\"lazy\" decoding=\"async\" width=\"684\" height=\"1024\" src=\"https:\/\/www.deli-home.com\/wp-content\/uploads\/2023\/09\/00127-weekamp-voordeur-wk1142-maatwerk-klassiek-dubbel-zonder-mat-pt-684x1024.jpg\" alt=\"\" class=\"wp-image-1459 size-large\" style=\"object-position:50% 50%\" srcset=\"https:\/\/www.deli-home.com\/wp-content\/uploads\/2023\/09\/00127-weekamp-voordeur-wk1142-maatwerk-klassiek-dubbel-zonder-mat-pt-684x1024.jpg 684w, https:\/\/www.deli-home.com\/wp-content\/uploads\/2023\/09\/00127-weekamp-voordeur-wk1142-maatwerk-klassiek-dubbel-zonder-mat-pt-200x300.jpg 200w, https:\/\/www.deli-home.com\/wp-content\/uploads\/2023\/09\/00127-weekamp-voordeur-wk1142-maatwerk-klassiek-dubbel-zonder-mat-pt-768x1150.jpg 768w, https:\/\/www.deli-home.com\/wp-content\/uploads\/2023\/09\/00127-weekamp-voordeur-wk1142-maatwerk-klassiek-dubbel-zonder-mat-pt-1025x1536.jpg 1025w, https:\/\/www.deli-home.com\/wp-content\/uploads\/2023\/09\/00127-weekamp-voordeur-wk1142-maatwerk-klassiek-dubbel-zonder-mat-pt-1367x2048.jpg 1367w, https:\/\/www.deli-home.com\/wp-content\/uploads\/2023\/09\/00127-weekamp-voordeur-wk1142-maatwerk-klassiek-dubbel-zonder-mat-pt-8x12.jpg 8w, https:\/\/www.deli-home.com\/wp-content\/uploads\/2023\/09\/00127-weekamp-voordeur-wk1142-maatwerk-klassiek-dubbel-zonder-mat-pt-scaled.jpg 1709w\" sizes=\"auto, (max-width: 684px) 100vw, 684px\" \/><\/figure><div class=\"wp-block-media-text__content\">\n<p class=\"has-text-align-left has-text-color has-medium-font-size\" style=\"color:#2bb3eb\"><strong><strong><strong>EXCELLENCE EN MATI\u00c8RE DE PORTES<\/strong><\/strong><\/strong><\/p>\n\n\n\n<h2 class=\"wp-block-heading has-text-align-left\">Portes haut de gamme pour les professionnels<\/h2>\n\n\n\n<p class=\"has-text-align-left\">De plus, nous proposons nos portes \u00e0 grande \u00e9chelle \u00e0 des entrepreneurs, des coop\u00e9ratives immobili\u00e8res et des menuiseries. Nous sommes heureux de partager nos connaissances et nos exp\u00e9riences avec ces clients de sorte qu\u2019ils puissent \u00e0 leur tour fournir des services optimaux \u00e0 leurs clients. \u00c0 travers une formation personnalis\u00e9e impartie \u00e0 nos n\u00e9gociants et installateurs, nous fournissons des informations concernant notre assurance de la qualit\u00e9, l\u2019installation de produit, la s\u00e9curit\u00e9 et le commerce.<\/p>\n<\/div><\/div>\n<\/div><\/div>\n\n\n\n<div class=\"wp-block-group\"><div class=\"wp-block-group__inner-container is-layout-constrained wp-block-group-is-layout-constrained\">\n<div class=\"wp-block-media-text has-media-on-the-right is-stacked-on-mobile is-image-fill-element\"><div class=\"wp-block-media-text__content\">\n<p class=\"has-text-align-left has-text-color has-medium-font-size\" style=\"color:#2bb3eb\"><strong><strong><strong><strong>FORGER DEMAIN<\/strong><\/strong><\/strong><\/strong><\/p>\n\n\n\n<h2 class=\"wp-block-heading has-text-align-left\">Innovation et avenir<\/h2>\n\n\n\n<p class=\"has-text-align-left\">Chez Deli Home, nous utilisons les toutes derni\u00e8res technologies pour garantir que nos produits sont fabriqu\u00e9s \u00e0 leur plein potentiel et pour aider les clients \u00e0 faire un choix. Un exemple de ceci est l\u2019outil mobile qui utilise la R\u00e9alit\u00e9 augment\u00e9e pour permettre aux utilisateurs de voir plus de 250 portes d\u2019int\u00e9rieur dans leur propre maison. La qualit\u00e9 de nos produits est un fait \u00e9tabli avec la vente d\u2019un demi-million de portes par an sur plus de 1 500 points de vente. Cependant, le succ\u00e8s de notre choix actuel de produit n\u2019est pas une garantie pour l\u2019avenir. C \u2018est pourquoi nous travaillons constamment \u00e0 l\u2019am\u00e9lioration de nos produits et services pour les d\u00e9taillants. Notre caract\u00e8re unique r\u00e9side dans le fait que nous offrons \u00e0 nos clients des solutions compl\u00e8tes, ce qui est quelque chose sur quoi nous continuerons de nous concentrer \u00e0 l\u2019avenir.<\/p>\n<\/div><figure class=\"wp-block-media-text__media\"><img loading=\"lazy\" decoding=\"async\" width=\"1024\" height=\"768\" src=\"https:\/\/www.deli-home.com\/wp-content\/uploads\/2023\/09\/large-JPG-Skantrae_Industrieel_Brons-rook-glas-bargreep-1024x768.jpg\" alt=\"\" class=\"wp-image-1460 size-full\" style=\"object-position:50% 50%\" srcset=\"https:\/\/www.deli-home.com\/wp-content\/uploads\/2023\/09\/large-JPG-Skantrae_Industrieel_Brons-rook-glas-bargreep-1024x768.jpg 1024w, https:\/\/www.deli-home.com\/wp-content\/uploads\/2023\/09\/large-JPG-Skantrae_Industrieel_Brons-rook-glas-bargreep-300x225.jpg 300w, https:\/\/www.deli-home.com\/wp-content\/uploads\/2023\/09\/large-JPG-Skantrae_Industrieel_Brons-rook-glas-bargreep-768x576.jpg 768w, https:\/\/www.deli-home.com\/wp-content\/uploads\/2023\/09\/large-JPG-Skantrae_Industrieel_Brons-rook-glas-bargreep-1536x1152.jpg 1536w, https:\/\/www.deli-home.com\/wp-content\/uploads\/2023\/09\/large-JPG-Skantrae_Industrieel_Brons-rook-glas-bargreep-2048x1536.jpg 2048w, https:\/\/www.deli-home.com\/wp-content\/uploads\/2023\/09\/large-JPG-Skantrae_Industrieel_Brons-rook-glas-bargreep-16x12.jpg 16w, https:\/\/www.deli-home.com\/wp-content\/uploads\/2023\/09\/large-JPG-Skantrae_Industrieel_Brons-rook-glas-bargreep-scaled.jpg 2560w\" sizes=\"auto, (max-width: 1024px) 100vw, 1024px\" \/><\/figure><\/div>\n<\/div><\/div>\n\n\n\n<div class=\"wp-block-group alignfull has-background\" style=\"background:linear-gradient(160deg,rgba(18,112,166,0.09) 0%,rgba(255,255,255,0) 100%)\"><div class=\"wp-block-group__inner-container is-layout-constrained wp-block-group-is-layout-constrained\">\n<div class=\"wp-block-group\"><div class=\"wp-block-group__inner-container is-layout-constrained wp-block-group-is-layout-constrained\">\n<div class=\"wp-block-columns is-layout-flex wp-container-core-columns-is-layout-3 wp-block-columns-is-layout-flex\">\n<div class=\"wp-block-column is-layout-flow wp-block-column-is-layout-flow\" style=\"flex-basis:25%\"><\/div>\n\n\n\n<div class=\"wp-block-column is-layout-flow wp-block-column-is-layout-flow\" style=\"flex-basis:65%\">\n<h4 class=\"wp-block-heading has-text-align-center\">Disponible sous les marques suivantes<\/h4>\n<\/div>\n\n\n\n<div class=\"wp-block-column is-layout-flow wp-block-column-is-layout-flow\" style=\"flex-basis:25%\"><\/div>\n<\/div>\n<\/div><\/div>\n\n\n\n<div class=\"wp-block-group alignwide is-content-justification-space-between is-layout-flex wp-container-core-group-is-layout-6 wp-block-group-is-layout-flex\">\n<figure class=\"wp-block-image size-large is-resized\"><a href=\"https:\/\/www.cando.eu\/\" target=\"_blank\" rel=\"noopener\"><img loading=\"lazy\" decoding=\"async\" width=\"673\" height=\"174\" src=\"https:\/\/www.deli-home.com\/wp-content\/uploads\/2023\/08\/merk-cando.svg\" alt=\"\" class=\"wp-image-253\" style=\"width:176px;height:45px\"\/><\/a><\/figure>\n\n\n\n<figure class=\"wp-block-image size-large is-resized\"><a href=\"https:\/\/www.skantrae.com\/\" target=\"_blank\" rel=\"noopener\"><img loading=\"lazy\" decoding=\"async\" width=\"312\" height=\"45\" src=\"https:\/\/www.deli-home.com\/wp-content\/uploads\/2023\/08\/merk-skantrae.svg\" alt=\"\" class=\"wp-image-255\" style=\"width:229px;height:33px\"\/><\/a><\/figure>\n\n\n\n<figure class=\"wp-block-image size-large is-resized\"><a href=\"https:\/\/www.weekampdeuren.nl\/\" target=\"_blank\" rel=\"noopener\"><img loading=\"lazy\" decoding=\"async\" width=\"130\" height=\"29\" src=\"https:\/\/www.deli-home.com\/wp-content\/uploads\/2023\/08\/merk-weekamp-deuren.svg\" alt=\"\" class=\"wp-image-256\" style=\"width:179px;height:40px\"\/><\/a><\/figure>\n<\/div>\n\n\n\n<div class=\"wp-block-group alignwide is-content-justification-space-between is-layout-flex wp-container-core-group-is-layout-7 wp-block-group-is-layout-flex\">\n<div style=\"height:23px;width:0px\" aria-hidden=\"true\" class=\"wp-block-spacer wp-container-content-1\"><\/div>\n\n\n\n<figure class=\"wp-block-image size-large is-resized\"><a href=\"https:\/\/bruynzeelhomeproducts.nl\" target=\"_blank\" rel=\"noopener\"><img loading=\"lazy\" decoding=\"async\" width=\"2500\" height=\"1205\" src=\"https:\/\/www.deli-home.com\/wp-content\/uploads\/2023\/08\/merk-bruynzeel.svg\" alt=\"\" class=\"wp-image-252\" style=\"width:118px;height:56px\"\/><\/a><\/figure>\n\n\n\n<figure class=\"wp-block-image size-large is-resized\"><a href=\"https:\/\/lundia.nl\/\" target=\"_blank\" rel=\"noopener\"><img loading=\"lazy\" decoding=\"async\" width=\"552\" height=\"164\" src=\"https:\/\/www.deli-home.com\/wp-content\/uploads\/2023\/08\/merk-lundia.svg\" alt=\"\" class=\"wp-image-254\" style=\"width:158px;height:47px\"\/><\/a><\/figure>\n\n\n\n<figure class=\"wp-block-image size-large is-resized wp-duotone-rgb000-rgb000-1\"><a href=\"https:\/\/www.raffito.com\/\" target=\"_blank\" rel=\"noopener\"><img decoding=\"async\" src=\"https:\/\/www.deli-home.com\/wp-content\/uploads\/2023\/08\/merk-raffito.svg\" alt=\"\" class=\"wp-image-277\" style=\"width:122px;height:59px\"\/><\/a><\/figure>\n\n\n\n<div style=\"height:23px;width:0px\" aria-hidden=\"true\" class=\"wp-block-spacer wp-container-content-2\"><\/div>\n<\/div>\n\n\n\n<div style=\"height:75px\" aria-hidden=\"true\" class=\"wp-block-spacer\"><\/div>\n<\/div><\/div>\n\n\n\n<section class=\"wp-block-group\"><div class=\"wp-block-group__inner-container is-layout-constrained wp-block-group-is-layout-constrained\">\n<h2 class=\"wp-block-heading\">Our comprehensive door solutions<\/h2>\n\n\n\n<div class=\"wp-block-columns is-layout-flex wp-container-core-columns-is-layout-4 wp-block-columns-is-layout-flex\">\n<div class=\"wp-block-column is-layout-flow wp-block-column-is-layout-flow\" style=\"flex-basis:50%\">\n<p class=\"has-text-align-left\">In order to completely unburden our customers, we offer them various services to help the consumer. Our service merchandisers measure and install at the consumer\u2019s home. Equipped with the most precise measuring equipment that includes unique software for doors, the door is digitally measured, tailor-made and subsequently sprayed in a RAL colour of choice. However, our service is not limited to the consumer; we also offer building contractors and self-employed construction professionals extensive project-based services.<\/p>\n<\/div>\n\n\n\n<div class=\"wp-block-column is-layout-flow wp-block-column-is-layout-flow\" style=\"flex-basis:50%\">\n<p class=\"has-text-align-left\">By means of multiple-choice brochures we present a suitable choice of doors and accessories for every project. A system was developed for the professional market where digitalisation and automation go hand in hand and provide for customised production per individual order at our in-house production facility. This enables us to deliver products with the quality and finishing of a carpenter, however via an automated process at lower costs. The professional no longer needs to carry out any processing acts.<\/p>\n<\/div>\n<\/div>\n<\/div><\/section>","protected":false},"excerpt":{"rendered":"<p>CRAFTING EXCELLENCE Exploring our innovative doors Our doors are sold under established brands, such as&nbsp;Weekamp Deuren, Skantrae and Bruynzeel, to construction wholesalers that service building contractors and self-employed construction professionals, but are also available, under brands such as CanDo and Lundia, at DIY stores that focus on the end-consumer. DOOR EXCELLENCE Premium doors for professionals [&hellip;]<\/p>","protected":false},"author":4,"featured_media":279,"parent":26,"menu_order":22,"comment_status":"closed","ping_status":"closed","template":"","meta":{"_acf_changed":false,"inline_featured_image":false,"footnotes":""},"class_list":["post-38","page","type-page","status-publish","has-post-thumbnail","hentry"],"acf":[],"yoast_head":"<!-- This site is optimized with the Yoast SEO plugin v26.4 - https:\/\/yoast.com\/wordpress\/plugins\/seo\/ -->\n<title>Doors - Deli Home<\/title>\n<meta name=\"description\" content=\"Deli Home doors are available under the brands CanDo, Bruynzeel, Lundia, and Skantrae.\" \/>\n<meta name=\"robots\" content=\"index, follow, max-snippet:-1, max-image-preview:large, max-video-preview:-1\" \/>\n<link rel=\"canonical\" href=\"https:\/\/www.deli-home.com\/fr\/wp-json\/wp\/v2\/pages\/38\/\" \/>\n<meta property=\"og:locale\" content=\"fr_FR\" \/>\n<meta property=\"og:type\" content=\"article\" \/>\n<meta property=\"og:title\" content=\"Doors - Deli Home\" \/>\n<meta property=\"og:description\" content=\"Deli Home doors are available under the brands CanDo, Bruynzeel, Lundia, and Skantrae.\" \/>\n<meta property=\"og:url\" content=\"https:\/\/www.deli-home.com\/fr\/wp-json\/wp\/v2\/pages\/38\/\" \/>\n<meta property=\"og:site_name\" content=\"Deli Home\" \/>\n<meta property=\"article:modified_time\" content=\"2025-11-07T12:44:08+00:00\" \/>\n<meta property=\"og:image\" content=\"https:\/\/www.homeprovy.lu\/wp-content\/uploads\/2023\/08\/Sfeer_WK1545_liggend_LR-1-1050x660-1.jpg\" \/>\n\t<meta property=\"og:image:width\" content=\"1050\" \/>\n\t<meta property=\"og:image:height\" content=\"660\" \/>\n\t<meta property=\"og:image:type\" content=\"image\/jpeg\" \/>\n<script type=\"application\/ld+json\" class=\"yoast-schema-graph\">{\"@context\":\"https:\/\/schema.org\",\"@graph\":[{\"@type\":\"WebPage\",\"@id\":\"https:\/\/www.homeprovy.lu\/nl\/producten\/deuren\/\",\"url\":\"https:\/\/www.homeprovy.lu\/nl\/producten\/deuren\/\",\"name\":\"Doors - Deli Home\",\"isPartOf\":{\"@id\":\"https:\/\/www.jewe.eu\/de\/#website\"},\"primaryImageOfPage\":{\"@id\":\"https:\/\/www.homeprovy.lu\/nl\/producten\/deuren\/#primaryimage\"},\"image\":{\"@id\":\"https:\/\/www.homeprovy.lu\/nl\/producten\/deuren\/#primaryimage\"},\"thumbnailUrl\":\"https:\/\/www.deli-home.com\/wp-content\/uploads\/2023\/08\/Sfeer_WK1545_liggend_LR-1-1050x660-1.jpg\",\"datePublished\":\"2023-07-18T10:22:49+00:00\",\"dateModified\":\"2025-11-07T12:44:08+00:00\",\"description\":\"Deli Home doors are available under the brands CanDo, Bruynzeel, Lundia, and Skantrae.\",\"breadcrumb\":{\"@id\":\"https:\/\/www.homeprovy.lu\/nl\/producten\/deuren\/#breadcrumb\"},\"inLanguage\":\"fr-FR\",\"potentialAction\":[{\"@type\":\"ReadAction\",\"target\":[\"https:\/\/www.homeprovy.lu\/nl\/producten\/deuren\/\"]}]},{\"@type\":\"ImageObject\",\"inLanguage\":\"fr-FR\",\"@id\":\"https:\/\/www.homeprovy.lu\/nl\/producten\/deuren\/#primaryimage\",\"url\":\"https:\/\/www.deli-home.com\/wp-content\/uploads\/2023\/08\/Sfeer_WK1545_liggend_LR-1-1050x660-1.jpg\",\"contentUrl\":\"https:\/\/www.deli-home.com\/wp-content\/uploads\/2023\/08\/Sfeer_WK1545_liggend_LR-1-1050x660-1.jpg\",\"width\":1050,\"height\":660},{\"@type\":\"BreadcrumbList\",\"@id\":\"https:\/\/www.homeprovy.lu\/nl\/producten\/deuren\/#breadcrumb\",\"itemListElement\":[{\"@type\":\"ListItem\",\"position\":1,\"name\":\"Home\",\"item\":\"https:\/\/www.jewe.eu\/de\/\"},{\"@type\":\"ListItem\",\"position\":2,\"name\":\"Categories\",\"item\":\"https:\/\/www.homeprovy.nl\/nl\/producten\/\"},{\"@type\":\"ListItem\",\"position\":3,\"name\":\"Doors\"}]},{\"@type\":\"WebSite\",\"@id\":\"https:\/\/www.jewe.eu\/de\/#website\",\"url\":\"https:\/\/www.jewe.eu\/de\/\",\"name\":\"Deli Home\",\"description\":\"\",\"publisher\":{\"@id\":\"https:\/\/www.jewe.eu\/de\/#organization\"},\"potentialAction\":[{\"@type\":\"SearchAction\",\"target\":{\"@type\":\"EntryPoint\",\"urlTemplate\":\"https:\/\/www.jewe.eu\/de\/?s={search_term_string}\"},\"query-input\":{\"@type\":\"PropertyValueSpecification\",\"valueRequired\":true,\"valueName\":\"search_term_string\"}}],\"inLanguage\":\"fr-FR\"},{\"@type\":\"Organization\",\"@id\":\"https:\/\/www.jewe.eu\/de\/#organization\",\"name\":\"Deli Home\",\"url\":\"https:\/\/www.jewe.eu\/de\/\",\"logo\":{\"@type\":\"ImageObject\",\"inLanguage\":\"fr-FR\",\"@id\":\"https:\/\/www.jewe.eu\/de\/#\/schema\/logo\/image\/\",\"url\":\"https:\/\/www.deli-home.com\/wp-content\/uploads\/2023\/09\/favicon.png\",\"contentUrl\":\"https:\/\/www.deli-home.com\/wp-content\/uploads\/2023\/09\/favicon.png\",\"width\":500,\"height\":500,\"caption\":\"Deli Home\"},\"image\":{\"@id\":\"https:\/\/www.jewe.eu\/de\/#\/schema\/logo\/image\/\"},\"sameAs\":[\"https:\/\/www.linkedin.com\/company\/deli-home\/\"]}]}<\/script>\n<!-- \/ Yoast SEO plugin. -->","yoast_head_json":{"title":"Doors - Deli Home","description":"Deli Home doors are available under the brands CanDo, Bruynzeel, Lundia, and Skantrae.","robots":{"index":"index","follow":"follow","max-snippet":"max-snippet:-1","max-image-preview":"max-image-preview:large","max-video-preview":"max-video-preview:-1"},"canonical":"https:\/\/www.deli-home.com\/fr\/wp-json\/wp\/v2\/pages\/38\/","og_locale":"fr_FR","og_type":"article","og_title":"Doors - Deli Home","og_description":"Deli Home doors are available under the brands CanDo, Bruynzeel, Lundia, and Skantrae.","og_url":"https:\/\/www.deli-home.com\/fr\/wp-json\/wp\/v2\/pages\/38\/","og_site_name":"Deli Home","article_modified_time":"2025-11-07T12:44:08+00:00","og_image":[{"width":1050,"height":660,"url":"https:\/\/www.homeprovy.lu\/wp-content\/uploads\/2023\/08\/Sfeer_WK1545_liggend_LR-1-1050x660-1.jpg","type":"image\/jpeg"}],"schema":{"@context":"https:\/\/schema.org","@graph":[{"@type":"WebPage","@id":"https:\/\/www.homeprovy.lu\/nl\/producten\/deuren\/","url":"https:\/\/www.homeprovy.lu\/nl\/producten\/deuren\/","name":"Doors - Deli Home","isPartOf":{"@id":"https:\/\/www.jewe.eu\/de\/#website"},"primaryImageOfPage":{"@id":"https:\/\/www.homeprovy.lu\/nl\/producten\/deuren\/#primaryimage"},"image":{"@id":"https:\/\/www.homeprovy.lu\/nl\/producten\/deuren\/#primaryimage"},"thumbnailUrl":"https:\/\/www.deli-home.com\/wp-content\/uploads\/2023\/08\/Sfeer_WK1545_liggend_LR-1-1050x660-1.jpg","datePublished":"2023-07-18T10:22:49+00:00","dateModified":"2025-11-07T12:44:08+00:00","description":"Deli Home doors are available under the brands CanDo, Bruynzeel, Lundia, and Skantrae.","breadcrumb":{"@id":"https:\/\/www.homeprovy.lu\/nl\/producten\/deuren\/#breadcrumb"},"inLanguage":"fr-FR","potentialAction":[{"@type":"ReadAction","target":["https:\/\/www.homeprovy.lu\/nl\/producten\/deuren\/"]}]},{"@type":"ImageObject","inLanguage":"fr-FR","@id":"https:\/\/www.homeprovy.lu\/nl\/producten\/deuren\/#primaryimage","url":"https:\/\/www.deli-home.com\/wp-content\/uploads\/2023\/08\/Sfeer_WK1545_liggend_LR-1-1050x660-1.jpg","contentUrl":"https:\/\/www.deli-home.com\/wp-content\/uploads\/2023\/08\/Sfeer_WK1545_liggend_LR-1-1050x660-1.jpg","width":1050,"height":660},{"@type":"BreadcrumbList","@id":"https:\/\/www.homeprovy.lu\/nl\/producten\/deuren\/#breadcrumb","itemListElement":[{"@type":"ListItem","position":1,"name":"Home","item":"https:\/\/www.jewe.eu\/de\/"},{"@type":"ListItem","position":2,"name":"Categories","item":"https:\/\/www.homeprovy.nl\/nl\/producten\/"},{"@type":"ListItem","position":3,"name":"Doors"}]},{"@type":"WebSite","@id":"https:\/\/www.jewe.eu\/de\/#website","url":"https:\/\/www.jewe.eu\/de\/","name":"Deli Home","description":"","publisher":{"@id":"https:\/\/www.jewe.eu\/de\/#organization"},"potentialAction":[{"@type":"SearchAction","target":{"@type":"EntryPoint","urlTemplate":"https:\/\/www.jewe.eu\/de\/?s={search_term_string}"},"query-input":{"@type":"PropertyValueSpecification","valueRequired":true,"valueName":"search_term_string"}}],"inLanguage":"fr-FR"},{"@type":"Organization","@id":"https:\/\/www.jewe.eu\/de\/#organization","name":"Deli Home","url":"https:\/\/www.jewe.eu\/de\/","logo":{"@type":"ImageObject","inLanguage":"fr-FR","@id":"https:\/\/www.jewe.eu\/de\/#\/schema\/logo\/image\/","url":"https:\/\/www.deli-home.com\/wp-content\/uploads\/2023\/09\/favicon.png","contentUrl":"https:\/\/www.deli-home.com\/wp-content\/uploads\/2023\/09\/favicon.png","width":500,"height":500,"caption":"Deli Home"},"image":{"@id":"https:\/\/www.jewe.eu\/de\/#\/schema\/logo\/image\/"},"sameAs":["https:\/\/www.linkedin.com\/company\/deli-home\/"]}]}},"_links":{"self":[{"href":"https:\/\/www.deli-home.com\/fr\/wp-json\/wp\/v2\/pages\/38","targetHints":{"allow":["GET"]}}],"collection":[{"href":"https:\/\/www.deli-home.com\/fr\/wp-json\/wp\/v2\/pages"}],"about":[{"href":"https:\/\/www.deli-home.com\/fr\/wp-json\/wp\/v2\/types\/page"}],"author":[{"embeddable":true,"href":"https:\/\/www.deli-home.com\/fr\/wp-json\/wp\/v2\/users\/4"}],"replies":[{"embeddable":true,"href":"https:\/\/www.deli-home.com\/fr\/wp-json\/wp\/v2\/comments?post=38"}],"version-history":[{"count":94,"href":"https:\/\/www.deli-home.com\/fr\/wp-json\/wp\/v2\/pages\/38\/revisions"}],"predecessor-version":[{"id":7538,"href":"https:\/\/www.deli-home.com\/fr\/wp-json\/wp\/v2\/pages\/38\/revisions\/7538"}],"up":[{"embeddable":true,"href":"https:\/\/www.deli-home.com\/fr\/wp-json\/wp\/v2\/pages\/26"}],"wp:featuredmedia":[{"embeddable":true,"href":"https:\/\/www.deli-home.com\/fr\/wp-json\/wp\/v2\/media\/279"}],"wp:attachment":[{"href":"https:\/\/www.deli-home.com\/fr\/wp-json\/wp\/v2\/media?parent=38"}],"curies":[{"name":"wp","href":"https:\/\/api.w.org\/{rel}","templated":true}]}}