{"id":44,"date":"2023-07-18T10:23:31","date_gmt":"2023-07-18T10:23:31","guid":{"rendered":"https:\/\/www.deli-home.com\/?page_id=44"},"modified":"2023-10-03T13:50:58","modified_gmt":"2023-10-03T13:50:58","slug":"floors-stairs","status":"publish","type":"page","link":"https:\/\/www.deli-home.com\/fr\/produits\/revetements-de-sol-et-escaliers\/","title":{"rendered":"Plancher &amp; Escaliers"},"content":{"rendered":"<div class=\"wp-block-cover alignfull has-parallax\" style=\"min-height:700px;aspect-ratio:unset;\"><span aria-hidden=\"true\" class=\"wp-block-cover__background has-background-dim-100 has-background-dim wp-block-cover__gradient-background has-background-gradient\" style=\"background:linear-gradient(90deg,rgba(2,19,45,0.8) 0%,rgba(2,19,45,0.5) 37%,rgba(2,19,45,0) 98%)\"><\/span><div role=\"img\" class=\"wp-block-cover__image-background wp-image-202 has-parallax\" style=\"background-position:50% 50%;background-image:url(https:\/\/www.deli-home.com\/wp-content\/uploads\/2023\/08\/Webp.net-resizeimage-4.jpg)\"><\/div><div class=\"wp-block-cover__inner-container is-layout-flow wp-block-cover-is-layout-flow\">\n<div class=\"wp-block-group\"><div class=\"wp-block-group__inner-container is-layout-constrained wp-block-group-is-layout-constrained\">\n<div class=\"wp-block-columns is-layout-flex wp-container-core-columns-is-layout-1 wp-block-columns-is-layout-flex\">\n<div class=\"wp-block-column is-layout-flow wp-block-column-is-layout-flow\" style=\"flex-basis:15%\"><\/div>\n\n\n\n<div class=\"wp-block-column is-layout-flow wp-block-column-is-layout-flow\" style=\"flex-basis:70%\"><div id=\"div_block-2-1060\" class=\"ct-div-block\" ><img decoding=\"async\"  id=\"image-3-1060\" alt=\"\" src=\"https:\/\/www.deli-home.com\/wp-content\/uploads\/2023\/08\/stairs-wit.svg\" class=\"ct-image\"\/><h1 id=\"headline-4-1060\" class=\"ct-headline\">Plancher &amp; Escaliers<\/h1><\/div><\/div>\n\n\n\n<div class=\"wp-block-column is-layout-flow wp-block-column-is-layout-flow\" style=\"flex-basis:15%\"><\/div>\n<\/div>\n<\/div><\/div>\n<\/div><\/div>\n\n\n\n<section class=\"wp-block-group\"><div class=\"wp-block-group__inner-container is-layout-constrained wp-block-group-is-layout-constrained\">\n<div class=\"wp-block-columns is-layout-flex wp-container-core-columns-is-layout-2 wp-block-columns-is-layout-flex\">\n<div class=\"wp-block-column is-layout-flow wp-block-column-is-layout-flow\" style=\"flex-basis:25%\"><\/div>\n\n\n\n<div class=\"wp-block-column is-layout-flow wp-block-column-is-layout-flow\" style=\"flex-basis:65%\">\n<p class=\"has-text-align-center has-text-color has-medium-font-size\" style=\"color:#2bb3eb\"><strong><strong><strong>L'EXCELLENCE ARTISANALE<\/strong><\/strong><\/strong><\/p>\n\n\n\n<h2 class=\"wp-block-heading has-text-align-center\">D\u00e9couvrez les produits de plancher et d'escaliers<\/h2>\n\n\n\n<p class=\"has-text-align-center\">Avec notre choix \u00e9tendu de produits disponibles sous les marques <a href=\"https:\/\/www.deli-home.com\/fr\/brand\/cando\/\">CanDo<\/a>, <a href=\"https:\/\/www.deli-home.com\/fr\/brand\/lundia\/\">Lundia <\/a>et <a href=\"https:\/\/www.deli-home.com\/fr\/brand\/bruynzeel\/\">Bruynzeel <\/a>nous pouvons desservir un vaste r\u00e9seau de clients. Dans le secteur du bricolage, nos produits et services peuvent \u00eatre trouv\u00e9s dans les magasins de bricolage.<\/p>\n<\/div>\n\n\n\n<div class=\"wp-block-column is-layout-flow wp-block-column-is-layout-flow\" style=\"flex-basis:25%\"><\/div>\n<\/div>\n<\/div><\/section>\n\n\n\n<div class=\"wp-block-group\"><div class=\"wp-block-group__inner-container is-layout-constrained wp-block-group-is-layout-constrained\">\n<div class=\"wp-block-media-text alignwide is-stacked-on-mobile is-image-fill\"><figure class=\"wp-block-media-text__media\" style=\"background-image:url(https:\/\/www.deli-home.com\/wp-content\/uploads\/2023\/09\/large-JPG-CanDo_Open-Trap-Opstelling-1-Sfeerbeeld-1024x683.jpg);background-position:50% 50%\"><img loading=\"lazy\" decoding=\"async\" width=\"1024\" height=\"683\" src=\"https:\/\/www.deli-home.com\/wp-content\/uploads\/2023\/09\/large-JPG-CanDo_Open-Trap-Opstelling-1-Sfeerbeeld-1024x683.jpg\" alt=\"\" class=\"wp-image-1483 size-full\" srcset=\"https:\/\/www.deli-home.com\/wp-content\/uploads\/2023\/09\/large-JPG-CanDo_Open-Trap-Opstelling-1-Sfeerbeeld-1024x683.jpg 1024w, https:\/\/www.deli-home.com\/wp-content\/uploads\/2023\/09\/large-JPG-CanDo_Open-Trap-Opstelling-1-Sfeerbeeld-300x200.jpg 300w, https:\/\/www.deli-home.com\/wp-content\/uploads\/2023\/09\/large-JPG-CanDo_Open-Trap-Opstelling-1-Sfeerbeeld-768x512.jpg 768w, https:\/\/www.deli-home.com\/wp-content\/uploads\/2023\/09\/large-JPG-CanDo_Open-Trap-Opstelling-1-Sfeerbeeld-1536x1024.jpg 1536w, https:\/\/www.deli-home.com\/wp-content\/uploads\/2023\/09\/large-JPG-CanDo_Open-Trap-Opstelling-1-Sfeerbeeld-2048x1365.jpg 2048w, https:\/\/www.deli-home.com\/wp-content\/uploads\/2023\/09\/large-JPG-CanDo_Open-Trap-Opstelling-1-Sfeerbeeld-18x12.jpg 18w, https:\/\/www.deli-home.com\/wp-content\/uploads\/2023\/09\/large-JPG-CanDo_Open-Trap-Opstelling-1-Sfeerbeeld-scaled.jpg 2560w\" sizes=\"auto, (max-width: 1024px) 100vw, 1024px\" \/><\/figure><div class=\"wp-block-media-text__content\">\n<p class=\"has-text-color\" style=\"color:#2bb3eb\"><strong>POUR SERVIR<\/strong><\/p>\n\n\n\n<h2 class=\"wp-block-heading\">Nos clients<\/h2>\n\n\n\n<p>Nous fournissons aussi nos produits aux d\u00e9taillants de meubles et aux boutiques en ligne. Nous sommes heureux de partager nos connaissances et nos exp\u00e9riences avec ces clients de sorte qu\u2019ils puissent \u00e0 leur tour fournir des services optimaux \u00e0 leurs clients. Pour nous assurer que nos points de vente ont tous les moyens de vendre nos concepts avec succ\u00e8s, nous offrons \u00e0 nos clients une formation dans le cadre de laquelle nous donnons des informations sur nos produits.<\/p>\n<\/div><\/div>\n<\/div><\/div>\n\n\n\n<div class=\"wp-block-group\"><div class=\"wp-block-group__inner-container is-layout-constrained wp-block-group-is-layout-constrained\">\n<div class=\"wp-block-media-text alignwide has-media-on-the-right is-stacked-on-mobile is-image-fill\"><div class=\"wp-block-media-text__content\">\n<p class=\"has-text-color\" style=\"color:#2bb3eb\"><strong>D\u00c9VELOPPEMENT CONTINU<\/strong><\/p>\n\n\n\n<h2 class=\"wp-block-heading\">Innovation et avenir<\/h2>\n\n\n\n<p>Deli Home offre une gamme compl\u00e8te de planchers et d\u2019escaliers. Avec un choix entre le stratifi\u00e9, le PVC et les planchers en bois, nous avons le bon plancher pour chaque situation. Pour offrir une solution compl\u00e8te, notre choix de produits inclut \u00e9galement les r\u00e9novations d\u2019escalier, les rampes, les plinthes et les moquettes. En agissant comme fournisseur total, nous nous effa\u00e7ons de renforcer notre position dans tous les segments du march\u00e9. Notre singularit\u00e9 est que nous nous concentrons toujours sur le client lorsque nous d\u00e9veloppons nos services et nos produits. C\u2019est pourquoi nous offrons toujours plus pour d\u00e9charger les clients \u00e0 travers le choix d\u2019un plancher ou d\u2019un escalier Deli Home, et m\u00eame apr\u00e8s que le choix a \u00e9t\u00e9 fait.<\/p>\n<\/div><figure class=\"wp-block-media-text__media\" style=\"background-image:url(https:\/\/www.deli-home.com\/wp-content\/uploads\/2023\/09\/medium-JPG-POM-Overzicht-3-1024x683.jpg);background-position:74% 64%\"><img loading=\"lazy\" decoding=\"async\" width=\"1024\" height=\"683\" src=\"https:\/\/www.deli-home.com\/wp-content\/uploads\/2023\/09\/medium-JPG-POM-Overzicht-3-1024x683.jpg\" alt=\"\" class=\"wp-image-4409 size-full\" srcset=\"https:\/\/www.deli-home.com\/wp-content\/uploads\/2023\/09\/medium-JPG-POM-Overzicht-3-1024x683.jpg 1024w, https:\/\/www.deli-home.com\/wp-content\/uploads\/2023\/09\/medium-JPG-POM-Overzicht-3-300x200.jpg 300w, https:\/\/www.deli-home.com\/wp-content\/uploads\/2023\/09\/medium-JPG-POM-Overzicht-3-768x512.jpg 768w, https:\/\/www.deli-home.com\/wp-content\/uploads\/2023\/09\/medium-JPG-POM-Overzicht-3-1536x1024.jpg 1536w, https:\/\/www.deli-home.com\/wp-content\/uploads\/2023\/09\/medium-JPG-POM-Overzicht-3-18x12.jpg 18w, https:\/\/www.deli-home.com\/wp-content\/uploads\/2023\/09\/medium-JPG-POM-Overzicht-3.jpg 1900w\" sizes=\"auto, (max-width: 1024px) 100vw, 1024px\" \/><\/figure><\/div>\n<\/div><\/div>\n\n\n\n<div class=\"wp-block-group alignfull has-background\" style=\"background:linear-gradient(160deg,rgba(18,112,166,0.09) 0%,rgba(255,255,255,0) 100%)\"><div class=\"wp-block-group__inner-container is-layout-constrained wp-block-group-is-layout-constrained\">\n<div class=\"wp-block-group\"><div class=\"wp-block-group__inner-container is-layout-constrained wp-block-group-is-layout-constrained\">\n<div class=\"wp-block-columns is-layout-flex wp-container-core-columns-is-layout-3 wp-block-columns-is-layout-flex\">\n<div class=\"wp-block-column is-layout-flow wp-block-column-is-layout-flow\" style=\"flex-basis:25%\"><\/div>\n\n\n\n<div class=\"wp-block-column is-layout-flow wp-block-column-is-layout-flow\" style=\"flex-basis:65%\">\n<h4 class=\"wp-block-heading has-text-align-center\">Disponible sous les marques suivantes<\/h4>\n<\/div>\n\n\n\n<div class=\"wp-block-column is-layout-flow wp-block-column-is-layout-flow\" style=\"flex-basis:25%\"><\/div>\n<\/div>\n<\/div><\/div>\n\n\n\n<div class=\"wp-block-group alignwide is-horizontal is-content-justification-space-between is-layout-flex wp-container-core-group-is-layout-6 wp-block-group-is-layout-flex\">\n<div style=\"height:23px\" aria-hidden=\"true\" class=\"wp-block-spacer\"><\/div>\n\n\n\n<figure class=\"wp-block-image size-large is-resized\"><a href=\"https:\/\/www.cando.eu\/\" target=\"_blank\" rel=\"noopener\"><img loading=\"lazy\" decoding=\"async\" src=\"https:\/\/www.deli-home.com\/wp-content\/uploads\/2023\/08\/merk-cando.svg\" alt=\"\" class=\"wp-image-253\" width=\"176\" height=\"45\"\/><\/a><\/figure>\n\n\n\n<figure class=\"wp-block-image size-large is-resized\"><a href=\"https:\/\/www.skantrae.com\/\" target=\"_blank\" rel=\"noopener\"><img loading=\"lazy\" decoding=\"async\" src=\"https:\/\/www.deli-home.com\/wp-content\/uploads\/2023\/08\/merk-skantrae.svg\" alt=\"\" class=\"wp-image-255\" width=\"229\" height=\"33\"\/><\/a><\/figure>\n\n\n\n<figure class=\"wp-block-image size-large is-resized\"><a href=\"https:\/\/lundia.nl\/\" target=\"_blank\" rel=\"noopener\"><img loading=\"lazy\" decoding=\"async\" src=\"https:\/\/www.deli-home.com\/wp-content\/uploads\/2023\/08\/merk-lundia.svg\" alt=\"\" class=\"wp-image-254\" width=\"158\" height=\"47\"\/><\/a><\/figure>\n\n\n\n<figure class=\"wp-block-image size-large is-resized\"><a href=\"https:\/\/bruynzeelhomeproducts.nl\" target=\"_blank\" rel=\"noopener\"><img loading=\"lazy\" decoding=\"async\" src=\"https:\/\/www.deli-home.com\/wp-content\/uploads\/2023\/08\/merk-bruynzeel.svg\" alt=\"\" class=\"wp-image-252\" width=\"118\" height=\"56\"\/><\/a><\/figure>\n\n\n\n<figure class=\"wp-block-image size-large is-resized\"><a href=\"https:\/\/jewe.eu\/nl\/\" target=\"_blank\" rel=\"noopener\"><img loading=\"lazy\" decoding=\"async\" src=\"https:\/\/www.deli-home.com\/wp-content\/uploads\/2023\/08\/merk-jewe-1024x250.png\" alt=\"\" class=\"wp-image-288\" width=\"163\" height=\"39\" srcset=\"https:\/\/www.deli-home.com\/wp-content\/uploads\/2023\/08\/merk-jewe-1024x250.png 1024w, https:\/\/www.deli-home.com\/wp-content\/uploads\/2023\/08\/merk-jewe-300x73.png 300w, https:\/\/www.deli-home.com\/wp-content\/uploads\/2023\/08\/merk-jewe-768x188.png 768w, https:\/\/www.deli-home.com\/wp-content\/uploads\/2023\/08\/merk-jewe-1536x375.png 1536w, https:\/\/www.deli-home.com\/wp-content\/uploads\/2023\/08\/merk-jewe-2048x500.png 2048w, https:\/\/www.deli-home.com\/wp-content\/uploads\/2023\/08\/merk-jewe.png 2560w\" sizes=\"auto, (max-width: 163px) 100vw, 163px\" \/><\/a><\/figure>\n\n\n\n<div style=\"height:23px\" aria-hidden=\"true\" class=\"wp-block-spacer\"><\/div>\n<\/div>\n\n\n\n<div style=\"height:75px\" aria-hidden=\"true\" class=\"wp-block-spacer\"><\/div>\n<\/div><\/div>\n\n\n\n<section class=\"wp-block-group\"><div class=\"wp-block-group__inner-container is-layout-constrained wp-block-group-is-layout-constrained\">\n<p class=\"has-text-color\" style=\"color:#2bb3eb\"><strong>EXP\u00c9RIENCE<\/strong><\/p>\n\n\n\n<h2 class=\"wp-block-heading\">Nos solutions<\/h2>\n\n\n\n<div class=\"wp-block-columns is-layout-flex wp-container-core-columns-is-layout-4 wp-block-columns-is-layout-flex\">\n<div class=\"wp-block-column is-layout-flow wp-block-column-is-layout-flow\" style=\"flex-basis:50%\">\n<p>Nous all\u00e9geons autant que possible la t\u00e2che du client et, donc, de nos partenaires aussi, avec une offre \u00e9tendue de services. \u00c0 travers un service complet de mesure et d\u2019installation ex\u00e9cut\u00e9 par notre propre personnel sp\u00e9cialis\u00e9 et exp\u00e9riment\u00e9, nous apportons la qualit\u00e9 que nous promettons et all\u00e9geons compl\u00e8tement la t\u00e2che de nos clients. <\/p>\n<\/div>\n\n\n\n<div class=\"wp-block-column is-layout-flow wp-block-column-is-layout-flow\" style=\"flex-basis:50%\">\n<p class=\"has-text-align-left\">Nous offrons \u00e9galement des services sp\u00e9ciaux pour les bricoleurs ; nous guidons les clients dans leur processus d\u2019achat et offrons des services apr\u00e8s-vente au moyen de vid\u00e9os \u00e9ducatives et de mat\u00e9riaux pour points de vente qui ont un objet \u00e0 la fois d\u2019\u00e9ducation et d\u2019inspiration.<\/p>\n<\/div>\n<\/div>\n<\/div><\/section>","protected":false},"excerpt":{"rendered":"<p>CRAFTING EXCELLENCE Exploring flooring and stair products With our extensive assortment available under the CanDo, Lundia and Bruynzeel brands, we service a wide network of customers. In the do-it-yourself sector, our products and services can be found in DIY stores. TO SERVE Our customers We also supply our products to home furnishing retailers and online [&hellip;]<\/p>","protected":false},"author":4,"featured_media":0,"parent":26,"menu_order":25,"comment_status":"closed","ping_status":"closed","template":"","meta":{"_acf_changed":false,"inline_featured_image":false,"footnotes":""},"class_list":["post-44","page","type-page","status-publish","hentry"],"acf":[],"yoast_head":"<!-- This site is optimized with the Yoast SEO plugin v26.4 - https:\/\/yoast.com\/wordpress\/plugins\/seo\/ -->\n<title>Flooring &amp; Stairs - Deli Home<\/title>\n<meta name=\"description\" content=\"Deli Home&#039;s flooring and stair renovation products are available under the CanDo, Bruynzeel, and Lundia brands.\" \/>\n<meta name=\"robots\" content=\"index, follow, max-snippet:-1, max-image-preview:large, max-video-preview:-1\" \/>\n<link rel=\"canonical\" href=\"https:\/\/www.deli-home.com\/fr\/wp-json\/wp\/v2\/pages\/44\/\" \/>\n<meta property=\"og:locale\" content=\"fr_FR\" \/>\n<meta property=\"og:type\" content=\"article\" \/>\n<meta property=\"og:title\" content=\"Flooring &amp; Stairs - Deli Home\" \/>\n<meta property=\"og:description\" content=\"Deli Home&#039;s flooring and stair renovation products are available under the CanDo, Bruynzeel, and Lundia brands.\" \/>\n<meta property=\"og:url\" content=\"https:\/\/www.deli-home.com\/fr\/wp-json\/wp\/v2\/pages\/44\/\" \/>\n<meta property=\"og:site_name\" content=\"Deli Home\" \/>\n<meta property=\"article:modified_time\" content=\"2023-10-03T13:50:58+00:00\" \/>\n<meta property=\"og:image\" content=\"https:\/\/www.deli-home.com\/wp-content\/uploads\/2023\/09\/large-JPG-CanDo_Open-Trap-Opstelling-1-Sfeerbeeld-1024x683.jpg\" \/>\n<script type=\"application\/ld+json\" class=\"yoast-schema-graph\">{\"@context\":\"https:\/\/schema.org\",\"@graph\":[{\"@type\":\"WebPage\",\"@id\":\"https:\/\/www.deli-home.com\/nl\/producten\/vloer-trap\/\",\"url\":\"https:\/\/www.deli-home.com\/nl\/producten\/vloer-trap\/\",\"name\":\"Flooring & Stairs - Deli Home\",\"isPartOf\":{\"@id\":\"https:\/\/www.jewe.eu\/nl\/#website\"},\"primaryImageOfPage\":{\"@id\":\"https:\/\/www.deli-home.com\/nl\/producten\/vloer-trap\/#primaryimage\"},\"image\":{\"@id\":\"https:\/\/www.deli-home.com\/nl\/producten\/vloer-trap\/#primaryimage\"},\"thumbnailUrl\":\"https:\/\/www.deli-home.com\/wp-content\/uploads\/2023\/09\/large-JPG-CanDo_Open-Trap-Opstelling-1-Sfeerbeeld-1024x683.jpg\",\"datePublished\":\"2023-07-18T10:23:31+00:00\",\"dateModified\":\"2023-10-03T13:50:58+00:00\",\"description\":\"Deli Home's flooring and stair renovation products are available under the CanDo, Bruynzeel, and Lundia brands.\",\"breadcrumb\":{\"@id\":\"https:\/\/www.deli-home.com\/nl\/producten\/vloer-trap\/#breadcrumb\"},\"inLanguage\":\"fr-FR\",\"potentialAction\":[{\"@type\":\"ReadAction\",\"target\":[\"https:\/\/www.deli-home.com\/nl\/producten\/vloer-trap\/\"]}]},{\"@type\":\"ImageObject\",\"inLanguage\":\"fr-FR\",\"@id\":\"https:\/\/www.deli-home.com\/nl\/producten\/vloer-trap\/#primaryimage\",\"url\":\"https:\/\/www.deli-home.com\/wp-content\/uploads\/2023\/09\/large-JPG-CanDo_Open-Trap-Opstelling-1-Sfeerbeeld-1024x683.jpg\",\"contentUrl\":\"https:\/\/www.deli-home.com\/wp-content\/uploads\/2023\/09\/large-JPG-CanDo_Open-Trap-Opstelling-1-Sfeerbeeld-1024x683.jpg\"},{\"@type\":\"BreadcrumbList\",\"@id\":\"https:\/\/www.deli-home.com\/nl\/producten\/vloer-trap\/#breadcrumb\",\"itemListElement\":[{\"@type\":\"ListItem\",\"position\":1,\"name\":\"Home\",\"item\":\"https:\/\/www.deli-home.com\/de\/\"},{\"@type\":\"ListItem\",\"position\":2,\"name\":\"Categories\",\"item\":\"https:\/\/www.deli-home.com\/nl\/producten\/\"},{\"@type\":\"ListItem\",\"position\":3,\"name\":\"Floors &#038; Stairs\"}]},{\"@type\":\"WebSite\",\"@id\":\"https:\/\/www.jewe.eu\/nl\/#website\",\"url\":\"https:\/\/www.jewe.eu\/nl\/\",\"name\":\"Deli Home\",\"description\":\"\",\"publisher\":{\"@id\":\"https:\/\/www.jewe.eu\/nl\/#organization\"},\"potentialAction\":[{\"@type\":\"SearchAction\",\"target\":{\"@type\":\"EntryPoint\",\"urlTemplate\":\"https:\/\/www.jewe.eu\/nl\/?s={search_term_string}\"},\"query-input\":{\"@type\":\"PropertyValueSpecification\",\"valueRequired\":true,\"valueName\":\"search_term_string\"}}],\"inLanguage\":\"fr-FR\"},{\"@type\":\"Organization\",\"@id\":\"https:\/\/www.jewe.eu\/nl\/#organization\",\"name\":\"Deli Home\",\"url\":\"https:\/\/www.jewe.eu\/nl\/\",\"logo\":{\"@type\":\"ImageObject\",\"inLanguage\":\"fr-FR\",\"@id\":\"https:\/\/www.jewe.eu\/nl\/#\/schema\/logo\/image\/\",\"url\":\"https:\/\/www.deli-home.com\/wp-content\/uploads\/2023\/09\/favicon.png\",\"contentUrl\":\"https:\/\/www.deli-home.com\/wp-content\/uploads\/2023\/09\/favicon.png\",\"width\":500,\"height\":500,\"caption\":\"Deli Home\"},\"image\":{\"@id\":\"https:\/\/www.jewe.eu\/nl\/#\/schema\/logo\/image\/\"},\"sameAs\":[\"https:\/\/www.linkedin.com\/company\/deli-home\/\"]}]}<\/script>\n<!-- \/ Yoast SEO plugin. -->","yoast_head_json":{"title":"Flooring & Stairs - Deli Home","description":"Deli Home's flooring and stair renovation products are available under the CanDo, Bruynzeel, and Lundia brands.","robots":{"index":"index","follow":"follow","max-snippet":"max-snippet:-1","max-image-preview":"max-image-preview:large","max-video-preview":"max-video-preview:-1"},"canonical":"https:\/\/www.deli-home.com\/fr\/wp-json\/wp\/v2\/pages\/44\/","og_locale":"fr_FR","og_type":"article","og_title":"Flooring & Stairs - Deli Home","og_description":"Deli Home's flooring and stair renovation products are available under the CanDo, Bruynzeel, and Lundia brands.","og_url":"https:\/\/www.deli-home.com\/fr\/wp-json\/wp\/v2\/pages\/44\/","og_site_name":"Deli Home","article_modified_time":"2023-10-03T13:50:58+00:00","og_image":[{"url":"https:\/\/www.deli-home.com\/wp-content\/uploads\/2023\/09\/large-JPG-CanDo_Open-Trap-Opstelling-1-Sfeerbeeld-1024x683.jpg","type":"","width":"","height":""}],"schema":{"@context":"https:\/\/schema.org","@graph":[{"@type":"WebPage","@id":"https:\/\/www.deli-home.com\/nl\/producten\/vloer-trap\/","url":"https:\/\/www.deli-home.com\/nl\/producten\/vloer-trap\/","name":"Flooring & Stairs - Deli Home","isPartOf":{"@id":"https:\/\/www.jewe.eu\/nl\/#website"},"primaryImageOfPage":{"@id":"https:\/\/www.deli-home.com\/nl\/producten\/vloer-trap\/#primaryimage"},"image":{"@id":"https:\/\/www.deli-home.com\/nl\/producten\/vloer-trap\/#primaryimage"},"thumbnailUrl":"https:\/\/www.deli-home.com\/wp-content\/uploads\/2023\/09\/large-JPG-CanDo_Open-Trap-Opstelling-1-Sfeerbeeld-1024x683.jpg","datePublished":"2023-07-18T10:23:31+00:00","dateModified":"2023-10-03T13:50:58+00:00","description":"Deli Home's flooring and stair renovation products are available under the CanDo, Bruynzeel, and Lundia brands.","breadcrumb":{"@id":"https:\/\/www.deli-home.com\/nl\/producten\/vloer-trap\/#breadcrumb"},"inLanguage":"fr-FR","potentialAction":[{"@type":"ReadAction","target":["https:\/\/www.deli-home.com\/nl\/producten\/vloer-trap\/"]}]},{"@type":"ImageObject","inLanguage":"fr-FR","@id":"https:\/\/www.deli-home.com\/nl\/producten\/vloer-trap\/#primaryimage","url":"https:\/\/www.deli-home.com\/wp-content\/uploads\/2023\/09\/large-JPG-CanDo_Open-Trap-Opstelling-1-Sfeerbeeld-1024x683.jpg","contentUrl":"https:\/\/www.deli-home.com\/wp-content\/uploads\/2023\/09\/large-JPG-CanDo_Open-Trap-Opstelling-1-Sfeerbeeld-1024x683.jpg"},{"@type":"BreadcrumbList","@id":"https:\/\/www.deli-home.com\/nl\/producten\/vloer-trap\/#breadcrumb","itemListElement":[{"@type":"ListItem","position":1,"name":"Home","item":"https:\/\/www.deli-home.com\/de\/"},{"@type":"ListItem","position":2,"name":"Categories","item":"https:\/\/www.deli-home.com\/nl\/producten\/"},{"@type":"ListItem","position":3,"name":"Floors &#038; Stairs"}]},{"@type":"WebSite","@id":"https:\/\/www.jewe.eu\/nl\/#website","url":"https:\/\/www.jewe.eu\/nl\/","name":"Deli Home","description":"","publisher":{"@id":"https:\/\/www.jewe.eu\/nl\/#organization"},"potentialAction":[{"@type":"SearchAction","target":{"@type":"EntryPoint","urlTemplate":"https:\/\/www.jewe.eu\/nl\/?s={search_term_string}"},"query-input":{"@type":"PropertyValueSpecification","valueRequired":true,"valueName":"search_term_string"}}],"inLanguage":"fr-FR"},{"@type":"Organization","@id":"https:\/\/www.jewe.eu\/nl\/#organization","name":"Deli Home","url":"https:\/\/www.jewe.eu\/nl\/","logo":{"@type":"ImageObject","inLanguage":"fr-FR","@id":"https:\/\/www.jewe.eu\/nl\/#\/schema\/logo\/image\/","url":"https:\/\/www.deli-home.com\/wp-content\/uploads\/2023\/09\/favicon.png","contentUrl":"https:\/\/www.deli-home.com\/wp-content\/uploads\/2023\/09\/favicon.png","width":500,"height":500,"caption":"Deli Home"},"image":{"@id":"https:\/\/www.jewe.eu\/nl\/#\/schema\/logo\/image\/"},"sameAs":["https:\/\/www.linkedin.com\/company\/deli-home\/"]}]}},"_links":{"self":[{"href":"https:\/\/www.deli-home.com\/fr\/wp-json\/wp\/v2\/pages\/44","targetHints":{"allow":["GET"]}}],"collection":[{"href":"https:\/\/www.deli-home.com\/fr\/wp-json\/wp\/v2\/pages"}],"about":[{"href":"https:\/\/www.deli-home.com\/fr\/wp-json\/wp\/v2\/types\/page"}],"author":[{"embeddable":true,"href":"https:\/\/www.deli-home.com\/fr\/wp-json\/wp\/v2\/users\/4"}],"replies":[{"embeddable":true,"href":"https:\/\/www.deli-home.com\/fr\/wp-json\/wp\/v2\/comments?post=44"}],"version-history":[{"count":18,"href":"https:\/\/www.deli-home.com\/fr\/wp-json\/wp\/v2\/pages\/44\/revisions"}],"predecessor-version":[{"id":4931,"href":"https:\/\/www.deli-home.com\/fr\/wp-json\/wp\/v2\/pages\/44\/revisions\/4931"}],"up":[{"embeddable":true,"href":"https:\/\/www.deli-home.com\/fr\/wp-json\/wp\/v2\/pages\/26"}],"wp:attachment":[{"href":"https:\/\/www.deli-home.com\/fr\/wp-json\/wp\/v2\/media?parent=44"}],"curies":[{"name":"wp","href":"https:\/\/api.w.org\/{rel}","templated":true}]}}