{"id":6165,"date":"2024-06-10T09:51:54","date_gmt":"2024-06-10T09:51:54","guid":{"rendered":"https:\/\/www.deli-home.com\/werkbladen-bestellen-2\/"},"modified":"2024-06-14T10:48:00","modified_gmt":"2024-06-14T10:48:00","slug":"bedankt","status":"publish","type":"page","link":"https:\/\/www.deli-home.com\/fr\/plans-de-travail-commander\/merci\/","title":{"rendered":"Werkbladen aangevraagd"},"content":{"rendered":"<div class=\"wp-block-cover alignfull\" style=\"min-height:460px;aspect-ratio:unset;\"><span aria-hidden=\"true\" class=\"wp-block-cover__background has-background-dim-100 has-background-dim wp-block-cover__gradient-background has-background-gradient\" style=\"background:linear-gradient(90deg,rgba(2,19,45,0.8) 0%,rgba(2,19,45,0.5) 37%,rgba(2,19,45,0) 98%)\"><\/span><img loading=\"lazy\" decoding=\"async\" width=\"1425\" height=\"1900\" class=\"wp-block-cover__image-background wp-image-5982\" alt=\"\" src=\"https:\/\/www.deli-home.com\/wp-content\/uploads\/2024\/06\/medium-JPG-123134628-Eiken-Totaalbeeld.jpg\" style=\"object-position:49% 46%\" data-object-fit=\"cover\" data-object-position=\"49% 46%\" srcset=\"https:\/\/www.deli-home.com\/wp-content\/uploads\/2024\/06\/medium-JPG-123134628-Eiken-Totaalbeeld.jpg 1425w, https:\/\/www.deli-home.com\/wp-content\/uploads\/2024\/06\/medium-JPG-123134628-Eiken-Totaalbeeld-225x300.jpg 225w, https:\/\/www.deli-home.com\/wp-content\/uploads\/2024\/06\/medium-JPG-123134628-Eiken-Totaalbeeld-768x1024.jpg 768w, https:\/\/www.deli-home.com\/wp-content\/uploads\/2024\/06\/medium-JPG-123134628-Eiken-Totaalbeeld-1152x1536.jpg 1152w, https:\/\/www.deli-home.com\/wp-content\/uploads\/2024\/06\/medium-JPG-123134628-Eiken-Totaalbeeld-9x12.jpg 9w\" sizes=\"auto, (max-width: 1425px) 100vw, 1425px\" \/><div class=\"wp-block-cover__inner-container is-layout-flow wp-block-cover-is-layout-flow\">\n<div class=\"wp-block-group\"><div class=\"wp-block-group__inner-container is-layout-constrained wp-block-group-is-layout-constrained\">\n<div class=\"wp-block-columns is-layout-flex wp-container-core-columns-is-layout-1 wp-block-columns-is-layout-flex\">\n<div class=\"wp-block-column is-layout-flow wp-block-column-is-layout-flow\" style=\"flex-basis:50%\">\n<h1 class=\"wp-block-heading has-white-color has-text-color\">Plans de travail et comptoirs<\/h1>\n\n\n\n<p class=\"has-text-align-left has-white-color has-text-color has-medium-font-size\">Merci pour votre commande en ligne.<\/p>\n<\/div>\n\n\n\n<div class=\"wp-block-column is-layout-flow wp-block-column-is-layout-flow\" style=\"flex-basis:50%\"><\/div>\n<\/div>\n<\/div><\/div>\n<\/div><\/div>\n\n\n\n<section class=\"wp-block-group\"><div class=\"wp-block-group__inner-container is-layout-constrained wp-block-group-is-layout-constrained\">\n<div class=\"wp-block-columns is-layout-flex wp-container-core-columns-is-layout-2 wp-block-columns-is-layout-flex\">\n<div class=\"wp-block-column is-layout-flow wp-block-column-is-layout-flow\" style=\"flex-basis:15%\"><\/div>\n\n\n\n<div class=\"wp-block-column is-layout-flow wp-block-column-is-layout-flow\" style=\"flex-basis:70%\">\n<h2 class=\"wp-block-heading has-text-align-center\">Merci pour votre commande en ligne.<\/h2>\n\n\n\n<p class=\"has-text-align-center\">Elle a \u00e9t\u00e9 envoy\u00e9e en bonne et due forme <\/p>\n\n\n\n<p class=\"has-text-align-center\">Vous recevrez une confirmation par e-mail.<\/p>\n\n\n\n<p><\/p>\n\n\n\n<div class=\"wp-block-buttons is-content-justification-center is-layout-flex wp-container-core-buttons-is-layout-1 wp-block-buttons-is-layout-flex\">\n<div class=\"wp-block-button\"><a class=\"wp-block-button__link wp-element-button\" href=\"https:\/\/www.deli-home.com\/fr\/\">Retour \u00e0 la page d'accueil<\/a><\/div>\n<\/div>\n<\/div>\n\n\n\n<div class=\"wp-block-column is-layout-flow wp-block-column-is-layout-flow\" style=\"flex-basis:15%\"><\/div>\n<\/div>\n<\/div><\/section>\n\n\n\n<div style=\"height:36px\" aria-hidden=\"true\" class=\"wp-block-spacer\"><\/div>","protected":false},"excerpt":{"rendered":"<p>Bedankt voor uw online bestelling. Deze is in goede orde verzonden, u ontvangt per e-mail een bevestiging. Wij nemen binnenkort contact met u op.<\/p>","protected":false},"author":5,"featured_media":0,"parent":5972,"menu_order":0,"comment_status":"closed","ping_status":"closed","template":"","meta":{"_acf_changed":false,"inline_featured_image":false,"footnotes":""},"class_list":["post-6165","page","type-page","status-publish","hentry"],"acf":[],"yoast_head":"<!-- This site is optimized with the Yoast SEO plugin v26.4 - https:\/\/yoast.com\/wordpress\/plugins\/seo\/ -->\n<title>Werkbladen aangevraagd - Deli Home<\/title>\n<meta name=\"robots\" content=\"index, follow, max-snippet:-1, max-image-preview:large, max-video-preview:-1\" \/>\n<link rel=\"canonical\" href=\"https:\/\/www.deli-home.com\/fr\/wp-json\/wp\/v2\/pages\/6165\/\" \/>\n<meta property=\"og:locale\" content=\"fr_FR\" \/>\n<meta property=\"og:type\" content=\"article\" \/>\n<meta property=\"og:title\" content=\"Werkbladen aangevraagd - Deli Home\" \/>\n<meta property=\"og:description\" content=\"Bedankt voor uw online bestelling. Deze is in goede orde verzonden, u ontvangt per e-mail een bevestiging. Wij nemen binnenkort contact met u op.\" \/>\n<meta property=\"og:url\" content=\"https:\/\/www.deli-home.com\/fr\/wp-json\/wp\/v2\/pages\/6165\/\" \/>\n<meta property=\"og:site_name\" content=\"Deli Home\" \/>\n<meta property=\"article:modified_time\" content=\"2024-06-14T10:48:00+00:00\" \/>\n<meta property=\"og:image\" content=\"https:\/\/www.deli-home.com\/wp-content\/uploads\/2024\/06\/medium-JPG-123134628-Eiken-Totaalbeeld.jpg\" \/>\n<script type=\"application\/ld+json\" class=\"yoast-schema-graph\">{\"@context\":\"https:\/\/schema.org\",\"@graph\":[{\"@type\":\"WebPage\",\"@id\":\"https:\/\/www.welkombijdeli-home.com\/nl\/werkbladen-bestellen\/bedankt\/\",\"url\":\"https:\/\/www.welkombijdeli-home.com\/nl\/werkbladen-bestellen\/bedankt\/\",\"name\":\"Werkbladen aangevraagd - Deli Home\",\"isPartOf\":{\"@id\":\"https:\/\/www.deli-home.com\/nl\/#website\"},\"primaryImageOfPage\":{\"@id\":\"https:\/\/www.welkombijdeli-home.com\/nl\/werkbladen-bestellen\/bedankt\/#primaryimage\"},\"image\":{\"@id\":\"https:\/\/www.welkombijdeli-home.com\/nl\/werkbladen-bestellen\/bedankt\/#primaryimage\"},\"thumbnailUrl\":\"https:\/\/www.deli-home.com\/wp-content\/uploads\/2024\/06\/medium-JPG-123134628-Eiken-Totaalbeeld.jpg\",\"datePublished\":\"2024-06-10T09:51:54+00:00\",\"dateModified\":\"2024-06-14T10:48:00+00:00\",\"breadcrumb\":{\"@id\":\"https:\/\/www.welkombijdeli-home.com\/nl\/werkbladen-bestellen\/bedankt\/#breadcrumb\"},\"inLanguage\":\"fr-FR\",\"potentialAction\":[{\"@type\":\"ReadAction\",\"target\":[\"https:\/\/www.welkombijdeli-home.com\/nl\/werkbladen-bestellen\/bedankt\/\"]}]},{\"@type\":\"ImageObject\",\"inLanguage\":\"fr-FR\",\"@id\":\"https:\/\/www.welkombijdeli-home.com\/nl\/werkbladen-bestellen\/bedankt\/#primaryimage\",\"url\":\"https:\/\/www.deli-home.com\/wp-content\/uploads\/2024\/06\/medium-JPG-123134628-Eiken-Totaalbeeld.jpg\",\"contentUrl\":\"https:\/\/www.deli-home.com\/wp-content\/uploads\/2024\/06\/medium-JPG-123134628-Eiken-Totaalbeeld.jpg\"},{\"@type\":\"BreadcrumbList\",\"@id\":\"https:\/\/www.welkombijdeli-home.com\/nl\/werkbladen-bestellen\/bedankt\/#breadcrumb\",\"itemListElement\":[{\"@type\":\"ListItem\",\"position\":1,\"name\":\"Home\",\"item\":\"https:\/\/www.deli-home.com\/nl\/\"},{\"@type\":\"ListItem\",\"position\":2,\"name\":\"Werkbladen bestellen\",\"item\":\"https:\/\/www.deli-home.com\/nl\/werkbladen-bestellen\/\"},{\"@type\":\"ListItem\",\"position\":3,\"name\":\"Werkbladen aangevraagd\"}]},{\"@type\":\"WebSite\",\"@id\":\"https:\/\/www.deli-home.com\/nl\/#website\",\"url\":\"https:\/\/www.deli-home.com\/nl\/\",\"name\":\"Deli Home\",\"description\":\"\",\"publisher\":{\"@id\":\"https:\/\/www.deli-home.com\/nl\/#organization\"},\"potentialAction\":[{\"@type\":\"SearchAction\",\"target\":{\"@type\":\"EntryPoint\",\"urlTemplate\":\"https:\/\/www.deli-home.com\/nl\/?s={search_term_string}\"},\"query-input\":{\"@type\":\"PropertyValueSpecification\",\"valueRequired\":true,\"valueName\":\"search_term_string\"}}],\"inLanguage\":\"fr-FR\"},{\"@type\":\"Organization\",\"@id\":\"https:\/\/www.deli-home.com\/nl\/#organization\",\"name\":\"Deli Home\",\"url\":\"https:\/\/www.deli-home.com\/nl\/\",\"logo\":{\"@type\":\"ImageObject\",\"inLanguage\":\"fr-FR\",\"@id\":\"https:\/\/www.deli-home.com\/nl\/#\/schema\/logo\/image\/\",\"url\":\"https:\/\/www.deli-home.com\/wp-content\/uploads\/2023\/09\/favicon.png\",\"contentUrl\":\"https:\/\/www.deli-home.com\/wp-content\/uploads\/2023\/09\/favicon.png\",\"width\":500,\"height\":500,\"caption\":\"Deli Home\"},\"image\":{\"@id\":\"https:\/\/www.deli-home.com\/nl\/#\/schema\/logo\/image\/\"},\"sameAs\":[\"https:\/\/www.linkedin.com\/company\/deli-home\/\"]}]}<\/script>\n<!-- \/ Yoast SEO plugin. -->","yoast_head_json":{"title":"Werkbladen aangevraagd - Deli Home","robots":{"index":"index","follow":"follow","max-snippet":"max-snippet:-1","max-image-preview":"max-image-preview:large","max-video-preview":"max-video-preview:-1"},"canonical":"https:\/\/www.deli-home.com\/fr\/wp-json\/wp\/v2\/pages\/6165\/","og_locale":"fr_FR","og_type":"article","og_title":"Werkbladen aangevraagd - Deli Home","og_description":"Bedankt voor uw online bestelling. Deze is in goede orde verzonden, u ontvangt per e-mail een bevestiging. Wij nemen binnenkort contact met u op.","og_url":"https:\/\/www.deli-home.com\/fr\/wp-json\/wp\/v2\/pages\/6165\/","og_site_name":"Deli Home","article_modified_time":"2024-06-14T10:48:00+00:00","og_image":[{"url":"https:\/\/www.deli-home.com\/wp-content\/uploads\/2024\/06\/medium-JPG-123134628-Eiken-Totaalbeeld.jpg","type":"","width":"","height":""}],"schema":{"@context":"https:\/\/schema.org","@graph":[{"@type":"WebPage","@id":"https:\/\/www.welkombijdeli-home.com\/nl\/werkbladen-bestellen\/bedankt\/","url":"https:\/\/www.welkombijdeli-home.com\/nl\/werkbladen-bestellen\/bedankt\/","name":"Werkbladen aangevraagd - Deli Home","isPartOf":{"@id":"https:\/\/www.deli-home.com\/nl\/#website"},"primaryImageOfPage":{"@id":"https:\/\/www.welkombijdeli-home.com\/nl\/werkbladen-bestellen\/bedankt\/#primaryimage"},"image":{"@id":"https:\/\/www.welkombijdeli-home.com\/nl\/werkbladen-bestellen\/bedankt\/#primaryimage"},"thumbnailUrl":"https:\/\/www.deli-home.com\/wp-content\/uploads\/2024\/06\/medium-JPG-123134628-Eiken-Totaalbeeld.jpg","datePublished":"2024-06-10T09:51:54+00:00","dateModified":"2024-06-14T10:48:00+00:00","breadcrumb":{"@id":"https:\/\/www.welkombijdeli-home.com\/nl\/werkbladen-bestellen\/bedankt\/#breadcrumb"},"inLanguage":"fr-FR","potentialAction":[{"@type":"ReadAction","target":["https:\/\/www.welkombijdeli-home.com\/nl\/werkbladen-bestellen\/bedankt\/"]}]},{"@type":"ImageObject","inLanguage":"fr-FR","@id":"https:\/\/www.welkombijdeli-home.com\/nl\/werkbladen-bestellen\/bedankt\/#primaryimage","url":"https:\/\/www.deli-home.com\/wp-content\/uploads\/2024\/06\/medium-JPG-123134628-Eiken-Totaalbeeld.jpg","contentUrl":"https:\/\/www.deli-home.com\/wp-content\/uploads\/2024\/06\/medium-JPG-123134628-Eiken-Totaalbeeld.jpg"},{"@type":"BreadcrumbList","@id":"https:\/\/www.welkombijdeli-home.com\/nl\/werkbladen-bestellen\/bedankt\/#breadcrumb","itemListElement":[{"@type":"ListItem","position":1,"name":"Home","item":"https:\/\/www.deli-home.com\/nl\/"},{"@type":"ListItem","position":2,"name":"Werkbladen bestellen","item":"https:\/\/www.deli-home.com\/nl\/werkbladen-bestellen\/"},{"@type":"ListItem","position":3,"name":"Werkbladen aangevraagd"}]},{"@type":"WebSite","@id":"https:\/\/www.deli-home.com\/nl\/#website","url":"https:\/\/www.deli-home.com\/nl\/","name":"Deli Home","description":"","publisher":{"@id":"https:\/\/www.deli-home.com\/nl\/#organization"},"potentialAction":[{"@type":"SearchAction","target":{"@type":"EntryPoint","urlTemplate":"https:\/\/www.deli-home.com\/nl\/?s={search_term_string}"},"query-input":{"@type":"PropertyValueSpecification","valueRequired":true,"valueName":"search_term_string"}}],"inLanguage":"fr-FR"},{"@type":"Organization","@id":"https:\/\/www.deli-home.com\/nl\/#organization","name":"Deli Home","url":"https:\/\/www.deli-home.com\/nl\/","logo":{"@type":"ImageObject","inLanguage":"fr-FR","@id":"https:\/\/www.deli-home.com\/nl\/#\/schema\/logo\/image\/","url":"https:\/\/www.deli-home.com\/wp-content\/uploads\/2023\/09\/favicon.png","contentUrl":"https:\/\/www.deli-home.com\/wp-content\/uploads\/2023\/09\/favicon.png","width":500,"height":500,"caption":"Deli Home"},"image":{"@id":"https:\/\/www.deli-home.com\/nl\/#\/schema\/logo\/image\/"},"sameAs":["https:\/\/www.linkedin.com\/company\/deli-home\/"]}]}},"_links":{"self":[{"href":"https:\/\/www.deli-home.com\/fr\/wp-json\/wp\/v2\/pages\/6165","targetHints":{"allow":["GET"]}}],"collection":[{"href":"https:\/\/www.deli-home.com\/fr\/wp-json\/wp\/v2\/pages"}],"about":[{"href":"https:\/\/www.deli-home.com\/fr\/wp-json\/wp\/v2\/types\/page"}],"author":[{"embeddable":true,"href":"https:\/\/www.deli-home.com\/fr\/wp-json\/wp\/v2\/users\/5"}],"replies":[{"embeddable":true,"href":"https:\/\/www.deli-home.com\/fr\/wp-json\/wp\/v2\/comments?post=6165"}],"version-history":[{"count":7,"href":"https:\/\/www.deli-home.com\/fr\/wp-json\/wp\/v2\/pages\/6165\/revisions"}],"predecessor-version":[{"id":6191,"href":"https:\/\/www.deli-home.com\/fr\/wp-json\/wp\/v2\/pages\/6165\/revisions\/6191"}],"up":[{"embeddable":true,"href":"https:\/\/www.deli-home.com\/fr\/wp-json\/wp\/v2\/pages\/5972"}],"wp:attachment":[{"href":"https:\/\/www.deli-home.com\/fr\/wp-json\/wp\/v2\/media?parent=6165"}],"curies":[{"name":"wp","href":"https:\/\/api.w.org\/{rel}","templated":true}]}}